{"id":5112,"date":"2021-11-11T17:51:02","date_gmt":"2021-11-11T16:51:02","guid":{"rendered":"https:\/\/www.piovan.com\/product\/b-s30-2\/"},"modified":"2024-10-07T10:23:01","modified_gmt":"2024-10-07T08:23:01","slug":"t-nt","status":"publish","type":"product","link":"https:\/\/www.piovan.com\/ru\/product\/t-nt\/","title":{"rendered":"T | NT"},"content":{"rendered":"<p>\u0418\u043c\u0435\u0435\u0442\u0441\u044f 12 \u043e\u0441\u043d\u043e\u0432\u043d\u044b\u0445 \u043c\u043e\u0434\u0435\u043b\u0435\u0439 \u0438 \u0431\u043e\u043b\u0435\u0435 70 \u0432\u0438\u0434\u043e\u0432 \u043a\u043e\u043c\u043f\u043b\u0435\u043a\u0442\u0430\u0446\u0438\u0438. \u0414\u0440\u043e\u0431\u0438\u043b\u043a\u0438 \u043f\u0440\u0435\u0434\u043d\u0430\u0437\u043d\u0430\u0447\u0435\u043d\u044b \u0434\u043b\u044f \u0443\u043b\u0443\u0447\u0448\u0435\u043d\u0438\u044f \u0444\u0443\u043d\u043a\u0446\u0438\u0438 \u0440\u0435\u0437\u0430\u043d\u0438\u044f \u0431\u0440\u0430\u043a\u0430 \u044d\u043a\u0441\u0442\u0440\u0443\u0434\u0435\u0440\u043e\u0432 \u0438 \u0442\u0435\u0440\u043c\u043e\u0444\u043e\u0440\u043c\u043e\u0432\u043e\u0447\u043d\u044b\u0445 \u043c\u0430\u0448\u0438\u043d. \u0420\u0430\u0437\u043d\u044b\u0435 \u0432\u0438\u0434\u044b \u043f\u0440\u0438\u0432\u043e\u0434\u043e\u0432 \u043f\u0440\u0435\u0434\u043d\u0430\u0437\u043d\u0430\u0447\u0435\u043d\u044b \u0434\u043b\u044f \u044d\u043a\u043e\u043d\u043e\u043c\u0438\u0438 \u044d\u043b\u0435\u043a\u0442\u0440\u043e\u044d\u043d\u0435\u0440\u0433\u0438\u0438 \u0438\u043b\u0438 \u0443\u0432\u0435\u043b\u0438\u0447\u0435\u043d\u0438\u044f \u043c\u043e\u0449\u043d\u043e\u0441\u0442\u0438 \u0434\u0440\u043e\u0431\u043b\u0435\u043d\u0438\u044f. \u041b\u0435\u0433\u043a\u043e\u0435 \u043e\u0442\u043a\u0440\u044b\u0442\u0438\u0435 \u0438 \u043f\u0440\u043e\u0446\u0435\u0441\u0441 \u043e\u0447\u0438\u0441\u0442\u043a\u0438.<BR>\n<BR>\n\u041c\u043e\u0434\u0435\u043b\u0438:<BR>\n\u2022 N40-70-T; N40-90-T; N40-120-T<BR>\n\u2022 N45-100-T; N45-160-T<BR>\n\u2022 S60-100-T; S60-160T<BR>\n\u2022 NT25-91<BR>\n\u2022 NT35-120; NT35-140; NT35-160<\/p>\n<p>\u0414\u0440\u043e\u0431\u0438\u043b\u044c\u043d\u0430\u044f \u043a\u0430\u043c\u0435\u0440\u0430:  \u00f8 450 mm; \u00f8 475 mm; \u00f8 500 mm<BR>\n<BR>\n\u0422\u0435\u0445\u043d\u0438\u0447\u0435\u0441\u043a\u0438\u0435 \u0445\u0430\u0440\u0430\u043a\u0442\u0435\u0440\u0438\u0441\u0442\u0438\u043a\u0438:<BR>\n\u2022 \u041f\u0440\u0435\u0434\u043d\u0430\u0437\u043d\u0430\u0447\u0435\u043d\u044b \u0434\u043b\u044f \u044d\u0444\u0444\u0435\u043a\u0442\u0438\u0432\u043d\u043e\u0433\u043e \u0434\u0440\u043e\u0431\u043b\u0435\u043d\u0438\u044f \u0442\u0435\u0440\u043c\u043e\u0444\u043e\u0440\u043c\u043e\u0432\u0430\u043d\u043d\u044b\u0445 \u043b\u0438\u0441\u0442\u043e\u0432 \u0438 \u0431\u0440\u0430\u043a\u0430 \u0442\u0435\u0440\u043c\u043e\u0444\u043e\u0440\u043c\u043e\u0432\u043a\u0438<BR>\n\u2022 \u0422\u0430\u043a\u0436\u0435 \u043f\u043e\u0434\u0445\u043e\u0434\u0438\u0442 \u0434\u043b\u044f \u043b\u0438\u0441\u0442\u0430 \u0441 \u0444\u043e\u0440\u043c\u043e\u0432\u0430\u043d\u043d\u044b\u043c\u0438 \u0438\u0437\u0434\u0435\u043b\u0438\u044f\u043c\u0438<BR>\n\u2022 12 \u043e\u0441\u043d\u043e\u0432\u043d\u044b\u0445 \u043c\u043e\u0434\u0435\u043b\u0435\u0439, \u0431\u043e\u043b\u0435\u0435 70 \u0432\u0438\u0434\u043e\u0432 \u043a\u043e\u043c\u043f\u043b\u0435\u043a\u0442\u0430\u0446\u0438\u0438<BR>\n\u2022 \u0414\u0440\u043e\u0431\u0438\u043b\u043a\u0438 \u0432 \u043b\u0438\u043d\u0438\u0438 (\u0440\u044f\u0434\u043e\u043c \u0441 \u043c\u0430\u0448\u0438\u043d\u043e\u0439) \u0438 \u0443\u0441\u0442\u0430\u043d\u043e\u0432\u043b\u0435\u043d\u043d\u044b\u0435 \u043e\u0442\u0434\u0435\u043b\u044c\u043d\u043e<BR>\n\u2022 \u0420\u0430\u0437\u043d\u044b\u0435 \u0440\u0430\u0437\u043c\u0435\u0440\u044b \u0434\u0432\u0438\u0433\u0430\u0442\u0435\u043b\u0435\u0439 \u0434\u043b\u044f \u044d\u043d\u0435\u0440\u0433\u043e\u0441\u0431\u0435\u0440\u0435\u0436\u0435\u043d\u0438\u044f \u0438\u043b\u0438 \u0443\u0432\u0435\u043b\u0438\u0447\u0435\u043d\u0438\u044f \u043c\u043e\u0449\u043d\u043e\u0441\u0442\u0438 \u0440\u0435\u0437\u0430\u043d\u0438\u044f<BR>\n\u2022 \u041b\u0435\u0433\u043a\u043e\u0435 \u043e\u0442\u043a\u0440\u044b\u0442\u0438\u0435 \u0438 \u043f\u0440\u043e\u0446\u0435\u0441\u0441 \u043e\u0447\u0438\u0441\u0442\u043a\u0438<BR>\n<BR>\n\u0421\u043a\u043e\u043d\u0441\u0442\u0440\u0443\u0438\u0440\u043e\u0432\u0430\u043d\u0430 \u0434\u043b\u044f:<BR>\n\u2022 \u0422\u0435\u0440\u043c\u043e\u0444\u043e\u0440\u043c\u043e\u0432\u0430\u043d\u043d\u044b\u0445 \u043b\u0438\u0441\u0442\u043e\u0432<\/p>","protected":false},"featured_media":13604,"template":"","tags":[108],"acf":[],"yoast_head":"<title>T | NT - PiovanGroup<\/title>\n<meta name=\"robots\" content=\"index, follow, max-snippet:-1, max-image-preview:large, max-video-preview:-1\" \/>\n<link rel=\"canonical\" href=\"https:\/\/www.piovan.com\/ru\/product\/t-nt\/\" \/>\n<meta property=\"og:locale\" content=\"ru_RU\" \/>\n<meta property=\"og:type\" content=\"article\" \/>\n<meta property=\"og:title\" content=\"T | NT - PiovanGroup\" \/>\n<meta property=\"og:description\" content=\"T and NT series are specifically designed for efficient reduction of thermoforming sheet, lids and scrap. The granulators can be integrated in the thermoforming line for in-line or off-line granulation according to customer\u2019s request. A wide range of motor size are available for the best balance between energy saving and cutting capacity.\" \/>\n<meta property=\"og:url\" content=\"https:\/\/www.piovan.com\/ru\/product\/t-nt\/\" \/>\n<meta property=\"og:site_name\" content=\"PiovanGroup\" \/>\n<meta property=\"article:modified_time\" content=\"2024-10-07T08:23:01+00:00\" \/>\n<meta property=\"og:image\" content=\"https:\/\/www.piovan.com\/wp-content\/uploads\/T-NT.png\" \/>\n\t<meta property=\"og:image:width\" content=\"1200\" \/>\n\t<meta property=\"og:image:height\" content=\"1560\" \/>\n\t<meta property=\"og:image:type\" content=\"image\/png\" \/>\n<meta name=\"twitter:card\" content=\"summary_large_image\" \/>\n<script type=\"application\/ld+json\" class=\"yoast-schema-graph\">{\"@context\":\"https:\/\/schema.org\",\"@graph\":[{\"@type\":\"WebPage\",\"@id\":\"https:\/\/www.piovan.com\/product\/t-nt\/\",\"url\":\"https:\/\/www.piovan.com\/product\/t-nt\/\",\"name\":\"T | NT - PiovanGroup\",\"isPartOf\":{\"@id\":\"https:\/\/www.piovan.com\/#website\"},\"datePublished\":\"2021-11-11T16:51:02+00:00\",\"dateModified\":\"2024-10-07T08:23:01+00:00\",\"breadcrumb\":{\"@id\":\"https:\/\/www.piovan.com\/product\/t-nt\/#breadcrumb\"},\"inLanguage\":\"ru-RU\",\"potentialAction\":[{\"@type\":\"ReadAction\",\"target\":[\"https:\/\/www.piovan.com\/product\/t-nt\/\"]}]},{\"@type\":\"BreadcrumbList\",\"@id\":\"https:\/\/www.piovan.com\/product\/t-nt\/#breadcrumb\",\"itemListElement\":[{\"@type\":\"ListItem\",\"position\":1,\"name\":\"Home\",\"item\":\"https:\/\/www.piovan.com\/\"},{\"@type\":\"ListItem\",\"position\":2,\"name\":\"Plastic\",\"item\":\"https:\/\/www.piovan.com\/ru\/products\/plastic\/\"},{\"@type\":\"ListItem\",\"position\":3,\"name\":\"Granulation\",\"item\":\"https:\/\/www.piovan.com\/ru\/products\/plastic\/granulation\/\"},{\"@type\":\"ListItem\",\"position\":4,\"name\":\"T | NT\"}]},{\"@type\":\"WebSite\",\"@id\":\"https:\/\/www.piovan.com\/#website\",\"url\":\"https:\/\/www.piovan.com\/\",\"name\":\"PiovanGroup\",\"description\":\"\",\"publisher\":{\"@id\":\"https:\/\/www.piovan.com\/#organization\"},\"potentialAction\":[{\"@type\":\"SearchAction\",\"target\":{\"@type\":\"EntryPoint\",\"urlTemplate\":\"https:\/\/www.piovan.com\/?s={search_term_string}\"},\"query-input\":\"required name=search_term_string\"}],\"inLanguage\":\"ru-RU\"},{\"@type\":\"Organization\",\"@id\":\"https:\/\/www.piovan.com\/#organization\",\"name\":\"PiovanGroup\",\"url\":\"https:\/\/www.piovan.com\/\",\"logo\":{\"@type\":\"ImageObject\",\"inLanguage\":\"ru-RU\",\"@id\":\"https:\/\/www.piovan.com\/#\/schema\/logo\/image\/\",\"url\":\"https:\/\/www.piovan.com\/wp-content\/uploads\/2021\/06\/logo@2x.png\",\"contentUrl\":\"https:\/\/www.piovan.com\/wp-content\/uploads\/2021\/06\/logo@2x.png\",\"width\":489,\"height\":78,\"caption\":\"PiovanGroup\"},\"image\":{\"@id\":\"https:\/\/www.piovan.com\/#\/schema\/logo\/image\/\"}}]}<\/script>","yoast_head_json":{"title":"T | NT - PiovanGroup","robots":{"index":"index","follow":"follow","max-snippet":"max-snippet:-1","max-image-preview":"max-image-preview:large","max-video-preview":"max-video-preview:-1"},"canonical":"https:\/\/www.piovan.com\/ru\/product\/t-nt\/","og_locale":"ru_RU","og_type":"article","og_title":"T | NT - PiovanGroup","og_description":"T and NT series are specifically designed for efficient reduction of thermoforming sheet, lids and scrap. The granulators can be integrated in the thermoforming line for in-line or off-line granulation according to customer\u2019s request. A wide range of motor size are available for the best balance between energy saving and cutting capacity.","og_url":"https:\/\/www.piovan.com\/ru\/product\/t-nt\/","og_site_name":"PiovanGroup","article_modified_time":"2024-10-07T08:23:01+00:00","og_image":[{"width":1200,"height":1560,"url":"https:\/\/www.piovan.com\/wp-content\/uploads\/T-NT.png","type":"image\/png"}],"twitter_card":"summary_large_image","schema":{"@context":"https:\/\/schema.org","@graph":[{"@type":"WebPage","@id":"https:\/\/www.piovan.com\/product\/t-nt\/","url":"https:\/\/www.piovan.com\/product\/t-nt\/","name":"T | NT - PiovanGroup","isPartOf":{"@id":"https:\/\/www.piovan.com\/#website"},"datePublished":"2021-11-11T16:51:02+00:00","dateModified":"2024-10-07T08:23:01+00:00","breadcrumb":{"@id":"https:\/\/www.piovan.com\/product\/t-nt\/#breadcrumb"},"inLanguage":"ru-RU","potentialAction":[{"@type":"ReadAction","target":["https:\/\/www.piovan.com\/product\/t-nt\/"]}]},{"@type":"BreadcrumbList","@id":"https:\/\/www.piovan.com\/product\/t-nt\/#breadcrumb","itemListElement":[{"@type":"ListItem","position":1,"name":"Home","item":"https:\/\/www.piovan.com\/"},{"@type":"ListItem","position":2,"name":"Plastic","item":"https:\/\/www.piovan.com\/ru\/products\/plastic\/"},{"@type":"ListItem","position":3,"name":"Granulation","item":"https:\/\/www.piovan.com\/ru\/products\/plastic\/granulation\/"},{"@type":"ListItem","position":4,"name":"T | NT"}]},{"@type":"WebSite","@id":"https:\/\/www.piovan.com\/#website","url":"https:\/\/www.piovan.com\/","name":"PiovanGroup","description":"","publisher":{"@id":"https:\/\/www.piovan.com\/#organization"},"potentialAction":[{"@type":"SearchAction","target":{"@type":"EntryPoint","urlTemplate":"https:\/\/www.piovan.com\/?s={search_term_string}"},"query-input":"required name=search_term_string"}],"inLanguage":"ru-RU"},{"@type":"Organization","@id":"https:\/\/www.piovan.com\/#organization","name":"PiovanGroup","url":"https:\/\/www.piovan.com\/","logo":{"@type":"ImageObject","inLanguage":"ru-RU","@id":"https:\/\/www.piovan.com\/#\/schema\/logo\/image\/","url":"https:\/\/www.piovan.com\/wp-content\/uploads\/2021\/06\/logo@2x.png","contentUrl":"https:\/\/www.piovan.com\/wp-content\/uploads\/2021\/06\/logo@2x.png","width":489,"height":78,"caption":"PiovanGroup"},"image":{"@id":"https:\/\/www.piovan.com\/#\/schema\/logo\/image\/"}}]}},"_links":{"self":[{"href":"https:\/\/www.piovan.com\/ru\/wp-json\/wp\/v2\/product\/5112"}],"collection":[{"href":"https:\/\/www.piovan.com\/ru\/wp-json\/wp\/v2\/product"}],"about":[{"href":"https:\/\/www.piovan.com\/ru\/wp-json\/wp\/v2\/types\/product"}],"version-history":[{"count":2,"href":"https:\/\/www.piovan.com\/ru\/wp-json\/wp\/v2\/product\/5112\/revisions"}],"predecessor-version":[{"id":13370,"href":"https:\/\/www.piovan.com\/ru\/wp-json\/wp\/v2\/product\/5112\/revisions\/13370"}],"wp:featuredmedia":[{"embeddable":true,"href":"https:\/\/www.piovan.com\/ru\/wp-json\/wp\/v2\/media\/13604"}],"wp:attachment":[{"href":"https:\/\/www.piovan.com\/ru\/wp-json\/wp\/v2\/media?parent=5112"}],"wp:term":[{"taxonomy":"post_tag","embeddable":true,"href":"https:\/\/www.piovan.com\/ru\/wp-json\/wp\/v2\/tags?post=5112"}],"curies":[{"name":"wp","href":"https:\/\/api.w.org\/{rel}","templated":true}]}}