{"id":9993,"date":"2023-03-14T17:06:20","date_gmt":"2023-03-14T16:06:20","guid":{"rendered":"https:\/\/www.piovan.com\/?post_type=product&#038;p=9993"},"modified":"2024-03-22T10:55:32","modified_gmt":"2024-03-22T09:55:32","slug":"hr-hrm_p-china","status":"publish","type":"product","link":"https:\/\/www.piovan.com\/pt\/product\/hr-hrm_p-china\/","title":{"rendered":"HR I HRM"},"content":{"rendered":"<p>By adopting the honeycomb desiccant rotor technology, the HR Series is able to ensure versatility for small and me-dium productions.<\/p>\n<p>Solu\u00e7\u00f5es orientadas para o cliente\u200b:\n<BR><br \/>\nFlexibilidade de aplica\u00e7\u00e3o e economia de energia<BR>\nNenhum custo em termos de consumo ou conex\u00e3o para \u00e1gua de refrigera\u00e7\u00e3o ou ar comprimido. O funcionamento da m\u00e1quina requer somente uma conex\u00e3o el\u00e9trica.\n<BR><br \/>\nGerenciamento inteligente da energia:<br \/>\n\u2022 Solu\u00e7\u00e3o com rotor do tipo colmeia e recupera\u00e7\u00e3o total do ar de regenera\u00e7\u00e3o<BR>\n\u2022 Intelligent Energy Supervisor: otimiza o consumo de energia ajustando \u00e0 produ\u00e7\u00e3o e \u00e0s necessidades espec\u00edficas da m\u00e1quina transformadora<BR>\n\u2022 Intelligent Material Drying: otimiza e ajusta o consumo de energia, evitando a degrada\u00e7\u00e3o t\u00e9rmica ou a desumidifica\u00e7\u00e3o excessiva.<\/p>\n<p>HR and HRM dryers are also flexible since they operate with single or mul- tiple hoppers and can be installed be- side the process machine or on a mo- bile frame.<\/p>","protected":false},"featured_media":10013,"template":"","tags":[108],"acf":[],"yoast_head":"<title>HR I HRM - PiovanGroup<\/title>\n<meta name=\"robots\" content=\"index, follow, max-snippet:-1, max-image-preview:large, max-video-preview:-1\" \/>\n<link rel=\"canonical\" href=\"https:\/\/www.piovan.com\/pt\/product\/hr-hrm_p-china\/\" \/>\n<meta property=\"og:locale\" content=\"pt_PT\" \/>\n<meta property=\"og:type\" content=\"article\" \/>\n<meta property=\"og:title\" content=\"HR I HRM - PiovanGroup\" \/>\n<meta property=\"og:description\" content=\"By adopting the honeycomb desiccant rotor technology, the HR Series is able to ensure versatility for small and me-dium productions. The technology is characterised by constant dew point and clean process thanks to \u2022 large absorbing capacity \u2022 zero dust emission \u2022 continuous regeneration process and close loop cooling phase. HR and HRM dryers are also flexible since they operate with single or mul- tiple hoppers and can be installed be- side the process machine or on a mo- bile [&hellip;]\" \/>\n<meta property=\"og:url\" content=\"https:\/\/www.piovan.com\/pt\/product\/hr-hrm_p-china\/\" \/>\n<meta property=\"og:site_name\" content=\"PiovanGroup\" \/>\n<meta property=\"article:modified_time\" content=\"2024-03-22T09:55:32+00:00\" \/>\n<meta property=\"og:image\" content=\"https:\/\/www.piovan.com\/wp-content\/uploads\/HR.png\" \/>\n\t<meta property=\"og:image:width\" content=\"1200\" \/>\n\t<meta property=\"og:image:height\" content=\"1560\" \/>\n\t<meta property=\"og:image:type\" content=\"image\/png\" \/>\n<meta name=\"twitter:card\" content=\"summary_large_image\" \/>\n<script type=\"application\/ld+json\" class=\"yoast-schema-graph\">{\"@context\":\"https:\/\/schema.org\",\"@graph\":[{\"@type\":\"WebPage\",\"@id\":\"https:\/\/www.piovan.com\/product\/hr-hrm_p-china\/\",\"url\":\"https:\/\/www.piovan.com\/product\/hr-hrm_p-china\/\",\"name\":\"HR I HRM - PiovanGroup\",\"isPartOf\":{\"@id\":\"https:\/\/www.piovan.com\/#website\"},\"datePublished\":\"2023-03-14T16:06:20+00:00\",\"dateModified\":\"2024-03-22T09:55:32+00:00\",\"breadcrumb\":{\"@id\":\"https:\/\/www.piovan.com\/product\/hr-hrm_p-china\/#breadcrumb\"},\"inLanguage\":\"pt-PT\",\"potentialAction\":[{\"@type\":\"ReadAction\",\"target\":[\"https:\/\/www.piovan.com\/product\/hr-hrm_p-china\/\"]}]},{\"@type\":\"BreadcrumbList\",\"@id\":\"https:\/\/www.piovan.com\/product\/hr-hrm_p-china\/#breadcrumb\",\"itemListElement\":[{\"@type\":\"ListItem\",\"position\":1,\"name\":\"Home\",\"item\":\"https:\/\/www.piovan.com\/\"},{\"@type\":\"ListItem\",\"position\":2,\"name\":\"Plastic\",\"item\":\"https:\/\/www.piovan.com\/pt\/products\/plasticos\/\"},{\"@type\":\"ListItem\",\"position\":3,\"name\":\"Drying &amp; Dehumidifying\",\"item\":\"https:\/\/www.piovan.com\/pt\/products\/plasticos\/secagem-desumidificacao\/\"},{\"@type\":\"ListItem\",\"position\":4,\"name\":\"HR I HRM\"}]},{\"@type\":\"WebSite\",\"@id\":\"https:\/\/www.piovan.com\/#website\",\"url\":\"https:\/\/www.piovan.com\/\",\"name\":\"PiovanGroup\",\"description\":\"\",\"publisher\":{\"@id\":\"https:\/\/www.piovan.com\/#organization\"},\"potentialAction\":[{\"@type\":\"SearchAction\",\"target\":{\"@type\":\"EntryPoint\",\"urlTemplate\":\"https:\/\/www.piovan.com\/?s={search_term_string}\"},\"query-input\":\"required name=search_term_string\"}],\"inLanguage\":\"pt-PT\"},{\"@type\":\"Organization\",\"@id\":\"https:\/\/www.piovan.com\/#organization\",\"name\":\"PiovanGroup\",\"url\":\"https:\/\/www.piovan.com\/\",\"logo\":{\"@type\":\"ImageObject\",\"inLanguage\":\"pt-PT\",\"@id\":\"https:\/\/www.piovan.com\/#\/schema\/logo\/image\/\",\"url\":\"https:\/\/www.piovan.com\/wp-content\/uploads\/2021\/06\/logo@2x.png\",\"contentUrl\":\"https:\/\/www.piovan.com\/wp-content\/uploads\/2021\/06\/logo@2x.png\",\"width\":489,\"height\":78,\"caption\":\"PiovanGroup\"},\"image\":{\"@id\":\"https:\/\/www.piovan.com\/#\/schema\/logo\/image\/\"}}]}<\/script>","yoast_head_json":{"title":"HR I HRM - PiovanGroup","robots":{"index":"index","follow":"follow","max-snippet":"max-snippet:-1","max-image-preview":"max-image-preview:large","max-video-preview":"max-video-preview:-1"},"canonical":"https:\/\/www.piovan.com\/pt\/product\/hr-hrm_p-china\/","og_locale":"pt_PT","og_type":"article","og_title":"HR I HRM - PiovanGroup","og_description":"By adopting the honeycomb desiccant rotor technology, the HR Series is able to ensure versatility for small and me-dium productions. The technology is characterised by constant dew point and clean process thanks to \u2022 large absorbing capacity \u2022 zero dust emission \u2022 continuous regeneration process and close loop cooling phase. HR and HRM dryers are also flexible since they operate with single or mul- tiple hoppers and can be installed be- side the process machine or on a mo- bile [&hellip;]","og_url":"https:\/\/www.piovan.com\/pt\/product\/hr-hrm_p-china\/","og_site_name":"PiovanGroup","article_modified_time":"2024-03-22T09:55:32+00:00","og_image":[{"width":1200,"height":1560,"url":"https:\/\/www.piovan.com\/wp-content\/uploads\/HR.png","type":"image\/png"}],"twitter_card":"summary_large_image","schema":{"@context":"https:\/\/schema.org","@graph":[{"@type":"WebPage","@id":"https:\/\/www.piovan.com\/product\/hr-hrm_p-china\/","url":"https:\/\/www.piovan.com\/product\/hr-hrm_p-china\/","name":"HR I HRM - PiovanGroup","isPartOf":{"@id":"https:\/\/www.piovan.com\/#website"},"datePublished":"2023-03-14T16:06:20+00:00","dateModified":"2024-03-22T09:55:32+00:00","breadcrumb":{"@id":"https:\/\/www.piovan.com\/product\/hr-hrm_p-china\/#breadcrumb"},"inLanguage":"pt-PT","potentialAction":[{"@type":"ReadAction","target":["https:\/\/www.piovan.com\/product\/hr-hrm_p-china\/"]}]},{"@type":"BreadcrumbList","@id":"https:\/\/www.piovan.com\/product\/hr-hrm_p-china\/#breadcrumb","itemListElement":[{"@type":"ListItem","position":1,"name":"Home","item":"https:\/\/www.piovan.com\/"},{"@type":"ListItem","position":2,"name":"Plastic","item":"https:\/\/www.piovan.com\/pt\/products\/plasticos\/"},{"@type":"ListItem","position":3,"name":"Drying &amp; Dehumidifying","item":"https:\/\/www.piovan.com\/pt\/products\/plasticos\/secagem-desumidificacao\/"},{"@type":"ListItem","position":4,"name":"HR I HRM"}]},{"@type":"WebSite","@id":"https:\/\/www.piovan.com\/#website","url":"https:\/\/www.piovan.com\/","name":"PiovanGroup","description":"","publisher":{"@id":"https:\/\/www.piovan.com\/#organization"},"potentialAction":[{"@type":"SearchAction","target":{"@type":"EntryPoint","urlTemplate":"https:\/\/www.piovan.com\/?s={search_term_string}"},"query-input":"required name=search_term_string"}],"inLanguage":"pt-PT"},{"@type":"Organization","@id":"https:\/\/www.piovan.com\/#organization","name":"PiovanGroup","url":"https:\/\/www.piovan.com\/","logo":{"@type":"ImageObject","inLanguage":"pt-PT","@id":"https:\/\/www.piovan.com\/#\/schema\/logo\/image\/","url":"https:\/\/www.piovan.com\/wp-content\/uploads\/2021\/06\/logo@2x.png","contentUrl":"https:\/\/www.piovan.com\/wp-content\/uploads\/2021\/06\/logo@2x.png","width":489,"height":78,"caption":"PiovanGroup"},"image":{"@id":"https:\/\/www.piovan.com\/#\/schema\/logo\/image\/"}}]}},"_links":{"self":[{"href":"https:\/\/www.piovan.com\/pt\/wp-json\/wp\/v2\/product\/9993"}],"collection":[{"href":"https:\/\/www.piovan.com\/pt\/wp-json\/wp\/v2\/product"}],"about":[{"href":"https:\/\/www.piovan.com\/pt\/wp-json\/wp\/v2\/types\/product"}],"version-history":[{"count":3,"href":"https:\/\/www.piovan.com\/pt\/wp-json\/wp\/v2\/product\/9993\/revisions"}],"predecessor-version":[{"id":11802,"href":"https:\/\/www.piovan.com\/pt\/wp-json\/wp\/v2\/product\/9993\/revisions\/11802"}],"wp:featuredmedia":[{"embeddable":true,"href":"https:\/\/www.piovan.com\/pt\/wp-json\/wp\/v2\/media\/10013"}],"wp:attachment":[{"href":"https:\/\/www.piovan.com\/pt\/wp-json\/wp\/v2\/media?parent=9993"}],"wp:term":[{"taxonomy":"post_tag","embeddable":true,"href":"https:\/\/www.piovan.com\/pt\/wp-json\/wp\/v2\/tags?post=9993"}],"curies":[{"name":"wp","href":"https:\/\/api.w.org\/{rel}","templated":true}]}}