{"id":9802,"date":"2023-02-14T15:22:32","date_gmt":"2023-02-14T14:22:32","guid":{"rendered":"https:\/\/www.piovan.com\/?post_type=product&#038;p=9802"},"modified":"2025-07-04T09:46:11","modified_gmt":"2025-07-04T07:46:11","slug":"thermovan","status":"publish","type":"product","link":"https:\/\/www.piovan.com\/pt\/product\/thermovan\/","title":{"rendered":"Thermovan"},"content":{"rendered":"<p>A S\u00e9rie TW, TO e TP dos controladores de temperatura Piovan s\u00e3o projetados para manter constante a temperatura das cavidades dos moldes, \u00f3leo hidr\u00e1ulico das m\u00e1quinas injetoras, roscas das extrusoras, cabe\u00e7otes de calibra\u00e7\u00e3o, cilindros e calandras das linhas de termoformagem. Modelos \u00e0 \u00e1gua, \u00f3leo e \u00e1gua pressurizada operam em uma ampla faixa de temperaturas, de 20\u00b0C at\u00e9 250\u00b0C.<\/p>\n<p><strong>Benefits<\/strong><br \/>\n\u2022 Otimiza\u00e7\u00e3o dos custos operacionais<br \/>\n\u2022 Partida simples e imediata<br \/>\n\u2022 Opera\u00e7\u00e3o cont\u00ednua e alta durabilidade<br \/>\n\u2022 Nenhum custo de manuten\u00e7\u00e3o para o controle dos aquecedores<\/p>","protected":false},"featured_media":9809,"template":"","tags":[108],"acf":[],"yoast_head":"<title>Thermovan - PiovanGroup<\/title>\n<meta name=\"robots\" content=\"index, follow, max-snippet:-1, max-image-preview:large, max-video-preview:-1\" \/>\n<link rel=\"canonical\" href=\"https:\/\/www.piovan.com\/pt\/product\/thermovan\/\" \/>\n<meta property=\"og:locale\" content=\"pt_PT\" \/>\n<meta property=\"og:type\" content=\"article\" \/>\n<meta property=\"og:title\" content=\"Thermovan - PiovanGroup\" \/>\n<meta property=\"og:description\" content=\"The TW, TO and TP series of Piovan mould temperature controllers has been designed to maintain at a constant temperature the mould cavities, the hydraulic oil of the injection moulding machines, the extruder screws, the calibration heads, the cylinders and calenders of thermoforming lines. Water, oil and pressurised water models operate in a wide range of temperatures, from 20\u00b0C up to 250\u00b0C. Benefits \u2022 Optimisation of the running costs \u2022 Immediate and optimal usage of the unit \u2022 Continuous operation [&hellip;]\" \/>\n<meta property=\"og:url\" content=\"https:\/\/www.piovan.com\/pt\/product\/thermovan\/\" \/>\n<meta property=\"og:site_name\" content=\"PiovanGroup\" \/>\n<meta property=\"article:modified_time\" content=\"2025-07-04T07:46:11+00:00\" \/>\n<meta property=\"og:image\" content=\"https:\/\/www.piovan.com\/wp-content\/uploads\/Thermovan.png\" \/>\n\t<meta property=\"og:image:width\" content=\"1200\" \/>\n\t<meta property=\"og:image:height\" content=\"1560\" \/>\n\t<meta property=\"og:image:type\" content=\"image\/png\" \/>\n<meta name=\"twitter:card\" content=\"summary_large_image\" \/>\n<script type=\"application\/ld+json\" class=\"yoast-schema-graph\">{\"@context\":\"https:\/\/schema.org\",\"@graph\":[{\"@type\":\"WebPage\",\"@id\":\"https:\/\/www.piovan.com\/product\/thermovan\/\",\"url\":\"https:\/\/www.piovan.com\/product\/thermovan\/\",\"name\":\"Thermovan - PiovanGroup\",\"isPartOf\":{\"@id\":\"https:\/\/www.piovan.com\/#website\"},\"datePublished\":\"2023-02-14T14:22:32+00:00\",\"dateModified\":\"2025-07-04T07:46:11+00:00\",\"breadcrumb\":{\"@id\":\"https:\/\/www.piovan.com\/product\/thermovan\/#breadcrumb\"},\"inLanguage\":\"pt-PT\",\"potentialAction\":[{\"@type\":\"ReadAction\",\"target\":[\"https:\/\/www.piovan.com\/product\/thermovan\/\"]}]},{\"@type\":\"BreadcrumbList\",\"@id\":\"https:\/\/www.piovan.com\/product\/thermovan\/#breadcrumb\",\"itemListElement\":[{\"@type\":\"ListItem\",\"position\":1,\"name\":\"Home\",\"item\":\"https:\/\/www.piovan.com\/\"},{\"@type\":\"ListItem\",\"position\":2,\"name\":\"Plastic\",\"item\":\"https:\/\/www.piovan.com\/pt\/products\/plasticos\/\"},{\"@type\":\"ListItem\",\"position\":3,\"name\":\"Temperature Controllers\",\"item\":\"https:\/\/www.piovan.com\/pt\/products\/plasticos\/controladores-de-temperatura\/\"},{\"@type\":\"ListItem\",\"position\":4,\"name\":\"Thermovan\"}]},{\"@type\":\"WebSite\",\"@id\":\"https:\/\/www.piovan.com\/#website\",\"url\":\"https:\/\/www.piovan.com\/\",\"name\":\"PiovanGroup\",\"description\":\"\",\"publisher\":{\"@id\":\"https:\/\/www.piovan.com\/#organization\"},\"potentialAction\":[{\"@type\":\"SearchAction\",\"target\":{\"@type\":\"EntryPoint\",\"urlTemplate\":\"https:\/\/www.piovan.com\/?s={search_term_string}\"},\"query-input\":\"required name=search_term_string\"}],\"inLanguage\":\"pt-PT\"},{\"@type\":\"Organization\",\"@id\":\"https:\/\/www.piovan.com\/#organization\",\"name\":\"PiovanGroup\",\"url\":\"https:\/\/www.piovan.com\/\",\"logo\":{\"@type\":\"ImageObject\",\"inLanguage\":\"pt-PT\",\"@id\":\"https:\/\/www.piovan.com\/#\/schema\/logo\/image\/\",\"url\":\"https:\/\/www.piovan.com\/wp-content\/uploads\/2021\/06\/logo@2x.png\",\"contentUrl\":\"https:\/\/www.piovan.com\/wp-content\/uploads\/2021\/06\/logo@2x.png\",\"width\":489,\"height\":78,\"caption\":\"PiovanGroup\"},\"image\":{\"@id\":\"https:\/\/www.piovan.com\/#\/schema\/logo\/image\/\"}}]}<\/script>","yoast_head_json":{"title":"Thermovan - PiovanGroup","robots":{"index":"index","follow":"follow","max-snippet":"max-snippet:-1","max-image-preview":"max-image-preview:large","max-video-preview":"max-video-preview:-1"},"canonical":"https:\/\/www.piovan.com\/pt\/product\/thermovan\/","og_locale":"pt_PT","og_type":"article","og_title":"Thermovan - PiovanGroup","og_description":"The TW, TO and TP series of Piovan mould temperature controllers has been designed to maintain at a constant temperature the mould cavities, the hydraulic oil of the injection moulding machines, the extruder screws, the calibration heads, the cylinders and calenders of thermoforming lines. Water, oil and pressurised water models operate in a wide range of temperatures, from 20\u00b0C up to 250\u00b0C. Benefits \u2022 Optimisation of the running costs \u2022 Immediate and optimal usage of the unit \u2022 Continuous operation [&hellip;]","og_url":"https:\/\/www.piovan.com\/pt\/product\/thermovan\/","og_site_name":"PiovanGroup","article_modified_time":"2025-07-04T07:46:11+00:00","og_image":[{"width":1200,"height":1560,"url":"https:\/\/www.piovan.com\/wp-content\/uploads\/Thermovan.png","type":"image\/png"}],"twitter_card":"summary_large_image","schema":{"@context":"https:\/\/schema.org","@graph":[{"@type":"WebPage","@id":"https:\/\/www.piovan.com\/product\/thermovan\/","url":"https:\/\/www.piovan.com\/product\/thermovan\/","name":"Thermovan - PiovanGroup","isPartOf":{"@id":"https:\/\/www.piovan.com\/#website"},"datePublished":"2023-02-14T14:22:32+00:00","dateModified":"2025-07-04T07:46:11+00:00","breadcrumb":{"@id":"https:\/\/www.piovan.com\/product\/thermovan\/#breadcrumb"},"inLanguage":"pt-PT","potentialAction":[{"@type":"ReadAction","target":["https:\/\/www.piovan.com\/product\/thermovan\/"]}]},{"@type":"BreadcrumbList","@id":"https:\/\/www.piovan.com\/product\/thermovan\/#breadcrumb","itemListElement":[{"@type":"ListItem","position":1,"name":"Home","item":"https:\/\/www.piovan.com\/"},{"@type":"ListItem","position":2,"name":"Plastic","item":"https:\/\/www.piovan.com\/pt\/products\/plasticos\/"},{"@type":"ListItem","position":3,"name":"Temperature Controllers","item":"https:\/\/www.piovan.com\/pt\/products\/plasticos\/controladores-de-temperatura\/"},{"@type":"ListItem","position":4,"name":"Thermovan"}]},{"@type":"WebSite","@id":"https:\/\/www.piovan.com\/#website","url":"https:\/\/www.piovan.com\/","name":"PiovanGroup","description":"","publisher":{"@id":"https:\/\/www.piovan.com\/#organization"},"potentialAction":[{"@type":"SearchAction","target":{"@type":"EntryPoint","urlTemplate":"https:\/\/www.piovan.com\/?s={search_term_string}"},"query-input":"required name=search_term_string"}],"inLanguage":"pt-PT"},{"@type":"Organization","@id":"https:\/\/www.piovan.com\/#organization","name":"PiovanGroup","url":"https:\/\/www.piovan.com\/","logo":{"@type":"ImageObject","inLanguage":"pt-PT","@id":"https:\/\/www.piovan.com\/#\/schema\/logo\/image\/","url":"https:\/\/www.piovan.com\/wp-content\/uploads\/2021\/06\/logo@2x.png","contentUrl":"https:\/\/www.piovan.com\/wp-content\/uploads\/2021\/06\/logo@2x.png","width":489,"height":78,"caption":"PiovanGroup"},"image":{"@id":"https:\/\/www.piovan.com\/#\/schema\/logo\/image\/"}}]}},"_links":{"self":[{"href":"https:\/\/www.piovan.com\/pt\/wp-json\/wp\/v2\/product\/9802"}],"collection":[{"href":"https:\/\/www.piovan.com\/pt\/wp-json\/wp\/v2\/product"}],"about":[{"href":"https:\/\/www.piovan.com\/pt\/wp-json\/wp\/v2\/types\/product"}],"version-history":[{"count":4,"href":"https:\/\/www.piovan.com\/pt\/wp-json\/wp\/v2\/product\/9802\/revisions"}],"predecessor-version":[{"id":15337,"href":"https:\/\/www.piovan.com\/pt\/wp-json\/wp\/v2\/product\/9802\/revisions\/15337"}],"wp:featuredmedia":[{"embeddable":true,"href":"https:\/\/www.piovan.com\/pt\/wp-json\/wp\/v2\/media\/9809"}],"wp:attachment":[{"href":"https:\/\/www.piovan.com\/pt\/wp-json\/wp\/v2\/media?parent=9802"}],"wp:term":[{"taxonomy":"post_tag","embeddable":true,"href":"https:\/\/www.piovan.com\/pt\/wp-json\/wp\/v2\/tags?post=9802"}],"curies":[{"name":"wp","href":"https:\/\/api.w.org\/{rel}","templated":true}]}}