{"id":9209,"date":"2022-09-28T16:31:23","date_gmt":"2022-09-28T14:31:23","guid":{"rendered":"https:\/\/www.piovan.com\/?post_type=product&#038;p=9209"},"modified":"2025-02-27T08:57:26","modified_gmt":"2025-02-27T07:57:26","slug":"vulkano","status":"publish","type":"product","link":"https:\/\/www.piovan.com\/pt\/product\/vulkano\/","title":{"rendered":"Vulkano"},"content":{"rendered":"<p>Vulkano \u00e9 um instrumento port\u00e1til que detecta e quantifica a presen\u00e7a de compostos org\u00e2nicos de carbono (T.O.C. Carbono Org\u00e2nico Total) no ar de processo da desumidifica\u00e7\u00e3o.<\/p>\n<p>Os pl\u00e1sticos higrosc\u00f3picos p\u00f3s-consumo devem ser desumidificados para produzir novos produtos. O processo de extra\u00e7\u00e3o da umidade, tamb\u00e9m extrai as subst\u00e2ncias absorvidas anteriormente pelo pol\u00edmero, o NIAS (Subst\u00e2ncias Adicionadas N\u00e3o Intencionalmente). O ar que circula nos circuitos que normalmente s\u00e3o fechados por\nquest\u00f5es de economia de energia e seguran\u00e7a,\ncorre o risco de ficar saturado com compostos de carbono org\u00e2nico, que podem levar a:<br \/>\n\u25cf oil deposition on the internal surfaces of the dehumidifier<br \/>\n\u25cf saturation of molecular sieves with consequent loss of functionality<br \/>\n\u25cf failure to extract N.I.A.S. from the treated plastic.<\/p>\n<p>\u00c0 medida que a utiliza\u00e7\u00e3o de material p\u00f3s-consumo aumenta, \u00e9 aconselh\u00e1vel o uso de condensadores a g\u00e1s como o Condenso e os filtros PureTech para\nproteger o desumidificador e o produto final.<\/p>\n<p>Um analisador port\u00e1til como o Vulkano oferece um m\u00e9todo r\u00e1pido e preciso (tamb\u00e9m adapt\u00e1vel para medi\u00e7\u00f5es cont\u00ednuas) para verifica\u00e7\u00e3o da pureza do ar de processo. Vulkano permite o monitoramento da satura\u00e7\u00e3o dos filtros, indicando o momento ideal de substitui\u00e7\u00e3o.<\/p>\n<p>Tamb\u00e9m pode ser usado por qualquer operador de linha com m\u00e1xima simplicidade, devido \u00e0 sua interface intuitiva.<\/p>","protected":false},"featured_media":13755,"template":"","tags":[108],"acf":[],"yoast_head":"<title>Vulkano - PiovanGroup<\/title>\n<meta name=\"robots\" content=\"index, follow, max-snippet:-1, max-image-preview:large, max-video-preview:-1\" \/>\n<link rel=\"canonical\" href=\"https:\/\/www.piovan.com\/pt\/product\/vulkano\/\" \/>\n<meta property=\"og:locale\" content=\"pt_PT\" \/>\n<meta property=\"og:type\" content=\"article\" \/>\n<meta property=\"og:title\" content=\"Vulkano - PiovanGroup\" \/>\n<meta property=\"og:description\" content=\"Vulkano is a portable instrument for detecting and quantifying the presence of organic carbon compounds (T.O.C. -Total Organic Carbon), in the dehumidification process air. Post-consumer hygroscopic plastics must be dehumidified to produce new products. The process to extract moisture also extracts substances absorbed by the polymer during its previous life, the NIAS (Non Intentionally Added Substances). The air circulating in circuits that are typically closed for energy efficiency and safety reasons is at risk of becoming saturated with of organic [&hellip;]\" \/>\n<meta property=\"og:url\" content=\"https:\/\/www.piovan.com\/pt\/product\/vulkano\/\" \/>\n<meta property=\"og:site_name\" content=\"PiovanGroup\" \/>\n<meta property=\"article:modified_time\" content=\"2025-02-27T07:57:26+00:00\" \/>\n<meta property=\"og:image\" content=\"https:\/\/www.piovan.com\/wp-content\/uploads\/Vulkano-1.png\" \/>\n\t<meta property=\"og:image:width\" content=\"1200\" \/>\n\t<meta property=\"og:image:height\" content=\"1560\" \/>\n\t<meta property=\"og:image:type\" content=\"image\/png\" \/>\n<meta name=\"twitter:card\" content=\"summary_large_image\" \/>\n<script type=\"application\/ld+json\" class=\"yoast-schema-graph\">{\"@context\":\"https:\/\/schema.org\",\"@graph\":[{\"@type\":\"WebPage\",\"@id\":\"https:\/\/www.piovan.com\/product\/vulkano\/\",\"url\":\"https:\/\/www.piovan.com\/product\/vulkano\/\",\"name\":\"Vulkano - PiovanGroup\",\"isPartOf\":{\"@id\":\"https:\/\/www.piovan.com\/#website\"},\"datePublished\":\"2022-09-28T14:31:23+00:00\",\"dateModified\":\"2025-02-27T07:57:26+00:00\",\"breadcrumb\":{\"@id\":\"https:\/\/www.piovan.com\/product\/vulkano\/#breadcrumb\"},\"inLanguage\":\"pt-PT\",\"potentialAction\":[{\"@type\":\"ReadAction\",\"target\":[\"https:\/\/www.piovan.com\/product\/vulkano\/\"]}]},{\"@type\":\"BreadcrumbList\",\"@id\":\"https:\/\/www.piovan.com\/product\/vulkano\/#breadcrumb\",\"itemListElement\":[{\"@type\":\"ListItem\",\"position\":1,\"name\":\"Home\",\"item\":\"https:\/\/www.piovan.com\/\"},{\"@type\":\"ListItem\",\"position\":2,\"name\":\"Plastic\",\"item\":\"https:\/\/www.piovan.com\/pt\/products\/plasticos\/\"},{\"@type\":\"ListItem\",\"position\":3,\"name\":\"Lab-tech\",\"item\":\"https:\/\/www.piovan.com\/pt\/products\/plasticos\/lab-tech\/\"},{\"@type\":\"ListItem\",\"position\":4,\"name\":\"Vulkano\"}]},{\"@type\":\"WebSite\",\"@id\":\"https:\/\/www.piovan.com\/#website\",\"url\":\"https:\/\/www.piovan.com\/\",\"name\":\"PiovanGroup\",\"description\":\"\",\"publisher\":{\"@id\":\"https:\/\/www.piovan.com\/#organization\"},\"potentialAction\":[{\"@type\":\"SearchAction\",\"target\":{\"@type\":\"EntryPoint\",\"urlTemplate\":\"https:\/\/www.piovan.com\/?s={search_term_string}\"},\"query-input\":\"required name=search_term_string\"}],\"inLanguage\":\"pt-PT\"},{\"@type\":\"Organization\",\"@id\":\"https:\/\/www.piovan.com\/#organization\",\"name\":\"PiovanGroup\",\"url\":\"https:\/\/www.piovan.com\/\",\"logo\":{\"@type\":\"ImageObject\",\"inLanguage\":\"pt-PT\",\"@id\":\"https:\/\/www.piovan.com\/#\/schema\/logo\/image\/\",\"url\":\"https:\/\/www.piovan.com\/wp-content\/uploads\/2021\/06\/logo@2x.png\",\"contentUrl\":\"https:\/\/www.piovan.com\/wp-content\/uploads\/2021\/06\/logo@2x.png\",\"width\":489,\"height\":78,\"caption\":\"PiovanGroup\"},\"image\":{\"@id\":\"https:\/\/www.piovan.com\/#\/schema\/logo\/image\/\"}}]}<\/script>","yoast_head_json":{"title":"Vulkano - PiovanGroup","robots":{"index":"index","follow":"follow","max-snippet":"max-snippet:-1","max-image-preview":"max-image-preview:large","max-video-preview":"max-video-preview:-1"},"canonical":"https:\/\/www.piovan.com\/pt\/product\/vulkano\/","og_locale":"pt_PT","og_type":"article","og_title":"Vulkano - PiovanGroup","og_description":"Vulkano is a portable instrument for detecting and quantifying the presence of organic carbon compounds (T.O.C. -Total Organic Carbon), in the dehumidification process air. Post-consumer hygroscopic plastics must be dehumidified to produce new products. The process to extract moisture also extracts substances absorbed by the polymer during its previous life, the NIAS (Non Intentionally Added Substances). The air circulating in circuits that are typically closed for energy efficiency and safety reasons is at risk of becoming saturated with of organic [&hellip;]","og_url":"https:\/\/www.piovan.com\/pt\/product\/vulkano\/","og_site_name":"PiovanGroup","article_modified_time":"2025-02-27T07:57:26+00:00","og_image":[{"width":1200,"height":1560,"url":"https:\/\/www.piovan.com\/wp-content\/uploads\/Vulkano-1.png","type":"image\/png"}],"twitter_card":"summary_large_image","schema":{"@context":"https:\/\/schema.org","@graph":[{"@type":"WebPage","@id":"https:\/\/www.piovan.com\/product\/vulkano\/","url":"https:\/\/www.piovan.com\/product\/vulkano\/","name":"Vulkano - PiovanGroup","isPartOf":{"@id":"https:\/\/www.piovan.com\/#website"},"datePublished":"2022-09-28T14:31:23+00:00","dateModified":"2025-02-27T07:57:26+00:00","breadcrumb":{"@id":"https:\/\/www.piovan.com\/product\/vulkano\/#breadcrumb"},"inLanguage":"pt-PT","potentialAction":[{"@type":"ReadAction","target":["https:\/\/www.piovan.com\/product\/vulkano\/"]}]},{"@type":"BreadcrumbList","@id":"https:\/\/www.piovan.com\/product\/vulkano\/#breadcrumb","itemListElement":[{"@type":"ListItem","position":1,"name":"Home","item":"https:\/\/www.piovan.com\/"},{"@type":"ListItem","position":2,"name":"Plastic","item":"https:\/\/www.piovan.com\/pt\/products\/plasticos\/"},{"@type":"ListItem","position":3,"name":"Lab-tech","item":"https:\/\/www.piovan.com\/pt\/products\/plasticos\/lab-tech\/"},{"@type":"ListItem","position":4,"name":"Vulkano"}]},{"@type":"WebSite","@id":"https:\/\/www.piovan.com\/#website","url":"https:\/\/www.piovan.com\/","name":"PiovanGroup","description":"","publisher":{"@id":"https:\/\/www.piovan.com\/#organization"},"potentialAction":[{"@type":"SearchAction","target":{"@type":"EntryPoint","urlTemplate":"https:\/\/www.piovan.com\/?s={search_term_string}"},"query-input":"required name=search_term_string"}],"inLanguage":"pt-PT"},{"@type":"Organization","@id":"https:\/\/www.piovan.com\/#organization","name":"PiovanGroup","url":"https:\/\/www.piovan.com\/","logo":{"@type":"ImageObject","inLanguage":"pt-PT","@id":"https:\/\/www.piovan.com\/#\/schema\/logo\/image\/","url":"https:\/\/www.piovan.com\/wp-content\/uploads\/2021\/06\/logo@2x.png","contentUrl":"https:\/\/www.piovan.com\/wp-content\/uploads\/2021\/06\/logo@2x.png","width":489,"height":78,"caption":"PiovanGroup"},"image":{"@id":"https:\/\/www.piovan.com\/#\/schema\/logo\/image\/"}}]}},"_links":{"self":[{"href":"https:\/\/www.piovan.com\/pt\/wp-json\/wp\/v2\/product\/9209"}],"collection":[{"href":"https:\/\/www.piovan.com\/pt\/wp-json\/wp\/v2\/product"}],"about":[{"href":"https:\/\/www.piovan.com\/pt\/wp-json\/wp\/v2\/types\/product"}],"version-history":[{"count":4,"href":"https:\/\/www.piovan.com\/pt\/wp-json\/wp\/v2\/product\/9209\/revisions"}],"predecessor-version":[{"id":14593,"href":"https:\/\/www.piovan.com\/pt\/wp-json\/wp\/v2\/product\/9209\/revisions\/14593"}],"wp:featuredmedia":[{"embeddable":true,"href":"https:\/\/www.piovan.com\/pt\/wp-json\/wp\/v2\/media\/13755"}],"wp:attachment":[{"href":"https:\/\/www.piovan.com\/pt\/wp-json\/wp\/v2\/media?parent=9209"}],"wp:term":[{"taxonomy":"post_tag","embeddable":true,"href":"https:\/\/www.piovan.com\/pt\/wp-json\/wp\/v2\/tags?post=9209"}],"curies":[{"name":"wp","href":"https:\/\/api.w.org\/{rel}","templated":true}]}}