{"id":6041,"date":"2021-12-05T15:18:23","date_gmt":"2021-12-05T14:18:23","guid":{"rendered":"http:\/\/188.166.2.129\/product\/accessories\/"},"modified":"2023-12-13T16:20:37","modified_gmt":"2023-12-13T15:20:37","slug":"accessories_piovan-china","status":"publish","type":"product","link":"https:\/\/www.piovan.com\/pt\/product\/accessories_piovan-china\/","title":{"rendered":"Acess\u00f3rios"},"content":{"rendered":"<div>\n<p>V\u00e1lvulas de controle da vaz\u00e3o de \u00e1gua, regula\u00e7\u00e3o independente da temperatura, v\u00e1lvulas de mistura, servov\u00e1lvulas e v\u00e1lvulas manuais de fecho, flux\u00f4metros, transdutores de press\u00e3o e monitoriza\u00e7\u00e3o: s\u00e3o todos os elementos que fazem parte da oferta da Aquatech e que s\u00e3o selecionados com base no respeito pelas caracter\u00edsticas da instala\u00e7\u00e3o e por eventuais normas espec\u00edficas em vigor a n\u00edvel local.<\/p>\n<\/div>","protected":false},"featured_media":6083,"template":"","tags":[],"acf":[],"yoast_head":"<title>Acess\u00f3rios - Grupo Piovan<\/title>\n<meta name=\"robots\" content=\"index, follow, max-snippet:-1, max-image-preview:large, max-video-preview:-1\" \/>\n<link rel=\"canonical\" href=\"https:\/\/www.piovan.com\/pt\/product\/accessories_piovan-china\/\" \/>\n<meta property=\"og:locale\" content=\"pt_PT\" \/>\n<meta property=\"og:type\" content=\"article\" \/>\n<meta property=\"og:title\" content=\"Accessories - PiovanGroup\" \/>\n<meta property=\"og:description\" content=\"Water flow control valves, individual temperature control, mixing valves, manual and servo driven shut off valves, water flow meters, pressure transducers and monitoring, are part of the supply of Aquatech and are selected to comply with the system characteristics and with the possible local specific regulatory directions.\" \/>\n<meta property=\"og:url\" content=\"https:\/\/www.piovan.com\/pt\/product\/accessories_piovan-china\/\" \/>\n<meta property=\"og:site_name\" content=\"PiovanGroup\" \/>\n<meta property=\"article:modified_time\" content=\"2023-12-13T15:20:37+00:00\" \/>\n<meta property=\"og:image\" content=\"https:\/\/www.piovan.com\/wp-content\/uploads\/1200x1560_Accessori-1.png\" \/>\n\t<meta property=\"og:image:width\" content=\"1200\" \/>\n\t<meta property=\"og:image:height\" content=\"1560\" \/>\n\t<meta property=\"og:image:type\" content=\"image\/png\" \/>\n<meta name=\"twitter:card\" content=\"summary_large_image\" \/>\n<script type=\"application\/ld+json\" class=\"yoast-schema-graph\">{\"@context\":\"https:\/\/schema.org\",\"@graph\":[{\"@type\":\"WebPage\",\"@id\":\"https:\/\/www.piovan.com\/product\/accessories_piovan-china\/\",\"url\":\"https:\/\/www.piovan.com\/product\/accessories_piovan-china\/\",\"name\":\"Accessories - PiovanGroup\",\"isPartOf\":{\"@id\":\"https:\/\/www.piovan.com\/#website\"},\"datePublished\":\"2021-12-05T14:18:23+00:00\",\"dateModified\":\"2023-12-13T15:20:37+00:00\",\"breadcrumb\":{\"@id\":\"https:\/\/www.piovan.com\/product\/accessories_piovan-china\/#breadcrumb\"},\"inLanguage\":\"pt-PT\",\"potentialAction\":[{\"@type\":\"ReadAction\",\"target\":[\"https:\/\/www.piovan.com\/product\/accessories_piovan-china\/\"]}]},{\"@type\":\"BreadcrumbList\",\"@id\":\"https:\/\/www.piovan.com\/product\/accessories_piovan-china\/#breadcrumb\",\"itemListElement\":[{\"@type\":\"ListItem\",\"position\":1,\"name\":\"Home\",\"item\":\"https:\/\/www.piovan.com\/\"},{\"@type\":\"ListItem\",\"position\":2,\"name\":\"Industrial cooling\",\"item\":\"https:\/\/www.piovan.com\/pt\/products\/resfriamento-industrial\/\"},{\"@type\":\"ListItem\",\"position\":3,\"name\":\"Accessories\",\"item\":\"https:\/\/www.piovan.com\/pt\/products\/resfriamento-industrial\/accessories\/\"},{\"@type\":\"ListItem\",\"position\":4,\"name\":\"Accessories\"}]},{\"@type\":\"WebSite\",\"@id\":\"https:\/\/www.piovan.com\/#website\",\"url\":\"https:\/\/www.piovan.com\/\",\"name\":\"PiovanGroup\",\"description\":\"\",\"publisher\":{\"@id\":\"https:\/\/www.piovan.com\/#organization\"},\"potentialAction\":[{\"@type\":\"SearchAction\",\"target\":{\"@type\":\"EntryPoint\",\"urlTemplate\":\"https:\/\/www.piovan.com\/?s={search_term_string}\"},\"query-input\":\"required name=search_term_string\"}],\"inLanguage\":\"pt-PT\"},{\"@type\":\"Organization\",\"@id\":\"https:\/\/www.piovan.com\/#organization\",\"name\":\"PiovanGroup\",\"url\":\"https:\/\/www.piovan.com\/\",\"logo\":{\"@type\":\"ImageObject\",\"inLanguage\":\"pt-PT\",\"@id\":\"https:\/\/www.piovan.com\/#\/schema\/logo\/image\/\",\"url\":\"https:\/\/www.piovan.com\/wp-content\/uploads\/2021\/06\/logo@2x.png\",\"contentUrl\":\"https:\/\/www.piovan.com\/wp-content\/uploads\/2021\/06\/logo@2x.png\",\"width\":489,\"height\":78,\"caption\":\"PiovanGroup\"},\"image\":{\"@id\":\"https:\/\/www.piovan.com\/#\/schema\/logo\/image\/\"}}]}<\/script>","yoast_head_json":{"title":"Acess\u00f3rios - Grupo Piovan","robots":{"index":"index","follow":"follow","max-snippet":"max-snippet:-1","max-image-preview":"max-image-preview:large","max-video-preview":"max-video-preview:-1"},"canonical":"https:\/\/www.piovan.com\/pt\/product\/accessories_piovan-china\/","og_locale":"pt_PT","og_type":"article","og_title":"Accessories - PiovanGroup","og_description":"Water flow control valves, individual temperature control, mixing valves, manual and servo driven shut off valves, water flow meters, pressure transducers and monitoring, are part of the supply of Aquatech and are selected to comply with the system characteristics and with the possible local specific regulatory directions.","og_url":"https:\/\/www.piovan.com\/pt\/product\/accessories_piovan-china\/","og_site_name":"PiovanGroup","article_modified_time":"2023-12-13T15:20:37+00:00","og_image":[{"width":1200,"height":1560,"url":"https:\/\/www.piovan.com\/wp-content\/uploads\/1200x1560_Accessori-1.png","type":"image\/png"}],"twitter_card":"summary_large_image","schema":{"@context":"https:\/\/schema.org","@graph":[{"@type":"WebPage","@id":"https:\/\/www.piovan.com\/product\/accessories_piovan-china\/","url":"https:\/\/www.piovan.com\/product\/accessories_piovan-china\/","name":"Accessories - PiovanGroup","isPartOf":{"@id":"https:\/\/www.piovan.com\/#website"},"datePublished":"2021-12-05T14:18:23+00:00","dateModified":"2023-12-13T15:20:37+00:00","breadcrumb":{"@id":"https:\/\/www.piovan.com\/product\/accessories_piovan-china\/#breadcrumb"},"inLanguage":"pt-PT","potentialAction":[{"@type":"ReadAction","target":["https:\/\/www.piovan.com\/product\/accessories_piovan-china\/"]}]},{"@type":"BreadcrumbList","@id":"https:\/\/www.piovan.com\/product\/accessories_piovan-china\/#breadcrumb","itemListElement":[{"@type":"ListItem","position":1,"name":"Home","item":"https:\/\/www.piovan.com\/"},{"@type":"ListItem","position":2,"name":"Industrial cooling","item":"https:\/\/www.piovan.com\/pt\/products\/resfriamento-industrial\/"},{"@type":"ListItem","position":3,"name":"Accessories","item":"https:\/\/www.piovan.com\/pt\/products\/resfriamento-industrial\/accessories\/"},{"@type":"ListItem","position":4,"name":"Accessories"}]},{"@type":"WebSite","@id":"https:\/\/www.piovan.com\/#website","url":"https:\/\/www.piovan.com\/","name":"PiovanGroup","description":"","publisher":{"@id":"https:\/\/www.piovan.com\/#organization"},"potentialAction":[{"@type":"SearchAction","target":{"@type":"EntryPoint","urlTemplate":"https:\/\/www.piovan.com\/?s={search_term_string}"},"query-input":"required name=search_term_string"}],"inLanguage":"pt-PT"},{"@type":"Organization","@id":"https:\/\/www.piovan.com\/#organization","name":"PiovanGroup","url":"https:\/\/www.piovan.com\/","logo":{"@type":"ImageObject","inLanguage":"pt-PT","@id":"https:\/\/www.piovan.com\/#\/schema\/logo\/image\/","url":"https:\/\/www.piovan.com\/wp-content\/uploads\/2021\/06\/logo@2x.png","contentUrl":"https:\/\/www.piovan.com\/wp-content\/uploads\/2021\/06\/logo@2x.png","width":489,"height":78,"caption":"PiovanGroup"},"image":{"@id":"https:\/\/www.piovan.com\/#\/schema\/logo\/image\/"}}]}},"_links":{"self":[{"href":"https:\/\/www.piovan.com\/pt\/wp-json\/wp\/v2\/product\/6041"}],"collection":[{"href":"https:\/\/www.piovan.com\/pt\/wp-json\/wp\/v2\/product"}],"about":[{"href":"https:\/\/www.piovan.com\/pt\/wp-json\/wp\/v2\/types\/product"}],"version-history":[{"count":1,"href":"https:\/\/www.piovan.com\/pt\/wp-json\/wp\/v2\/product\/6041\/revisions"}],"predecessor-version":[{"id":11157,"href":"https:\/\/www.piovan.com\/pt\/wp-json\/wp\/v2\/product\/6041\/revisions\/11157"}],"wp:featuredmedia":[{"embeddable":true,"href":"https:\/\/www.piovan.com\/pt\/wp-json\/wp\/v2\/media\/6083"}],"wp:attachment":[{"href":"https:\/\/www.piovan.com\/pt\/wp-json\/wp\/v2\/media?parent=6041"}],"wp:term":[{"taxonomy":"post_tag","embeddable":true,"href":"https:\/\/www.piovan.com\/pt\/wp-json\/wp\/v2\/tags?post=6041"}],"curies":[{"name":"wp","href":"https:\/\/api.w.org\/{rel}","templated":true}]}}