{"id":6040,"date":"2021-12-05T15:18:23","date_gmt":"2021-12-05T14:18:23","guid":{"rendered":"http:\/\/188.166.2.129\/product\/aquaflow\/"},"modified":"2023-12-13T16:12:07","modified_gmt":"2023-12-13T15:12:07","slug":"aquaflow_piovan-china","status":"publish","type":"product","link":"https:\/\/www.piovan.com\/pt\/product\/aquaflow_piovan-china\/","title":{"rendered":"Aquaflow"},"content":{"rendered":"<p>Aquaflow \u00e9 a nova gama de grupos de bombeamento de \u00e1gua da Aquatech projetada para atender todas as vaz\u00f5es e press\u00f5es exigidas pelos mais diversos processos industriais.<br \/>\nA melhor customiza\u00e7\u00e3o pode ser alcan\u00e7ada equipando o grupo de bombeamento com um inversor para obter a mais alta economia de energia com cargas parciais. Qualquer grupo pode ser configurado com uma bomba \u201cstand-by\u201d para aumentar o desempenho e a confiabilidade.<br \/>\nBaix\u00edssimo consumo de energia, alta qualidade de produ\u00e7\u00e3o, e estrutura robusta, tornam a linha Aquaflow uma solu\u00e7\u00e3o ideal de bombeamento, de f\u00e1cil manuten\u00e7\u00e3o, alta precis\u00e3o e longa vida \u00fatil.<\/p>\n<p><strong>Design Modular<\/strong><br \/>\nO grupo de bombeamento d\u2019\u00e1gua Aquaflow foi desenvolvido com um conceito de projeto modular e inovador. Podem ser fornecidos com uma \u00fanica bomba ou com duas ou mais bombas, para atender qualquer necessidade de vaz\u00e3o com garantia de opera\u00e7\u00e3o cont\u00ednua.<\/p>\n<p><strong>Diferentes press\u00f5es<\/strong><br \/>\nTr\u00eas press\u00f5es diferentes permitem atender qualquer condi\u00e7\u00e3o de trabalho e demandas espec\u00edficas para cada processo produtivo.<br \/>\n\u2022 Grupos de baixa press\u00e3o [2 \u2013 3] bars<br \/>\n\u2022 Grupos de m\u00e9dia press\u00e3o [3 \u2013 5] bars<br \/>\n\u2022 Grupos de alta press\u00e3o [5 \u2013 7] bars<\/p>\n<p>Para cada gama, est\u00e3o dispon\u00edveis 10 modelos de bombas diferentes<\/p>\n<p><strong>Tecnologia Inversor<\/strong><br \/>\nDe acordo com as necessidades do cliente, a Aquaflow pode ser fornecida com um inversor que garante melhor desempenho com menor consumo de energia, permitindo que o sistema opere com press\u00e3o de trabalho constante e economia de energia mesmo com cargas parciais.<\/p>\n<p><em>Todos os modelos da gama Aquaflow cumprem com os requisitos de design estabelecidos pela European Community Directive 2005\/32\/EC, com as regras do energy-using products (EuP) e com o energy-related products 2009\/125\/EC (ErP).<\/em><\/p>","protected":false},"featured_media":6082,"template":"","tags":[],"acf":[],"yoast_head":"<title>Aquaflow - Grupo Piovan<\/title>\n<meta name=\"robots\" content=\"index, follow, max-snippet:-1, max-image-preview:large, max-video-preview:-1\" \/>\n<link rel=\"canonical\" href=\"https:\/\/www.piovan.com\/pt\/product\/aquaflow_piovan-china\/\" \/>\n<meta property=\"og:locale\" content=\"pt_PT\" \/>\n<meta property=\"og:type\" content=\"article\" \/>\n<meta property=\"og:title\" content=\"Aquaflow - PiovanGroup\" \/>\n<meta property=\"og:description\" content=\"Aquaflow is the new range of water pumping groups by Aquatech designed to cover all the flow rates and pressures required by the industrial processes. The utmost customization can be achieved by equipping the pumping group with an inverter to obtain the highest energy saving at partial loads. Any group can be configured with a \u201cstand-by\u201d pump, to increase performances and reliability. Very low energy consumptions, high-quality production, and robust structure make the Aquaflow line an ideal pumping solution, with [&hellip;]\" \/>\n<meta property=\"og:url\" content=\"https:\/\/www.piovan.com\/pt\/product\/aquaflow_piovan-china\/\" \/>\n<meta property=\"og:site_name\" content=\"PiovanGroup\" \/>\n<meta property=\"article:modified_time\" content=\"2023-12-13T15:12:07+00:00\" \/>\n<meta property=\"og:image\" content=\"https:\/\/www.piovan.com\/wp-content\/uploads\/1200x1560_Aquaflow.png\" \/>\n\t<meta property=\"og:image:width\" content=\"1200\" \/>\n\t<meta property=\"og:image:height\" content=\"1560\" \/>\n\t<meta property=\"og:image:type\" content=\"image\/png\" \/>\n<meta name=\"twitter:card\" content=\"summary_large_image\" \/>\n<script type=\"application\/ld+json\" class=\"yoast-schema-graph\">{\"@context\":\"https:\/\/schema.org\",\"@graph\":[{\"@type\":\"WebPage\",\"@id\":\"https:\/\/www.piovan.com\/product\/aquaflow_piovan-china\/\",\"url\":\"https:\/\/www.piovan.com\/product\/aquaflow_piovan-china\/\",\"name\":\"Aquaflow - PiovanGroup\",\"isPartOf\":{\"@id\":\"https:\/\/www.piovan.com\/#website\"},\"datePublished\":\"2021-12-05T14:18:23+00:00\",\"dateModified\":\"2023-12-13T15:12:07+00:00\",\"breadcrumb\":{\"@id\":\"https:\/\/www.piovan.com\/product\/aquaflow_piovan-china\/#breadcrumb\"},\"inLanguage\":\"pt-PT\",\"potentialAction\":[{\"@type\":\"ReadAction\",\"target\":[\"https:\/\/www.piovan.com\/product\/aquaflow_piovan-china\/\"]}]},{\"@type\":\"BreadcrumbList\",\"@id\":\"https:\/\/www.piovan.com\/product\/aquaflow_piovan-china\/#breadcrumb\",\"itemListElement\":[{\"@type\":\"ListItem\",\"position\":1,\"name\":\"Home\",\"item\":\"https:\/\/www.piovan.com\/\"},{\"@type\":\"ListItem\",\"position\":2,\"name\":\"Industrial cooling\",\"item\":\"https:\/\/www.piovan.com\/pt\/products\/resfriamento-industrial\/\"},{\"@type\":\"ListItem\",\"position\":3,\"name\":\"Pump Stations\",\"item\":\"https:\/\/www.piovan.com\/pt\/products\/resfriamento-industrial\/pump-stations\/\"},{\"@type\":\"ListItem\",\"position\":4,\"name\":\"Aquaflow\"}]},{\"@type\":\"WebSite\",\"@id\":\"https:\/\/www.piovan.com\/#website\",\"url\":\"https:\/\/www.piovan.com\/\",\"name\":\"PiovanGroup\",\"description\":\"\",\"publisher\":{\"@id\":\"https:\/\/www.piovan.com\/#organization\"},\"potentialAction\":[{\"@type\":\"SearchAction\",\"target\":{\"@type\":\"EntryPoint\",\"urlTemplate\":\"https:\/\/www.piovan.com\/?s={search_term_string}\"},\"query-input\":\"required name=search_term_string\"}],\"inLanguage\":\"pt-PT\"},{\"@type\":\"Organization\",\"@id\":\"https:\/\/www.piovan.com\/#organization\",\"name\":\"PiovanGroup\",\"url\":\"https:\/\/www.piovan.com\/\",\"logo\":{\"@type\":\"ImageObject\",\"inLanguage\":\"pt-PT\",\"@id\":\"https:\/\/www.piovan.com\/#\/schema\/logo\/image\/\",\"url\":\"https:\/\/www.piovan.com\/wp-content\/uploads\/2021\/06\/logo@2x.png\",\"contentUrl\":\"https:\/\/www.piovan.com\/wp-content\/uploads\/2021\/06\/logo@2x.png\",\"width\":489,\"height\":78,\"caption\":\"PiovanGroup\"},\"image\":{\"@id\":\"https:\/\/www.piovan.com\/#\/schema\/logo\/image\/\"}}]}<\/script>","yoast_head_json":{"title":"Aquaflow - Grupo Piovan","robots":{"index":"index","follow":"follow","max-snippet":"max-snippet:-1","max-image-preview":"max-image-preview:large","max-video-preview":"max-video-preview:-1"},"canonical":"https:\/\/www.piovan.com\/pt\/product\/aquaflow_piovan-china\/","og_locale":"pt_PT","og_type":"article","og_title":"Aquaflow - PiovanGroup","og_description":"Aquaflow is the new range of water pumping groups by Aquatech designed to cover all the flow rates and pressures required by the industrial processes. The utmost customization can be achieved by equipping the pumping group with an inverter to obtain the highest energy saving at partial loads. Any group can be configured with a \u201cstand-by\u201d pump, to increase performances and reliability. Very low energy consumptions, high-quality production, and robust structure make the Aquaflow line an ideal pumping solution, with [&hellip;]","og_url":"https:\/\/www.piovan.com\/pt\/product\/aquaflow_piovan-china\/","og_site_name":"PiovanGroup","article_modified_time":"2023-12-13T15:12:07+00:00","og_image":[{"width":1200,"height":1560,"url":"https:\/\/www.piovan.com\/wp-content\/uploads\/1200x1560_Aquaflow.png","type":"image\/png"}],"twitter_card":"summary_large_image","schema":{"@context":"https:\/\/schema.org","@graph":[{"@type":"WebPage","@id":"https:\/\/www.piovan.com\/product\/aquaflow_piovan-china\/","url":"https:\/\/www.piovan.com\/product\/aquaflow_piovan-china\/","name":"Aquaflow - PiovanGroup","isPartOf":{"@id":"https:\/\/www.piovan.com\/#website"},"datePublished":"2021-12-05T14:18:23+00:00","dateModified":"2023-12-13T15:12:07+00:00","breadcrumb":{"@id":"https:\/\/www.piovan.com\/product\/aquaflow_piovan-china\/#breadcrumb"},"inLanguage":"pt-PT","potentialAction":[{"@type":"ReadAction","target":["https:\/\/www.piovan.com\/product\/aquaflow_piovan-china\/"]}]},{"@type":"BreadcrumbList","@id":"https:\/\/www.piovan.com\/product\/aquaflow_piovan-china\/#breadcrumb","itemListElement":[{"@type":"ListItem","position":1,"name":"Home","item":"https:\/\/www.piovan.com\/"},{"@type":"ListItem","position":2,"name":"Industrial cooling","item":"https:\/\/www.piovan.com\/pt\/products\/resfriamento-industrial\/"},{"@type":"ListItem","position":3,"name":"Pump Stations","item":"https:\/\/www.piovan.com\/pt\/products\/resfriamento-industrial\/pump-stations\/"},{"@type":"ListItem","position":4,"name":"Aquaflow"}]},{"@type":"WebSite","@id":"https:\/\/www.piovan.com\/#website","url":"https:\/\/www.piovan.com\/","name":"PiovanGroup","description":"","publisher":{"@id":"https:\/\/www.piovan.com\/#organization"},"potentialAction":[{"@type":"SearchAction","target":{"@type":"EntryPoint","urlTemplate":"https:\/\/www.piovan.com\/?s={search_term_string}"},"query-input":"required name=search_term_string"}],"inLanguage":"pt-PT"},{"@type":"Organization","@id":"https:\/\/www.piovan.com\/#organization","name":"PiovanGroup","url":"https:\/\/www.piovan.com\/","logo":{"@type":"ImageObject","inLanguage":"pt-PT","@id":"https:\/\/www.piovan.com\/#\/schema\/logo\/image\/","url":"https:\/\/www.piovan.com\/wp-content\/uploads\/2021\/06\/logo@2x.png","contentUrl":"https:\/\/www.piovan.com\/wp-content\/uploads\/2021\/06\/logo@2x.png","width":489,"height":78,"caption":"PiovanGroup"},"image":{"@id":"https:\/\/www.piovan.com\/#\/schema\/logo\/image\/"}}]}},"_links":{"self":[{"href":"https:\/\/www.piovan.com\/pt\/wp-json\/wp\/v2\/product\/6040"}],"collection":[{"href":"https:\/\/www.piovan.com\/pt\/wp-json\/wp\/v2\/product"}],"about":[{"href":"https:\/\/www.piovan.com\/pt\/wp-json\/wp\/v2\/types\/product"}],"version-history":[{"count":1,"href":"https:\/\/www.piovan.com\/pt\/wp-json\/wp\/v2\/product\/6040\/revisions"}],"predecessor-version":[{"id":11153,"href":"https:\/\/www.piovan.com\/pt\/wp-json\/wp\/v2\/product\/6040\/revisions\/11153"}],"wp:featuredmedia":[{"embeddable":true,"href":"https:\/\/www.piovan.com\/pt\/wp-json\/wp\/v2\/media\/6082"}],"wp:attachment":[{"href":"https:\/\/www.piovan.com\/pt\/wp-json\/wp\/v2\/media?parent=6040"}],"wp:term":[{"taxonomy":"post_tag","embeddable":true,"href":"https:\/\/www.piovan.com\/pt\/wp-json\/wp\/v2\/tags?post=6040"}],"curies":[{"name":"wp","href":"https:\/\/api.w.org\/{rel}","templated":true}]}}