{"id":6039,"date":"2021-12-05T15:18:23","date_gmt":"2021-12-05T14:18:23","guid":{"rendered":"http:\/\/188.166.2.129\/product\/aquatreat\/"},"modified":"2025-10-23T15:03:38","modified_gmt":"2025-10-23T13:03:38","slug":"aquatreat","status":"publish","type":"product","link":"https:\/\/www.piovan.com\/pt\/product\/aquatreat\/","title":{"rendered":"Aquatreat"},"content":{"rendered":"<p>Aquatreat \u00e9 a nova solu\u00e7\u00e3o da Thermal Care desenvolvida para o tratamento de \u00e1gua de processos industriais. Adequado para uma s\u00e9rie de processos industriais, \u00e9 uma solu\u00e7\u00e3o altamente customiz\u00e1vel, que permite monitorar, tratar e filtrar a \u00e1gua de processo.<\/p>\n<p>As solu\u00e7\u00f5es tradicionais para tratamento de \u00e1gua baseiam-se em aditivos poluentes que demandam altos custos para o descarte, com resultados nem sempre precisos. A m\u00e1 qualidade da \u00e1gua causa in\u00fameros problemas nos sistemas de resfriamento, como paradas da planta, perdas de efici\u00eancia, danos nos componentes do sistema, entupimento das tubula\u00e7\u00f5es e altos custos de manuten\u00e7\u00e3o.<\/p>\n<p>Uma boa qualidade de \u00e1gua refrigerada \u00e9 essencial para garantir:<br \/>\n\u2022 m\u00e1xima confiabilidade do sistema de resfriamento<br \/>\n\u2022 preven\u00e7\u00e3o contra quebras e danos inesperados<br \/>\n\u2022 alta efici\u00eancia do sistema de resfriamento, mantendo baixos custos operacionais<br \/>\n\u2022 retorno do investimento<\/p>\n<p>Com o Aquatreat \u00e9 poss\u00edvel controlar o pH, condutividade, cloretos, sulfatos, s\u00f3lidos em suspens\u00e3o, contaminantes e muitos outros, para garantir uma \u00f3tima qualidade de \u00e1gua. Os desvios dos valores desejados, permite uma r\u00e1pida interven\u00e7\u00e3o. Al\u00e9m disso, tamb\u00e9m protege as tubula\u00e7\u00f5es contra as a\u00e7\u00f5es corrosivas, gra\u00e7as aos aditivos com matriz de molibd\u00eanio.<\/p>","protected":false},"featured_media":11151,"template":"","tags":[168],"acf":[],"yoast_head":"<title>Aquatreat - Grupo Piovan<\/title>\n<meta name=\"robots\" content=\"index, follow, max-snippet:-1, max-image-preview:large, max-video-preview:-1\" \/>\n<link rel=\"canonical\" href=\"https:\/\/www.piovan.com\/pt\/product\/aquatreat\/\" \/>\n<meta property=\"og:locale\" content=\"pt_PT\" \/>\n<meta property=\"og:type\" content=\"article\" \/>\n<meta property=\"og:title\" content=\"Aquatreat - PiovanGroup\" \/>\n<meta property=\"og:description\" content=\"Aquatreat is the new solution by Thermal Care for industrial process water treatment. Suitable for a variety of industrial processes, it is a highly customisable solution which allows to monitor, treat and filter the process water. Traditional solutions for water treatment are based on polluting additives which require high disposal costs with results that are not always precise. Low quality water causes some problems in the cooling systems, such as plant downtime, efficiency losses and damage to the system components, [&hellip;]\" \/>\n<meta property=\"og:url\" content=\"https:\/\/www.piovan.com\/pt\/product\/aquatreat\/\" \/>\n<meta property=\"og:site_name\" content=\"PiovanGroup\" \/>\n<meta property=\"article:modified_time\" content=\"2025-10-23T13:03:38+00:00\" \/>\n<meta property=\"og:image\" content=\"https:\/\/www.piovan.com\/wp-content\/uploads\/0057_Aquatreat.png\" \/>\n\t<meta property=\"og:image:width\" content=\"1200\" \/>\n\t<meta property=\"og:image:height\" content=\"1560\" \/>\n\t<meta property=\"og:image:type\" content=\"image\/png\" \/>\n<meta name=\"twitter:card\" content=\"summary_large_image\" \/>\n<script type=\"application\/ld+json\" class=\"yoast-schema-graph\">{\"@context\":\"https:\/\/schema.org\",\"@graph\":[{\"@type\":\"WebPage\",\"@id\":\"https:\/\/www.piovan.com\/product\/aquatreat\/\",\"url\":\"https:\/\/www.piovan.com\/product\/aquatreat\/\",\"name\":\"Aquatreat - PiovanGroup\",\"isPartOf\":{\"@id\":\"https:\/\/www.piovan.com\/#website\"},\"datePublished\":\"2021-12-05T14:18:23+00:00\",\"dateModified\":\"2025-10-23T13:03:38+00:00\",\"breadcrumb\":{\"@id\":\"https:\/\/www.piovan.com\/product\/aquatreat\/#breadcrumb\"},\"inLanguage\":\"pt-PT\",\"potentialAction\":[{\"@type\":\"ReadAction\",\"target\":[\"https:\/\/www.piovan.com\/product\/aquatreat\/\"]}]},{\"@type\":\"BreadcrumbList\",\"@id\":\"https:\/\/www.piovan.com\/product\/aquatreat\/#breadcrumb\",\"itemListElement\":[{\"@type\":\"ListItem\",\"position\":1,\"name\":\"Home\",\"item\":\"https:\/\/www.piovan.com\/\"},{\"@type\":\"ListItem\",\"position\":2,\"name\":\"Industrial cooling\",\"item\":\"https:\/\/www.piovan.com\/pt\/products\/resfriamento-industrial\/\"},{\"@type\":\"ListItem\",\"position\":3,\"name\":\"Water and Environmental Treatment\",\"item\":\"https:\/\/www.piovan.com\/pt\/products\/resfriamento-industrial\/water-and-environmental-treatment\/\"},{\"@type\":\"ListItem\",\"position\":4,\"name\":\"Aquatreat\"}]},{\"@type\":\"WebSite\",\"@id\":\"https:\/\/www.piovan.com\/#website\",\"url\":\"https:\/\/www.piovan.com\/\",\"name\":\"PiovanGroup\",\"description\":\"\",\"publisher\":{\"@id\":\"https:\/\/www.piovan.com\/#organization\"},\"potentialAction\":[{\"@type\":\"SearchAction\",\"target\":{\"@type\":\"EntryPoint\",\"urlTemplate\":\"https:\/\/www.piovan.com\/?s={search_term_string}\"},\"query-input\":\"required name=search_term_string\"}],\"inLanguage\":\"pt-PT\"},{\"@type\":\"Organization\",\"@id\":\"https:\/\/www.piovan.com\/#organization\",\"name\":\"PiovanGroup\",\"url\":\"https:\/\/www.piovan.com\/\",\"logo\":{\"@type\":\"ImageObject\",\"inLanguage\":\"pt-PT\",\"@id\":\"https:\/\/www.piovan.com\/#\/schema\/logo\/image\/\",\"url\":\"https:\/\/www.piovan.com\/wp-content\/uploads\/2021\/06\/logo@2x.png\",\"contentUrl\":\"https:\/\/www.piovan.com\/wp-content\/uploads\/2021\/06\/logo@2x.png\",\"width\":489,\"height\":78,\"caption\":\"PiovanGroup\"},\"image\":{\"@id\":\"https:\/\/www.piovan.com\/#\/schema\/logo\/image\/\"}}]}<\/script>","yoast_head_json":{"title":"Aquatreat - Grupo Piovan","robots":{"index":"index","follow":"follow","max-snippet":"max-snippet:-1","max-image-preview":"max-image-preview:large","max-video-preview":"max-video-preview:-1"},"canonical":"https:\/\/www.piovan.com\/pt\/product\/aquatreat\/","og_locale":"pt_PT","og_type":"article","og_title":"Aquatreat - PiovanGroup","og_description":"Aquatreat is the new solution by Thermal Care for industrial process water treatment. Suitable for a variety of industrial processes, it is a highly customisable solution which allows to monitor, treat and filter the process water. Traditional solutions for water treatment are based on polluting additives which require high disposal costs with results that are not always precise. Low quality water causes some problems in the cooling systems, such as plant downtime, efficiency losses and damage to the system components, [&hellip;]","og_url":"https:\/\/www.piovan.com\/pt\/product\/aquatreat\/","og_site_name":"PiovanGroup","article_modified_time":"2025-10-23T13:03:38+00:00","og_image":[{"width":1200,"height":1560,"url":"https:\/\/www.piovan.com\/wp-content\/uploads\/0057_Aquatreat.png","type":"image\/png"}],"twitter_card":"summary_large_image","schema":{"@context":"https:\/\/schema.org","@graph":[{"@type":"WebPage","@id":"https:\/\/www.piovan.com\/product\/aquatreat\/","url":"https:\/\/www.piovan.com\/product\/aquatreat\/","name":"Aquatreat - PiovanGroup","isPartOf":{"@id":"https:\/\/www.piovan.com\/#website"},"datePublished":"2021-12-05T14:18:23+00:00","dateModified":"2025-10-23T13:03:38+00:00","breadcrumb":{"@id":"https:\/\/www.piovan.com\/product\/aquatreat\/#breadcrumb"},"inLanguage":"pt-PT","potentialAction":[{"@type":"ReadAction","target":["https:\/\/www.piovan.com\/product\/aquatreat\/"]}]},{"@type":"BreadcrumbList","@id":"https:\/\/www.piovan.com\/product\/aquatreat\/#breadcrumb","itemListElement":[{"@type":"ListItem","position":1,"name":"Home","item":"https:\/\/www.piovan.com\/"},{"@type":"ListItem","position":2,"name":"Industrial cooling","item":"https:\/\/www.piovan.com\/pt\/products\/resfriamento-industrial\/"},{"@type":"ListItem","position":3,"name":"Water and Environmental Treatment","item":"https:\/\/www.piovan.com\/pt\/products\/resfriamento-industrial\/water-and-environmental-treatment\/"},{"@type":"ListItem","position":4,"name":"Aquatreat"}]},{"@type":"WebSite","@id":"https:\/\/www.piovan.com\/#website","url":"https:\/\/www.piovan.com\/","name":"PiovanGroup","description":"","publisher":{"@id":"https:\/\/www.piovan.com\/#organization"},"potentialAction":[{"@type":"SearchAction","target":{"@type":"EntryPoint","urlTemplate":"https:\/\/www.piovan.com\/?s={search_term_string}"},"query-input":"required name=search_term_string"}],"inLanguage":"pt-PT"},{"@type":"Organization","@id":"https:\/\/www.piovan.com\/#organization","name":"PiovanGroup","url":"https:\/\/www.piovan.com\/","logo":{"@type":"ImageObject","inLanguage":"pt-PT","@id":"https:\/\/www.piovan.com\/#\/schema\/logo\/image\/","url":"https:\/\/www.piovan.com\/wp-content\/uploads\/2021\/06\/logo@2x.png","contentUrl":"https:\/\/www.piovan.com\/wp-content\/uploads\/2021\/06\/logo@2x.png","width":489,"height":78,"caption":"PiovanGroup"},"image":{"@id":"https:\/\/www.piovan.com\/#\/schema\/logo\/image\/"}}]}},"_links":{"self":[{"href":"https:\/\/www.piovan.com\/pt\/wp-json\/wp\/v2\/product\/6039"}],"collection":[{"href":"https:\/\/www.piovan.com\/pt\/wp-json\/wp\/v2\/product"}],"about":[{"href":"https:\/\/www.piovan.com\/pt\/wp-json\/wp\/v2\/types\/product"}],"version-history":[{"count":3,"href":"https:\/\/www.piovan.com\/pt\/wp-json\/wp\/v2\/product\/6039\/revisions"}],"predecessor-version":[{"id":15817,"href":"https:\/\/www.piovan.com\/pt\/wp-json\/wp\/v2\/product\/6039\/revisions\/15817"}],"wp:featuredmedia":[{"embeddable":true,"href":"https:\/\/www.piovan.com\/pt\/wp-json\/wp\/v2\/media\/11151"}],"wp:attachment":[{"href":"https:\/\/www.piovan.com\/pt\/wp-json\/wp\/v2\/media?parent=6039"}],"wp:term":[{"taxonomy":"post_tag","embeddable":true,"href":"https:\/\/www.piovan.com\/pt\/wp-json\/wp\/v2\/tags?post=6039"}],"curies":[{"name":"wp","href":"https:\/\/api.w.org\/{rel}","templated":true}]}}