{"id":6032,"date":"2021-12-05T15:18:23","date_gmt":"2021-12-05T14:18:23","guid":{"rendered":"http:\/\/188.166.2.129\/product\/digitemp\/"},"modified":"2024-01-15T12:17:33","modified_gmt":"2024-01-15T11:17:33","slug":"digitemp-sa","status":"publish","type":"product","link":"https:\/\/www.piovan.com\/pt\/product\/digitemp-sa\/","title":{"rendered":"Digitemp+"},"content":{"rendered":"<div data-no-dynamic-translation=\"\">\n<p>O novo Termorefrigerador Digitemp+ da Thermal Care, aquece e resfria o circuito de processo das injetoras, sopradoras, calandras e impressoras. Com ampla variedade de configura\u00e7\u00f5es, a s\u00e9rie \u00e9 composta por dois modelos de refrigeradores condensados a \u00e1gua nas vers\u00f5es mono e duplo circuito, com temperaturas entre 6\u00b0 e 90\u00b0C.<\/p>\n<p>O Digitemp+ garante m\u00e1ximo rendimento do processo produtivo e menores ciclos, fornecendo para cada circuito, \u00e1gua, temperatura, press\u00e3o e vaz\u00f5es espec\u00edficas. Monitora todos os par\u00e2metros operacionais atrav\u00e9s do controle eletr\u00f4nico por microprocessador. Um painel com display alfa num\u00e9rico exibe as condi\u00e7\u00f5es de funcionamento e eventuais alarmes, com mensagens claras ao operador em 4 idiomas.<\/p>\n<p><strong>Benef\u00edcios<\/strong><br \/>\n\u2022 Flu\u00eddo refrigerante ecol\u00f3gico (R410a)<br \/>\n\u2022 Confiabilidade operacional e longa vida \u00fatil: a possibilidade de modular a pot\u00eancia de 10 a 100% permite um funcionamento cont\u00ednuo do compressor, eliminando assim o risco de danos e garantindo uma longa durabilidade do motor<br \/>\n\u2022 Design extremamente compacto: Ocupa uma \u00e1rea de 0,8m<sup>2<\/sup><\/p>\n<p><strong>Opcionais<\/strong><br \/>\n\u2022 Dispositivo de esvaziamento autom\u00e1tico da \u00e1gua<br \/>\n\u2022 Interface serial ModBus para conex\u00e3o a sistemas de supervis\u00e3o<\/p>\n<p>&nbsp;<\/p>\n<\/div>","protected":false},"featured_media":11128,"template":"","tags":[168],"acf":[],"yoast_head":"<title>Digitemp+ - Grupo Piovan<\/title>\n<meta name=\"robots\" content=\"index, follow, max-snippet:-1, max-image-preview:large, max-video-preview:-1\" \/>\n<link rel=\"canonical\" href=\"https:\/\/www.piovan.com\/pt\/product\/digitemp-sa\/\" \/>\n<meta property=\"og:locale\" content=\"pt_PT\" \/>\n<meta property=\"og:type\" content=\"article\" \/>\n<meta property=\"og:title\" content=\"Digitemp+ - PiovanGroup\" \/>\n<meta property=\"og:description\" content=\"O novo Termorefrigerador DigitempL da Thermal Care, aquece e resfria o circuito de processo das injetoras, sopradoras, calandras e impressoras. Com ampla variedade de configura\u00e7\u00f5es, a s\u00e9rie \u00e9 composta por dois modelos de refrigeradores condensados a \u00e1gua nas vers\u00f5es mono e duplo circuito, com temperaturas entre 6\u00b0 e 90\u00b0C. O DigitempL garante m\u00e1ximo rendimento do processo produtivo e menores ciclos, fornecendo para cada circuito, \u00e1gua, temperatura, press\u00e3o e vaz\u00f5es espec\u00edficas. Monitora todos os par\u00e2metros operacionais atrav\u00e9s do controle eletr\u00f4nico por [&hellip;]\" \/>\n<meta property=\"og:url\" content=\"https:\/\/www.piovan.com\/pt\/product\/digitemp-sa\/\" \/>\n<meta property=\"og:site_name\" content=\"PiovanGroup\" \/>\n<meta property=\"article:modified_time\" content=\"2024-01-15T11:17:33+00:00\" \/>\n<meta property=\"og:image\" content=\"https:\/\/www.piovan.com\/wp-content\/uploads\/0034_Digitemp.png\" \/>\n\t<meta property=\"og:image:width\" content=\"1200\" \/>\n\t<meta property=\"og:image:height\" content=\"1560\" \/>\n\t<meta property=\"og:image:type\" content=\"image\/png\" \/>\n<meta name=\"twitter:card\" content=\"summary_large_image\" \/>\n<script type=\"application\/ld+json\" class=\"yoast-schema-graph\">{\"@context\":\"https:\/\/schema.org\",\"@graph\":[{\"@type\":\"WebPage\",\"@id\":\"https:\/\/www.piovan.com\/product\/digitemp-sa\/\",\"url\":\"https:\/\/www.piovan.com\/product\/digitemp-sa\/\",\"name\":\"Digitemp+ - PiovanGroup\",\"isPartOf\":{\"@id\":\"https:\/\/www.piovan.com\/#website\"},\"datePublished\":\"2021-12-05T14:18:23+00:00\",\"dateModified\":\"2024-01-15T11:17:33+00:00\",\"breadcrumb\":{\"@id\":\"https:\/\/www.piovan.com\/product\/digitemp-sa\/#breadcrumb\"},\"inLanguage\":\"pt-PT\",\"potentialAction\":[{\"@type\":\"ReadAction\",\"target\":[\"https:\/\/www.piovan.com\/product\/digitemp-sa\/\"]}]},{\"@type\":\"BreadcrumbList\",\"@id\":\"https:\/\/www.piovan.com\/product\/digitemp-sa\/#breadcrumb\",\"itemListElement\":[{\"@type\":\"ListItem\",\"position\":1,\"name\":\"Home\",\"item\":\"https:\/\/www.piovan.com\/\"},{\"@type\":\"ListItem\",\"position\":2,\"name\":\"Industrial cooling\",\"item\":\"https:\/\/www.piovan.com\/pt\/products\/resfriamento-industrial\/\"},{\"@type\":\"ListItem\",\"position\":3,\"name\":\"Machine-Side Chillers\",\"item\":\"https:\/\/www.piovan.com\/pt\/products\/resfriamento-industrial\/machine-side-chillers\/\"},{\"@type\":\"ListItem\",\"position\":4,\"name\":\"Digitemp+\"}]},{\"@type\":\"WebSite\",\"@id\":\"https:\/\/www.piovan.com\/#website\",\"url\":\"https:\/\/www.piovan.com\/\",\"name\":\"PiovanGroup\",\"description\":\"\",\"publisher\":{\"@id\":\"https:\/\/www.piovan.com\/#organization\"},\"potentialAction\":[{\"@type\":\"SearchAction\",\"target\":{\"@type\":\"EntryPoint\",\"urlTemplate\":\"https:\/\/www.piovan.com\/?s={search_term_string}\"},\"query-input\":\"required name=search_term_string\"}],\"inLanguage\":\"pt-PT\"},{\"@type\":\"Organization\",\"@id\":\"https:\/\/www.piovan.com\/#organization\",\"name\":\"PiovanGroup\",\"url\":\"https:\/\/www.piovan.com\/\",\"logo\":{\"@type\":\"ImageObject\",\"inLanguage\":\"pt-PT\",\"@id\":\"https:\/\/www.piovan.com\/#\/schema\/logo\/image\/\",\"url\":\"https:\/\/www.piovan.com\/wp-content\/uploads\/2021\/06\/logo@2x.png\",\"contentUrl\":\"https:\/\/www.piovan.com\/wp-content\/uploads\/2021\/06\/logo@2x.png\",\"width\":489,\"height\":78,\"caption\":\"PiovanGroup\"},\"image\":{\"@id\":\"https:\/\/www.piovan.com\/#\/schema\/logo\/image\/\"}}]}<\/script>","yoast_head_json":{"title":"Digitemp+ - Grupo Piovan","robots":{"index":"index","follow":"follow","max-snippet":"max-snippet:-1","max-image-preview":"max-image-preview:large","max-video-preview":"max-video-preview:-1"},"canonical":"https:\/\/www.piovan.com\/pt\/product\/digitemp-sa\/","og_locale":"pt_PT","og_type":"article","og_title":"Digitemp+ - PiovanGroup","og_description":"O novo Termorefrigerador DigitempL da Thermal Care, aquece e resfria o circuito de processo das injetoras, sopradoras, calandras e impressoras. Com ampla variedade de configura\u00e7\u00f5es, a s\u00e9rie \u00e9 composta por dois modelos de refrigeradores condensados a \u00e1gua nas vers\u00f5es mono e duplo circuito, com temperaturas entre 6\u00b0 e 90\u00b0C. O DigitempL garante m\u00e1ximo rendimento do processo produtivo e menores ciclos, fornecendo para cada circuito, \u00e1gua, temperatura, press\u00e3o e vaz\u00f5es espec\u00edficas. Monitora todos os par\u00e2metros operacionais atrav\u00e9s do controle eletr\u00f4nico por [&hellip;]","og_url":"https:\/\/www.piovan.com\/pt\/product\/digitemp-sa\/","og_site_name":"PiovanGroup","article_modified_time":"2024-01-15T11:17:33+00:00","og_image":[{"width":1200,"height":1560,"url":"https:\/\/www.piovan.com\/wp-content\/uploads\/0034_Digitemp.png","type":"image\/png"}],"twitter_card":"summary_large_image","schema":{"@context":"https:\/\/schema.org","@graph":[{"@type":"WebPage","@id":"https:\/\/www.piovan.com\/product\/digitemp-sa\/","url":"https:\/\/www.piovan.com\/product\/digitemp-sa\/","name":"Digitemp+ - PiovanGroup","isPartOf":{"@id":"https:\/\/www.piovan.com\/#website"},"datePublished":"2021-12-05T14:18:23+00:00","dateModified":"2024-01-15T11:17:33+00:00","breadcrumb":{"@id":"https:\/\/www.piovan.com\/product\/digitemp-sa\/#breadcrumb"},"inLanguage":"pt-PT","potentialAction":[{"@type":"ReadAction","target":["https:\/\/www.piovan.com\/product\/digitemp-sa\/"]}]},{"@type":"BreadcrumbList","@id":"https:\/\/www.piovan.com\/product\/digitemp-sa\/#breadcrumb","itemListElement":[{"@type":"ListItem","position":1,"name":"Home","item":"https:\/\/www.piovan.com\/"},{"@type":"ListItem","position":2,"name":"Industrial cooling","item":"https:\/\/www.piovan.com\/pt\/products\/resfriamento-industrial\/"},{"@type":"ListItem","position":3,"name":"Machine-Side Chillers","item":"https:\/\/www.piovan.com\/pt\/products\/resfriamento-industrial\/machine-side-chillers\/"},{"@type":"ListItem","position":4,"name":"Digitemp+"}]},{"@type":"WebSite","@id":"https:\/\/www.piovan.com\/#website","url":"https:\/\/www.piovan.com\/","name":"PiovanGroup","description":"","publisher":{"@id":"https:\/\/www.piovan.com\/#organization"},"potentialAction":[{"@type":"SearchAction","target":{"@type":"EntryPoint","urlTemplate":"https:\/\/www.piovan.com\/?s={search_term_string}"},"query-input":"required name=search_term_string"}],"inLanguage":"pt-PT"},{"@type":"Organization","@id":"https:\/\/www.piovan.com\/#organization","name":"PiovanGroup","url":"https:\/\/www.piovan.com\/","logo":{"@type":"ImageObject","inLanguage":"pt-PT","@id":"https:\/\/www.piovan.com\/#\/schema\/logo\/image\/","url":"https:\/\/www.piovan.com\/wp-content\/uploads\/2021\/06\/logo@2x.png","contentUrl":"https:\/\/www.piovan.com\/wp-content\/uploads\/2021\/06\/logo@2x.png","width":489,"height":78,"caption":"PiovanGroup"},"image":{"@id":"https:\/\/www.piovan.com\/#\/schema\/logo\/image\/"}}]}},"_links":{"self":[{"href":"https:\/\/www.piovan.com\/pt\/wp-json\/wp\/v2\/product\/6032"}],"collection":[{"href":"https:\/\/www.piovan.com\/pt\/wp-json\/wp\/v2\/product"}],"about":[{"href":"https:\/\/www.piovan.com\/pt\/wp-json\/wp\/v2\/types\/product"}],"version-history":[{"count":2,"href":"https:\/\/www.piovan.com\/pt\/wp-json\/wp\/v2\/product\/6032\/revisions"}],"predecessor-version":[{"id":11393,"href":"https:\/\/www.piovan.com\/pt\/wp-json\/wp\/v2\/product\/6032\/revisions\/11393"}],"wp:featuredmedia":[{"embeddable":true,"href":"https:\/\/www.piovan.com\/pt\/wp-json\/wp\/v2\/media\/11128"}],"wp:attachment":[{"href":"https:\/\/www.piovan.com\/pt\/wp-json\/wp\/v2\/media?parent=6032"}],"wp:term":[{"taxonomy":"post_tag","embeddable":true,"href":"https:\/\/www.piovan.com\/pt\/wp-json\/wp\/v2\/tags?post=6032"}],"curies":[{"name":"wp","href":"https:\/\/api.w.org\/{rel}","templated":true}]}}