{"id":6022,"date":"2021-12-05T15:18:07","date_gmt":"2021-12-05T14:18:07","guid":{"rendered":"http:\/\/188.166.2.129\/product\/ecosmart\/"},"modified":"2023-12-14T12:20:12","modified_gmt":"2023-12-14T11:20:12","slug":"ecosmart-ca_piovan-china","status":"publish","type":"product","link":"https:\/\/www.piovan.com\/pt\/product\/ecosmart-ca_piovan-china\/","title":{"rendered":"Ecosmart"},"content":{"rendered":"<p><strong>Modelo CA<br \/>\nCompressor de PARAFUSO de alta efici\u00eancia com INVERSOR integrado<\/strong><\/p>\n<p class=\" translation-block\">Os chillers Aquatech da gama Ecosmart com inversor fornecem \u00e1gua refrigerada com consumos de energia muito reduzidos.<\/p>\n<p class=\" translation-block\">Na <strong>TECNOLOGIA INVERTER<\/strong>, a parcializa\u00e7\u00e3o da pot\u00eancia frigor\u00edfica faz-se reduzindo o n\u00famero de giros do motor que aciona o compressor. A velocidade de rota\u00e7\u00e3o do parafuso \u00e9 regulada consoante a carga t\u00e9rmica instant\u00e2nea a eliminar. Cargas t\u00e9rmicas elevadas requerem caudais elevados de gases refrigerantes e, por conseguinte, elevadas velocidades de rota\u00e7\u00e3o, enquanto as cargas t\u00e9rmicas baixas permitem trabalhar com velocidades inferiores. Intervindo na velocidade de rota\u00e7\u00e3o do motor, reduzem-se os consumos el\u00e9tricos e, por conseguinte, o consumo energ\u00e9tico, ao contr\u00e1rio de uma m\u00e1quina com compressor de parafuso sem inversor que opera a uma velocidade constante.<\/p>\n<p class=\" translation-block\"><strong>Benef\u00edcios<\/strong><br>\n\u2022 Alta efici\u00eancia energ\u00e9tica: o mais elevado EER em cada condi\u00e7\u00e3o de funcionamento (cargas parciais)<br>\n\u2022 Compressor de parafuso com inversor integrado: com capacidade de modula\u00e7\u00e3o cont\u00ednua entre 25% e 100%<br>\n\u2022 Ventiladores gerenciados por inversor: modula\u00e7\u00e3o cont\u00ednua do fluxo de ar de condensa\u00e7\u00e3o<br>\n\u2022 Bomba interna gerenciada por inversor: para garantir press\u00f5es constantes no circuito h\u00eddrico ao alterarem as condi\u00e7\u00f5es operacionais<br>\n\u2022 Condensadores evaporadores: generosamente dimensionados para aumentar a efici\u00eancia do compressor<br>\n\u2022 EEV v\u00e1lvula de expans\u00e3o eletr\u00f4nica: para maior estabilidade da temperatura da \u00e1gua de processo (+\/- 0,4\u00b0C na sa\u00edda do evaporador)<br>\n\u2022 Prolongamento da vida \u00fatil do compressor: redu\u00e7\u00e3o de arranques, redu\u00e7\u00e3o das correntes de arranque e diminui\u00e7\u00e3o do desgaste do motor<br>\n\u2022 Prote\u00e7\u00f5es: pressostato diferencial com prote\u00e7\u00e3o do evaporador, pressostato do \u00f3leo de lubrifica\u00e7\u00e3o do compressor, fluxostato da \u00e1gua<br>\n\u2022 Instala\u00e7\u00e3o simplificada: (interior), com procedimentos de arranque da m\u00e1quina simplificados<br>\n\u2022 G\u00e1s refrigerante R134a Eco-compat\u00edvel<br>\n\u2022 Valores reduzidos de emiss\u00e3o sonora<\/p>","protected":false},"featured_media":6123,"template":"","tags":[],"acf":[],"yoast_head":"<title>Ecosmart - Grupo Piovan<\/title>\n<meta name=\"robots\" content=\"index, follow, max-snippet:-1, max-image-preview:large, max-video-preview:-1\" \/>\n<link rel=\"canonical\" href=\"https:\/\/www.piovan.com\/pt\/product\/ecosmart-ca_piovan-china\/\" \/>\n<meta property=\"og:locale\" content=\"pt_PT\" \/>\n<meta property=\"og:type\" content=\"article\" \/>\n<meta property=\"og:title\" content=\"Ecosmart - PiovanGroup\" \/>\n<meta property=\"og:description\" content=\"Model CA INVERTER driven SCREW compressor The Ecosmart Inverter driven chillers\u00a0provide low temperature water assuring the highest energy efficient functioning. INVERTER TECHNOLOGY works on the principle of variable compressor motor speed; an electrical signal is given to the compressor motor to adjust the screw speed according to the thermal load. If the thermal load is high the compressor runs faster developing a higher refrigerant flow rate and accordingly increasing the cooling power; on the contrary, the inverter reduces the refrigerant [&hellip;]\" \/>\n<meta property=\"og:url\" content=\"https:\/\/www.piovan.com\/pt\/product\/ecosmart-ca_piovan-china\/\" \/>\n<meta property=\"og:site_name\" content=\"PiovanGroup\" \/>\n<meta property=\"article:modified_time\" content=\"2023-12-14T11:20:12+00:00\" \/>\n<meta property=\"og:image\" content=\"https:\/\/www.piovan.com\/wp-content\/uploads\/Ecosmart-CA_product_1200x1560.png\" \/>\n\t<meta property=\"og:image:width\" content=\"1200\" \/>\n\t<meta property=\"og:image:height\" content=\"1560\" \/>\n\t<meta property=\"og:image:type\" content=\"image\/png\" \/>\n<meta name=\"twitter:card\" content=\"summary_large_image\" \/>\n<script type=\"application\/ld+json\" class=\"yoast-schema-graph\">{\"@context\":\"https:\/\/schema.org\",\"@graph\":[{\"@type\":\"WebPage\",\"@id\":\"https:\/\/www.piovan.com\/product\/ecosmart-ca_piovan-china\/\",\"url\":\"https:\/\/www.piovan.com\/product\/ecosmart-ca_piovan-china\/\",\"name\":\"Ecosmart - PiovanGroup\",\"isPartOf\":{\"@id\":\"https:\/\/www.piovan.com\/#website\"},\"datePublished\":\"2021-12-05T14:18:07+00:00\",\"dateModified\":\"2023-12-14T11:20:12+00:00\",\"breadcrumb\":{\"@id\":\"https:\/\/www.piovan.com\/product\/ecosmart-ca_piovan-china\/#breadcrumb\"},\"inLanguage\":\"pt-PT\",\"potentialAction\":[{\"@type\":\"ReadAction\",\"target\":[\"https:\/\/www.piovan.com\/product\/ecosmart-ca_piovan-china\/\"]}]},{\"@type\":\"BreadcrumbList\",\"@id\":\"https:\/\/www.piovan.com\/product\/ecosmart-ca_piovan-china\/#breadcrumb\",\"itemListElement\":[{\"@type\":\"ListItem\",\"position\":1,\"name\":\"Home\",\"item\":\"https:\/\/www.piovan.com\/\"},{\"@type\":\"ListItem\",\"position\":2,\"name\":\"Industrial cooling\",\"item\":\"https:\/\/www.piovan.com\/pt\/products\/resfriamento-industrial\/\"},{\"@type\":\"ListItem\",\"position\":3,\"name\":\"Air-Cooled Chillers\",\"item\":\"https:\/\/www.piovan.com\/pt\/products\/resfriamento-industrial\/air-cooled-chillers\/\"},{\"@type\":\"ListItem\",\"position\":4,\"name\":\"Ecosmart\"}]},{\"@type\":\"WebSite\",\"@id\":\"https:\/\/www.piovan.com\/#website\",\"url\":\"https:\/\/www.piovan.com\/\",\"name\":\"PiovanGroup\",\"description\":\"\",\"publisher\":{\"@id\":\"https:\/\/www.piovan.com\/#organization\"},\"potentialAction\":[{\"@type\":\"SearchAction\",\"target\":{\"@type\":\"EntryPoint\",\"urlTemplate\":\"https:\/\/www.piovan.com\/?s={search_term_string}\"},\"query-input\":\"required name=search_term_string\"}],\"inLanguage\":\"pt-PT\"},{\"@type\":\"Organization\",\"@id\":\"https:\/\/www.piovan.com\/#organization\",\"name\":\"PiovanGroup\",\"url\":\"https:\/\/www.piovan.com\/\",\"logo\":{\"@type\":\"ImageObject\",\"inLanguage\":\"pt-PT\",\"@id\":\"https:\/\/www.piovan.com\/#\/schema\/logo\/image\/\",\"url\":\"https:\/\/www.piovan.com\/wp-content\/uploads\/2021\/06\/logo@2x.png\",\"contentUrl\":\"https:\/\/www.piovan.com\/wp-content\/uploads\/2021\/06\/logo@2x.png\",\"width\":489,\"height\":78,\"caption\":\"PiovanGroup\"},\"image\":{\"@id\":\"https:\/\/www.piovan.com\/#\/schema\/logo\/image\/\"}}]}<\/script>","yoast_head_json":{"title":"Ecosmart - Grupo Piovan","robots":{"index":"index","follow":"follow","max-snippet":"max-snippet:-1","max-image-preview":"max-image-preview:large","max-video-preview":"max-video-preview:-1"},"canonical":"https:\/\/www.piovan.com\/pt\/product\/ecosmart-ca_piovan-china\/","og_locale":"pt_PT","og_type":"article","og_title":"Ecosmart - PiovanGroup","og_description":"Model CA INVERTER driven SCREW compressor The Ecosmart Inverter driven chillers\u00a0provide low temperature water assuring the highest energy efficient functioning. INVERTER TECHNOLOGY works on the principle of variable compressor motor speed; an electrical signal is given to the compressor motor to adjust the screw speed according to the thermal load. If the thermal load is high the compressor runs faster developing a higher refrigerant flow rate and accordingly increasing the cooling power; on the contrary, the inverter reduces the refrigerant [&hellip;]","og_url":"https:\/\/www.piovan.com\/pt\/product\/ecosmart-ca_piovan-china\/","og_site_name":"PiovanGroup","article_modified_time":"2023-12-14T11:20:12+00:00","og_image":[{"width":1200,"height":1560,"url":"https:\/\/www.piovan.com\/wp-content\/uploads\/Ecosmart-CA_product_1200x1560.png","type":"image\/png"}],"twitter_card":"summary_large_image","schema":{"@context":"https:\/\/schema.org","@graph":[{"@type":"WebPage","@id":"https:\/\/www.piovan.com\/product\/ecosmart-ca_piovan-china\/","url":"https:\/\/www.piovan.com\/product\/ecosmart-ca_piovan-china\/","name":"Ecosmart - PiovanGroup","isPartOf":{"@id":"https:\/\/www.piovan.com\/#website"},"datePublished":"2021-12-05T14:18:07+00:00","dateModified":"2023-12-14T11:20:12+00:00","breadcrumb":{"@id":"https:\/\/www.piovan.com\/product\/ecosmart-ca_piovan-china\/#breadcrumb"},"inLanguage":"pt-PT","potentialAction":[{"@type":"ReadAction","target":["https:\/\/www.piovan.com\/product\/ecosmart-ca_piovan-china\/"]}]},{"@type":"BreadcrumbList","@id":"https:\/\/www.piovan.com\/product\/ecosmart-ca_piovan-china\/#breadcrumb","itemListElement":[{"@type":"ListItem","position":1,"name":"Home","item":"https:\/\/www.piovan.com\/"},{"@type":"ListItem","position":2,"name":"Industrial cooling","item":"https:\/\/www.piovan.com\/pt\/products\/resfriamento-industrial\/"},{"@type":"ListItem","position":3,"name":"Air-Cooled Chillers","item":"https:\/\/www.piovan.com\/pt\/products\/resfriamento-industrial\/air-cooled-chillers\/"},{"@type":"ListItem","position":4,"name":"Ecosmart"}]},{"@type":"WebSite","@id":"https:\/\/www.piovan.com\/#website","url":"https:\/\/www.piovan.com\/","name":"PiovanGroup","description":"","publisher":{"@id":"https:\/\/www.piovan.com\/#organization"},"potentialAction":[{"@type":"SearchAction","target":{"@type":"EntryPoint","urlTemplate":"https:\/\/www.piovan.com\/?s={search_term_string}"},"query-input":"required name=search_term_string"}],"inLanguage":"pt-PT"},{"@type":"Organization","@id":"https:\/\/www.piovan.com\/#organization","name":"PiovanGroup","url":"https:\/\/www.piovan.com\/","logo":{"@type":"ImageObject","inLanguage":"pt-PT","@id":"https:\/\/www.piovan.com\/#\/schema\/logo\/image\/","url":"https:\/\/www.piovan.com\/wp-content\/uploads\/2021\/06\/logo@2x.png","contentUrl":"https:\/\/www.piovan.com\/wp-content\/uploads\/2021\/06\/logo@2x.png","width":489,"height":78,"caption":"PiovanGroup"},"image":{"@id":"https:\/\/www.piovan.com\/#\/schema\/logo\/image\/"}}]}},"_links":{"self":[{"href":"https:\/\/www.piovan.com\/pt\/wp-json\/wp\/v2\/product\/6022"}],"collection":[{"href":"https:\/\/www.piovan.com\/pt\/wp-json\/wp\/v2\/product"}],"about":[{"href":"https:\/\/www.piovan.com\/pt\/wp-json\/wp\/v2\/types\/product"}],"version-history":[{"count":1,"href":"https:\/\/www.piovan.com\/pt\/wp-json\/wp\/v2\/product\/6022\/revisions"}],"predecessor-version":[{"id":11243,"href":"https:\/\/www.piovan.com\/pt\/wp-json\/wp\/v2\/product\/6022\/revisions\/11243"}],"wp:featuredmedia":[{"embeddable":true,"href":"https:\/\/www.piovan.com\/pt\/wp-json\/wp\/v2\/media\/6123"}],"wp:attachment":[{"href":"https:\/\/www.piovan.com\/pt\/wp-json\/wp\/v2\/media?parent=6022"}],"wp:term":[{"taxonomy":"post_tag","embeddable":true,"href":"https:\/\/www.piovan.com\/pt\/wp-json\/wp\/v2\/tags?post=6022"}],"curies":[{"name":"wp","href":"https:\/\/api.w.org\/{rel}","templated":true}]}}