{"id":6008,"date":"2021-12-05T15:18:07","date_gmt":"2021-12-05T14:18:07","guid":{"rendered":"http:\/\/188.166.2.129\/product\/petchiller\/"},"modified":"2023-12-13T17:05:56","modified_gmt":"2023-12-13T16:05:56","slug":"petchiller_piovan-china","status":"publish","type":"product","link":"https:\/\/www.piovan.com\/pt\/product\/petchiller_piovan-china\/","title":{"rendered":"PETChiller"},"content":{"rendered":"<p>Com compressor controlado por inversor desenvolvido expressamente para o processo de arrefecimento na produ\u00e7\u00e3o de preformas PET. Esta fam\u00edlia de refrigeradores \u00e9 das mais avan\u00e7adas, alcan\u00e7ando valores elevad\u00edssimos de efici\u00eancia, precis\u00e3o e confiabilidade.<\/p>\n<p>No PETChiller, a parcializa\u00e7\u00e3o da pot\u00eancia frigor\u00edfica faz-se reduzindo o n\u00famero de giros do motor que aciona o compressor. A velocidade de rota\u00e7\u00e3o do parafuso \u00e9 regulada consoante a carga t\u00e9rmica instant\u00e2nea a eliminar. Cargas t\u00e9rmicas elevadas requerem caudais elevados de gases refrigerantes e, por conseguinte, elevadas velocidades de rota\u00e7\u00e3o, enquanto as cargas t\u00e9rmicas baixas permitem trabalhar com velocidades inferiores.\n<BR><br \/>\nIntervindo na velocidade de rota\u00e7\u00e3o do motor, reduzem-se os consumos el\u00e9tricos e, por conseguinte, o consumo energ\u00e9tico, ao contr\u00e1rio de uma m\u00e1quina com compressor de parafuso sem inversor que opera a uma velocidade constante.<\/p>\n<p class=\" translation-block\"><strong>Caracter\u00edsticas distintivas<\/strong><br>\n\u2022 Compressor de parafuso com inversor integrado: (condi\u00e7\u00f5es de processo est\u00e1veis e otimiza\u00e7\u00e3o do consumo energ\u00e9tico).<br>\n\u2022 Bomba interna gerenciada por inversor: para garantir press\u00f5es constantes no circuito h\u00eddrico ao alterarem as condi\u00e7\u00f5es operacionais.<br>\n\u2022 Condensadores evaporadores: em a\u00e7o inoxid\u00e1vel de placas soldadas generosamente dimensionadas para aumentar a efici\u00eancia do compressor.<br>\n\u2022 EEV v\u00e1lvula de expans\u00e3o eletr\u00f4nica: para um melhor controle da fase de expans\u00e3o do g\u00e1s com um maior controle do processo.<br>\n\u2022 Estabilidade da temperatura da \u00e1gua de processo (+\/- 0,1\u00b0C na sa\u00edda do evaporador).<\/p>","protected":false},"featured_media":6145,"template":"","tags":[],"acf":[],"yoast_head":"<title>PETChiller - Grupo Piovan<\/title>\n<meta name=\"robots\" content=\"index, follow, max-snippet:-1, max-image-preview:large, max-video-preview:-1\" \/>\n<link rel=\"canonical\" href=\"https:\/\/www.piovan.com\/pt\/product\/petchiller_piovan-china\/\" \/>\n<meta property=\"og:locale\" content=\"pt_PT\" \/>\n<meta property=\"og:type\" content=\"article\" \/>\n<meta property=\"og:title\" content=\"PETChiller - PiovanGroup\" \/>\n<meta property=\"og:description\" content=\"This range of chillers adopts state-of-the-art cooling devices to reach the highest performance in terms of efficiency, accuracy and reliability. The PETChiller works on the principle of variable compressor motor speed; an electrical signal is given to the compressor motor to adjust the screw speed according to the thermal load. If the thermal load is high the compressor runs faster developing a higher refrigerant flow rate and accordingly increasing the cooling power; on the contrary, the inverter reduces the refrigerant [&hellip;]\" \/>\n<meta property=\"og:url\" content=\"https:\/\/www.piovan.com\/pt\/product\/petchiller_piovan-china\/\" \/>\n<meta property=\"og:site_name\" content=\"PiovanGroup\" \/>\n<meta property=\"article:modified_time\" content=\"2023-12-13T16:05:56+00:00\" \/>\n<meta property=\"og:image\" content=\"https:\/\/www.piovan.com\/wp-content\/uploads\/PETChiller_product_1200x1560.png\" \/>\n\t<meta property=\"og:image:width\" content=\"1200\" \/>\n\t<meta property=\"og:image:height\" content=\"1560\" \/>\n\t<meta property=\"og:image:type\" content=\"image\/png\" \/>\n<meta name=\"twitter:card\" content=\"summary_large_image\" \/>\n<script type=\"application\/ld+json\" class=\"yoast-schema-graph\">{\"@context\":\"https:\/\/schema.org\",\"@graph\":[{\"@type\":\"WebPage\",\"@id\":\"https:\/\/www.piovan.com\/product\/petchiller_piovan-china\/\",\"url\":\"https:\/\/www.piovan.com\/product\/petchiller_piovan-china\/\",\"name\":\"PETChiller - PiovanGroup\",\"isPartOf\":{\"@id\":\"https:\/\/www.piovan.com\/#website\"},\"datePublished\":\"2021-12-05T14:18:07+00:00\",\"dateModified\":\"2023-12-13T16:05:56+00:00\",\"breadcrumb\":{\"@id\":\"https:\/\/www.piovan.com\/product\/petchiller_piovan-china\/#breadcrumb\"},\"inLanguage\":\"pt-PT\",\"potentialAction\":[{\"@type\":\"ReadAction\",\"target\":[\"https:\/\/www.piovan.com\/product\/petchiller_piovan-china\/\"]}]},{\"@type\":\"BreadcrumbList\",\"@id\":\"https:\/\/www.piovan.com\/product\/petchiller_piovan-china\/#breadcrumb\",\"itemListElement\":[{\"@type\":\"ListItem\",\"position\":1,\"name\":\"Home\",\"item\":\"https:\/\/www.piovan.com\/\"},{\"@type\":\"ListItem\",\"position\":2,\"name\":\"Plastic Applications\",\"item\":\"https:\/\/www.piovan.com\/pt\/products\/plastic-applications\/\"},{\"@type\":\"ListItem\",\"position\":3,\"name\":\"PET Preforms and Bottles\",\"item\":\"https:\/\/www.piovan.com\/pt\/products\/plastic-applications\/pet-preforms-and-bottles\/\"},{\"@type\":\"ListItem\",\"position\":4,\"name\":\"PETChiller\"}]},{\"@type\":\"WebSite\",\"@id\":\"https:\/\/www.piovan.com\/#website\",\"url\":\"https:\/\/www.piovan.com\/\",\"name\":\"PiovanGroup\",\"description\":\"\",\"publisher\":{\"@id\":\"https:\/\/www.piovan.com\/#organization\"},\"potentialAction\":[{\"@type\":\"SearchAction\",\"target\":{\"@type\":\"EntryPoint\",\"urlTemplate\":\"https:\/\/www.piovan.com\/?s={search_term_string}\"},\"query-input\":\"required name=search_term_string\"}],\"inLanguage\":\"pt-PT\"},{\"@type\":\"Organization\",\"@id\":\"https:\/\/www.piovan.com\/#organization\",\"name\":\"PiovanGroup\",\"url\":\"https:\/\/www.piovan.com\/\",\"logo\":{\"@type\":\"ImageObject\",\"inLanguage\":\"pt-PT\",\"@id\":\"https:\/\/www.piovan.com\/#\/schema\/logo\/image\/\",\"url\":\"https:\/\/www.piovan.com\/wp-content\/uploads\/2021\/06\/logo@2x.png\",\"contentUrl\":\"https:\/\/www.piovan.com\/wp-content\/uploads\/2021\/06\/logo@2x.png\",\"width\":489,\"height\":78,\"caption\":\"PiovanGroup\"},\"image\":{\"@id\":\"https:\/\/www.piovan.com\/#\/schema\/logo\/image\/\"}}]}<\/script>","yoast_head_json":{"title":"PETChiller - Grupo Piovan","robots":{"index":"index","follow":"follow","max-snippet":"max-snippet:-1","max-image-preview":"max-image-preview:large","max-video-preview":"max-video-preview:-1"},"canonical":"https:\/\/www.piovan.com\/pt\/product\/petchiller_piovan-china\/","og_locale":"pt_PT","og_type":"article","og_title":"PETChiller - PiovanGroup","og_description":"This range of chillers adopts state-of-the-art cooling devices to reach the highest performance in terms of efficiency, accuracy and reliability. The PETChiller works on the principle of variable compressor motor speed; an electrical signal is given to the compressor motor to adjust the screw speed according to the thermal load. If the thermal load is high the compressor runs faster developing a higher refrigerant flow rate and accordingly increasing the cooling power; on the contrary, the inverter reduces the refrigerant [&hellip;]","og_url":"https:\/\/www.piovan.com\/pt\/product\/petchiller_piovan-china\/","og_site_name":"PiovanGroup","article_modified_time":"2023-12-13T16:05:56+00:00","og_image":[{"width":1200,"height":1560,"url":"https:\/\/www.piovan.com\/wp-content\/uploads\/PETChiller_product_1200x1560.png","type":"image\/png"}],"twitter_card":"summary_large_image","schema":{"@context":"https:\/\/schema.org","@graph":[{"@type":"WebPage","@id":"https:\/\/www.piovan.com\/product\/petchiller_piovan-china\/","url":"https:\/\/www.piovan.com\/product\/petchiller_piovan-china\/","name":"PETChiller - PiovanGroup","isPartOf":{"@id":"https:\/\/www.piovan.com\/#website"},"datePublished":"2021-12-05T14:18:07+00:00","dateModified":"2023-12-13T16:05:56+00:00","breadcrumb":{"@id":"https:\/\/www.piovan.com\/product\/petchiller_piovan-china\/#breadcrumb"},"inLanguage":"pt-PT","potentialAction":[{"@type":"ReadAction","target":["https:\/\/www.piovan.com\/product\/petchiller_piovan-china\/"]}]},{"@type":"BreadcrumbList","@id":"https:\/\/www.piovan.com\/product\/petchiller_piovan-china\/#breadcrumb","itemListElement":[{"@type":"ListItem","position":1,"name":"Home","item":"https:\/\/www.piovan.com\/"},{"@type":"ListItem","position":2,"name":"Plastic Applications","item":"https:\/\/www.piovan.com\/pt\/products\/plastic-applications\/"},{"@type":"ListItem","position":3,"name":"PET Preforms and Bottles","item":"https:\/\/www.piovan.com\/pt\/products\/plastic-applications\/pet-preforms-and-bottles\/"},{"@type":"ListItem","position":4,"name":"PETChiller"}]},{"@type":"WebSite","@id":"https:\/\/www.piovan.com\/#website","url":"https:\/\/www.piovan.com\/","name":"PiovanGroup","description":"","publisher":{"@id":"https:\/\/www.piovan.com\/#organization"},"potentialAction":[{"@type":"SearchAction","target":{"@type":"EntryPoint","urlTemplate":"https:\/\/www.piovan.com\/?s={search_term_string}"},"query-input":"required name=search_term_string"}],"inLanguage":"pt-PT"},{"@type":"Organization","@id":"https:\/\/www.piovan.com\/#organization","name":"PiovanGroup","url":"https:\/\/www.piovan.com\/","logo":{"@type":"ImageObject","inLanguage":"pt-PT","@id":"https:\/\/www.piovan.com\/#\/schema\/logo\/image\/","url":"https:\/\/www.piovan.com\/wp-content\/uploads\/2021\/06\/logo@2x.png","contentUrl":"https:\/\/www.piovan.com\/wp-content\/uploads\/2021\/06\/logo@2x.png","width":489,"height":78,"caption":"PiovanGroup"},"image":{"@id":"https:\/\/www.piovan.com\/#\/schema\/logo\/image\/"}}]}},"_links":{"self":[{"href":"https:\/\/www.piovan.com\/pt\/wp-json\/wp\/v2\/product\/6008"}],"collection":[{"href":"https:\/\/www.piovan.com\/pt\/wp-json\/wp\/v2\/product"}],"about":[{"href":"https:\/\/www.piovan.com\/pt\/wp-json\/wp\/v2\/types\/product"}],"version-history":[{"count":1,"href":"https:\/\/www.piovan.com\/pt\/wp-json\/wp\/v2\/product\/6008\/revisions"}],"predecessor-version":[{"id":11170,"href":"https:\/\/www.piovan.com\/pt\/wp-json\/wp\/v2\/product\/6008\/revisions\/11170"}],"wp:featuredmedia":[{"embeddable":true,"href":"https:\/\/www.piovan.com\/pt\/wp-json\/wp\/v2\/media\/6145"}],"wp:attachment":[{"href":"https:\/\/www.piovan.com\/pt\/wp-json\/wp\/v2\/media?parent=6008"}],"wp:term":[{"taxonomy":"post_tag","embeddable":true,"href":"https:\/\/www.piovan.com\/pt\/wp-json\/wp\/v2\/tags?post=6008"}],"curies":[{"name":"wp","href":"https:\/\/api.w.org\/{rel}","templated":true}]}}