{"id":5977,"date":"2021-12-04T23:54:19","date_gmt":"2021-12-04T22:54:19","guid":{"rendered":"https:\/\/www.piovan.com\/?post_type=product&#038;p=5977"},"modified":"2025-05-19T13:00:07","modified_gmt":"2025-05-19T11:00:07","slug":"dehumidification","status":"publish","type":"product","link":"https:\/\/www.piovan.com\/pt\/product\/dehumidification\/","title":{"rendered":"DESUMIDIFICA\u00c7\u00c3O"},"content":{"rendered":"<p class=\" translation-block\">Na ind\u00fastria aliment\u00edcia, o monitoramento constante do n\u00edvel da umidade relativa do ar \u00e9 essencial para garantir a mais alta qualidade do produto final. A desumidifica\u00e7\u00e3o do ar ambiente com o mais alto grau de higiene \u00e9 crucial para o transporte e armazenamento de ingredientes como farinha, cacau, leite e aromatizantes. Com refer\u00eancia \u00e0s subst\u00e2ncias higrosc\u00f3picas, \u00e9 fundamental que a umidade do produto seja ideal para a produ\u00e7\u00e3o sob qualquer condi\u00e7\u00e3o ambiental.<\/p>\n<p class=\" translation-block\"><span data-contrast=\"none\">Starting from a long experience in the food sector, the PiovanGroup has developed a <strong>range of dehumidifiers<\/strong> dedicated to the<strong> food industry<\/strong>. These dehumidification systems are specifically designed for the indirect contact of foodstuffs with process air. Specifically, the dry air avoids the stagnation of food ingredients on the walls, thus guaranteeing maximum hygiene and food safety, reducing system cleaning costs and increasing the quality of the finished product.&nbsp;<\/span><span data-ccp-props=\"{&quot;201341983&quot;:0,&quot;335559740&quot;:259}\">&nbsp;<\/span><\/p>\n<p class=\" translation-block\"><span data-contrast=\"none\">PiovanGroup dehumidifiers also <strong>avoid the contamination of food powders<\/strong> with external bacterial agents. Each dehumidification unit is in fact equipped with an <strong>air&nbsp;sanitisation&nbsp;system<\/strong> that prevents bacterial proliferation during the moisture removal phase. All the parts in contact with the process air are in stainless steel.&nbsp;<\/span><span data-contrast=\"none\">Piovan&nbsp;dryers&nbsp;are&nbsp;also&nbsp;certified&nbsp;according&nbsp;to EC&nbsp;regulation&nbsp;1935\/2004.<\/span><span data-ccp-props=\"{&quot;201341983&quot;:0,&quot;335559740&quot;:259}\">&nbsp;<\/span><\/p>","protected":false},"featured_media":15205,"template":"","tags":[47,189,44],"acf":[],"yoast_head":"<title>DESUMIDIFICA\u00c7\u00c3O - Grupo Piovan<\/title>\n<meta name=\"robots\" content=\"index, follow, max-snippet:-1, max-image-preview:large, max-video-preview:-1\" \/>\n<link rel=\"canonical\" href=\"https:\/\/www.piovan.com\/pt\/product\/dehumidification\/\" \/>\n<meta property=\"og:locale\" content=\"pt_PT\" \/>\n<meta property=\"og:type\" content=\"article\" \/>\n<meta property=\"og:title\" content=\"Dehumidification - PiovanGroup\" \/>\n<meta property=\"og:description\" content=\"In the food industry, constant monitoring of the relative humidity level of the air is essential to ensure the highest quality of the finished product. Dehumidifying the ambient air with the highest degree of hygiene is crucial for the transport and storage of ingredients such as flour, cocoa, milk and flavourings. With particular reference to hygroscopic substances, it is essential that the product humidity is as desired for production under all environmental conditions.\" \/>\n<meta property=\"og:url\" content=\"https:\/\/www.piovan.com\/pt\/product\/dehumidification\/\" \/>\n<meta property=\"og:site_name\" content=\"PiovanGroup\" \/>\n<meta property=\"article:modified_time\" content=\"2025-05-19T11:00:07+00:00\" \/>\n<meta property=\"og:image\" content=\"https:\/\/www.piovan.com\/wp-content\/uploads\/0000_Process_Drying-v2.png\" \/>\n\t<meta property=\"og:image:width\" content=\"1200\" \/>\n\t<meta property=\"og:image:height\" content=\"1560\" \/>\n\t<meta property=\"og:image:type\" content=\"image\/png\" \/>\n<meta name=\"twitter:card\" content=\"summary_large_image\" \/>\n<script type=\"application\/ld+json\" class=\"yoast-schema-graph\">{\"@context\":\"https:\/\/schema.org\",\"@graph\":[{\"@type\":\"WebPage\",\"@id\":\"https:\/\/www.piovan.com\/product\/dehumidification\/\",\"url\":\"https:\/\/www.piovan.com\/product\/dehumidification\/\",\"name\":\"Dehumidification - PiovanGroup\",\"isPartOf\":{\"@id\":\"https:\/\/www.piovan.com\/#website\"},\"datePublished\":\"2021-12-04T22:54:19+00:00\",\"dateModified\":\"2025-05-19T11:00:07+00:00\",\"breadcrumb\":{\"@id\":\"https:\/\/www.piovan.com\/product\/dehumidification\/#breadcrumb\"},\"inLanguage\":\"pt-PT\",\"potentialAction\":[{\"@type\":\"ReadAction\",\"target\":[\"https:\/\/www.piovan.com\/product\/dehumidification\/\"]}]},{\"@type\":\"BreadcrumbList\",\"@id\":\"https:\/\/www.piovan.com\/product\/dehumidification\/#breadcrumb\",\"itemListElement\":[{\"@type\":\"ListItem\",\"position\":1,\"name\":\"Home\",\"item\":\"https:\/\/www.piovan.com\/\"},{\"@type\":\"ListItem\",\"position\":2,\"name\":\"Food\",\"item\":\"https:\/\/www.piovan.com\/pt\/products\/alimentos\/\"},{\"@type\":\"ListItem\",\"position\":3,\"name\":\"Dehumidification\",\"item\":\"https:\/\/www.piovan.com\/pt\/products\/alimentos\/dehumidification\/\"},{\"@type\":\"ListItem\",\"position\":4,\"name\":\"Dehumidification\"}]},{\"@type\":\"WebSite\",\"@id\":\"https:\/\/www.piovan.com\/#website\",\"url\":\"https:\/\/www.piovan.com\/\",\"name\":\"PiovanGroup\",\"description\":\"\",\"publisher\":{\"@id\":\"https:\/\/www.piovan.com\/#organization\"},\"potentialAction\":[{\"@type\":\"SearchAction\",\"target\":{\"@type\":\"EntryPoint\",\"urlTemplate\":\"https:\/\/www.piovan.com\/?s={search_term_string}\"},\"query-input\":\"required name=search_term_string\"}],\"inLanguage\":\"pt-PT\"},{\"@type\":\"Organization\",\"@id\":\"https:\/\/www.piovan.com\/#organization\",\"name\":\"PiovanGroup\",\"url\":\"https:\/\/www.piovan.com\/\",\"logo\":{\"@type\":\"ImageObject\",\"inLanguage\":\"pt-PT\",\"@id\":\"https:\/\/www.piovan.com\/#\/schema\/logo\/image\/\",\"url\":\"https:\/\/www.piovan.com\/wp-content\/uploads\/2021\/06\/logo@2x.png\",\"contentUrl\":\"https:\/\/www.piovan.com\/wp-content\/uploads\/2021\/06\/logo@2x.png\",\"width\":489,\"height\":78,\"caption\":\"PiovanGroup\"},\"image\":{\"@id\":\"https:\/\/www.piovan.com\/#\/schema\/logo\/image\/\"}}]}<\/script>","yoast_head_json":{"title":"DESUMIDIFICA\u00c7\u00c3O - Grupo Piovan","robots":{"index":"index","follow":"follow","max-snippet":"max-snippet:-1","max-image-preview":"max-image-preview:large","max-video-preview":"max-video-preview:-1"},"canonical":"https:\/\/www.piovan.com\/pt\/product\/dehumidification\/","og_locale":"pt_PT","og_type":"article","og_title":"Dehumidification - PiovanGroup","og_description":"In the food industry, constant monitoring of the relative humidity level of the air is essential to ensure the highest quality of the finished product. Dehumidifying the ambient air with the highest degree of hygiene is crucial for the transport and storage of ingredients such as flour, cocoa, milk and flavourings. With particular reference to hygroscopic substances, it is essential that the product humidity is as desired for production under all environmental conditions.","og_url":"https:\/\/www.piovan.com\/pt\/product\/dehumidification\/","og_site_name":"PiovanGroup","article_modified_time":"2025-05-19T11:00:07+00:00","og_image":[{"width":1200,"height":1560,"url":"https:\/\/www.piovan.com\/wp-content\/uploads\/0000_Process_Drying-v2.png","type":"image\/png"}],"twitter_card":"summary_large_image","schema":{"@context":"https:\/\/schema.org","@graph":[{"@type":"WebPage","@id":"https:\/\/www.piovan.com\/product\/dehumidification\/","url":"https:\/\/www.piovan.com\/product\/dehumidification\/","name":"Dehumidification - PiovanGroup","isPartOf":{"@id":"https:\/\/www.piovan.com\/#website"},"datePublished":"2021-12-04T22:54:19+00:00","dateModified":"2025-05-19T11:00:07+00:00","breadcrumb":{"@id":"https:\/\/www.piovan.com\/product\/dehumidification\/#breadcrumb"},"inLanguage":"pt-PT","potentialAction":[{"@type":"ReadAction","target":["https:\/\/www.piovan.com\/product\/dehumidification\/"]}]},{"@type":"BreadcrumbList","@id":"https:\/\/www.piovan.com\/product\/dehumidification\/#breadcrumb","itemListElement":[{"@type":"ListItem","position":1,"name":"Home","item":"https:\/\/www.piovan.com\/"},{"@type":"ListItem","position":2,"name":"Food","item":"https:\/\/www.piovan.com\/pt\/products\/alimentos\/"},{"@type":"ListItem","position":3,"name":"Dehumidification","item":"https:\/\/www.piovan.com\/pt\/products\/alimentos\/dehumidification\/"},{"@type":"ListItem","position":4,"name":"Dehumidification"}]},{"@type":"WebSite","@id":"https:\/\/www.piovan.com\/#website","url":"https:\/\/www.piovan.com\/","name":"PiovanGroup","description":"","publisher":{"@id":"https:\/\/www.piovan.com\/#organization"},"potentialAction":[{"@type":"SearchAction","target":{"@type":"EntryPoint","urlTemplate":"https:\/\/www.piovan.com\/?s={search_term_string}"},"query-input":"required name=search_term_string"}],"inLanguage":"pt-PT"},{"@type":"Organization","@id":"https:\/\/www.piovan.com\/#organization","name":"PiovanGroup","url":"https:\/\/www.piovan.com\/","logo":{"@type":"ImageObject","inLanguage":"pt-PT","@id":"https:\/\/www.piovan.com\/#\/schema\/logo\/image\/","url":"https:\/\/www.piovan.com\/wp-content\/uploads\/2021\/06\/logo@2x.png","contentUrl":"https:\/\/www.piovan.com\/wp-content\/uploads\/2021\/06\/logo@2x.png","width":489,"height":78,"caption":"PiovanGroup"},"image":{"@id":"https:\/\/www.piovan.com\/#\/schema\/logo\/image\/"}}]}},"_links":{"self":[{"href":"https:\/\/www.piovan.com\/pt\/wp-json\/wp\/v2\/product\/5977"}],"collection":[{"href":"https:\/\/www.piovan.com\/pt\/wp-json\/wp\/v2\/product"}],"about":[{"href":"https:\/\/www.piovan.com\/pt\/wp-json\/wp\/v2\/types\/product"}],"version-history":[{"count":1,"href":"https:\/\/www.piovan.com\/pt\/wp-json\/wp\/v2\/product\/5977\/revisions"}],"predecessor-version":[{"id":14929,"href":"https:\/\/www.piovan.com\/pt\/wp-json\/wp\/v2\/product\/5977\/revisions\/14929"}],"wp:featuredmedia":[{"embeddable":true,"href":"https:\/\/www.piovan.com\/pt\/wp-json\/wp\/v2\/media\/15205"}],"wp:attachment":[{"href":"https:\/\/www.piovan.com\/pt\/wp-json\/wp\/v2\/media?parent=5977"}],"wp:term":[{"taxonomy":"post_tag","embeddable":true,"href":"https:\/\/www.piovan.com\/pt\/wp-json\/wp\/v2\/tags?post=5977"}],"curies":[{"name":"wp","href":"https:\/\/api.w.org\/{rel}","templated":true}]}}