{"id":5961,"date":"2021-12-04T22:45:59","date_gmt":"2021-12-04T21:45:59","guid":{"rendered":"https:\/\/www.piovan.com\/product\/flour-cooling-2\/"},"modified":"2025-05-19T14:44:35","modified_gmt":"2025-05-19T12:44:35","slug":"electrostatic-coating","status":"publish","type":"product","link":"https:\/\/www.piovan.com\/pt\/product\/electrostatic-coating\/","title":{"rendered":"COBERTURA ELETROST\u00c1TICA"},"content":{"rendered":"<p class=\" translation-block\">O Grupo Piovan patenteou a cobertura eletrost\u00e1tica, uma tecnologia de \u00faltima gera\u00e7\u00e3o para aplica\u00e7\u00e3o de p\u00f3s aliment\u00edcios em produtos doces ou salgados. Esta tecnologia garante m\u00e1xima ader\u00eancia e uniformidade de aplica\u00e7\u00e3o de p\u00f3s e part\u00edculas em todos os lados do produto.<\/p>\n<p class=\" translation-block\"><span data-contrast=\"auto\">Electrostatic application provides real benefits in the handling of food powders and particles with different consistencies and particle sizes, such as <strong>sugar<\/strong>, <strong>cocoa<\/strong>, <strong>starch<\/strong>, <strong>flour<\/strong>,<strong>&nbsp;flavourings<\/strong>, <strong>salt<\/strong>,<strong> seeds<\/strong>, <strong>flakes<\/strong> and <strong>grains<\/strong>.&nbsp;<\/span><span data-ccp-props=\"{&quot;201341983&quot;:0,&quot;335559740&quot;:259}\">&nbsp;<\/span><\/p>\n<p class=\" translation-block\"><span data-contrast=\"auto\">More specifically, electrostatic coating guarantees an <strong>increase in productivity<\/strong> by reducing overspray, thereby generating a significant reduction in costs.<\/span><\/p>\n<p>An electrostatic dispenser generates an electric field between itself and the substrate on which the powder is applied. The powder passes through the electric field that is generated, becoming negatively charged. The product to which the coating is to be applied, being electrically grounded, allows the powder to adhere permanently and tenaciously.<\/p>\n<p>The solution is applicable to both sweet and savory products. For years, the application of flour has been used in the processing of products such as cured meats.<\/p>","protected":false},"featured_media":5962,"template":"","tags":[47,189],"acf":[],"yoast_head":"<title>COBERTURA ELETROST\u00c1TICA - Grupo Piovan<\/title>\n<meta name=\"robots\" content=\"index, follow, max-snippet:-1, max-image-preview:large, max-video-preview:-1\" \/>\n<link rel=\"canonical\" href=\"https:\/\/www.piovan.com\/pt\/product\/electrostatic-coating\/\" \/>\n<meta property=\"og:locale\" content=\"pt_PT\" \/>\n<meta property=\"og:type\" content=\"article\" \/>\n<meta property=\"og:title\" content=\"Electrostatic coating - PiovanGroup\" \/>\n<meta property=\"og:description\" content=\"PiovanGroup has patented electrostatic coating, a state-of-the-art technology for the application of food powders on sweet and salty products. This technology ensures maximum adherence and uniformity of application of powders and particles on all sides of the product.\u00a0\u00a0\" \/>\n<meta property=\"og:url\" content=\"https:\/\/www.piovan.com\/pt\/product\/electrostatic-coating\/\" \/>\n<meta property=\"og:site_name\" content=\"PiovanGroup\" \/>\n<meta property=\"article:modified_time\" content=\"2025-05-19T12:44:35+00:00\" \/>\n<meta property=\"og:image\" content=\"https:\/\/www.piovan.com\/wp-content\/uploads\/Process_1200x1560_Electrostatic_coating.jpg\" \/>\n\t<meta property=\"og:image:width\" content=\"1200\" \/>\n\t<meta property=\"og:image:height\" content=\"1560\" \/>\n\t<meta property=\"og:image:type\" content=\"image\/jpeg\" \/>\n<meta name=\"twitter:card\" content=\"summary_large_image\" \/>\n<script type=\"application\/ld+json\" class=\"yoast-schema-graph\">{\"@context\":\"https:\/\/schema.org\",\"@graph\":[{\"@type\":\"WebPage\",\"@id\":\"https:\/\/www.piovan.com\/product\/electrostatic-coating\/\",\"url\":\"https:\/\/www.piovan.com\/product\/electrostatic-coating\/\",\"name\":\"Electrostatic coating - PiovanGroup\",\"isPartOf\":{\"@id\":\"https:\/\/www.piovan.com\/#website\"},\"datePublished\":\"2021-12-04T21:45:59+00:00\",\"dateModified\":\"2025-05-19T12:44:35+00:00\",\"breadcrumb\":{\"@id\":\"https:\/\/www.piovan.com\/product\/electrostatic-coating\/#breadcrumb\"},\"inLanguage\":\"pt-PT\",\"potentialAction\":[{\"@type\":\"ReadAction\",\"target\":[\"https:\/\/www.piovan.com\/product\/electrostatic-coating\/\"]}]},{\"@type\":\"BreadcrumbList\",\"@id\":\"https:\/\/www.piovan.com\/product\/electrostatic-coating\/#breadcrumb\",\"itemListElement\":[{\"@type\":\"ListItem\",\"position\":1,\"name\":\"Home\",\"item\":\"https:\/\/www.piovan.com\/\"},{\"@type\":\"ListItem\",\"position\":2,\"name\":\"Food Applications\",\"item\":\"https:\/\/www.piovan.com\/pt\/products\/food-applications\/\"},{\"@type\":\"ListItem\",\"position\":3,\"name\":\"Cookies\",\"item\":\"https:\/\/www.piovan.com\/pt\/products\/food-applications\/cookies\/\"},{\"@type\":\"ListItem\",\"position\":4,\"name\":\"Electrostatic coating\"}]},{\"@type\":\"WebSite\",\"@id\":\"https:\/\/www.piovan.com\/#website\",\"url\":\"https:\/\/www.piovan.com\/\",\"name\":\"PiovanGroup\",\"description\":\"\",\"publisher\":{\"@id\":\"https:\/\/www.piovan.com\/#organization\"},\"potentialAction\":[{\"@type\":\"SearchAction\",\"target\":{\"@type\":\"EntryPoint\",\"urlTemplate\":\"https:\/\/www.piovan.com\/?s={search_term_string}\"},\"query-input\":\"required name=search_term_string\"}],\"inLanguage\":\"pt-PT\"},{\"@type\":\"Organization\",\"@id\":\"https:\/\/www.piovan.com\/#organization\",\"name\":\"PiovanGroup\",\"url\":\"https:\/\/www.piovan.com\/\",\"logo\":{\"@type\":\"ImageObject\",\"inLanguage\":\"pt-PT\",\"@id\":\"https:\/\/www.piovan.com\/#\/schema\/logo\/image\/\",\"url\":\"https:\/\/www.piovan.com\/wp-content\/uploads\/2021\/06\/logo@2x.png\",\"contentUrl\":\"https:\/\/www.piovan.com\/wp-content\/uploads\/2021\/06\/logo@2x.png\",\"width\":489,\"height\":78,\"caption\":\"PiovanGroup\"},\"image\":{\"@id\":\"https:\/\/www.piovan.com\/#\/schema\/logo\/image\/\"}}]}<\/script>","yoast_head_json":{"title":"COBERTURA ELETROST\u00c1TICA - Grupo Piovan","robots":{"index":"index","follow":"follow","max-snippet":"max-snippet:-1","max-image-preview":"max-image-preview:large","max-video-preview":"max-video-preview:-1"},"canonical":"https:\/\/www.piovan.com\/pt\/product\/electrostatic-coating\/","og_locale":"pt_PT","og_type":"article","og_title":"Electrostatic coating - PiovanGroup","og_description":"PiovanGroup has patented electrostatic coating, a state-of-the-art technology for the application of food powders on sweet and salty products. This technology ensures maximum adherence and uniformity of application of powders and particles on all sides of the product.\u00a0\u00a0","og_url":"https:\/\/www.piovan.com\/pt\/product\/electrostatic-coating\/","og_site_name":"PiovanGroup","article_modified_time":"2025-05-19T12:44:35+00:00","og_image":[{"width":1200,"height":1560,"url":"https:\/\/www.piovan.com\/wp-content\/uploads\/Process_1200x1560_Electrostatic_coating.jpg","type":"image\/jpeg"}],"twitter_card":"summary_large_image","schema":{"@context":"https:\/\/schema.org","@graph":[{"@type":"WebPage","@id":"https:\/\/www.piovan.com\/product\/electrostatic-coating\/","url":"https:\/\/www.piovan.com\/product\/electrostatic-coating\/","name":"Electrostatic coating - PiovanGroup","isPartOf":{"@id":"https:\/\/www.piovan.com\/#website"},"datePublished":"2021-12-04T21:45:59+00:00","dateModified":"2025-05-19T12:44:35+00:00","breadcrumb":{"@id":"https:\/\/www.piovan.com\/product\/electrostatic-coating\/#breadcrumb"},"inLanguage":"pt-PT","potentialAction":[{"@type":"ReadAction","target":["https:\/\/www.piovan.com\/product\/electrostatic-coating\/"]}]},{"@type":"BreadcrumbList","@id":"https:\/\/www.piovan.com\/product\/electrostatic-coating\/#breadcrumb","itemListElement":[{"@type":"ListItem","position":1,"name":"Home","item":"https:\/\/www.piovan.com\/"},{"@type":"ListItem","position":2,"name":"Food Applications","item":"https:\/\/www.piovan.com\/pt\/products\/food-applications\/"},{"@type":"ListItem","position":3,"name":"Cookies","item":"https:\/\/www.piovan.com\/pt\/products\/food-applications\/cookies\/"},{"@type":"ListItem","position":4,"name":"Electrostatic coating"}]},{"@type":"WebSite","@id":"https:\/\/www.piovan.com\/#website","url":"https:\/\/www.piovan.com\/","name":"PiovanGroup","description":"","publisher":{"@id":"https:\/\/www.piovan.com\/#organization"},"potentialAction":[{"@type":"SearchAction","target":{"@type":"EntryPoint","urlTemplate":"https:\/\/www.piovan.com\/?s={search_term_string}"},"query-input":"required name=search_term_string"}],"inLanguage":"pt-PT"},{"@type":"Organization","@id":"https:\/\/www.piovan.com\/#organization","name":"PiovanGroup","url":"https:\/\/www.piovan.com\/","logo":{"@type":"ImageObject","inLanguage":"pt-PT","@id":"https:\/\/www.piovan.com\/#\/schema\/logo\/image\/","url":"https:\/\/www.piovan.com\/wp-content\/uploads\/2021\/06\/logo@2x.png","contentUrl":"https:\/\/www.piovan.com\/wp-content\/uploads\/2021\/06\/logo@2x.png","width":489,"height":78,"caption":"PiovanGroup"},"image":{"@id":"https:\/\/www.piovan.com\/#\/schema\/logo\/image\/"}}]}},"_links":{"self":[{"href":"https:\/\/www.piovan.com\/pt\/wp-json\/wp\/v2\/product\/5961"}],"collection":[{"href":"https:\/\/www.piovan.com\/pt\/wp-json\/wp\/v2\/product"}],"about":[{"href":"https:\/\/www.piovan.com\/pt\/wp-json\/wp\/v2\/types\/product"}],"version-history":[{"count":4,"href":"https:\/\/www.piovan.com\/pt\/wp-json\/wp\/v2\/product\/5961\/revisions"}],"predecessor-version":[{"id":15209,"href":"https:\/\/www.piovan.com\/pt\/wp-json\/wp\/v2\/product\/5961\/revisions\/15209"}],"wp:featuredmedia":[{"embeddable":true,"href":"https:\/\/www.piovan.com\/pt\/wp-json\/wp\/v2\/media\/5962"}],"wp:attachment":[{"href":"https:\/\/www.piovan.com\/pt\/wp-json\/wp\/v2\/media?parent=5961"}],"wp:term":[{"taxonomy":"post_tag","embeddable":true,"href":"https:\/\/www.piovan.com\/pt\/wp-json\/wp\/v2\/tags?post=5961"}],"curies":[{"name":"wp","href":"https:\/\/api.w.org\/{rel}","templated":true}]}}