{"id":5628,"date":"2021-12-05T15:18:23","date_gmt":"2021-12-05T14:18:23","guid":{"rendered":"http:\/\/188.166.2.129\/product\/aryacool-2\/"},"modified":"2024-01-15T09:13:25","modified_gmt":"2024-01-15T08:13:25","slug":"aryacool-sa","status":"publish","type":"product","link":"https:\/\/www.piovan.com\/pt\/product\/aryacool-sa\/","title":{"rendered":"Aryacool"},"content":{"rendered":"<div data-no-dynamic-translation=\"\">\n<p>O Dry Cooler Thermal Care oferece in\u00fameras vantagens para o processo de resfriamento de \u00e1gua industrial.<\/p>\n<p>Com um processo inteligente atrav\u00e9s do resfriamento da \u00e1gua em circuito fechado, mat\u00e9m a limpeza da \u00e1gua de processo, sem desperd\u00edcios e reduz os custos operacionais.<\/p>\n<p>Desenvolvido em duas vers\u00f5es para total adequa\u00e7\u00e3o aos diferentes tipos de processos, o Dry Cooler Thermal Care oferece um \u00f3timo controle de processo de maneira sustent\u00e1vel.<br \/>\n\u2022 <strong>Sistema Seco: <\/strong>utiliza trocadores de calor de alta efici\u00eancia, limitando a temperatura da \u00e1gua de processo \u00e0 5\u00baC acima da temperatura do ar ambiente.<br \/>\n\u2022 <strong>Sistema Adiab\u00e1tico:<\/strong>\u00a0em per\u00edodos de alta temperatura ambiente, associa um sistema inteligente, que pulveriza pequenas quantidades de \u00e1gua saturando o ar, promovendo redu\u00e7\u00e3o adicional de temperatura.<\/p>\n<p><strong>Benef\u00edcios<\/strong>:<br \/>\n\u2022 Mant\u00eam a limpeza da \u00e1gua de processo, evitando contamina\u00e7\u00f5es<br \/>\n\u2022 O sistema em circuito fechado de \u00e1gua, reduz os custos de manuten\u00e7\u00e3o, evitando incrusta\u00e7\u00f5es em trocadores de calor, tubula\u00e7\u00f5es e moldes<br \/>\n\u2022 Maior economia de \u00e1gua, visto que n\u00e3o existem perdas por evapora\u00e7\u00e3o<br \/>\n\u2022 Grande redu\u00e7\u00e3o nos custos com tratamento qu\u00edmico da \u00e1gua<br \/>\n\u2022 Mant\u00eam a temperatura de processo constante, por meio de controle eletr\u00f4nico<\/p>\n<\/div>","protected":false},"featured_media":11094,"template":"","tags":[168],"acf":[],"yoast_head":"<title>Aryacool - Grupo Piovan<\/title>\n<meta name=\"robots\" content=\"index, follow, max-snippet:-1, max-image-preview:large, max-video-preview:-1\" \/>\n<link rel=\"canonical\" href=\"https:\/\/www.piovan.com\/pt\/product\/aryacool-sa\/\" \/>\n<meta property=\"og:locale\" content=\"pt_PT\" \/>\n<meta property=\"og:type\" content=\"article\" \/>\n<meta property=\"og:title\" content=\"Aryacool - PiovanGroup\" \/>\n<meta property=\"og:description\" content=\"El Aryacool de Thermal Care, ofrece innumerables ventajas para el proceso de refrigeraci\u00f3n de agua industrial. Con un proceso inteligente, a trav\u00e9s del enfriamiento de agua en circuito cerrado, garantiza temperaturas constantes y uniformes, sin desperdicio de agua y con bajos costos operativos. Disponible en dos versiones, para adecuaci\u00f3n plena a diferentes tipos de procesos, el Aryacool ofrece un \u00f3ptimo control de proceso de manera sustentable. \u2022 Sistema Seco: utiliza intercambiadores de calor de alta eficiencia, asegurando temperatura de agua [&hellip;]\" \/>\n<meta property=\"og:url\" content=\"https:\/\/www.piovan.com\/pt\/product\/aryacool-sa\/\" \/>\n<meta property=\"og:site_name\" content=\"PiovanGroup\" \/>\n<meta property=\"article:modified_time\" content=\"2024-01-15T08:13:25+00:00\" \/>\n<meta property=\"og:image\" content=\"https:\/\/www.piovan.com\/wp-content\/uploads\/Aryacool-PT.png\" \/>\n\t<meta property=\"og:image:width\" content=\"1200\" \/>\n\t<meta property=\"og:image:height\" content=\"1560\" \/>\n\t<meta property=\"og:image:type\" content=\"image\/png\" \/>\n<meta name=\"twitter:card\" content=\"summary_large_image\" \/>\n<script type=\"application\/ld+json\" class=\"yoast-schema-graph\">{\"@context\":\"https:\/\/schema.org\",\"@graph\":[{\"@type\":\"WebPage\",\"@id\":\"https:\/\/www.piovan.com\/product\/aryacool-sa\/\",\"url\":\"https:\/\/www.piovan.com\/product\/aryacool-sa\/\",\"name\":\"Aryacool - PiovanGroup\",\"isPartOf\":{\"@id\":\"https:\/\/www.piovan.com\/#website\"},\"datePublished\":\"2021-12-05T14:18:23+00:00\",\"dateModified\":\"2024-01-15T08:13:25+00:00\",\"breadcrumb\":{\"@id\":\"https:\/\/www.piovan.com\/product\/aryacool-sa\/#breadcrumb\"},\"inLanguage\":\"pt-PT\",\"potentialAction\":[{\"@type\":\"ReadAction\",\"target\":[\"https:\/\/www.piovan.com\/product\/aryacool-sa\/\"]}]},{\"@type\":\"BreadcrumbList\",\"@id\":\"https:\/\/www.piovan.com\/product\/aryacool-sa\/#breadcrumb\",\"itemListElement\":[{\"@type\":\"ListItem\",\"position\":1,\"name\":\"Home\",\"item\":\"https:\/\/www.piovan.com\/\"},{\"@type\":\"ListItem\",\"position\":2,\"name\":\"Industrial cooling\",\"item\":\"https:\/\/www.piovan.com\/pt\/products\/resfriamento-industrial\/\"},{\"@type\":\"ListItem\",\"position\":3,\"name\":\"Dry Coolers\",\"item\":\"https:\/\/www.piovan.com\/pt\/products\/resfriamento-industrial\/dry-coolers\/\"},{\"@type\":\"ListItem\",\"position\":4,\"name\":\"Aryacool\"}]},{\"@type\":\"WebSite\",\"@id\":\"https:\/\/www.piovan.com\/#website\",\"url\":\"https:\/\/www.piovan.com\/\",\"name\":\"PiovanGroup\",\"description\":\"\",\"publisher\":{\"@id\":\"https:\/\/www.piovan.com\/#organization\"},\"potentialAction\":[{\"@type\":\"SearchAction\",\"target\":{\"@type\":\"EntryPoint\",\"urlTemplate\":\"https:\/\/www.piovan.com\/?s={search_term_string}\"},\"query-input\":\"required name=search_term_string\"}],\"inLanguage\":\"pt-PT\"},{\"@type\":\"Organization\",\"@id\":\"https:\/\/www.piovan.com\/#organization\",\"name\":\"PiovanGroup\",\"url\":\"https:\/\/www.piovan.com\/\",\"logo\":{\"@type\":\"ImageObject\",\"inLanguage\":\"pt-PT\",\"@id\":\"https:\/\/www.piovan.com\/#\/schema\/logo\/image\/\",\"url\":\"https:\/\/www.piovan.com\/wp-content\/uploads\/2021\/06\/logo@2x.png\",\"contentUrl\":\"https:\/\/www.piovan.com\/wp-content\/uploads\/2021\/06\/logo@2x.png\",\"width\":489,\"height\":78,\"caption\":\"PiovanGroup\"},\"image\":{\"@id\":\"https:\/\/www.piovan.com\/#\/schema\/logo\/image\/\"}}]}<\/script>","yoast_head_json":{"title":"Aryacool - Grupo Piovan","robots":{"index":"index","follow":"follow","max-snippet":"max-snippet:-1","max-image-preview":"max-image-preview:large","max-video-preview":"max-video-preview:-1"},"canonical":"https:\/\/www.piovan.com\/pt\/product\/aryacool-sa\/","og_locale":"pt_PT","og_type":"article","og_title":"Aryacool - PiovanGroup","og_description":"El Aryacool de Thermal Care, ofrece innumerables ventajas para el proceso de refrigeraci\u00f3n de agua industrial. Con un proceso inteligente, a trav\u00e9s del enfriamiento de agua en circuito cerrado, garantiza temperaturas constantes y uniformes, sin desperdicio de agua y con bajos costos operativos. Disponible en dos versiones, para adecuaci\u00f3n plena a diferentes tipos de procesos, el Aryacool ofrece un \u00f3ptimo control de proceso de manera sustentable. \u2022 Sistema Seco: utiliza intercambiadores de calor de alta eficiencia, asegurando temperatura de agua [&hellip;]","og_url":"https:\/\/www.piovan.com\/pt\/product\/aryacool-sa\/","og_site_name":"PiovanGroup","article_modified_time":"2024-01-15T08:13:25+00:00","og_image":[{"width":1200,"height":1560,"url":"https:\/\/www.piovan.com\/wp-content\/uploads\/Aryacool-PT.png","type":"image\/png"}],"twitter_card":"summary_large_image","schema":{"@context":"https:\/\/schema.org","@graph":[{"@type":"WebPage","@id":"https:\/\/www.piovan.com\/product\/aryacool-sa\/","url":"https:\/\/www.piovan.com\/product\/aryacool-sa\/","name":"Aryacool - PiovanGroup","isPartOf":{"@id":"https:\/\/www.piovan.com\/#website"},"datePublished":"2021-12-05T14:18:23+00:00","dateModified":"2024-01-15T08:13:25+00:00","breadcrumb":{"@id":"https:\/\/www.piovan.com\/product\/aryacool-sa\/#breadcrumb"},"inLanguage":"pt-PT","potentialAction":[{"@type":"ReadAction","target":["https:\/\/www.piovan.com\/product\/aryacool-sa\/"]}]},{"@type":"BreadcrumbList","@id":"https:\/\/www.piovan.com\/product\/aryacool-sa\/#breadcrumb","itemListElement":[{"@type":"ListItem","position":1,"name":"Home","item":"https:\/\/www.piovan.com\/"},{"@type":"ListItem","position":2,"name":"Industrial cooling","item":"https:\/\/www.piovan.com\/pt\/products\/resfriamento-industrial\/"},{"@type":"ListItem","position":3,"name":"Dry Coolers","item":"https:\/\/www.piovan.com\/pt\/products\/resfriamento-industrial\/dry-coolers\/"},{"@type":"ListItem","position":4,"name":"Aryacool"}]},{"@type":"WebSite","@id":"https:\/\/www.piovan.com\/#website","url":"https:\/\/www.piovan.com\/","name":"PiovanGroup","description":"","publisher":{"@id":"https:\/\/www.piovan.com\/#organization"},"potentialAction":[{"@type":"SearchAction","target":{"@type":"EntryPoint","urlTemplate":"https:\/\/www.piovan.com\/?s={search_term_string}"},"query-input":"required name=search_term_string"}],"inLanguage":"pt-PT"},{"@type":"Organization","@id":"https:\/\/www.piovan.com\/#organization","name":"PiovanGroup","url":"https:\/\/www.piovan.com\/","logo":{"@type":"ImageObject","inLanguage":"pt-PT","@id":"https:\/\/www.piovan.com\/#\/schema\/logo\/image\/","url":"https:\/\/www.piovan.com\/wp-content\/uploads\/2021\/06\/logo@2x.png","contentUrl":"https:\/\/www.piovan.com\/wp-content\/uploads\/2021\/06\/logo@2x.png","width":489,"height":78,"caption":"PiovanGroup"},"image":{"@id":"https:\/\/www.piovan.com\/#\/schema\/logo\/image\/"}}]}},"_links":{"self":[{"href":"https:\/\/www.piovan.com\/pt\/wp-json\/wp\/v2\/product\/5628"}],"collection":[{"href":"https:\/\/www.piovan.com\/pt\/wp-json\/wp\/v2\/product"}],"about":[{"href":"https:\/\/www.piovan.com\/pt\/wp-json\/wp\/v2\/types\/product"}],"version-history":[{"count":3,"href":"https:\/\/www.piovan.com\/pt\/wp-json\/wp\/v2\/product\/5628\/revisions"}],"predecessor-version":[{"id":11392,"href":"https:\/\/www.piovan.com\/pt\/wp-json\/wp\/v2\/product\/5628\/revisions\/11392"}],"wp:featuredmedia":[{"embeddable":true,"href":"https:\/\/www.piovan.com\/pt\/wp-json\/wp\/v2\/media\/11094"}],"wp:attachment":[{"href":"https:\/\/www.piovan.com\/pt\/wp-json\/wp\/v2\/media?parent=5628"}],"wp:term":[{"taxonomy":"post_tag","embeddable":true,"href":"https:\/\/www.piovan.com\/pt\/wp-json\/wp\/v2\/tags?post=5628"}],"curies":[{"name":"wp","href":"https:\/\/api.w.org\/{rel}","templated":true}]}}