{"id":5137,"date":"2021-11-12T16:51:18","date_gmt":"2021-11-12T15:51:18","guid":{"rendered":"https:\/\/www.piovan.com\/product\/mobiledewp-2\/"},"modified":"2025-02-26T16:57:29","modified_gmt":"2025-02-26T15:57:29","slug":"moisture-minder","status":"publish","type":"product","link":"https:\/\/www.piovan.com\/pt\/product\/moisture-minder\/","title":{"rendered":"Moisture Minder"},"content":{"rendered":"<p>Moisture Minder \u00e9 a solu\u00e7\u00e3o para a medi\u00e7\u00e3o em linha da umidade nos gr\u00e2nulos em pl\u00e1stico. Est\u00e3o dispon\u00edveis dois modelos:<\/p>\n<p>Moisture Minder monitora de forma cont\u00ednua a evolu\u00e7\u00e3o do teor da umidade residual, eliminando perdas de tempo entre uma amostra e a pr\u00f3xima, e permitindo a ado\u00e7\u00e3o imediata de medidas corretivas.<br \/>\nA an\u00e1lise \u00e9 realizada automaticamente pelo Moisture Minder sem qualquer interven\u00e7\u00e3o do operador e sem a necessidade de pessoal com habilidades espec\u00edficas. A \u00fanica tarefa do operador \u00e9 selecionar o material correto do banco de dados interno.<\/p>\n<p>Moisture Minder pode ser utilizado com uma ampla gama de materiais e o sistema de controle inclui muitas curvas de calibra\u00e7\u00e3o pr\u00e9-carregadas.<\/p>\n<p>Permite a completa rastreabilidade e o monitoramento do processo de produ\u00e7\u00e3o. Se integrado com o software Winfactory 4.0, as medi\u00e7\u00f5es realizadas com Moisture Minder podem\nser memorizadas por at\u00e9 10 anos. Os usu\u00e1rios podem implementar um sistema de qualidade com relat\u00f3rios gerados automaticamente e a\u00e7\u00f5es corretivas quase em tempo real.<\/p>","protected":false},"featured_media":13749,"template":"","tags":[108],"acf":[],"yoast_head":"<title>Moisture Minder - Grupo Piovan<\/title>\n<meta name=\"robots\" content=\"index, follow, max-snippet:-1, max-image-preview:large, max-video-preview:-1\" \/>\n<link rel=\"canonical\" href=\"https:\/\/www.piovan.com\/pt\/product\/moisture-minder\/\" \/>\n<meta property=\"og:locale\" content=\"pt_PT\" \/>\n<meta property=\"og:type\" content=\"article\" \/>\n<meta property=\"og:title\" content=\"Moisture Minder - PiovanGroup\" \/>\n<meta property=\"og:description\" content=\"Moisture Minder is the solution for the in-line measurement of the moisture in the plastic granules. Two models are available: \u2022 M5 designed especially for after-drying PET applications \u2022 M100, with a multi-purpose configuration, for a wide range of polymers or for pre-drying measurements. Moisture Minder can be used with a wide range of materials and its control includes many pre-loaded calibration curves. It allows complete traceability and monitoring of the production process. With integration with Winfactory 4.0, the measurements [&hellip;]\" \/>\n<meta property=\"og:url\" content=\"https:\/\/www.piovan.com\/pt\/product\/moisture-minder\/\" \/>\n<meta property=\"og:site_name\" content=\"PiovanGroup\" \/>\n<meta property=\"article:modified_time\" content=\"2025-02-26T15:57:29+00:00\" \/>\n<meta property=\"og:image\" content=\"https:\/\/www.piovan.com\/wp-content\/uploads\/Moisture-Minder.png\" \/>\n\t<meta property=\"og:image:width\" content=\"1200\" \/>\n\t<meta property=\"og:image:height\" content=\"1560\" \/>\n\t<meta property=\"og:image:type\" content=\"image\/png\" \/>\n<meta name=\"twitter:card\" content=\"summary_large_image\" \/>\n<script type=\"application\/ld+json\" class=\"yoast-schema-graph\">{\"@context\":\"https:\/\/schema.org\",\"@graph\":[{\"@type\":\"WebPage\",\"@id\":\"https:\/\/www.piovan.com\/product\/moisture-minder\/\",\"url\":\"https:\/\/www.piovan.com\/product\/moisture-minder\/\",\"name\":\"Moisture Minder - PiovanGroup\",\"isPartOf\":{\"@id\":\"https:\/\/www.piovan.com\/#website\"},\"datePublished\":\"2021-11-12T15:51:18+00:00\",\"dateModified\":\"2025-02-26T15:57:29+00:00\",\"breadcrumb\":{\"@id\":\"https:\/\/www.piovan.com\/product\/moisture-minder\/#breadcrumb\"},\"inLanguage\":\"pt-PT\",\"potentialAction\":[{\"@type\":\"ReadAction\",\"target\":[\"https:\/\/www.piovan.com\/product\/moisture-minder\/\"]}]},{\"@type\":\"BreadcrumbList\",\"@id\":\"https:\/\/www.piovan.com\/product\/moisture-minder\/#breadcrumb\",\"itemListElement\":[{\"@type\":\"ListItem\",\"position\":1,\"name\":\"Home\",\"item\":\"https:\/\/www.piovan.com\/\"},{\"@type\":\"ListItem\",\"position\":2,\"name\":\"Plastic\",\"item\":\"https:\/\/www.piovan.com\/pt\/products\/plasticos\/\"},{\"@type\":\"ListItem\",\"position\":3,\"name\":\"Lab-tech\",\"item\":\"https:\/\/www.piovan.com\/pt\/products\/plasticos\/lab-tech\/\"},{\"@type\":\"ListItem\",\"position\":4,\"name\":\"Moisture Minder\"}]},{\"@type\":\"WebSite\",\"@id\":\"https:\/\/www.piovan.com\/#website\",\"url\":\"https:\/\/www.piovan.com\/\",\"name\":\"PiovanGroup\",\"description\":\"\",\"publisher\":{\"@id\":\"https:\/\/www.piovan.com\/#organization\"},\"potentialAction\":[{\"@type\":\"SearchAction\",\"target\":{\"@type\":\"EntryPoint\",\"urlTemplate\":\"https:\/\/www.piovan.com\/?s={search_term_string}\"},\"query-input\":\"required name=search_term_string\"}],\"inLanguage\":\"pt-PT\"},{\"@type\":\"Organization\",\"@id\":\"https:\/\/www.piovan.com\/#organization\",\"name\":\"PiovanGroup\",\"url\":\"https:\/\/www.piovan.com\/\",\"logo\":{\"@type\":\"ImageObject\",\"inLanguage\":\"pt-PT\",\"@id\":\"https:\/\/www.piovan.com\/#\/schema\/logo\/image\/\",\"url\":\"https:\/\/www.piovan.com\/wp-content\/uploads\/2021\/06\/logo@2x.png\",\"contentUrl\":\"https:\/\/www.piovan.com\/wp-content\/uploads\/2021\/06\/logo@2x.png\",\"width\":489,\"height\":78,\"caption\":\"PiovanGroup\"},\"image\":{\"@id\":\"https:\/\/www.piovan.com\/#\/schema\/logo\/image\/\"}}]}<\/script>","yoast_head_json":{"title":"Moisture Minder - Grupo Piovan","robots":{"index":"index","follow":"follow","max-snippet":"max-snippet:-1","max-image-preview":"max-image-preview:large","max-video-preview":"max-video-preview:-1"},"canonical":"https:\/\/www.piovan.com\/pt\/product\/moisture-minder\/","og_locale":"pt_PT","og_type":"article","og_title":"Moisture Minder - PiovanGroup","og_description":"Moisture Minder is the solution for the in-line measurement of the moisture in the plastic granules. Two models are available: \u2022 M5 designed especially for after-drying PET applications \u2022 M100, with a multi-purpose configuration, for a wide range of polymers or for pre-drying measurements. Moisture Minder can be used with a wide range of materials and its control includes many pre-loaded calibration curves. It allows complete traceability and monitoring of the production process. With integration with Winfactory 4.0, the measurements [&hellip;]","og_url":"https:\/\/www.piovan.com\/pt\/product\/moisture-minder\/","og_site_name":"PiovanGroup","article_modified_time":"2025-02-26T15:57:29+00:00","og_image":[{"width":1200,"height":1560,"url":"https:\/\/www.piovan.com\/wp-content\/uploads\/Moisture-Minder.png","type":"image\/png"}],"twitter_card":"summary_large_image","schema":{"@context":"https:\/\/schema.org","@graph":[{"@type":"WebPage","@id":"https:\/\/www.piovan.com\/product\/moisture-minder\/","url":"https:\/\/www.piovan.com\/product\/moisture-minder\/","name":"Moisture Minder - PiovanGroup","isPartOf":{"@id":"https:\/\/www.piovan.com\/#website"},"datePublished":"2021-11-12T15:51:18+00:00","dateModified":"2025-02-26T15:57:29+00:00","breadcrumb":{"@id":"https:\/\/www.piovan.com\/product\/moisture-minder\/#breadcrumb"},"inLanguage":"pt-PT","potentialAction":[{"@type":"ReadAction","target":["https:\/\/www.piovan.com\/product\/moisture-minder\/"]}]},{"@type":"BreadcrumbList","@id":"https:\/\/www.piovan.com\/product\/moisture-minder\/#breadcrumb","itemListElement":[{"@type":"ListItem","position":1,"name":"Home","item":"https:\/\/www.piovan.com\/"},{"@type":"ListItem","position":2,"name":"Plastic","item":"https:\/\/www.piovan.com\/pt\/products\/plasticos\/"},{"@type":"ListItem","position":3,"name":"Lab-tech","item":"https:\/\/www.piovan.com\/pt\/products\/plasticos\/lab-tech\/"},{"@type":"ListItem","position":4,"name":"Moisture Minder"}]},{"@type":"WebSite","@id":"https:\/\/www.piovan.com\/#website","url":"https:\/\/www.piovan.com\/","name":"PiovanGroup","description":"","publisher":{"@id":"https:\/\/www.piovan.com\/#organization"},"potentialAction":[{"@type":"SearchAction","target":{"@type":"EntryPoint","urlTemplate":"https:\/\/www.piovan.com\/?s={search_term_string}"},"query-input":"required name=search_term_string"}],"inLanguage":"pt-PT"},{"@type":"Organization","@id":"https:\/\/www.piovan.com\/#organization","name":"PiovanGroup","url":"https:\/\/www.piovan.com\/","logo":{"@type":"ImageObject","inLanguage":"pt-PT","@id":"https:\/\/www.piovan.com\/#\/schema\/logo\/image\/","url":"https:\/\/www.piovan.com\/wp-content\/uploads\/2021\/06\/logo@2x.png","contentUrl":"https:\/\/www.piovan.com\/wp-content\/uploads\/2021\/06\/logo@2x.png","width":489,"height":78,"caption":"PiovanGroup"},"image":{"@id":"https:\/\/www.piovan.com\/#\/schema\/logo\/image\/"}}]}},"_links":{"self":[{"href":"https:\/\/www.piovan.com\/pt\/wp-json\/wp\/v2\/product\/5137"}],"collection":[{"href":"https:\/\/www.piovan.com\/pt\/wp-json\/wp\/v2\/product"}],"about":[{"href":"https:\/\/www.piovan.com\/pt\/wp-json\/wp\/v2\/types\/product"}],"version-history":[{"count":3,"href":"https:\/\/www.piovan.com\/pt\/wp-json\/wp\/v2\/product\/5137\/revisions"}],"predecessor-version":[{"id":14579,"href":"https:\/\/www.piovan.com\/pt\/wp-json\/wp\/v2\/product\/5137\/revisions\/14579"}],"wp:featuredmedia":[{"embeddable":true,"href":"https:\/\/www.piovan.com\/pt\/wp-json\/wp\/v2\/media\/13749"}],"wp:attachment":[{"href":"https:\/\/www.piovan.com\/pt\/wp-json\/wp\/v2\/media?parent=5137"}],"wp:term":[{"taxonomy":"post_tag","embeddable":true,"href":"https:\/\/www.piovan.com\/pt\/wp-json\/wp\/v2\/tags?post=5137"}],"curies":[{"name":"wp","href":"https:\/\/api.w.org\/{rel}","templated":true}]}}