{"id":5131,"date":"2021-11-12T16:44:16","date_gmt":"2021-11-12T15:44:16","guid":{"rendered":"https:\/\/www.piovan.com\/product\/inspecta-2\/"},"modified":"2025-02-26T17:14:36","modified_gmt":"2025-02-26T16:14:36","slug":"mobiledewp","status":"publish","type":"product","link":"https:\/\/www.piovan.com\/pt\/product\/mobiledewp\/","title":{"rendered":"MobileDewP"},"content":{"rendered":"<div class=\"page\" title=\"Page 72\">\n<div class=\"section\">\n<div class=\"layoutArea\">\n<div class=\"column\">\n<p>MobileDewP \u00e9 facilmente transport\u00e1vel e pode ser utilizado com muitas m\u00e1quinas diferentes, sem a necessidade de executar nenhuma configura\u00e7\u00e3o\npreliminar. \u00c9 extremamente f\u00e1cil de usar e os resultados s\u00e3o imediatos.<\/p>\n<p>O MobileDewP \u00e9 facilmente transport\u00e1vel e pode ser usado em diferentes tipos de m\u00e1quinas, sem a necessidade de qualquer configura\u00e7\u00e3o preliminar. \u00c9 extremamente simples de usar, e uma vez conectado ao processo, permite leitura imediata.<\/p>\n<p>MobileDewP \u00e9 fornecido com acess\u00f3rios e pronto para o uso. A embalagem inclui: tubo de conex\u00e3o, alimentador e estojo protetivo para um uso f\u00e1cil\ne seguro. Todos os instrumentos s\u00e3o testados em f\u00e1brica e s\u00e3o acompanhados por um certificado de calibragem.<\/p>\n<\/div>\n<\/div>\n<\/div>\n<\/div>","protected":false},"featured_media":14581,"template":"","tags":[108],"acf":[],"yoast_head":"<title>MobileDewP - Grupo Piovan<\/title>\n<meta name=\"robots\" content=\"index, follow, max-snippet:-1, max-image-preview:large, max-video-preview:-1\" \/>\n<link rel=\"canonical\" href=\"https:\/\/www.piovan.com\/pt\/product\/mobiledewp\/\" \/>\n<meta property=\"og:locale\" content=\"pt_PT\" \/>\n<meta property=\"og:type\" content=\"article\" \/>\n<meta property=\"og:title\" content=\"MobileDewP - PiovanGroup\" \/>\n<meta property=\"og:description\" content=\"MobileDewP is the portable sensor for measuring the DewPoint of the process air in the drying systems. It can be easily connected to the drying circuit to check periodically the performance and effectiveness of the system. MobileDewP is easily portable and can be used for many different machines, without the necessity of any preliminary setting. It is very easy to use and the results immediate. MobileDewP is supplied complete with ancillary equipment and ready to use. The package includes: connecting [&hellip;]\" \/>\n<meta property=\"og:url\" content=\"https:\/\/www.piovan.com\/pt\/product\/mobiledewp\/\" \/>\n<meta property=\"og:site_name\" content=\"PiovanGroup\" \/>\n<meta property=\"article:modified_time\" content=\"2025-02-26T16:14:36+00:00\" \/>\n<meta property=\"og:image\" content=\"https:\/\/www.piovan.com\/wp-content\/uploads\/MobileDewPoint.png\" \/>\n\t<meta property=\"og:image:width\" content=\"1200\" \/>\n\t<meta property=\"og:image:height\" content=\"1560\" \/>\n\t<meta property=\"og:image:type\" content=\"image\/png\" \/>\n<meta name=\"twitter:card\" content=\"summary_large_image\" \/>\n<script type=\"application\/ld+json\" class=\"yoast-schema-graph\">{\"@context\":\"https:\/\/schema.org\",\"@graph\":[{\"@type\":\"WebPage\",\"@id\":\"https:\/\/www.piovan.com\/product\/mobiledewp\/\",\"url\":\"https:\/\/www.piovan.com\/product\/mobiledewp\/\",\"name\":\"MobileDewP - PiovanGroup\",\"isPartOf\":{\"@id\":\"https:\/\/www.piovan.com\/#website\"},\"datePublished\":\"2021-11-12T15:44:16+00:00\",\"dateModified\":\"2025-02-26T16:14:36+00:00\",\"breadcrumb\":{\"@id\":\"https:\/\/www.piovan.com\/product\/mobiledewp\/#breadcrumb\"},\"inLanguage\":\"pt-PT\",\"potentialAction\":[{\"@type\":\"ReadAction\",\"target\":[\"https:\/\/www.piovan.com\/product\/mobiledewp\/\"]}]},{\"@type\":\"BreadcrumbList\",\"@id\":\"https:\/\/www.piovan.com\/product\/mobiledewp\/#breadcrumb\",\"itemListElement\":[{\"@type\":\"ListItem\",\"position\":1,\"name\":\"Home\",\"item\":\"https:\/\/www.piovan.com\/\"},{\"@type\":\"ListItem\",\"position\":2,\"name\":\"Plastic\",\"item\":\"https:\/\/www.piovan.com\/pt\/products\/plasticos\/\"},{\"@type\":\"ListItem\",\"position\":3,\"name\":\"Lab-tech\",\"item\":\"https:\/\/www.piovan.com\/pt\/products\/plasticos\/lab-tech\/\"},{\"@type\":\"ListItem\",\"position\":4,\"name\":\"MobileDewP\"}]},{\"@type\":\"WebSite\",\"@id\":\"https:\/\/www.piovan.com\/#website\",\"url\":\"https:\/\/www.piovan.com\/\",\"name\":\"PiovanGroup\",\"description\":\"\",\"publisher\":{\"@id\":\"https:\/\/www.piovan.com\/#organization\"},\"potentialAction\":[{\"@type\":\"SearchAction\",\"target\":{\"@type\":\"EntryPoint\",\"urlTemplate\":\"https:\/\/www.piovan.com\/?s={search_term_string}\"},\"query-input\":\"required name=search_term_string\"}],\"inLanguage\":\"pt-PT\"},{\"@type\":\"Organization\",\"@id\":\"https:\/\/www.piovan.com\/#organization\",\"name\":\"PiovanGroup\",\"url\":\"https:\/\/www.piovan.com\/\",\"logo\":{\"@type\":\"ImageObject\",\"inLanguage\":\"pt-PT\",\"@id\":\"https:\/\/www.piovan.com\/#\/schema\/logo\/image\/\",\"url\":\"https:\/\/www.piovan.com\/wp-content\/uploads\/2021\/06\/logo@2x.png\",\"contentUrl\":\"https:\/\/www.piovan.com\/wp-content\/uploads\/2021\/06\/logo@2x.png\",\"width\":489,\"height\":78,\"caption\":\"PiovanGroup\"},\"image\":{\"@id\":\"https:\/\/www.piovan.com\/#\/schema\/logo\/image\/\"}}]}<\/script>","yoast_head_json":{"title":"MobileDewP - Grupo Piovan","robots":{"index":"index","follow":"follow","max-snippet":"max-snippet:-1","max-image-preview":"max-image-preview:large","max-video-preview":"max-video-preview:-1"},"canonical":"https:\/\/www.piovan.com\/pt\/product\/mobiledewp\/","og_locale":"pt_PT","og_type":"article","og_title":"MobileDewP - PiovanGroup","og_description":"MobileDewP is the portable sensor for measuring the DewPoint of the process air in the drying systems. It can be easily connected to the drying circuit to check periodically the performance and effectiveness of the system. MobileDewP is easily portable and can be used for many different machines, without the necessity of any preliminary setting. It is very easy to use and the results immediate. MobileDewP is supplied complete with ancillary equipment and ready to use. The package includes: connecting [&hellip;]","og_url":"https:\/\/www.piovan.com\/pt\/product\/mobiledewp\/","og_site_name":"PiovanGroup","article_modified_time":"2025-02-26T16:14:36+00:00","og_image":[{"width":1200,"height":1560,"url":"https:\/\/www.piovan.com\/wp-content\/uploads\/MobileDewPoint.png","type":"image\/png"}],"twitter_card":"summary_large_image","schema":{"@context":"https:\/\/schema.org","@graph":[{"@type":"WebPage","@id":"https:\/\/www.piovan.com\/product\/mobiledewp\/","url":"https:\/\/www.piovan.com\/product\/mobiledewp\/","name":"MobileDewP - PiovanGroup","isPartOf":{"@id":"https:\/\/www.piovan.com\/#website"},"datePublished":"2021-11-12T15:44:16+00:00","dateModified":"2025-02-26T16:14:36+00:00","breadcrumb":{"@id":"https:\/\/www.piovan.com\/product\/mobiledewp\/#breadcrumb"},"inLanguage":"pt-PT","potentialAction":[{"@type":"ReadAction","target":["https:\/\/www.piovan.com\/product\/mobiledewp\/"]}]},{"@type":"BreadcrumbList","@id":"https:\/\/www.piovan.com\/product\/mobiledewp\/#breadcrumb","itemListElement":[{"@type":"ListItem","position":1,"name":"Home","item":"https:\/\/www.piovan.com\/"},{"@type":"ListItem","position":2,"name":"Plastic","item":"https:\/\/www.piovan.com\/pt\/products\/plasticos\/"},{"@type":"ListItem","position":3,"name":"Lab-tech","item":"https:\/\/www.piovan.com\/pt\/products\/plasticos\/lab-tech\/"},{"@type":"ListItem","position":4,"name":"MobileDewP"}]},{"@type":"WebSite","@id":"https:\/\/www.piovan.com\/#website","url":"https:\/\/www.piovan.com\/","name":"PiovanGroup","description":"","publisher":{"@id":"https:\/\/www.piovan.com\/#organization"},"potentialAction":[{"@type":"SearchAction","target":{"@type":"EntryPoint","urlTemplate":"https:\/\/www.piovan.com\/?s={search_term_string}"},"query-input":"required name=search_term_string"}],"inLanguage":"pt-PT"},{"@type":"Organization","@id":"https:\/\/www.piovan.com\/#organization","name":"PiovanGroup","url":"https:\/\/www.piovan.com\/","logo":{"@type":"ImageObject","inLanguage":"pt-PT","@id":"https:\/\/www.piovan.com\/#\/schema\/logo\/image\/","url":"https:\/\/www.piovan.com\/wp-content\/uploads\/2021\/06\/logo@2x.png","contentUrl":"https:\/\/www.piovan.com\/wp-content\/uploads\/2021\/06\/logo@2x.png","width":489,"height":78,"caption":"PiovanGroup"},"image":{"@id":"https:\/\/www.piovan.com\/#\/schema\/logo\/image\/"}}]}},"_links":{"self":[{"href":"https:\/\/www.piovan.com\/pt\/wp-json\/wp\/v2\/product\/5131"}],"collection":[{"href":"https:\/\/www.piovan.com\/pt\/wp-json\/wp\/v2\/product"}],"about":[{"href":"https:\/\/www.piovan.com\/pt\/wp-json\/wp\/v2\/types\/product"}],"version-history":[{"count":2,"href":"https:\/\/www.piovan.com\/pt\/wp-json\/wp\/v2\/product\/5131\/revisions"}],"predecessor-version":[{"id":14587,"href":"https:\/\/www.piovan.com\/pt\/wp-json\/wp\/v2\/product\/5131\/revisions\/14587"}],"wp:featuredmedia":[{"embeddable":true,"href":"https:\/\/www.piovan.com\/pt\/wp-json\/wp\/v2\/media\/14581"}],"wp:attachment":[{"href":"https:\/\/www.piovan.com\/pt\/wp-json\/wp\/v2\/media?parent=5131"}],"wp:term":[{"taxonomy":"post_tag","embeddable":true,"href":"https:\/\/www.piovan.com\/pt\/wp-json\/wp\/v2\/tags?post=5131"}],"curies":[{"name":"wp","href":"https:\/\/api.w.org\/{rel}","templated":true}]}}