{"id":5108,"date":"2021-11-11T17:38:28","date_gmt":"2021-11-11T16:38:28","guid":{"rendered":"https:\/\/www.piovan.com\/product\/n55-n60-2\/"},"modified":"2024-10-04T15:54:31","modified_gmt":"2024-10-04T13:54:31","slug":"b-s30","status":"publish","type":"product","link":"https:\/\/www.piovan.com\/pt\/product\/b-s30\/","title":{"rendered":"B-S30"},"content":{"rendered":"<p>A s\u00e9rie B-S30 \u00e9 adequada para uma ampla gama de aplica\u00e7\u00f5es, gra\u00e7as \u00e0 constru\u00e7\u00e3o robusta e ao corte tipo \u201ctesoura\u201d altamente eficiente, com dupla inclina\u00e7\u00e3o que reduz tamb\u00e9m o aquecimento e a gera\u00e7\u00e3o de p\u00f3.<\/p>\n<p>As opera\u00e7\u00f5es de limpeza e manuten\u00e7\u00e3o podem ser facilmente realizadas gra\u00e7as \u00e0 abertura r\u00e1pida.<\/p>\n<p>Uma ampla gama de op\u00e7\u00f5es de alimenta\u00e7\u00e3o e descarga est\u00e1 dispon\u00edvel para atender aos requisitos do cliente.<\/p>","protected":false},"featured_media":13581,"template":"","tags":[108,41],"acf":[],"yoast_head":"<title>B-S30 - Grupo Piovan<\/title>\n<meta name=\"robots\" content=\"index, follow, max-snippet:-1, max-image-preview:large, max-video-preview:-1\" \/>\n<link rel=\"canonical\" href=\"https:\/\/www.piovan.com\/pt\/product\/b-s30\/\" \/>\n<meta property=\"og:locale\" content=\"pt_PT\" \/>\n<meta property=\"og:type\" content=\"article\" \/>\n<meta property=\"og:title\" content=\"B-S30 - PiovanGroup\" \/>\n<meta property=\"og:description\" content=\"B-S30 series is suitable for a wide range of applications thanks to the robust construction and the highly efficient \u201cscissor\u201d cutting, with double inclination that reduces also heating and dust generation. The cleaning and maintenance operations can be easily performed thanks to the quick opening. A wide range of feed and discharge options are available to meet customer\u2019s requirements.\" \/>\n<meta property=\"og:url\" content=\"https:\/\/www.piovan.com\/pt\/product\/b-s30\/\" \/>\n<meta property=\"og:site_name\" content=\"PiovanGroup\" \/>\n<meta property=\"article:modified_time\" content=\"2024-10-04T13:54:31+00:00\" \/>\n<meta property=\"og:image\" content=\"https:\/\/www.piovan.com\/wp-content\/uploads\/S30.png\" \/>\n\t<meta property=\"og:image:width\" content=\"1200\" \/>\n\t<meta property=\"og:image:height\" content=\"1560\" \/>\n\t<meta property=\"og:image:type\" content=\"image\/png\" \/>\n<meta name=\"twitter:card\" content=\"summary_large_image\" \/>\n<script type=\"application\/ld+json\" class=\"yoast-schema-graph\">{\"@context\":\"https:\/\/schema.org\",\"@graph\":[{\"@type\":\"WebPage\",\"@id\":\"https:\/\/www.piovan.com\/product\/b-s30\/\",\"url\":\"https:\/\/www.piovan.com\/product\/b-s30\/\",\"name\":\"B-S30 - PiovanGroup\",\"isPartOf\":{\"@id\":\"https:\/\/www.piovan.com\/#website\"},\"datePublished\":\"2021-11-11T16:38:28+00:00\",\"dateModified\":\"2024-10-04T13:54:31+00:00\",\"breadcrumb\":{\"@id\":\"https:\/\/www.piovan.com\/product\/b-s30\/#breadcrumb\"},\"inLanguage\":\"pt-PT\",\"potentialAction\":[{\"@type\":\"ReadAction\",\"target\":[\"https:\/\/www.piovan.com\/product\/b-s30\/\"]}]},{\"@type\":\"BreadcrumbList\",\"@id\":\"https:\/\/www.piovan.com\/product\/b-s30\/#breadcrumb\",\"itemListElement\":[{\"@type\":\"ListItem\",\"position\":1,\"name\":\"Home\",\"item\":\"https:\/\/www.piovan.com\/\"},{\"@type\":\"ListItem\",\"position\":2,\"name\":\"Plastic\",\"item\":\"https:\/\/www.piovan.com\/pt\/products\/plasticos\/\"},{\"@type\":\"ListItem\",\"position\":3,\"name\":\"Granulation\",\"item\":\"https:\/\/www.piovan.com\/pt\/products\/plasticos\/granulacao\/\"},{\"@type\":\"ListItem\",\"position\":4,\"name\":\"B-S30\"}]},{\"@type\":\"WebSite\",\"@id\":\"https:\/\/www.piovan.com\/#website\",\"url\":\"https:\/\/www.piovan.com\/\",\"name\":\"PiovanGroup\",\"description\":\"\",\"publisher\":{\"@id\":\"https:\/\/www.piovan.com\/#organization\"},\"potentialAction\":[{\"@type\":\"SearchAction\",\"target\":{\"@type\":\"EntryPoint\",\"urlTemplate\":\"https:\/\/www.piovan.com\/?s={search_term_string}\"},\"query-input\":\"required name=search_term_string\"}],\"inLanguage\":\"pt-PT\"},{\"@type\":\"Organization\",\"@id\":\"https:\/\/www.piovan.com\/#organization\",\"name\":\"PiovanGroup\",\"url\":\"https:\/\/www.piovan.com\/\",\"logo\":{\"@type\":\"ImageObject\",\"inLanguage\":\"pt-PT\",\"@id\":\"https:\/\/www.piovan.com\/#\/schema\/logo\/image\/\",\"url\":\"https:\/\/www.piovan.com\/wp-content\/uploads\/2021\/06\/logo@2x.png\",\"contentUrl\":\"https:\/\/www.piovan.com\/wp-content\/uploads\/2021\/06\/logo@2x.png\",\"width\":489,\"height\":78,\"caption\":\"PiovanGroup\"},\"image\":{\"@id\":\"https:\/\/www.piovan.com\/#\/schema\/logo\/image\/\"}}]}<\/script>","yoast_head_json":{"title":"B-S30 - Grupo Piovan","robots":{"index":"index","follow":"follow","max-snippet":"max-snippet:-1","max-image-preview":"max-image-preview:large","max-video-preview":"max-video-preview:-1"},"canonical":"https:\/\/www.piovan.com\/pt\/product\/b-s30\/","og_locale":"pt_PT","og_type":"article","og_title":"B-S30 - PiovanGroup","og_description":"B-S30 series is suitable for a wide range of applications thanks to the robust construction and the highly efficient \u201cscissor\u201d cutting, with double inclination that reduces also heating and dust generation. The cleaning and maintenance operations can be easily performed thanks to the quick opening. A wide range of feed and discharge options are available to meet customer\u2019s requirements.","og_url":"https:\/\/www.piovan.com\/pt\/product\/b-s30\/","og_site_name":"PiovanGroup","article_modified_time":"2024-10-04T13:54:31+00:00","og_image":[{"width":1200,"height":1560,"url":"https:\/\/www.piovan.com\/wp-content\/uploads\/S30.png","type":"image\/png"}],"twitter_card":"summary_large_image","schema":{"@context":"https:\/\/schema.org","@graph":[{"@type":"WebPage","@id":"https:\/\/www.piovan.com\/product\/b-s30\/","url":"https:\/\/www.piovan.com\/product\/b-s30\/","name":"B-S30 - PiovanGroup","isPartOf":{"@id":"https:\/\/www.piovan.com\/#website"},"datePublished":"2021-11-11T16:38:28+00:00","dateModified":"2024-10-04T13:54:31+00:00","breadcrumb":{"@id":"https:\/\/www.piovan.com\/product\/b-s30\/#breadcrumb"},"inLanguage":"pt-PT","potentialAction":[{"@type":"ReadAction","target":["https:\/\/www.piovan.com\/product\/b-s30\/"]}]},{"@type":"BreadcrumbList","@id":"https:\/\/www.piovan.com\/product\/b-s30\/#breadcrumb","itemListElement":[{"@type":"ListItem","position":1,"name":"Home","item":"https:\/\/www.piovan.com\/"},{"@type":"ListItem","position":2,"name":"Plastic","item":"https:\/\/www.piovan.com\/pt\/products\/plasticos\/"},{"@type":"ListItem","position":3,"name":"Granulation","item":"https:\/\/www.piovan.com\/pt\/products\/plasticos\/granulacao\/"},{"@type":"ListItem","position":4,"name":"B-S30"}]},{"@type":"WebSite","@id":"https:\/\/www.piovan.com\/#website","url":"https:\/\/www.piovan.com\/","name":"PiovanGroup","description":"","publisher":{"@id":"https:\/\/www.piovan.com\/#organization"},"potentialAction":[{"@type":"SearchAction","target":{"@type":"EntryPoint","urlTemplate":"https:\/\/www.piovan.com\/?s={search_term_string}"},"query-input":"required name=search_term_string"}],"inLanguage":"pt-PT"},{"@type":"Organization","@id":"https:\/\/www.piovan.com\/#organization","name":"PiovanGroup","url":"https:\/\/www.piovan.com\/","logo":{"@type":"ImageObject","inLanguage":"pt-PT","@id":"https:\/\/www.piovan.com\/#\/schema\/logo\/image\/","url":"https:\/\/www.piovan.com\/wp-content\/uploads\/2021\/06\/logo@2x.png","contentUrl":"https:\/\/www.piovan.com\/wp-content\/uploads\/2021\/06\/logo@2x.png","width":489,"height":78,"caption":"PiovanGroup"},"image":{"@id":"https:\/\/www.piovan.com\/#\/schema\/logo\/image\/"}}]}},"_links":{"self":[{"href":"https:\/\/www.piovan.com\/pt\/wp-json\/wp\/v2\/product\/5108"}],"collection":[{"href":"https:\/\/www.piovan.com\/pt\/wp-json\/wp\/v2\/product"}],"about":[{"href":"https:\/\/www.piovan.com\/pt\/wp-json\/wp\/v2\/types\/product"}],"version-history":[{"count":3,"href":"https:\/\/www.piovan.com\/pt\/wp-json\/wp\/v2\/product\/5108\/revisions"}],"predecessor-version":[{"id":13585,"href":"https:\/\/www.piovan.com\/pt\/wp-json\/wp\/v2\/product\/5108\/revisions\/13585"}],"wp:featuredmedia":[{"embeddable":true,"href":"https:\/\/www.piovan.com\/pt\/wp-json\/wp\/v2\/media\/13581"}],"wp:attachment":[{"href":"https:\/\/www.piovan.com\/pt\/wp-json\/wp\/v2\/media?parent=5108"}],"wp:term":[{"taxonomy":"post_tag","embeddable":true,"href":"https:\/\/www.piovan.com\/pt\/wp-json\/wp\/v2\/tags?post=5108"}],"curies":[{"name":"wp","href":"https:\/\/api.w.org\/{rel}","templated":true}]}}