{"id":5100,"date":"2021-11-11T17:32:21","date_gmt":"2021-11-11T16:32:21","guid":{"rendered":"https:\/\/www.piovan.com\/product\/kd-2\/"},"modified":"2024-10-07T09:21:49","modified_gmt":"2024-10-07T07:21:49","slug":"n45","status":"publish","type":"product","link":"https:\/\/www.piovan.com\/pt\/product\/n45\/","title":{"rendered":"N45"},"content":{"rendered":"<p>Projetado para aplica\u00e7\u00f5es pesadas, os granuladores da s\u00e9rie N45 podem ser usados para granula\u00e7\u00e3o de pl\u00e1sticos de alta qualidade, assim como para res\u00edduos em geral.<\/p>\n<p>O controle remoto montado em um gabinete separado torna a instala\u00e7\u00e3o mais f\u00e1cil e flex\u00edvel.<\/p>\n<p>O desempenho de corte e efici\u00eancia s\u00e3o garantidos pelo corte tipo tesoura. A s\u00e9rie N45 tamb\u00e9m atende ao mais alto padr\u00e3o de seguran\u00e7a, e \u00e9 totalmente insonorizada para baixo n\u00edvel de ru\u00eddo operacional.<\/p>","protected":false},"featured_media":13593,"template":"","tags":[108,41],"acf":[],"yoast_head":"<title>N45 - Grupo Piovan<\/title>\n<meta name=\"robots\" content=\"index, follow, max-snippet:-1, max-image-preview:large, max-video-preview:-1\" \/>\n<link rel=\"canonical\" href=\"https:\/\/www.piovan.com\/pt\/product\/n45\/\" \/>\n<meta property=\"og:locale\" content=\"pt_PT\" \/>\n<meta property=\"og:type\" content=\"article\" \/>\n<meta property=\"og:title\" content=\"N45 - PiovanGroup\" \/>\n<meta property=\"og:description\" content=\"Designed for heavy duty applications, the N45 series granulators can be used for high-quality granulation of plastic, but also of wastes in general. The remote control mounted in a separated enclosure makes for easier and more flexible installation. The cutting performances and efficiency are guaranteed by the scissor cutting action. The N45 series meets also the highest standard of safety and are fully sound enclosed for low operating noise level.\" \/>\n<meta property=\"og:url\" content=\"https:\/\/www.piovan.com\/pt\/product\/n45\/\" \/>\n<meta property=\"og:site_name\" content=\"PiovanGroup\" \/>\n<meta property=\"article:modified_time\" content=\"2024-10-07T07:21:49+00:00\" \/>\n<meta property=\"og:image\" content=\"https:\/\/www.piovan.com\/wp-content\/uploads\/N45.png\" \/>\n\t<meta property=\"og:image:width\" content=\"1200\" \/>\n\t<meta property=\"og:image:height\" content=\"1560\" \/>\n\t<meta property=\"og:image:type\" content=\"image\/png\" \/>\n<meta name=\"twitter:card\" content=\"summary_large_image\" \/>\n<script type=\"application\/ld+json\" class=\"yoast-schema-graph\">{\"@context\":\"https:\/\/schema.org\",\"@graph\":[{\"@type\":\"WebPage\",\"@id\":\"https:\/\/www.piovan.com\/product\/n45\/\",\"url\":\"https:\/\/www.piovan.com\/product\/n45\/\",\"name\":\"N45 - PiovanGroup\",\"isPartOf\":{\"@id\":\"https:\/\/www.piovan.com\/#website\"},\"datePublished\":\"2021-11-11T16:32:21+00:00\",\"dateModified\":\"2024-10-07T07:21:49+00:00\",\"breadcrumb\":{\"@id\":\"https:\/\/www.piovan.com\/product\/n45\/#breadcrumb\"},\"inLanguage\":\"pt-PT\",\"potentialAction\":[{\"@type\":\"ReadAction\",\"target\":[\"https:\/\/www.piovan.com\/product\/n45\/\"]}]},{\"@type\":\"BreadcrumbList\",\"@id\":\"https:\/\/www.piovan.com\/product\/n45\/#breadcrumb\",\"itemListElement\":[{\"@type\":\"ListItem\",\"position\":1,\"name\":\"Home\",\"item\":\"https:\/\/www.piovan.com\/\"},{\"@type\":\"ListItem\",\"position\":2,\"name\":\"Plastic\",\"item\":\"https:\/\/www.piovan.com\/pt\/products\/plasticos\/\"},{\"@type\":\"ListItem\",\"position\":3,\"name\":\"Granulation\",\"item\":\"https:\/\/www.piovan.com\/pt\/products\/plasticos\/granulacao\/\"},{\"@type\":\"ListItem\",\"position\":4,\"name\":\"N45\"}]},{\"@type\":\"WebSite\",\"@id\":\"https:\/\/www.piovan.com\/#website\",\"url\":\"https:\/\/www.piovan.com\/\",\"name\":\"PiovanGroup\",\"description\":\"\",\"publisher\":{\"@id\":\"https:\/\/www.piovan.com\/#organization\"},\"potentialAction\":[{\"@type\":\"SearchAction\",\"target\":{\"@type\":\"EntryPoint\",\"urlTemplate\":\"https:\/\/www.piovan.com\/?s={search_term_string}\"},\"query-input\":\"required name=search_term_string\"}],\"inLanguage\":\"pt-PT\"},{\"@type\":\"Organization\",\"@id\":\"https:\/\/www.piovan.com\/#organization\",\"name\":\"PiovanGroup\",\"url\":\"https:\/\/www.piovan.com\/\",\"logo\":{\"@type\":\"ImageObject\",\"inLanguage\":\"pt-PT\",\"@id\":\"https:\/\/www.piovan.com\/#\/schema\/logo\/image\/\",\"url\":\"https:\/\/www.piovan.com\/wp-content\/uploads\/2021\/06\/logo@2x.png\",\"contentUrl\":\"https:\/\/www.piovan.com\/wp-content\/uploads\/2021\/06\/logo@2x.png\",\"width\":489,\"height\":78,\"caption\":\"PiovanGroup\"},\"image\":{\"@id\":\"https:\/\/www.piovan.com\/#\/schema\/logo\/image\/\"}}]}<\/script>","yoast_head_json":{"title":"N45 - Grupo Piovan","robots":{"index":"index","follow":"follow","max-snippet":"max-snippet:-1","max-image-preview":"max-image-preview:large","max-video-preview":"max-video-preview:-1"},"canonical":"https:\/\/www.piovan.com\/pt\/product\/n45\/","og_locale":"pt_PT","og_type":"article","og_title":"N45 - PiovanGroup","og_description":"Designed for heavy duty applications, the N45 series granulators can be used for high-quality granulation of plastic, but also of wastes in general. The remote control mounted in a separated enclosure makes for easier and more flexible installation. The cutting performances and efficiency are guaranteed by the scissor cutting action. The N45 series meets also the highest standard of safety and are fully sound enclosed for low operating noise level.","og_url":"https:\/\/www.piovan.com\/pt\/product\/n45\/","og_site_name":"PiovanGroup","article_modified_time":"2024-10-07T07:21:49+00:00","og_image":[{"width":1200,"height":1560,"url":"https:\/\/www.piovan.com\/wp-content\/uploads\/N45.png","type":"image\/png"}],"twitter_card":"summary_large_image","schema":{"@context":"https:\/\/schema.org","@graph":[{"@type":"WebPage","@id":"https:\/\/www.piovan.com\/product\/n45\/","url":"https:\/\/www.piovan.com\/product\/n45\/","name":"N45 - PiovanGroup","isPartOf":{"@id":"https:\/\/www.piovan.com\/#website"},"datePublished":"2021-11-11T16:32:21+00:00","dateModified":"2024-10-07T07:21:49+00:00","breadcrumb":{"@id":"https:\/\/www.piovan.com\/product\/n45\/#breadcrumb"},"inLanguage":"pt-PT","potentialAction":[{"@type":"ReadAction","target":["https:\/\/www.piovan.com\/product\/n45\/"]}]},{"@type":"BreadcrumbList","@id":"https:\/\/www.piovan.com\/product\/n45\/#breadcrumb","itemListElement":[{"@type":"ListItem","position":1,"name":"Home","item":"https:\/\/www.piovan.com\/"},{"@type":"ListItem","position":2,"name":"Plastic","item":"https:\/\/www.piovan.com\/pt\/products\/plasticos\/"},{"@type":"ListItem","position":3,"name":"Granulation","item":"https:\/\/www.piovan.com\/pt\/products\/plasticos\/granulacao\/"},{"@type":"ListItem","position":4,"name":"N45"}]},{"@type":"WebSite","@id":"https:\/\/www.piovan.com\/#website","url":"https:\/\/www.piovan.com\/","name":"PiovanGroup","description":"","publisher":{"@id":"https:\/\/www.piovan.com\/#organization"},"potentialAction":[{"@type":"SearchAction","target":{"@type":"EntryPoint","urlTemplate":"https:\/\/www.piovan.com\/?s={search_term_string}"},"query-input":"required name=search_term_string"}],"inLanguage":"pt-PT"},{"@type":"Organization","@id":"https:\/\/www.piovan.com\/#organization","name":"PiovanGroup","url":"https:\/\/www.piovan.com\/","logo":{"@type":"ImageObject","inLanguage":"pt-PT","@id":"https:\/\/www.piovan.com\/#\/schema\/logo\/image\/","url":"https:\/\/www.piovan.com\/wp-content\/uploads\/2021\/06\/logo@2x.png","contentUrl":"https:\/\/www.piovan.com\/wp-content\/uploads\/2021\/06\/logo@2x.png","width":489,"height":78,"caption":"PiovanGroup"},"image":{"@id":"https:\/\/www.piovan.com\/#\/schema\/logo\/image\/"}}]}},"_links":{"self":[{"href":"https:\/\/www.piovan.com\/pt\/wp-json\/wp\/v2\/product\/5100"}],"collection":[{"href":"https:\/\/www.piovan.com\/pt\/wp-json\/wp\/v2\/product"}],"about":[{"href":"https:\/\/www.piovan.com\/pt\/wp-json\/wp\/v2\/types\/product"}],"version-history":[{"count":3,"href":"https:\/\/www.piovan.com\/pt\/wp-json\/wp\/v2\/product\/5100\/revisions"}],"predecessor-version":[{"id":13595,"href":"https:\/\/www.piovan.com\/pt\/wp-json\/wp\/v2\/product\/5100\/revisions\/13595"}],"wp:featuredmedia":[{"embeddable":true,"href":"https:\/\/www.piovan.com\/pt\/wp-json\/wp\/v2\/media\/13593"}],"wp:attachment":[{"href":"https:\/\/www.piovan.com\/pt\/wp-json\/wp\/v2\/media?parent=5100"}],"wp:term":[{"taxonomy":"post_tag","embeddable":true,"href":"https:\/\/www.piovan.com\/pt\/wp-json\/wp\/v2\/tags?post=5100"}],"curies":[{"name":"wp","href":"https:\/\/api.w.org\/{rel}","templated":true}]}}