{"id":5082,"date":"2021-11-11T16:12:11","date_gmt":"2021-11-11T15:12:11","guid":{"rendered":"https:\/\/www.piovan.com\/product\/g17-series-2\/"},"modified":"2024-10-04T15:10:55","modified_gmt":"2024-10-04T13:10:55","slug":"g25","status":"publish","type":"product","link":"https:\/\/www.piovan.com\/pt\/product\/g25\/","title":{"rendered":"G25"},"content":{"rendered":"<p>A s\u00e9rie G25 foi projetada especialmente para instala\u00e7\u00e3o ao lado da IMM; as facas rotativas ajust\u00e1veis garantem efici\u00eancia, qualidade de corte e redu\u00e7\u00e3o do ru\u00eddo.<\/p>\n<p>A s\u00e9rie G25 inclui m\u00e1quinas vers\u00e1teis, que podem ser facilmente instaladas e integradas nos sistemas do cliente, gra\u00e7as \u00e0s dimens\u00f5es compactas, ao baixo n\u00edvel de ru\u00eddo, na grande maioria dentro das normas EN e aos v\u00e1rios sistemas de descarga.<\/p>","protected":false},"featured_media":13578,"template":"","tags":[108],"acf":[],"yoast_head":"<title>G25 - Grupo Piovan<\/title>\n<meta name=\"robots\" content=\"index, follow, max-snippet:-1, max-image-preview:large, max-video-preview:-1\" \/>\n<link rel=\"canonical\" href=\"https:\/\/www.piovan.com\/pt\/product\/g25\/\" \/>\n<meta property=\"og:locale\" content=\"pt_PT\" \/>\n<meta property=\"og:type\" content=\"article\" \/>\n<meta property=\"og:title\" content=\"G25 - PiovanGroup\" \/>\n<meta property=\"og:description\" content=\"The G25 series is designed mainly for installation beside the IMM; the adjustable rotating knives assure cutting efficiency and quality and reduce noise. The G25 series includes versatile machines, that can be easily installed and integrated in customer\u2019s systems, thanks to the compact dimensions, the low noise level largely within EN standards and the various discharge systems.\" \/>\n<meta property=\"og:url\" content=\"https:\/\/www.piovan.com\/pt\/product\/g25\/\" \/>\n<meta property=\"og:site_name\" content=\"PiovanGroup\" \/>\n<meta property=\"article:modified_time\" content=\"2024-10-04T13:10:55+00:00\" \/>\n<meta property=\"og:image\" content=\"https:\/\/www.piovan.com\/wp-content\/uploads\/G25-788x1024.png\" \/>\n\t<meta property=\"og:image:width\" content=\"788\" \/>\n\t<meta property=\"og:image:height\" content=\"1024\" \/>\n\t<meta property=\"og:image:type\" content=\"image\/png\" \/>\n<meta name=\"twitter:card\" content=\"summary_large_image\" \/>\n<script type=\"application\/ld+json\" class=\"yoast-schema-graph\">{\"@context\":\"https:\/\/schema.org\",\"@graph\":[{\"@type\":\"WebPage\",\"@id\":\"https:\/\/www.piovan.com\/product\/g25\/\",\"url\":\"https:\/\/www.piovan.com\/product\/g25\/\",\"name\":\"G25 - PiovanGroup\",\"isPartOf\":{\"@id\":\"https:\/\/www.piovan.com\/#website\"},\"datePublished\":\"2021-11-11T15:12:11+00:00\",\"dateModified\":\"2024-10-04T13:10:55+00:00\",\"breadcrumb\":{\"@id\":\"https:\/\/www.piovan.com\/product\/g25\/#breadcrumb\"},\"inLanguage\":\"pt-PT\",\"potentialAction\":[{\"@type\":\"ReadAction\",\"target\":[\"https:\/\/www.piovan.com\/product\/g25\/\"]}]},{\"@type\":\"BreadcrumbList\",\"@id\":\"https:\/\/www.piovan.com\/product\/g25\/#breadcrumb\",\"itemListElement\":[{\"@type\":\"ListItem\",\"position\":1,\"name\":\"Home\",\"item\":\"https:\/\/www.piovan.com\/\"},{\"@type\":\"ListItem\",\"position\":2,\"name\":\"Plastic\",\"item\":\"https:\/\/www.piovan.com\/pt\/products\/plasticos\/\"},{\"@type\":\"ListItem\",\"position\":3,\"name\":\"Granulation\",\"item\":\"https:\/\/www.piovan.com\/pt\/products\/plasticos\/granulacao\/\"},{\"@type\":\"ListItem\",\"position\":4,\"name\":\"G25\"}]},{\"@type\":\"WebSite\",\"@id\":\"https:\/\/www.piovan.com\/#website\",\"url\":\"https:\/\/www.piovan.com\/\",\"name\":\"PiovanGroup\",\"description\":\"\",\"publisher\":{\"@id\":\"https:\/\/www.piovan.com\/#organization\"},\"potentialAction\":[{\"@type\":\"SearchAction\",\"target\":{\"@type\":\"EntryPoint\",\"urlTemplate\":\"https:\/\/www.piovan.com\/?s={search_term_string}\"},\"query-input\":\"required name=search_term_string\"}],\"inLanguage\":\"pt-PT\"},{\"@type\":\"Organization\",\"@id\":\"https:\/\/www.piovan.com\/#organization\",\"name\":\"PiovanGroup\",\"url\":\"https:\/\/www.piovan.com\/\",\"logo\":{\"@type\":\"ImageObject\",\"inLanguage\":\"pt-PT\",\"@id\":\"https:\/\/www.piovan.com\/#\/schema\/logo\/image\/\",\"url\":\"https:\/\/www.piovan.com\/wp-content\/uploads\/2021\/06\/logo@2x.png\",\"contentUrl\":\"https:\/\/www.piovan.com\/wp-content\/uploads\/2021\/06\/logo@2x.png\",\"width\":489,\"height\":78,\"caption\":\"PiovanGroup\"},\"image\":{\"@id\":\"https:\/\/www.piovan.com\/#\/schema\/logo\/image\/\"}}]}<\/script>","yoast_head_json":{"title":"G25 - Grupo Piovan","robots":{"index":"index","follow":"follow","max-snippet":"max-snippet:-1","max-image-preview":"max-image-preview:large","max-video-preview":"max-video-preview:-1"},"canonical":"https:\/\/www.piovan.com\/pt\/product\/g25\/","og_locale":"pt_PT","og_type":"article","og_title":"G25 - PiovanGroup","og_description":"The G25 series is designed mainly for installation beside the IMM; the adjustable rotating knives assure cutting efficiency and quality and reduce noise. The G25 series includes versatile machines, that can be easily installed and integrated in customer\u2019s systems, thanks to the compact dimensions, the low noise level largely within EN standards and the various discharge systems.","og_url":"https:\/\/www.piovan.com\/pt\/product\/g25\/","og_site_name":"PiovanGroup","article_modified_time":"2024-10-04T13:10:55+00:00","og_image":[{"width":788,"height":1024,"url":"https:\/\/www.piovan.com\/wp-content\/uploads\/G25-788x1024.png","type":"image\/png"}],"twitter_card":"summary_large_image","schema":{"@context":"https:\/\/schema.org","@graph":[{"@type":"WebPage","@id":"https:\/\/www.piovan.com\/product\/g25\/","url":"https:\/\/www.piovan.com\/product\/g25\/","name":"G25 - PiovanGroup","isPartOf":{"@id":"https:\/\/www.piovan.com\/#website"},"datePublished":"2021-11-11T15:12:11+00:00","dateModified":"2024-10-04T13:10:55+00:00","breadcrumb":{"@id":"https:\/\/www.piovan.com\/product\/g25\/#breadcrumb"},"inLanguage":"pt-PT","potentialAction":[{"@type":"ReadAction","target":["https:\/\/www.piovan.com\/product\/g25\/"]}]},{"@type":"BreadcrumbList","@id":"https:\/\/www.piovan.com\/product\/g25\/#breadcrumb","itemListElement":[{"@type":"ListItem","position":1,"name":"Home","item":"https:\/\/www.piovan.com\/"},{"@type":"ListItem","position":2,"name":"Plastic","item":"https:\/\/www.piovan.com\/pt\/products\/plasticos\/"},{"@type":"ListItem","position":3,"name":"Granulation","item":"https:\/\/www.piovan.com\/pt\/products\/plasticos\/granulacao\/"},{"@type":"ListItem","position":4,"name":"G25"}]},{"@type":"WebSite","@id":"https:\/\/www.piovan.com\/#website","url":"https:\/\/www.piovan.com\/","name":"PiovanGroup","description":"","publisher":{"@id":"https:\/\/www.piovan.com\/#organization"},"potentialAction":[{"@type":"SearchAction","target":{"@type":"EntryPoint","urlTemplate":"https:\/\/www.piovan.com\/?s={search_term_string}"},"query-input":"required name=search_term_string"}],"inLanguage":"pt-PT"},{"@type":"Organization","@id":"https:\/\/www.piovan.com\/#organization","name":"PiovanGroup","url":"https:\/\/www.piovan.com\/","logo":{"@type":"ImageObject","inLanguage":"pt-PT","@id":"https:\/\/www.piovan.com\/#\/schema\/logo\/image\/","url":"https:\/\/www.piovan.com\/wp-content\/uploads\/2021\/06\/logo@2x.png","contentUrl":"https:\/\/www.piovan.com\/wp-content\/uploads\/2021\/06\/logo@2x.png","width":489,"height":78,"caption":"PiovanGroup"},"image":{"@id":"https:\/\/www.piovan.com\/#\/schema\/logo\/image\/"}}]}},"_links":{"self":[{"href":"https:\/\/www.piovan.com\/pt\/wp-json\/wp\/v2\/product\/5082"}],"collection":[{"href":"https:\/\/www.piovan.com\/pt\/wp-json\/wp\/v2\/product"}],"about":[{"href":"https:\/\/www.piovan.com\/pt\/wp-json\/wp\/v2\/types\/product"}],"version-history":[{"count":3,"href":"https:\/\/www.piovan.com\/pt\/wp-json\/wp\/v2\/product\/5082\/revisions"}],"predecessor-version":[{"id":13580,"href":"https:\/\/www.piovan.com\/pt\/wp-json\/wp\/v2\/product\/5082\/revisions\/13580"}],"wp:featuredmedia":[{"embeddable":true,"href":"https:\/\/www.piovan.com\/pt\/wp-json\/wp\/v2\/media\/13578"}],"wp:attachment":[{"href":"https:\/\/www.piovan.com\/pt\/wp-json\/wp\/v2\/media?parent=5082"}],"wp:term":[{"taxonomy":"post_tag","embeddable":true,"href":"https:\/\/www.piovan.com\/pt\/wp-json\/wp\/v2\/tags?post=5082"}],"curies":[{"name":"wp","href":"https:\/\/api.w.org\/{rel}","templated":true}]}}