{"id":5011,"date":"2021-11-10T16:15:39","date_gmt":"2021-11-10T15:15:39","guid":{"rendered":"https:\/\/www.piovan.com\/?post_type=product&#038;p=5011"},"modified":"2024-10-30T09:44:04","modified_gmt":"2024-10-30T08:44:04","slug":"fw-series","status":"publish","type":"product","link":"https:\/\/www.piovan.com\/pt\/product\/fw-series\/","title":{"rendered":"FW Series"},"content":{"rendered":"<p>As unidades de v\u00e1cuo da S\u00e9rie FW s\u00e3o a solu\u00e7\u00e3o ideal onde existe um limite de capacidade de filtragem.<\/p>\n<p>Consiste em uma unidade \u00e0 v\u00e1cuo com filtro de alta superf\u00edcie dedicado.<\/p>\n<p>As principais vantagens das novas unidades \u00e0 v\u00e1cuo FW s\u00e3o:<br \/>\nAbas para separar o filtro cartucho da caixa coletora<br \/>\nCartucho filtrante com melhor desempenho<br \/>\nPossibilidade de manter o sistema em funcionamento, mesmo quando a caixa coletora est\u00e1 desmontada<br \/>\nCorpo do filtro constru\u00eddo em a\u00e7o inoxid\u00e1vel<br \/>\nMelhor efici\u00eancia, gra\u00e7as ao motor do soprador de canal lateral classe IE3<br \/>\nProte\u00e7\u00e3o t\u00e9rmica integrada ao motor do soprador<\/p>","protected":false},"featured_media":12997,"template":"","tags":[108],"acf":[],"yoast_head":"<title>FW Series - PiovanGroup<\/title>\n<meta name=\"robots\" content=\"index, follow, max-snippet:-1, max-image-preview:large, max-video-preview:-1\" \/>\n<link rel=\"canonical\" href=\"https:\/\/www.piovan.com\/pt\/product\/fw-series\/\" \/>\n<meta property=\"og:locale\" content=\"pt_PT\" \/>\n<meta property=\"og:type\" content=\"article\" \/>\n<meta property=\"og:title\" content=\"FW Series - PiovanGroup\" \/>\n<meta property=\"og:description\" content=\"The FW series of vacuum units is the right solution for which other filtering capacities are a limit. It consists on a vacuum unit with dedicated high surface filter. The main advantages of the new FW vacuum units are: \u2022 Flap to separate the filtering cartridge from the collecting bin \u2022 Filtering cartridge with better performance \u2022 Possibility of keeping the system running even when the collecting bin is dismounted \u2022 Stainless steel construction for the filter body \u2022 Better [&hellip;]\" \/>\n<meta property=\"og:url\" content=\"https:\/\/www.piovan.com\/pt\/product\/fw-series\/\" \/>\n<meta property=\"og:site_name\" content=\"PiovanGroup\" \/>\n<meta property=\"article:modified_time\" content=\"2024-10-30T08:44:04+00:00\" \/>\n<meta property=\"og:image\" content=\"https:\/\/www.piovan.com\/wp-content\/uploads\/FW-Seriesg_1200x1560px-copia.png\" \/>\n\t<meta property=\"og:image:width\" content=\"1200\" \/>\n\t<meta property=\"og:image:height\" content=\"1560\" \/>\n\t<meta property=\"og:image:type\" content=\"image\/png\" \/>\n<meta name=\"twitter:card\" content=\"summary_large_image\" \/>\n<script type=\"application\/ld+json\" class=\"yoast-schema-graph\">{\"@context\":\"https:\/\/schema.org\",\"@graph\":[{\"@type\":\"WebPage\",\"@id\":\"https:\/\/www.piovan.com\/product\/fw-series\/\",\"url\":\"https:\/\/www.piovan.com\/product\/fw-series\/\",\"name\":\"FW Series - PiovanGroup\",\"isPartOf\":{\"@id\":\"https:\/\/www.piovan.com\/#website\"},\"datePublished\":\"2021-11-10T15:15:39+00:00\",\"dateModified\":\"2024-10-30T08:44:04+00:00\",\"breadcrumb\":{\"@id\":\"https:\/\/www.piovan.com\/product\/fw-series\/#breadcrumb\"},\"inLanguage\":\"pt-PT\",\"potentialAction\":[{\"@type\":\"ReadAction\",\"target\":[\"https:\/\/www.piovan.com\/product\/fw-series\/\"]}]},{\"@type\":\"BreadcrumbList\",\"@id\":\"https:\/\/www.piovan.com\/product\/fw-series\/#breadcrumb\",\"itemListElement\":[{\"@type\":\"ListItem\",\"position\":1,\"name\":\"Home\",\"item\":\"https:\/\/www.piovan.com\/\"},{\"@type\":\"ListItem\",\"position\":2,\"name\":\"Plastic\",\"item\":\"https:\/\/www.piovan.com\/pt\/products\/plasticos\/\"},{\"@type\":\"ListItem\",\"position\":3,\"name\":\"Feeding &amp; Conveying\",\"item\":\"https:\/\/www.piovan.com\/pt\/products\/plasticos\/alimentacao-transporte\/\"},{\"@type\":\"ListItem\",\"position\":4,\"name\":\"FW Series\"}]},{\"@type\":\"WebSite\",\"@id\":\"https:\/\/www.piovan.com\/#website\",\"url\":\"https:\/\/www.piovan.com\/\",\"name\":\"PiovanGroup\",\"description\":\"\",\"publisher\":{\"@id\":\"https:\/\/www.piovan.com\/#organization\"},\"potentialAction\":[{\"@type\":\"SearchAction\",\"target\":{\"@type\":\"EntryPoint\",\"urlTemplate\":\"https:\/\/www.piovan.com\/?s={search_term_string}\"},\"query-input\":\"required name=search_term_string\"}],\"inLanguage\":\"pt-PT\"},{\"@type\":\"Organization\",\"@id\":\"https:\/\/www.piovan.com\/#organization\",\"name\":\"PiovanGroup\",\"url\":\"https:\/\/www.piovan.com\/\",\"logo\":{\"@type\":\"ImageObject\",\"inLanguage\":\"pt-PT\",\"@id\":\"https:\/\/www.piovan.com\/#\/schema\/logo\/image\/\",\"url\":\"https:\/\/www.piovan.com\/wp-content\/uploads\/2021\/06\/logo@2x.png\",\"contentUrl\":\"https:\/\/www.piovan.com\/wp-content\/uploads\/2021\/06\/logo@2x.png\",\"width\":489,\"height\":78,\"caption\":\"PiovanGroup\"},\"image\":{\"@id\":\"https:\/\/www.piovan.com\/#\/schema\/logo\/image\/\"}}]}<\/script>","yoast_head_json":{"title":"FW Series - PiovanGroup","robots":{"index":"index","follow":"follow","max-snippet":"max-snippet:-1","max-image-preview":"max-image-preview:large","max-video-preview":"max-video-preview:-1"},"canonical":"https:\/\/www.piovan.com\/pt\/product\/fw-series\/","og_locale":"pt_PT","og_type":"article","og_title":"FW Series - PiovanGroup","og_description":"The FW series of vacuum units is the right solution for which other filtering capacities are a limit. It consists on a vacuum unit with dedicated high surface filter. The main advantages of the new FW vacuum units are: \u2022 Flap to separate the filtering cartridge from the collecting bin \u2022 Filtering cartridge with better performance \u2022 Possibility of keeping the system running even when the collecting bin is dismounted \u2022 Stainless steel construction for the filter body \u2022 Better [&hellip;]","og_url":"https:\/\/www.piovan.com\/pt\/product\/fw-series\/","og_site_name":"PiovanGroup","article_modified_time":"2024-10-30T08:44:04+00:00","og_image":[{"width":1200,"height":1560,"url":"https:\/\/www.piovan.com\/wp-content\/uploads\/FW-Seriesg_1200x1560px-copia.png","type":"image\/png"}],"twitter_card":"summary_large_image","schema":{"@context":"https:\/\/schema.org","@graph":[{"@type":"WebPage","@id":"https:\/\/www.piovan.com\/product\/fw-series\/","url":"https:\/\/www.piovan.com\/product\/fw-series\/","name":"FW Series - PiovanGroup","isPartOf":{"@id":"https:\/\/www.piovan.com\/#website"},"datePublished":"2021-11-10T15:15:39+00:00","dateModified":"2024-10-30T08:44:04+00:00","breadcrumb":{"@id":"https:\/\/www.piovan.com\/product\/fw-series\/#breadcrumb"},"inLanguage":"pt-PT","potentialAction":[{"@type":"ReadAction","target":["https:\/\/www.piovan.com\/product\/fw-series\/"]}]},{"@type":"BreadcrumbList","@id":"https:\/\/www.piovan.com\/product\/fw-series\/#breadcrumb","itemListElement":[{"@type":"ListItem","position":1,"name":"Home","item":"https:\/\/www.piovan.com\/"},{"@type":"ListItem","position":2,"name":"Plastic","item":"https:\/\/www.piovan.com\/pt\/products\/plasticos\/"},{"@type":"ListItem","position":3,"name":"Feeding &amp; Conveying","item":"https:\/\/www.piovan.com\/pt\/products\/plasticos\/alimentacao-transporte\/"},{"@type":"ListItem","position":4,"name":"FW Series"}]},{"@type":"WebSite","@id":"https:\/\/www.piovan.com\/#website","url":"https:\/\/www.piovan.com\/","name":"PiovanGroup","description":"","publisher":{"@id":"https:\/\/www.piovan.com\/#organization"},"potentialAction":[{"@type":"SearchAction","target":{"@type":"EntryPoint","urlTemplate":"https:\/\/www.piovan.com\/?s={search_term_string}"},"query-input":"required name=search_term_string"}],"inLanguage":"pt-PT"},{"@type":"Organization","@id":"https:\/\/www.piovan.com\/#organization","name":"PiovanGroup","url":"https:\/\/www.piovan.com\/","logo":{"@type":"ImageObject","inLanguage":"pt-PT","@id":"https:\/\/www.piovan.com\/#\/schema\/logo\/image\/","url":"https:\/\/www.piovan.com\/wp-content\/uploads\/2021\/06\/logo@2x.png","contentUrl":"https:\/\/www.piovan.com\/wp-content\/uploads\/2021\/06\/logo@2x.png","width":489,"height":78,"caption":"PiovanGroup"},"image":{"@id":"https:\/\/www.piovan.com\/#\/schema\/logo\/image\/"}}]}},"_links":{"self":[{"href":"https:\/\/www.piovan.com\/pt\/wp-json\/wp\/v2\/product\/5011"}],"collection":[{"href":"https:\/\/www.piovan.com\/pt\/wp-json\/wp\/v2\/product"}],"about":[{"href":"https:\/\/www.piovan.com\/pt\/wp-json\/wp\/v2\/types\/product"}],"version-history":[{"count":3,"href":"https:\/\/www.piovan.com\/pt\/wp-json\/wp\/v2\/product\/5011\/revisions"}],"predecessor-version":[{"id":13708,"href":"https:\/\/www.piovan.com\/pt\/wp-json\/wp\/v2\/product\/5011\/revisions\/13708"}],"wp:featuredmedia":[{"embeddable":true,"href":"https:\/\/www.piovan.com\/pt\/wp-json\/wp\/v2\/media\/12997"}],"wp:attachment":[{"href":"https:\/\/www.piovan.com\/pt\/wp-json\/wp\/v2\/media?parent=5011"}],"wp:term":[{"taxonomy":"post_tag","embeddable":true,"href":"https:\/\/www.piovan.com\/pt\/wp-json\/wp\/v2\/tags?post=5011"}],"curies":[{"name":"wp","href":"https:\/\/api.w.org\/{rel}","templated":true}]}}