{"id":4986,"date":"2021-11-10T11:59:42","date_gmt":"2021-11-10T10:59:42","guid":{"rendered":"https:\/\/www.piovan.com\/?post_type=product&#038;p=4986"},"modified":"2025-10-20T18:14:52","modified_gmt":"2025-10-20T16:14:52","slug":"easy3","status":"publish","type":"product","link":"https:\/\/www.piovan.com\/pt\/product\/easy3\/","title":{"rendered":"Easy3 | Easy3+"},"content":{"rendered":"<p>O Easy3 controla at\u00e9 8 bombas de v\u00e1cuo, 64 alimentadores, um sistema de acoplamento manual ou uma esta\u00e7\u00e3o de acoplamento EasyLink e at\u00e9 8 silos.<\/p>\n<p>Est\u00e3o dispon\u00edveis tr\u00eas vers\u00f5es de receptores: receptor de gr\u00e2nulos totalmente em a\u00e7o inoxid\u00e1vel (modelos C), vers\u00e3o com 3 visores de inspe\u00e7\u00e3o (modelos SR) e na configura\u00e7\u00e3o com corpo de vidro (unidades GR).<BR>\nAl\u00e9m disso, a gama inclui vers\u00f5es espec\u00edficas para o tratamento de materiais a alta temperatura e materiais abrasivos. Os receptores podem funcionar de forma independente ou serem inclu\u00eddos em um sistema centralizado de transporte Easy3System.<\/p>\n<p>A vasta gama de interfaces garante uma integra\u00e7\u00e3o simples e f\u00e1cil acessibilidade a registos ou atualiza\u00e7\u00f5es.<\/p>\n<p>O Easy3, em conjunto com o WinFactory, permite associar facilmente o lote de mat\u00e9ria-prima ao produto final produzido, simplificando a gest\u00e3o da qualidade.<\/p>","protected":false},"featured_media":13010,"template":"","tags":[108],"acf":[],"yoast_head":"<title>Easy3 | Easy3+ - Grupo Piovan<\/title>\n<meta name=\"robots\" content=\"index, follow, max-snippet:-1, max-image-preview:large, max-video-preview:-1\" \/>\n<link rel=\"canonical\" href=\"https:\/\/www.piovan.com\/pt\/product\/easy3\/\" \/>\n<meta property=\"og:locale\" content=\"pt_PT\" \/>\n<meta property=\"og:type\" content=\"article\" \/>\n<meta property=\"og:title\" content=\"Easy3 | Easy3+ - PiovanGroup\" \/>\n<meta property=\"og:description\" content=\"Easy3+ controls up to 8 vacuum units, 64 receivers, one devices tagging system or Easylink coupling station and up to 8 silos. The practical 7\u201d touch screen assures ease of use specially if integrated with the remote monitor that shows clearly the status of the system. The wide range of interfaces assures easy integration and easy accessibility to logs or updates. Easy3, in conjunction with Winfactory, allows to associate easily the raw material batch with the final product produced, simplifying [&hellip;]\" \/>\n<meta property=\"og:url\" content=\"https:\/\/www.piovan.com\/pt\/product\/easy3\/\" \/>\n<meta property=\"og:site_name\" content=\"PiovanGroup\" \/>\n<meta property=\"article:modified_time\" content=\"2025-10-20T16:14:52+00:00\" \/>\n<meta property=\"og:image\" content=\"https:\/\/www.piovan.com\/wp-content\/uploads\/Easy3_1200x1560px-copia.png\" \/>\n\t<meta property=\"og:image:width\" content=\"1200\" \/>\n\t<meta property=\"og:image:height\" content=\"1560\" \/>\n\t<meta property=\"og:image:type\" content=\"image\/png\" \/>\n<meta name=\"twitter:card\" content=\"summary_large_image\" \/>\n<script type=\"application\/ld+json\" class=\"yoast-schema-graph\">{\"@context\":\"https:\/\/schema.org\",\"@graph\":[{\"@type\":\"WebPage\",\"@id\":\"https:\/\/www.piovan.com\/product\/easy3\/\",\"url\":\"https:\/\/www.piovan.com\/product\/easy3\/\",\"name\":\"Easy3 | Easy3+ - PiovanGroup\",\"isPartOf\":{\"@id\":\"https:\/\/www.piovan.com\/#website\"},\"datePublished\":\"2021-11-10T10:59:42+00:00\",\"dateModified\":\"2025-10-20T16:14:52+00:00\",\"breadcrumb\":{\"@id\":\"https:\/\/www.piovan.com\/product\/easy3\/#breadcrumb\"},\"inLanguage\":\"pt-PT\",\"potentialAction\":[{\"@type\":\"ReadAction\",\"target\":[\"https:\/\/www.piovan.com\/product\/easy3\/\"]}]},{\"@type\":\"BreadcrumbList\",\"@id\":\"https:\/\/www.piovan.com\/product\/easy3\/#breadcrumb\",\"itemListElement\":[{\"@type\":\"ListItem\",\"position\":1,\"name\":\"Home\",\"item\":\"https:\/\/www.piovan.com\/\"},{\"@type\":\"ListItem\",\"position\":2,\"name\":\"Plastic\",\"item\":\"https:\/\/www.piovan.com\/pt\/products\/plasticos\/\"},{\"@type\":\"ListItem\",\"position\":3,\"name\":\"Feeding &amp; Conveying\",\"item\":\"https:\/\/www.piovan.com\/pt\/products\/plasticos\/alimentacao-transporte\/\"},{\"@type\":\"ListItem\",\"position\":4,\"name\":\"Easy3 | Easy3+\"}]},{\"@type\":\"WebSite\",\"@id\":\"https:\/\/www.piovan.com\/#website\",\"url\":\"https:\/\/www.piovan.com\/\",\"name\":\"PiovanGroup\",\"description\":\"\",\"publisher\":{\"@id\":\"https:\/\/www.piovan.com\/#organization\"},\"potentialAction\":[{\"@type\":\"SearchAction\",\"target\":{\"@type\":\"EntryPoint\",\"urlTemplate\":\"https:\/\/www.piovan.com\/?s={search_term_string}\"},\"query-input\":\"required name=search_term_string\"}],\"inLanguage\":\"pt-PT\"},{\"@type\":\"Organization\",\"@id\":\"https:\/\/www.piovan.com\/#organization\",\"name\":\"PiovanGroup\",\"url\":\"https:\/\/www.piovan.com\/\",\"logo\":{\"@type\":\"ImageObject\",\"inLanguage\":\"pt-PT\",\"@id\":\"https:\/\/www.piovan.com\/#\/schema\/logo\/image\/\",\"url\":\"https:\/\/www.piovan.com\/wp-content\/uploads\/2021\/06\/logo@2x.png\",\"contentUrl\":\"https:\/\/www.piovan.com\/wp-content\/uploads\/2021\/06\/logo@2x.png\",\"width\":489,\"height\":78,\"caption\":\"PiovanGroup\"},\"image\":{\"@id\":\"https:\/\/www.piovan.com\/#\/schema\/logo\/image\/\"}}]}<\/script>","yoast_head_json":{"title":"Easy3 | Easy3+ - Grupo Piovan","robots":{"index":"index","follow":"follow","max-snippet":"max-snippet:-1","max-image-preview":"max-image-preview:large","max-video-preview":"max-video-preview:-1"},"canonical":"https:\/\/www.piovan.com\/pt\/product\/easy3\/","og_locale":"pt_PT","og_type":"article","og_title":"Easy3 | Easy3+ - PiovanGroup","og_description":"Easy3+ controls up to 8 vacuum units, 64 receivers, one devices tagging system or Easylink coupling station and up to 8 silos. The practical 7\u201d touch screen assures ease of use specially if integrated with the remote monitor that shows clearly the status of the system. The wide range of interfaces assures easy integration and easy accessibility to logs or updates. Easy3, in conjunction with Winfactory, allows to associate easily the raw material batch with the final product produced, simplifying [&hellip;]","og_url":"https:\/\/www.piovan.com\/pt\/product\/easy3\/","og_site_name":"PiovanGroup","article_modified_time":"2025-10-20T16:14:52+00:00","og_image":[{"width":1200,"height":1560,"url":"https:\/\/www.piovan.com\/wp-content\/uploads\/Easy3_1200x1560px-copia.png","type":"image\/png"}],"twitter_card":"summary_large_image","schema":{"@context":"https:\/\/schema.org","@graph":[{"@type":"WebPage","@id":"https:\/\/www.piovan.com\/product\/easy3\/","url":"https:\/\/www.piovan.com\/product\/easy3\/","name":"Easy3 | Easy3+ - PiovanGroup","isPartOf":{"@id":"https:\/\/www.piovan.com\/#website"},"datePublished":"2021-11-10T10:59:42+00:00","dateModified":"2025-10-20T16:14:52+00:00","breadcrumb":{"@id":"https:\/\/www.piovan.com\/product\/easy3\/#breadcrumb"},"inLanguage":"pt-PT","potentialAction":[{"@type":"ReadAction","target":["https:\/\/www.piovan.com\/product\/easy3\/"]}]},{"@type":"BreadcrumbList","@id":"https:\/\/www.piovan.com\/product\/easy3\/#breadcrumb","itemListElement":[{"@type":"ListItem","position":1,"name":"Home","item":"https:\/\/www.piovan.com\/"},{"@type":"ListItem","position":2,"name":"Plastic","item":"https:\/\/www.piovan.com\/pt\/products\/plasticos\/"},{"@type":"ListItem","position":3,"name":"Feeding &amp; Conveying","item":"https:\/\/www.piovan.com\/pt\/products\/plasticos\/alimentacao-transporte\/"},{"@type":"ListItem","position":4,"name":"Easy3 | Easy3+"}]},{"@type":"WebSite","@id":"https:\/\/www.piovan.com\/#website","url":"https:\/\/www.piovan.com\/","name":"PiovanGroup","description":"","publisher":{"@id":"https:\/\/www.piovan.com\/#organization"},"potentialAction":[{"@type":"SearchAction","target":{"@type":"EntryPoint","urlTemplate":"https:\/\/www.piovan.com\/?s={search_term_string}"},"query-input":"required name=search_term_string"}],"inLanguage":"pt-PT"},{"@type":"Organization","@id":"https:\/\/www.piovan.com\/#organization","name":"PiovanGroup","url":"https:\/\/www.piovan.com\/","logo":{"@type":"ImageObject","inLanguage":"pt-PT","@id":"https:\/\/www.piovan.com\/#\/schema\/logo\/image\/","url":"https:\/\/www.piovan.com\/wp-content\/uploads\/2021\/06\/logo@2x.png","contentUrl":"https:\/\/www.piovan.com\/wp-content\/uploads\/2021\/06\/logo@2x.png","width":489,"height":78,"caption":"PiovanGroup"},"image":{"@id":"https:\/\/www.piovan.com\/#\/schema\/logo\/image\/"}}]}},"_links":{"self":[{"href":"https:\/\/www.piovan.com\/pt\/wp-json\/wp\/v2\/product\/4986"}],"collection":[{"href":"https:\/\/www.piovan.com\/pt\/wp-json\/wp\/v2\/product"}],"about":[{"href":"https:\/\/www.piovan.com\/pt\/wp-json\/wp\/v2\/types\/product"}],"version-history":[{"count":3,"href":"https:\/\/www.piovan.com\/pt\/wp-json\/wp\/v2\/product\/4986\/revisions"}],"predecessor-version":[{"id":15795,"href":"https:\/\/www.piovan.com\/pt\/wp-json\/wp\/v2\/product\/4986\/revisions\/15795"}],"wp:featuredmedia":[{"embeddable":true,"href":"https:\/\/www.piovan.com\/pt\/wp-json\/wp\/v2\/media\/13010"}],"wp:attachment":[{"href":"https:\/\/www.piovan.com\/pt\/wp-json\/wp\/v2\/media?parent=4986"}],"wp:term":[{"taxonomy":"post_tag","embeddable":true,"href":"https:\/\/www.piovan.com\/pt\/wp-json\/wp\/v2\/tags?post=4986"}],"curies":[{"name":"wp","href":"https:\/\/api.w.org\/{rel}","templated":true}]}}