{"id":4971,"date":"2024-04-11T11:03:43","date_gmt":"2024-04-11T09:03:43","guid":{"rendered":"https:\/\/www.piovan.com\/?post_type=product&#038;p=4971"},"modified":"2025-01-07T11:46:03","modified_gmt":"2025-01-07T10:46:03","slug":"cs-series","status":"publish","type":"product","link":"https:\/\/www.piovan.com\/pt\/product\/cs-series\/","title":{"rendered":"S\u00e9rie CS"},"content":{"rendered":"<p>Os alimentadores da s\u00e9rie CS s\u00e3o projetados especificamente para flakes. Os flakes s\u00e3o particularmente dif\u00edceis de manuseio devido \u00e0\ntend\u00eancia a criar liga\u00e7\u00f5es. A descarga do material \u00e9 garantida pelo \u00e2ngulo do cone e pela presen\u00e7a de um sistema de separa\u00e7\u00e3o das liga\u00e7\u00f5es.<\/p>\n<p>Para materiais muito leves, podem ser instaladas bocas pneum\u00e1ticas.<\/p>","protected":false},"featured_media":12992,"template":"","tags":[108],"acf":[],"yoast_head":"<title>S\u00e9rie CS - Grupo Piovan<\/title>\n<meta name=\"robots\" content=\"index, follow, max-snippet:-1, max-image-preview:large, max-video-preview:-1\" \/>\n<link rel=\"canonical\" href=\"https:\/\/www.piovan.com\/pt\/product\/cs-series\/\" \/>\n<meta property=\"og:locale\" content=\"pt_PT\" \/>\n<meta property=\"og:type\" content=\"article\" \/>\n<meta property=\"og:title\" content=\"CS Series - PiovanGroup\" \/>\n<meta property=\"og:description\" content=\"CS series receivers are specifically designed for flakes. Flake is particularly complex to handle due to it&#039;s propensity to bridge. The cone angle and availability of bridge breakers ensure material discharge. Pneumatic flaps can be fitted for very light material.\" \/>\n<meta property=\"og:url\" content=\"https:\/\/www.piovan.com\/pt\/product\/cs-series\/\" \/>\n<meta property=\"og:site_name\" content=\"PiovanGroup\" \/>\n<meta property=\"article:modified_time\" content=\"2025-01-07T10:46:03+00:00\" \/>\n<meta property=\"og:image\" content=\"https:\/\/www.piovan.com\/wp-content\/uploads\/NUOVO-LOGO_Feeding_Conveying_1200x1560px-copia.png\" \/>\n\t<meta property=\"og:image:width\" content=\"1200\" \/>\n\t<meta property=\"og:image:height\" content=\"1560\" \/>\n\t<meta property=\"og:image:type\" content=\"image\/png\" \/>\n<meta name=\"twitter:card\" content=\"summary_large_image\" \/>\n<script type=\"application\/ld+json\" class=\"yoast-schema-graph\">{\"@context\":\"https:\/\/schema.org\",\"@graph\":[{\"@type\":\"WebPage\",\"@id\":\"https:\/\/www.piovan.com\/product\/cs-series\/\",\"url\":\"https:\/\/www.piovan.com\/product\/cs-series\/\",\"name\":\"CS Series - PiovanGroup\",\"isPartOf\":{\"@id\":\"https:\/\/www.piovan.com\/#website\"},\"datePublished\":\"2024-04-11T09:03:43+00:00\",\"dateModified\":\"2025-01-07T10:46:03+00:00\",\"breadcrumb\":{\"@id\":\"https:\/\/www.piovan.com\/product\/cs-series\/#breadcrumb\"},\"inLanguage\":\"pt-PT\",\"potentialAction\":[{\"@type\":\"ReadAction\",\"target\":[\"https:\/\/www.piovan.com\/product\/cs-series\/\"]}]},{\"@type\":\"BreadcrumbList\",\"@id\":\"https:\/\/www.piovan.com\/product\/cs-series\/#breadcrumb\",\"itemListElement\":[{\"@type\":\"ListItem\",\"position\":1,\"name\":\"Home\",\"item\":\"https:\/\/www.piovan.com\/\"},{\"@type\":\"ListItem\",\"position\":2,\"name\":\"Plastic\",\"item\":\"https:\/\/www.piovan.com\/pt\/products\/plasticos\/\"},{\"@type\":\"ListItem\",\"position\":3,\"name\":\"Feeding &amp; Conveying\",\"item\":\"https:\/\/www.piovan.com\/pt\/products\/plasticos\/alimentacao-transporte\/\"},{\"@type\":\"ListItem\",\"position\":4,\"name\":\"CS Series\"}]},{\"@type\":\"WebSite\",\"@id\":\"https:\/\/www.piovan.com\/#website\",\"url\":\"https:\/\/www.piovan.com\/\",\"name\":\"PiovanGroup\",\"description\":\"\",\"publisher\":{\"@id\":\"https:\/\/www.piovan.com\/#organization\"},\"potentialAction\":[{\"@type\":\"SearchAction\",\"target\":{\"@type\":\"EntryPoint\",\"urlTemplate\":\"https:\/\/www.piovan.com\/?s={search_term_string}\"},\"query-input\":\"required name=search_term_string\"}],\"inLanguage\":\"pt-PT\"},{\"@type\":\"Organization\",\"@id\":\"https:\/\/www.piovan.com\/#organization\",\"name\":\"PiovanGroup\",\"url\":\"https:\/\/www.piovan.com\/\",\"logo\":{\"@type\":\"ImageObject\",\"inLanguage\":\"pt-PT\",\"@id\":\"https:\/\/www.piovan.com\/#\/schema\/logo\/image\/\",\"url\":\"https:\/\/www.piovan.com\/wp-content\/uploads\/2021\/06\/logo@2x.png\",\"contentUrl\":\"https:\/\/www.piovan.com\/wp-content\/uploads\/2021\/06\/logo@2x.png\",\"width\":489,\"height\":78,\"caption\":\"PiovanGroup\"},\"image\":{\"@id\":\"https:\/\/www.piovan.com\/#\/schema\/logo\/image\/\"}}]}<\/script>","yoast_head_json":{"title":"S\u00e9rie CS - Grupo Piovan","robots":{"index":"index","follow":"follow","max-snippet":"max-snippet:-1","max-image-preview":"max-image-preview:large","max-video-preview":"max-video-preview:-1"},"canonical":"https:\/\/www.piovan.com\/pt\/product\/cs-series\/","og_locale":"pt_PT","og_type":"article","og_title":"CS Series - PiovanGroup","og_description":"CS series receivers are specifically designed for flakes. Flake is particularly complex to handle due to it's propensity to bridge. The cone angle and availability of bridge breakers ensure material discharge. Pneumatic flaps can be fitted for very light material.","og_url":"https:\/\/www.piovan.com\/pt\/product\/cs-series\/","og_site_name":"PiovanGroup","article_modified_time":"2025-01-07T10:46:03+00:00","og_image":[{"width":1200,"height":1560,"url":"https:\/\/www.piovan.com\/wp-content\/uploads\/NUOVO-LOGO_Feeding_Conveying_1200x1560px-copia.png","type":"image\/png"}],"twitter_card":"summary_large_image","schema":{"@context":"https:\/\/schema.org","@graph":[{"@type":"WebPage","@id":"https:\/\/www.piovan.com\/product\/cs-series\/","url":"https:\/\/www.piovan.com\/product\/cs-series\/","name":"CS Series - PiovanGroup","isPartOf":{"@id":"https:\/\/www.piovan.com\/#website"},"datePublished":"2024-04-11T09:03:43+00:00","dateModified":"2025-01-07T10:46:03+00:00","breadcrumb":{"@id":"https:\/\/www.piovan.com\/product\/cs-series\/#breadcrumb"},"inLanguage":"pt-PT","potentialAction":[{"@type":"ReadAction","target":["https:\/\/www.piovan.com\/product\/cs-series\/"]}]},{"@type":"BreadcrumbList","@id":"https:\/\/www.piovan.com\/product\/cs-series\/#breadcrumb","itemListElement":[{"@type":"ListItem","position":1,"name":"Home","item":"https:\/\/www.piovan.com\/"},{"@type":"ListItem","position":2,"name":"Plastic","item":"https:\/\/www.piovan.com\/pt\/products\/plasticos\/"},{"@type":"ListItem","position":3,"name":"Feeding &amp; Conveying","item":"https:\/\/www.piovan.com\/pt\/products\/plasticos\/alimentacao-transporte\/"},{"@type":"ListItem","position":4,"name":"CS Series"}]},{"@type":"WebSite","@id":"https:\/\/www.piovan.com\/#website","url":"https:\/\/www.piovan.com\/","name":"PiovanGroup","description":"","publisher":{"@id":"https:\/\/www.piovan.com\/#organization"},"potentialAction":[{"@type":"SearchAction","target":{"@type":"EntryPoint","urlTemplate":"https:\/\/www.piovan.com\/?s={search_term_string}"},"query-input":"required name=search_term_string"}],"inLanguage":"pt-PT"},{"@type":"Organization","@id":"https:\/\/www.piovan.com\/#organization","name":"PiovanGroup","url":"https:\/\/www.piovan.com\/","logo":{"@type":"ImageObject","inLanguage":"pt-PT","@id":"https:\/\/www.piovan.com\/#\/schema\/logo\/image\/","url":"https:\/\/www.piovan.com\/wp-content\/uploads\/2021\/06\/logo@2x.png","contentUrl":"https:\/\/www.piovan.com\/wp-content\/uploads\/2021\/06\/logo@2x.png","width":489,"height":78,"caption":"PiovanGroup"},"image":{"@id":"https:\/\/www.piovan.com\/#\/schema\/logo\/image\/"}}]}},"_links":{"self":[{"href":"https:\/\/www.piovan.com\/pt\/wp-json\/wp\/v2\/product\/4971"}],"collection":[{"href":"https:\/\/www.piovan.com\/pt\/wp-json\/wp\/v2\/product"}],"about":[{"href":"https:\/\/www.piovan.com\/pt\/wp-json\/wp\/v2\/types\/product"}],"version-history":[{"count":3,"href":"https:\/\/www.piovan.com\/pt\/wp-json\/wp\/v2\/product\/4971\/revisions"}],"predecessor-version":[{"id":14106,"href":"https:\/\/www.piovan.com\/pt\/wp-json\/wp\/v2\/product\/4971\/revisions\/14106"}],"wp:featuredmedia":[{"embeddable":true,"href":"https:\/\/www.piovan.com\/pt\/wp-json\/wp\/v2\/media\/12992"}],"wp:attachment":[{"href":"https:\/\/www.piovan.com\/pt\/wp-json\/wp\/v2\/media?parent=4971"}],"wp:term":[{"taxonomy":"post_tag","embeddable":true,"href":"https:\/\/www.piovan.com\/pt\/wp-json\/wp\/v2\/tags?post=4971"}],"curies":[{"name":"wp","href":"https:\/\/api.w.org\/{rel}","templated":true}]}}