{"id":4922,"date":"2021-11-09T14:50:01","date_gmt":"2021-11-09T13:50:01","guid":{"rendered":"https:\/\/www.piovan.com\/?post_type=product&#038;p=4922"},"modified":"2025-01-09T16:17:47","modified_gmt":"2025-01-09T15:17:47","slug":"rpa","status":"publish","type":"product","link":"https:\/\/www.piovan.com\/pt\/product\/rpa\/","title":{"rendered":"RPA"},"content":{"rendered":"<p>Os desumidificadores a ar para molde Piovan s\u00e3o ideais para prevenir a forma\u00e7\u00e3o de condensa\u00e7\u00e3o no molde. Podem funcionar em circuito aberto ou fechado e s\u00e3o pr\u00f3prios para m\u00e1quinas simples ou m\u00faltiplas.<br \/>\n<BR><\/p>\n<p>O controle PID garante um ponto de condensa\u00e7\u00e3o constante. Pensados para um arranque r\u00e1pido, n\u00e3o necessitam de onfigura\u00e7\u00f5es por parte dos operadores.\nIdeais para:<br \/>\n\u2022 cabine do molde de prensas de inje\u00e7\u00e3o em ciclo veloz<br \/>\n\u2022 cabine do molde de m\u00e1quinas compressoras<br \/>\n\u2022 cabine do molde e \u00e1rea do rob\u00f4 para processos de moldagem por inje\u00e7\u00e3o de PET.a f\u00e1brica.<\/p>\n<p>A a\u00e7\u00e3o de desumidifica\u00e7\u00e3o \u00e9 obtida combinando-se duas fases:<br \/>\n\u2022 fase de pr\u00e9-condensa\u00e7\u00e3o, na qual se utiliza a \u00e1gua de resfriamento para reduzir o conte\u00fado de umidade<br \/>\n\u2022 fase de desumidifica\u00e7\u00e3o: o ponto de condensa\u00e7\u00e3o do ar de processo \u00e9 melhor gra\u00e7as ao de<\/p>\n<p>A temperatura do ar que chega ao interior do inv\u00f3lucro pode ser ainda mais regulada gra\u00e7as ao p\u00f3s-resfriamento.<br \/>\nO consumo de \u00e1gua de resfriamento \u00e9 reduzido ao m\u00ednimo com uma v\u00e1lvula de regulagem autom\u00e1tica.<\/p>","protected":false},"featured_media":13410,"template":"","tags":[108],"acf":[],"yoast_head":"<title>RPA - Grupo Piovan<\/title>\n<meta name=\"robots\" content=\"index, follow, max-snippet:-1, max-image-preview:large, max-video-preview:-1\" \/>\n<link rel=\"canonical\" href=\"https:\/\/www.piovan.com\/pt\/product\/rpa\/\" \/>\n<meta property=\"og:locale\" content=\"pt_PT\" \/>\n<meta property=\"og:type\" content=\"article\" \/>\n<meta property=\"og:title\" content=\"RPA - PiovanGroup\" \/>\n<meta property=\"og:description\" content=\"Piovan Mould Dryers is ideal to prevent condensation in the mould area. They can operate in open or closed loop and for single or multiple machines. Consistent dew point is assured by the PID control. Designed for fast start-up, do not need settings by operators. They are ideally suited for: \u2022 Mould enclosures of fast-cycle IMM\u2019s \u2022 Mould enclosures of blow moulding machines \u2022 Mould enclosures and robot area of PET IMM\u2019s. The drying action is obtained with the combination [&hellip;]\" \/>\n<meta property=\"og:url\" content=\"https:\/\/www.piovan.com\/pt\/product\/rpa\/\" \/>\n<meta property=\"og:site_name\" content=\"PiovanGroup\" \/>\n<meta property=\"article:modified_time\" content=\"2025-01-09T15:17:47+00:00\" \/>\n<meta property=\"og:image\" content=\"https:\/\/www.piovan.com\/wp-content\/uploads\/RPA-1800-739x1024.png\" \/>\n\t<meta property=\"og:image:width\" content=\"739\" \/>\n\t<meta property=\"og:image:height\" content=\"1024\" \/>\n\t<meta property=\"og:image:type\" content=\"image\/png\" \/>\n<meta name=\"twitter:card\" content=\"summary_large_image\" \/>\n<script type=\"application\/ld+json\" class=\"yoast-schema-graph\">{\"@context\":\"https:\/\/schema.org\",\"@graph\":[{\"@type\":\"WebPage\",\"@id\":\"https:\/\/www.piovan.com\/product\/rpa\/\",\"url\":\"https:\/\/www.piovan.com\/product\/rpa\/\",\"name\":\"RPA - PiovanGroup\",\"isPartOf\":{\"@id\":\"https:\/\/www.piovan.com\/#website\"},\"datePublished\":\"2021-11-09T13:50:01+00:00\",\"dateModified\":\"2025-01-09T15:17:47+00:00\",\"breadcrumb\":{\"@id\":\"https:\/\/www.piovan.com\/product\/rpa\/#breadcrumb\"},\"inLanguage\":\"pt-PT\",\"potentialAction\":[{\"@type\":\"ReadAction\",\"target\":[\"https:\/\/www.piovan.com\/product\/rpa\/\"]}]},{\"@type\":\"BreadcrumbList\",\"@id\":\"https:\/\/www.piovan.com\/product\/rpa\/#breadcrumb\",\"itemListElement\":[{\"@type\":\"ListItem\",\"position\":1,\"name\":\"Home\",\"item\":\"https:\/\/www.piovan.com\/\"},{\"@type\":\"ListItem\",\"position\":2,\"name\":\"Plastic\",\"item\":\"https:\/\/www.piovan.com\/pt\/products\/plasticos\/\"},{\"@type\":\"ListItem\",\"position\":3,\"name\":\"Drying &amp; Dehumidifying\",\"item\":\"https:\/\/www.piovan.com\/pt\/products\/plasticos\/secagem-desumidificacao\/\"},{\"@type\":\"ListItem\",\"position\":4,\"name\":\"RPA\"}]},{\"@type\":\"WebSite\",\"@id\":\"https:\/\/www.piovan.com\/#website\",\"url\":\"https:\/\/www.piovan.com\/\",\"name\":\"PiovanGroup\",\"description\":\"\",\"publisher\":{\"@id\":\"https:\/\/www.piovan.com\/#organization\"},\"potentialAction\":[{\"@type\":\"SearchAction\",\"target\":{\"@type\":\"EntryPoint\",\"urlTemplate\":\"https:\/\/www.piovan.com\/?s={search_term_string}\"},\"query-input\":\"required name=search_term_string\"}],\"inLanguage\":\"pt-PT\"},{\"@type\":\"Organization\",\"@id\":\"https:\/\/www.piovan.com\/#organization\",\"name\":\"PiovanGroup\",\"url\":\"https:\/\/www.piovan.com\/\",\"logo\":{\"@type\":\"ImageObject\",\"inLanguage\":\"pt-PT\",\"@id\":\"https:\/\/www.piovan.com\/#\/schema\/logo\/image\/\",\"url\":\"https:\/\/www.piovan.com\/wp-content\/uploads\/2021\/06\/logo@2x.png\",\"contentUrl\":\"https:\/\/www.piovan.com\/wp-content\/uploads\/2021\/06\/logo@2x.png\",\"width\":489,\"height\":78,\"caption\":\"PiovanGroup\"},\"image\":{\"@id\":\"https:\/\/www.piovan.com\/#\/schema\/logo\/image\/\"}}]}<\/script>","yoast_head_json":{"title":"RPA - Grupo Piovan","robots":{"index":"index","follow":"follow","max-snippet":"max-snippet:-1","max-image-preview":"max-image-preview:large","max-video-preview":"max-video-preview:-1"},"canonical":"https:\/\/www.piovan.com\/pt\/product\/rpa\/","og_locale":"pt_PT","og_type":"article","og_title":"RPA - PiovanGroup","og_description":"Piovan Mould Dryers is ideal to prevent condensation in the mould area. They can operate in open or closed loop and for single or multiple machines. Consistent dew point is assured by the PID control. Designed for fast start-up, do not need settings by operators. They are ideally suited for: \u2022 Mould enclosures of fast-cycle IMM\u2019s \u2022 Mould enclosures of blow moulding machines \u2022 Mould enclosures and robot area of PET IMM\u2019s. The drying action is obtained with the combination [&hellip;]","og_url":"https:\/\/www.piovan.com\/pt\/product\/rpa\/","og_site_name":"PiovanGroup","article_modified_time":"2025-01-09T15:17:47+00:00","og_image":[{"width":739,"height":1024,"url":"https:\/\/www.piovan.com\/wp-content\/uploads\/RPA-1800-739x1024.png","type":"image\/png"}],"twitter_card":"summary_large_image","schema":{"@context":"https:\/\/schema.org","@graph":[{"@type":"WebPage","@id":"https:\/\/www.piovan.com\/product\/rpa\/","url":"https:\/\/www.piovan.com\/product\/rpa\/","name":"RPA - PiovanGroup","isPartOf":{"@id":"https:\/\/www.piovan.com\/#website"},"datePublished":"2021-11-09T13:50:01+00:00","dateModified":"2025-01-09T15:17:47+00:00","breadcrumb":{"@id":"https:\/\/www.piovan.com\/product\/rpa\/#breadcrumb"},"inLanguage":"pt-PT","potentialAction":[{"@type":"ReadAction","target":["https:\/\/www.piovan.com\/product\/rpa\/"]}]},{"@type":"BreadcrumbList","@id":"https:\/\/www.piovan.com\/product\/rpa\/#breadcrumb","itemListElement":[{"@type":"ListItem","position":1,"name":"Home","item":"https:\/\/www.piovan.com\/"},{"@type":"ListItem","position":2,"name":"Plastic","item":"https:\/\/www.piovan.com\/pt\/products\/plasticos\/"},{"@type":"ListItem","position":3,"name":"Drying &amp; Dehumidifying","item":"https:\/\/www.piovan.com\/pt\/products\/plasticos\/secagem-desumidificacao\/"},{"@type":"ListItem","position":4,"name":"RPA"}]},{"@type":"WebSite","@id":"https:\/\/www.piovan.com\/#website","url":"https:\/\/www.piovan.com\/","name":"PiovanGroup","description":"","publisher":{"@id":"https:\/\/www.piovan.com\/#organization"},"potentialAction":[{"@type":"SearchAction","target":{"@type":"EntryPoint","urlTemplate":"https:\/\/www.piovan.com\/?s={search_term_string}"},"query-input":"required name=search_term_string"}],"inLanguage":"pt-PT"},{"@type":"Organization","@id":"https:\/\/www.piovan.com\/#organization","name":"PiovanGroup","url":"https:\/\/www.piovan.com\/","logo":{"@type":"ImageObject","inLanguage":"pt-PT","@id":"https:\/\/www.piovan.com\/#\/schema\/logo\/image\/","url":"https:\/\/www.piovan.com\/wp-content\/uploads\/2021\/06\/logo@2x.png","contentUrl":"https:\/\/www.piovan.com\/wp-content\/uploads\/2021\/06\/logo@2x.png","width":489,"height":78,"caption":"PiovanGroup"},"image":{"@id":"https:\/\/www.piovan.com\/#\/schema\/logo\/image\/"}}]}},"_links":{"self":[{"href":"https:\/\/www.piovan.com\/pt\/wp-json\/wp\/v2\/product\/4922"}],"collection":[{"href":"https:\/\/www.piovan.com\/pt\/wp-json\/wp\/v2\/product"}],"about":[{"href":"https:\/\/www.piovan.com\/pt\/wp-json\/wp\/v2\/types\/product"}],"version-history":[{"count":3,"href":"https:\/\/www.piovan.com\/pt\/wp-json\/wp\/v2\/product\/4922\/revisions"}],"predecessor-version":[{"id":14203,"href":"https:\/\/www.piovan.com\/pt\/wp-json\/wp\/v2\/product\/4922\/revisions\/14203"}],"wp:featuredmedia":[{"embeddable":true,"href":"https:\/\/www.piovan.com\/pt\/wp-json\/wp\/v2\/media\/13410"}],"wp:attachment":[{"href":"https:\/\/www.piovan.com\/pt\/wp-json\/wp\/v2\/media?parent=4922"}],"wp:term":[{"taxonomy":"post_tag","embeddable":true,"href":"https:\/\/www.piovan.com\/pt\/wp-json\/wp\/v2\/tags?post=4922"}],"curies":[{"name":"wp","href":"https:\/\/api.w.org\/{rel}","templated":true}]}}