{"id":4919,"date":"2021-11-09T14:32:52","date_gmt":"2021-11-09T13:32:52","guid":{"rendered":"https:\/\/www.piovan.com\/?post_type=product&#038;p=4919"},"modified":"2025-01-09T16:08:22","modified_gmt":"2025-01-09T15:08:22","slug":"puretech","status":"publish","type":"product","link":"https:\/\/www.piovan.com\/pt\/product\/puretech\/","title":{"rendered":"PureTech"},"content":{"rendered":"<p>PureTech \u00e9 o filtro patenteado de alta tecnologia da Piovan para os desumidificadores Genesys, que permite redu\u00e7\u00e3o de VOCs (Componentes Org\u00e2nicos Vol\u00e1teis) no ar de processo. \u00c9 um pr\u00e9-requisito extremamente necess\u00e1rio ao processar materiais reciclados que podem liberar subst\u00e2ncias durante o processo de aquecimento ou inje\u00e7\u00e3o.<BR>\n<BR>\nOs NIAS (subst\u00e2ncias n\u00e3o intencionalmente adicionadas) normalmente encontrados no rPET se originam de outros tipos de materiais como: papel, metal, vidro, org\u00e2nicos, poeira ambiental e areia, assim como dos aditivos e diferentes pol\u00edmeros imisc\u00edveis (PS, PVC, PE, PP, ABS e assim por diante), que tamb\u00e9m surgem de erros de classifica\u00e7\u00e3o e componentes de embalagem. O benzeno, em particular, deriva do rearranjo de grupos tereft\u00e1licos com \u00e1cidos, como o \u00e1cido clor\u00eddrico, que por sua vez, deriva do cloro do PVC.<BR>\n<BR>\nOs filtros PureTech reduzem consideravelmente a quantidade de NIAS no ar de processo. Ao limitar a quantidade de subst\u00e2ncias que podem ser depositadas nas superf\u00edcies dos tubos, condensadores e peneiras moleculares, obt\u00e9m-se vantagens consider\u00e1veis como a maximiza\u00e7\u00e3o da vida \u00fatil da linha de produ\u00e7\u00e3o.<BR>\n<BR>\nOs filtros PureTech aprovados pelo FDA (Food and Drug Administration) s\u00e3o compostos por c\u00e2mara de carv\u00e3o ativado, estrutura em a\u00e7o inoxid\u00e1vel, camada de papel confeccionado com nano tecnologias e selos para garantir m\u00e1xima seguran\u00e7a.<\/p>\n<p>Os filtros PureTech fornecem uma redu\u00e7\u00e3o dos COVs que podem estar presentes no ar de processo e, consequentemente, nos produtos finais. Isso \u00e9 particularmente importante quando se usam materiais reciclados, devido \u00e0 maior presen\u00e7a de potenciais contaminantes.<\/p>","protected":false},"featured_media":13433,"template":"","tags":[108],"acf":[],"yoast_head":"<title>PureTech - Grupo Piovan<\/title>\n<meta name=\"robots\" content=\"index, follow, max-snippet:-1, max-image-preview:large, max-video-preview:-1\" \/>\n<link rel=\"canonical\" href=\"https:\/\/www.piovan.com\/pt\/product\/puretech\/\" \/>\n<meta property=\"og:locale\" content=\"pt_PT\" \/>\n<meta property=\"og:type\" content=\"article\" \/>\n<meta property=\"og:title\" content=\"PureTech - PiovanGroup\" \/>\n<meta property=\"og:description\" content=\"PureTech is a high-tech filter that combines the mechanical dust filtration of particles \u2265 8 \u03bcm and a chemical filtration of volatiles. The filter is made with a stainless steel frame that contains a chamber for the activated carbon and the paper layer with a nanotech finishing of the surface; the seals are FDA approved for maximum safety. PureTech filters provide a reduction of VOC that can be present in the process air and consequently in the final products. This [&hellip;]\" \/>\n<meta property=\"og:url\" content=\"https:\/\/www.piovan.com\/pt\/product\/puretech\/\" \/>\n<meta property=\"og:site_name\" content=\"PiovanGroup\" \/>\n<meta property=\"article:modified_time\" content=\"2025-01-09T15:08:22+00:00\" \/>\n<meta property=\"og:image\" content=\"https:\/\/www.piovan.com\/wp-content\/uploads\/PureTech.png\" \/>\n\t<meta property=\"og:image:width\" content=\"1200\" \/>\n\t<meta property=\"og:image:height\" content=\"1560\" \/>\n\t<meta property=\"og:image:type\" content=\"image\/png\" \/>\n<meta name=\"twitter:card\" content=\"summary_large_image\" \/>\n<script type=\"application\/ld+json\" class=\"yoast-schema-graph\">{\"@context\":\"https:\/\/schema.org\",\"@graph\":[{\"@type\":\"WebPage\",\"@id\":\"https:\/\/www.piovan.com\/product\/puretech\/\",\"url\":\"https:\/\/www.piovan.com\/product\/puretech\/\",\"name\":\"PureTech - PiovanGroup\",\"isPartOf\":{\"@id\":\"https:\/\/www.piovan.com\/#website\"},\"datePublished\":\"2021-11-09T13:32:52+00:00\",\"dateModified\":\"2025-01-09T15:08:22+00:00\",\"breadcrumb\":{\"@id\":\"https:\/\/www.piovan.com\/product\/puretech\/#breadcrumb\"},\"inLanguage\":\"pt-PT\",\"potentialAction\":[{\"@type\":\"ReadAction\",\"target\":[\"https:\/\/www.piovan.com\/product\/puretech\/\"]}]},{\"@type\":\"BreadcrumbList\",\"@id\":\"https:\/\/www.piovan.com\/product\/puretech\/#breadcrumb\",\"itemListElement\":[{\"@type\":\"ListItem\",\"position\":1,\"name\":\"Home\",\"item\":\"https:\/\/www.piovan.com\/\"},{\"@type\":\"ListItem\",\"position\":2,\"name\":\"Plastic\",\"item\":\"https:\/\/www.piovan.com\/pt\/products\/plasticos\/\"},{\"@type\":\"ListItem\",\"position\":3,\"name\":\"Drying &amp; Dehumidifying\",\"item\":\"https:\/\/www.piovan.com\/pt\/products\/plasticos\/secagem-desumidificacao\/\"},{\"@type\":\"ListItem\",\"position\":4,\"name\":\"PureTech\"}]},{\"@type\":\"WebSite\",\"@id\":\"https:\/\/www.piovan.com\/#website\",\"url\":\"https:\/\/www.piovan.com\/\",\"name\":\"PiovanGroup\",\"description\":\"\",\"publisher\":{\"@id\":\"https:\/\/www.piovan.com\/#organization\"},\"potentialAction\":[{\"@type\":\"SearchAction\",\"target\":{\"@type\":\"EntryPoint\",\"urlTemplate\":\"https:\/\/www.piovan.com\/?s={search_term_string}\"},\"query-input\":\"required name=search_term_string\"}],\"inLanguage\":\"pt-PT\"},{\"@type\":\"Organization\",\"@id\":\"https:\/\/www.piovan.com\/#organization\",\"name\":\"PiovanGroup\",\"url\":\"https:\/\/www.piovan.com\/\",\"logo\":{\"@type\":\"ImageObject\",\"inLanguage\":\"pt-PT\",\"@id\":\"https:\/\/www.piovan.com\/#\/schema\/logo\/image\/\",\"url\":\"https:\/\/www.piovan.com\/wp-content\/uploads\/2021\/06\/logo@2x.png\",\"contentUrl\":\"https:\/\/www.piovan.com\/wp-content\/uploads\/2021\/06\/logo@2x.png\",\"width\":489,\"height\":78,\"caption\":\"PiovanGroup\"},\"image\":{\"@id\":\"https:\/\/www.piovan.com\/#\/schema\/logo\/image\/\"}}]}<\/script>","yoast_head_json":{"title":"PureTech - Grupo Piovan","robots":{"index":"index","follow":"follow","max-snippet":"max-snippet:-1","max-image-preview":"max-image-preview:large","max-video-preview":"max-video-preview:-1"},"canonical":"https:\/\/www.piovan.com\/pt\/product\/puretech\/","og_locale":"pt_PT","og_type":"article","og_title":"PureTech - PiovanGroup","og_description":"PureTech is a high-tech filter that combines the mechanical dust filtration of particles \u2265 8 \u03bcm and a chemical filtration of volatiles. The filter is made with a stainless steel frame that contains a chamber for the activated carbon and the paper layer with a nanotech finishing of the surface; the seals are FDA approved for maximum safety. PureTech filters provide a reduction of VOC that can be present in the process air and consequently in the final products. This [&hellip;]","og_url":"https:\/\/www.piovan.com\/pt\/product\/puretech\/","og_site_name":"PiovanGroup","article_modified_time":"2025-01-09T15:08:22+00:00","og_image":[{"width":1200,"height":1560,"url":"https:\/\/www.piovan.com\/wp-content\/uploads\/PureTech.png","type":"image\/png"}],"twitter_card":"summary_large_image","schema":{"@context":"https:\/\/schema.org","@graph":[{"@type":"WebPage","@id":"https:\/\/www.piovan.com\/product\/puretech\/","url":"https:\/\/www.piovan.com\/product\/puretech\/","name":"PureTech - PiovanGroup","isPartOf":{"@id":"https:\/\/www.piovan.com\/#website"},"datePublished":"2021-11-09T13:32:52+00:00","dateModified":"2025-01-09T15:08:22+00:00","breadcrumb":{"@id":"https:\/\/www.piovan.com\/product\/puretech\/#breadcrumb"},"inLanguage":"pt-PT","potentialAction":[{"@type":"ReadAction","target":["https:\/\/www.piovan.com\/product\/puretech\/"]}]},{"@type":"BreadcrumbList","@id":"https:\/\/www.piovan.com\/product\/puretech\/#breadcrumb","itemListElement":[{"@type":"ListItem","position":1,"name":"Home","item":"https:\/\/www.piovan.com\/"},{"@type":"ListItem","position":2,"name":"Plastic","item":"https:\/\/www.piovan.com\/pt\/products\/plasticos\/"},{"@type":"ListItem","position":3,"name":"Drying &amp; Dehumidifying","item":"https:\/\/www.piovan.com\/pt\/products\/plasticos\/secagem-desumidificacao\/"},{"@type":"ListItem","position":4,"name":"PureTech"}]},{"@type":"WebSite","@id":"https:\/\/www.piovan.com\/#website","url":"https:\/\/www.piovan.com\/","name":"PiovanGroup","description":"","publisher":{"@id":"https:\/\/www.piovan.com\/#organization"},"potentialAction":[{"@type":"SearchAction","target":{"@type":"EntryPoint","urlTemplate":"https:\/\/www.piovan.com\/?s={search_term_string}"},"query-input":"required name=search_term_string"}],"inLanguage":"pt-PT"},{"@type":"Organization","@id":"https:\/\/www.piovan.com\/#organization","name":"PiovanGroup","url":"https:\/\/www.piovan.com\/","logo":{"@type":"ImageObject","inLanguage":"pt-PT","@id":"https:\/\/www.piovan.com\/#\/schema\/logo\/image\/","url":"https:\/\/www.piovan.com\/wp-content\/uploads\/2021\/06\/logo@2x.png","contentUrl":"https:\/\/www.piovan.com\/wp-content\/uploads\/2021\/06\/logo@2x.png","width":489,"height":78,"caption":"PiovanGroup"},"image":{"@id":"https:\/\/www.piovan.com\/#\/schema\/logo\/image\/"}}]}},"_links":{"self":[{"href":"https:\/\/www.piovan.com\/pt\/wp-json\/wp\/v2\/product\/4919"}],"collection":[{"href":"https:\/\/www.piovan.com\/pt\/wp-json\/wp\/v2\/product"}],"about":[{"href":"https:\/\/www.piovan.com\/pt\/wp-json\/wp\/v2\/types\/product"}],"version-history":[{"count":3,"href":"https:\/\/www.piovan.com\/pt\/wp-json\/wp\/v2\/product\/4919\/revisions"}],"predecessor-version":[{"id":14200,"href":"https:\/\/www.piovan.com\/pt\/wp-json\/wp\/v2\/product\/4919\/revisions\/14200"}],"wp:featuredmedia":[{"embeddable":true,"href":"https:\/\/www.piovan.com\/pt\/wp-json\/wp\/v2\/media\/13433"}],"wp:attachment":[{"href":"https:\/\/www.piovan.com\/pt\/wp-json\/wp\/v2\/media?parent=4919"}],"wp:term":[{"taxonomy":"post_tag","embeddable":true,"href":"https:\/\/www.piovan.com\/pt\/wp-json\/wp\/v2\/tags?post=4919"}],"curies":[{"name":"wp","href":"https:\/\/api.w.org\/{rel}","templated":true}]}}