{"id":4902,"date":"2021-11-09T14:01:51","date_gmt":"2021-11-09T13:01:51","guid":{"rendered":"https:\/\/www.piovan.com\/?post_type=product&#038;p=4902"},"modified":"2024-09-19T16:06:35","modified_gmt":"2024-09-19T14:06:35","slug":"hr-hrm","status":"publish","type":"product","link":"https:\/\/www.piovan.com\/pt\/product\/hr-hrm\/","title":{"rendered":"HR | HRM"},"content":{"rendered":"<p>Adotando a tecnologia do rotor dessecante tipo colmeia, a S\u00e9rie HR garante m\u00e1xima efici\u00eancia energ\u00e9tica e versatilidade de aplica\u00e7\u00e3o nas pequenas e m\u00e9dias produ\u00e7\u00f5es. Capacidade de vaz\u00e3o de ar de 50 a 300 m3\/h, mantendo o ponto de orvalho constante. O material dessecante (peneiras moleculares de ze\u00f3lita) \u00e9 revestido na superf\u00edcie interna da estrutura de colmeia, garantindo uma grande capacidade de absor\u00e7\u00e3o e zero de emiss\u00e3o de p\u00f3. Processo de regenera\u00e7\u00e3o cont\u00ednua e processo de refrigera\u00e7\u00e3o em circuito fechado para um elevado desempenho e um n\u00edvel constante do ponto de orvalho.<\/p>\n<p>Solu\u00e7\u00f5es orientadas para o cliente\u200b:\n<BR><br \/>\nFlexibilidade de aplica\u00e7\u00e3o e economia de energia<BR>\nNenhum custo em termos de consumo ou conex\u00e3o para \u00e1gua de refrigera\u00e7\u00e3o ou ar comprimido. O funcionamento da m\u00e1quina requer somente uma conex\u00e3o el\u00e9trica.\n<BR><br \/>\nGerenciamento inteligente da energia:<br \/>\n\u2022 Solu\u00e7\u00e3o com rotor do tipo colmeia e recupera\u00e7\u00e3o total do ar de regenera\u00e7\u00e3o<BR>\n\u2022 Intelligent Energy Supervisor: otimiza o consumo de energia ajustando \u00e0 produ\u00e7\u00e3o e \u00e0s necessidades espec\u00edficas da m\u00e1quina transformadora<BR>\n\u2022 Intelligent Material Drying: otimiza e ajusta o consumo de energia, evitando a degrada\u00e7\u00e3o t\u00e9rmica ou a desumidifica\u00e7\u00e3o excessiva.<\/p>\n<p>Configura\u00e7\u00e3o flex\u00edvel e modular<BR>\nCapacidade dos funis de 100 a 800 dm\u00b3. O funil pode ser instalado em cima ou ao lado da m\u00e1quina transformadora ou sobre um carrinho. Est\u00e3o dispon\u00edveis vers\u00f5es monofunil e multifunis (PTU). A S\u00e9rie HR est\u00e1 equipada com um sistema microprocessador que mant\u00e9m constante a temperatura de set. O controle permite exibir e configurar os par\u00e2metros, as formas de opera\u00e7\u00e3o e ver as mensagens de alarme. Uma vez selecionada a temperatura de processo, o microprocessador ajusta automaticamente a temperatura de seguran\u00e7a em toda a gama de temperaturas de funcionamento, garantindo assim a m\u00e1xima seguran\u00e7a operacional<\/p>","protected":false},"featured_media":13149,"template":"","tags":[108],"acf":[],"yoast_head":"<title>HR | HRM - Grupo Piovan<\/title>\n<meta name=\"robots\" content=\"index, follow, max-snippet:-1, max-image-preview:large, max-video-preview:-1\" \/>\n<link rel=\"canonical\" href=\"https:\/\/www.piovan.com\/pt\/product\/hr-hrm\/\" \/>\n<meta property=\"og:locale\" content=\"pt_PT\" \/>\n<meta property=\"og:type\" content=\"article\" \/>\n<meta property=\"og:title\" content=\"HR | HRM - PiovanGroup\" \/>\n<meta property=\"og:description\" content=\"By adopting the honeycomb desiccant rotor technology, the HR Series is able to ensure versatility for small and medium productions. The technology is characterised by constant dew point and clean process thanks to \u2022 large absorbing capacity \u2022 zero dust emission \u2022 continuous regeneration process and close loop cooling phase. HR and HRM dryers are also flexible since they operate with single or multiple hoppers and can be installed beside the process machine or on a mobile frame.\" \/>\n<meta property=\"og:url\" content=\"https:\/\/www.piovan.com\/pt\/product\/hr-hrm\/\" \/>\n<meta property=\"og:site_name\" content=\"PiovanGroup\" \/>\n<meta property=\"article:modified_time\" content=\"2024-09-19T14:06:35+00:00\" \/>\n<meta property=\"og:image\" content=\"https:\/\/www.piovan.com\/wp-content\/uploads\/HR-HRM_1200x1560px.png\" \/>\n\t<meta property=\"og:image:width\" content=\"1200\" \/>\n\t<meta property=\"og:image:height\" content=\"1560\" \/>\n\t<meta property=\"og:image:type\" content=\"image\/png\" \/>\n<meta name=\"twitter:card\" content=\"summary_large_image\" \/>\n<script type=\"application\/ld+json\" class=\"yoast-schema-graph\">{\"@context\":\"https:\/\/schema.org\",\"@graph\":[{\"@type\":\"WebPage\",\"@id\":\"https:\/\/www.piovan.com\/product\/hr-hrm\/\",\"url\":\"https:\/\/www.piovan.com\/product\/hr-hrm\/\",\"name\":\"HR | HRM - PiovanGroup\",\"isPartOf\":{\"@id\":\"https:\/\/www.piovan.com\/#website\"},\"datePublished\":\"2021-11-09T13:01:51+00:00\",\"dateModified\":\"2024-09-19T14:06:35+00:00\",\"breadcrumb\":{\"@id\":\"https:\/\/www.piovan.com\/product\/hr-hrm\/#breadcrumb\"},\"inLanguage\":\"pt-PT\",\"potentialAction\":[{\"@type\":\"ReadAction\",\"target\":[\"https:\/\/www.piovan.com\/product\/hr-hrm\/\"]}]},{\"@type\":\"BreadcrumbList\",\"@id\":\"https:\/\/www.piovan.com\/product\/hr-hrm\/#breadcrumb\",\"itemListElement\":[{\"@type\":\"ListItem\",\"position\":1,\"name\":\"Home\",\"item\":\"https:\/\/www.piovan.com\/\"},{\"@type\":\"ListItem\",\"position\":2,\"name\":\"Plastic\",\"item\":\"https:\/\/www.piovan.com\/pt\/products\/plasticos\/\"},{\"@type\":\"ListItem\",\"position\":3,\"name\":\"Drying &amp; Dehumidifying\",\"item\":\"https:\/\/www.piovan.com\/pt\/products\/plasticos\/secagem-desumidificacao\/\"},{\"@type\":\"ListItem\",\"position\":4,\"name\":\"HR | HRM\"}]},{\"@type\":\"WebSite\",\"@id\":\"https:\/\/www.piovan.com\/#website\",\"url\":\"https:\/\/www.piovan.com\/\",\"name\":\"PiovanGroup\",\"description\":\"\",\"publisher\":{\"@id\":\"https:\/\/www.piovan.com\/#organization\"},\"potentialAction\":[{\"@type\":\"SearchAction\",\"target\":{\"@type\":\"EntryPoint\",\"urlTemplate\":\"https:\/\/www.piovan.com\/?s={search_term_string}\"},\"query-input\":\"required name=search_term_string\"}],\"inLanguage\":\"pt-PT\"},{\"@type\":\"Organization\",\"@id\":\"https:\/\/www.piovan.com\/#organization\",\"name\":\"PiovanGroup\",\"url\":\"https:\/\/www.piovan.com\/\",\"logo\":{\"@type\":\"ImageObject\",\"inLanguage\":\"pt-PT\",\"@id\":\"https:\/\/www.piovan.com\/#\/schema\/logo\/image\/\",\"url\":\"https:\/\/www.piovan.com\/wp-content\/uploads\/2021\/06\/logo@2x.png\",\"contentUrl\":\"https:\/\/www.piovan.com\/wp-content\/uploads\/2021\/06\/logo@2x.png\",\"width\":489,\"height\":78,\"caption\":\"PiovanGroup\"},\"image\":{\"@id\":\"https:\/\/www.piovan.com\/#\/schema\/logo\/image\/\"}}]}<\/script>","yoast_head_json":{"title":"HR | HRM - Grupo Piovan","robots":{"index":"index","follow":"follow","max-snippet":"max-snippet:-1","max-image-preview":"max-image-preview:large","max-video-preview":"max-video-preview:-1"},"canonical":"https:\/\/www.piovan.com\/pt\/product\/hr-hrm\/","og_locale":"pt_PT","og_type":"article","og_title":"HR | HRM - PiovanGroup","og_description":"By adopting the honeycomb desiccant rotor technology, the HR Series is able to ensure versatility for small and medium productions. The technology is characterised by constant dew point and clean process thanks to \u2022 large absorbing capacity \u2022 zero dust emission \u2022 continuous regeneration process and close loop cooling phase. HR and HRM dryers are also flexible since they operate with single or multiple hoppers and can be installed beside the process machine or on a mobile frame.","og_url":"https:\/\/www.piovan.com\/pt\/product\/hr-hrm\/","og_site_name":"PiovanGroup","article_modified_time":"2024-09-19T14:06:35+00:00","og_image":[{"width":1200,"height":1560,"url":"https:\/\/www.piovan.com\/wp-content\/uploads\/HR-HRM_1200x1560px.png","type":"image\/png"}],"twitter_card":"summary_large_image","schema":{"@context":"https:\/\/schema.org","@graph":[{"@type":"WebPage","@id":"https:\/\/www.piovan.com\/product\/hr-hrm\/","url":"https:\/\/www.piovan.com\/product\/hr-hrm\/","name":"HR | HRM - PiovanGroup","isPartOf":{"@id":"https:\/\/www.piovan.com\/#website"},"datePublished":"2021-11-09T13:01:51+00:00","dateModified":"2024-09-19T14:06:35+00:00","breadcrumb":{"@id":"https:\/\/www.piovan.com\/product\/hr-hrm\/#breadcrumb"},"inLanguage":"pt-PT","potentialAction":[{"@type":"ReadAction","target":["https:\/\/www.piovan.com\/product\/hr-hrm\/"]}]},{"@type":"BreadcrumbList","@id":"https:\/\/www.piovan.com\/product\/hr-hrm\/#breadcrumb","itemListElement":[{"@type":"ListItem","position":1,"name":"Home","item":"https:\/\/www.piovan.com\/"},{"@type":"ListItem","position":2,"name":"Plastic","item":"https:\/\/www.piovan.com\/pt\/products\/plasticos\/"},{"@type":"ListItem","position":3,"name":"Drying &amp; Dehumidifying","item":"https:\/\/www.piovan.com\/pt\/products\/plasticos\/secagem-desumidificacao\/"},{"@type":"ListItem","position":4,"name":"HR | HRM"}]},{"@type":"WebSite","@id":"https:\/\/www.piovan.com\/#website","url":"https:\/\/www.piovan.com\/","name":"PiovanGroup","description":"","publisher":{"@id":"https:\/\/www.piovan.com\/#organization"},"potentialAction":[{"@type":"SearchAction","target":{"@type":"EntryPoint","urlTemplate":"https:\/\/www.piovan.com\/?s={search_term_string}"},"query-input":"required name=search_term_string"}],"inLanguage":"pt-PT"},{"@type":"Organization","@id":"https:\/\/www.piovan.com\/#organization","name":"PiovanGroup","url":"https:\/\/www.piovan.com\/","logo":{"@type":"ImageObject","inLanguage":"pt-PT","@id":"https:\/\/www.piovan.com\/#\/schema\/logo\/image\/","url":"https:\/\/www.piovan.com\/wp-content\/uploads\/2021\/06\/logo@2x.png","contentUrl":"https:\/\/www.piovan.com\/wp-content\/uploads\/2021\/06\/logo@2x.png","width":489,"height":78,"caption":"PiovanGroup"},"image":{"@id":"https:\/\/www.piovan.com\/#\/schema\/logo\/image\/"}}]}},"_links":{"self":[{"href":"https:\/\/www.piovan.com\/pt\/wp-json\/wp\/v2\/product\/4902"}],"collection":[{"href":"https:\/\/www.piovan.com\/pt\/wp-json\/wp\/v2\/product"}],"about":[{"href":"https:\/\/www.piovan.com\/pt\/wp-json\/wp\/v2\/types\/product"}],"version-history":[{"count":2,"href":"https:\/\/www.piovan.com\/pt\/wp-json\/wp\/v2\/product\/4902\/revisions"}],"predecessor-version":[{"id":13151,"href":"https:\/\/www.piovan.com\/pt\/wp-json\/wp\/v2\/product\/4902\/revisions\/13151"}],"wp:featuredmedia":[{"embeddable":true,"href":"https:\/\/www.piovan.com\/pt\/wp-json\/wp\/v2\/media\/13149"}],"wp:attachment":[{"href":"https:\/\/www.piovan.com\/pt\/wp-json\/wp\/v2\/media?parent=4902"}],"wp:term":[{"taxonomy":"post_tag","embeddable":true,"href":"https:\/\/www.piovan.com\/pt\/wp-json\/wp\/v2\/tags?post=4902"}],"curies":[{"name":"wp","href":"https:\/\/api.w.org\/{rel}","templated":true}]}}