{"id":4884,"date":"2021-11-09T12:03:16","date_gmt":"2021-11-09T11:03:16","guid":{"rendered":"https:\/\/www.piovan.com\/?post_type=product&#038;p=4884"},"modified":"2024-10-28T15:35:06","modified_gmt":"2024-10-28T14:35:06","slug":"genesysnext","status":"publish","type":"product","link":"https:\/\/www.piovan.com\/pt\/product\/genesysnext\/","title":{"rendered":"GenesysNext"},"content":{"rendered":"<p>GenesysNext \u00e9 o sistema de desumidifica\u00e7\u00e3o com funil \u00fanico, de alto desempenho e totalmente autom\u00e1tico, que otimiza o processo de produ\u00e7\u00e3o das preformas PET. Foi projetado especificamente para alcan\u00e7ar a mais alta otimiza\u00e7\u00e3o do consumo de energia, gra\u00e7as a uma nova configura\u00e7\u00e3o do circuito de regenera\u00e7\u00e3o, e um novo sistema de recupera\u00e7\u00e3o de energia de aquecimento.<\/p>\n<p class=\" translation-block\">Este inovador desumidificador tamb\u00e9m \u00e9 caracterizado pelo sistema PETformance. Este sistema introduziu pela primeira vez o conceito de conex\u00e3o direta entre os processos de desumidifica\u00e7\u00e3o e inje\u00e7\u00e3o, gra\u00e7as \u00e0 capacidade que o GenesysNext tem de ler o valor da press\u00e3o de inje\u00e7\u00e3o em tempo real, minimiz\u00e1-lo e estabiliz\u00e1-lo ao valor definido. Dessa forma, o resultado \u00e9 a efici\u00eancia m\u00e1xima de todo o processo de produ\u00e7\u00e3o, com m\u00ednimo de desperd\u00edcio.<\/p>\n<p class=\" translation-block\">GenesysNext representa a mais alta tecnologia em sistemas de desumidifica\u00e7\u00e3o de preformas, criando um novo padr\u00e3o de secagem. O custo de produ\u00e7\u00e3o de uma boa preforma foi drasticamente reduzido e trouxe in\u00fameras vantagens como: menor utiliza\u00e7\u00e3o de material, redu\u00e7\u00e3o do consumo de energia e redu\u00e7\u00e3o do custo de m\u00e3o de obra, j\u00e1 que o sistema \u00e9 totalmente autom\u00e1tico. O Moisture Minder, que \u00e9 um instrumento para medi\u00e7\u00e3o on-line da umidade residual nos gr\u00e2nulos de pl\u00e1stico, tamb\u00e9m foi integrado ao controle do GenesysNext, permitindo o monitoramento de todo o processo.<\/p>\n<p class=\" translation-block\">O GenesysNext tamb\u00e9m deu um passo \u00e0 frente, na dire\u00e7\u00e3o da economia circular: com o sistema de filtra\u00e7\u00e3o PureTech, dispon\u00edvel como opcional, permite uma filtra\u00e7\u00e3o avan\u00e7ada dos conte\u00fados VOC, presentes no ar de processo. Isso \u00e9 especialmente necess\u00e1rio no caso de materiais reciclados que podem liberar subst\u00e2ncias com baixo ponto de ebuli\u00e7\u00e3o, durante o processo de aquecimento ou inje\u00e7\u00e3o.<\/p>\n<p>O sistema de filtragem PureTech garante aus\u00eancia de contaminantes em cada preforma produzida. Este sistema tamb\u00e9m protege as torres dessecantes, prolongando a vida \u00fatil da m\u00e1quina e garantindo um desempenho constante ao longo do tempo.<\/p>","protected":false},"featured_media":13116,"template":"","tags":[108,41],"acf":[],"yoast_head":"<title>GenesysNext - Grupo Piovan<\/title>\n<meta name=\"robots\" content=\"index, follow, max-snippet:-1, max-image-preview:large, max-video-preview:-1\" \/>\n<link rel=\"canonical\" href=\"https:\/\/www.piovan.com\/pt\/product\/genesysnext\/\" \/>\n<meta property=\"og:locale\" content=\"pt_PT\" \/>\n<meta property=\"og:type\" content=\"article\" \/>\n<meta property=\"og:title\" content=\"GenesysNext - PiovanGroup\" \/>\n<meta property=\"og:description\" content=\"High performance, fully automatic, mono hopper drying system that reduces the production costs. GenesysNext is the cutting edge solution for \u2022 Optimising the energy usage \u2022 Scrap reduction thanks to continuous tracking of injection pressure Moisture Minder measurements, online residual humidity in plastic granules, are integrated in the GenesysNext control. GenesysNext is also a step toward circular economy: with PureTech filtration system, available as an option, an advance filtration of the VOC system present in the process air is possible. [&hellip;]\" \/>\n<meta property=\"og:url\" content=\"https:\/\/www.piovan.com\/pt\/product\/genesysnext\/\" \/>\n<meta property=\"og:site_name\" content=\"PiovanGroup\" \/>\n<meta property=\"article:modified_time\" content=\"2024-10-28T14:35:06+00:00\" \/>\n<meta property=\"og:image\" content=\"https:\/\/www.piovan.com\/wp-content\/uploads\/GENESYSNEXT_1200x1560px.png\" \/>\n\t<meta property=\"og:image:width\" content=\"1200\" \/>\n\t<meta property=\"og:image:height\" content=\"1560\" \/>\n\t<meta property=\"og:image:type\" content=\"image\/png\" \/>\n<meta name=\"twitter:card\" content=\"summary_large_image\" \/>\n<script type=\"application\/ld+json\" class=\"yoast-schema-graph\">{\"@context\":\"https:\/\/schema.org\",\"@graph\":[{\"@type\":\"WebPage\",\"@id\":\"https:\/\/www.piovan.com\/product\/genesysnext\/\",\"url\":\"https:\/\/www.piovan.com\/product\/genesysnext\/\",\"name\":\"GenesysNext - PiovanGroup\",\"isPartOf\":{\"@id\":\"https:\/\/www.piovan.com\/#website\"},\"datePublished\":\"2021-11-09T11:03:16+00:00\",\"dateModified\":\"2024-10-28T14:35:06+00:00\",\"breadcrumb\":{\"@id\":\"https:\/\/www.piovan.com\/product\/genesysnext\/#breadcrumb\"},\"inLanguage\":\"pt-PT\",\"potentialAction\":[{\"@type\":\"ReadAction\",\"target\":[\"https:\/\/www.piovan.com\/product\/genesysnext\/\"]}]},{\"@type\":\"BreadcrumbList\",\"@id\":\"https:\/\/www.piovan.com\/product\/genesysnext\/#breadcrumb\",\"itemListElement\":[{\"@type\":\"ListItem\",\"position\":1,\"name\":\"Home\",\"item\":\"https:\/\/www.piovan.com\/\"},{\"@type\":\"ListItem\",\"position\":2,\"name\":\"Plastic\",\"item\":\"https:\/\/www.piovan.com\/pt\/products\/plasticos\/\"},{\"@type\":\"ListItem\",\"position\":3,\"name\":\"Drying &amp; Dehumidifying\",\"item\":\"https:\/\/www.piovan.com\/pt\/products\/plasticos\/secagem-desumidificacao\/\"},{\"@type\":\"ListItem\",\"position\":4,\"name\":\"GenesysNext\"}]},{\"@type\":\"WebSite\",\"@id\":\"https:\/\/www.piovan.com\/#website\",\"url\":\"https:\/\/www.piovan.com\/\",\"name\":\"PiovanGroup\",\"description\":\"\",\"publisher\":{\"@id\":\"https:\/\/www.piovan.com\/#organization\"},\"potentialAction\":[{\"@type\":\"SearchAction\",\"target\":{\"@type\":\"EntryPoint\",\"urlTemplate\":\"https:\/\/www.piovan.com\/?s={search_term_string}\"},\"query-input\":\"required name=search_term_string\"}],\"inLanguage\":\"pt-PT\"},{\"@type\":\"Organization\",\"@id\":\"https:\/\/www.piovan.com\/#organization\",\"name\":\"PiovanGroup\",\"url\":\"https:\/\/www.piovan.com\/\",\"logo\":{\"@type\":\"ImageObject\",\"inLanguage\":\"pt-PT\",\"@id\":\"https:\/\/www.piovan.com\/#\/schema\/logo\/image\/\",\"url\":\"https:\/\/www.piovan.com\/wp-content\/uploads\/2021\/06\/logo@2x.png\",\"contentUrl\":\"https:\/\/www.piovan.com\/wp-content\/uploads\/2021\/06\/logo@2x.png\",\"width\":489,\"height\":78,\"caption\":\"PiovanGroup\"},\"image\":{\"@id\":\"https:\/\/www.piovan.com\/#\/schema\/logo\/image\/\"}}]}<\/script>","yoast_head_json":{"title":"GenesysNext - Grupo Piovan","robots":{"index":"index","follow":"follow","max-snippet":"max-snippet:-1","max-image-preview":"max-image-preview:large","max-video-preview":"max-video-preview:-1"},"canonical":"https:\/\/www.piovan.com\/pt\/product\/genesysnext\/","og_locale":"pt_PT","og_type":"article","og_title":"GenesysNext - PiovanGroup","og_description":"High performance, fully automatic, mono hopper drying system that reduces the production costs. GenesysNext is the cutting edge solution for \u2022 Optimising the energy usage \u2022 Scrap reduction thanks to continuous tracking of injection pressure Moisture Minder measurements, online residual humidity in plastic granules, are integrated in the GenesysNext control. GenesysNext is also a step toward circular economy: with PureTech filtration system, available as an option, an advance filtration of the VOC system present in the process air is possible. [&hellip;]","og_url":"https:\/\/www.piovan.com\/pt\/product\/genesysnext\/","og_site_name":"PiovanGroup","article_modified_time":"2024-10-28T14:35:06+00:00","og_image":[{"width":1200,"height":1560,"url":"https:\/\/www.piovan.com\/wp-content\/uploads\/GENESYSNEXT_1200x1560px.png","type":"image\/png"}],"twitter_card":"summary_large_image","schema":{"@context":"https:\/\/schema.org","@graph":[{"@type":"WebPage","@id":"https:\/\/www.piovan.com\/product\/genesysnext\/","url":"https:\/\/www.piovan.com\/product\/genesysnext\/","name":"GenesysNext - PiovanGroup","isPartOf":{"@id":"https:\/\/www.piovan.com\/#website"},"datePublished":"2021-11-09T11:03:16+00:00","dateModified":"2024-10-28T14:35:06+00:00","breadcrumb":{"@id":"https:\/\/www.piovan.com\/product\/genesysnext\/#breadcrumb"},"inLanguage":"pt-PT","potentialAction":[{"@type":"ReadAction","target":["https:\/\/www.piovan.com\/product\/genesysnext\/"]}]},{"@type":"BreadcrumbList","@id":"https:\/\/www.piovan.com\/product\/genesysnext\/#breadcrumb","itemListElement":[{"@type":"ListItem","position":1,"name":"Home","item":"https:\/\/www.piovan.com\/"},{"@type":"ListItem","position":2,"name":"Plastic","item":"https:\/\/www.piovan.com\/pt\/products\/plasticos\/"},{"@type":"ListItem","position":3,"name":"Drying &amp; Dehumidifying","item":"https:\/\/www.piovan.com\/pt\/products\/plasticos\/secagem-desumidificacao\/"},{"@type":"ListItem","position":4,"name":"GenesysNext"}]},{"@type":"WebSite","@id":"https:\/\/www.piovan.com\/#website","url":"https:\/\/www.piovan.com\/","name":"PiovanGroup","description":"","publisher":{"@id":"https:\/\/www.piovan.com\/#organization"},"potentialAction":[{"@type":"SearchAction","target":{"@type":"EntryPoint","urlTemplate":"https:\/\/www.piovan.com\/?s={search_term_string}"},"query-input":"required name=search_term_string"}],"inLanguage":"pt-PT"},{"@type":"Organization","@id":"https:\/\/www.piovan.com\/#organization","name":"PiovanGroup","url":"https:\/\/www.piovan.com\/","logo":{"@type":"ImageObject","inLanguage":"pt-PT","@id":"https:\/\/www.piovan.com\/#\/schema\/logo\/image\/","url":"https:\/\/www.piovan.com\/wp-content\/uploads\/2021\/06\/logo@2x.png","contentUrl":"https:\/\/www.piovan.com\/wp-content\/uploads\/2021\/06\/logo@2x.png","width":489,"height":78,"caption":"PiovanGroup"},"image":{"@id":"https:\/\/www.piovan.com\/#\/schema\/logo\/image\/"}}]}},"_links":{"self":[{"href":"https:\/\/www.piovan.com\/pt\/wp-json\/wp\/v2\/product\/4884"}],"collection":[{"href":"https:\/\/www.piovan.com\/pt\/wp-json\/wp\/v2\/product"}],"about":[{"href":"https:\/\/www.piovan.com\/pt\/wp-json\/wp\/v2\/types\/product"}],"version-history":[{"count":3,"href":"https:\/\/www.piovan.com\/pt\/wp-json\/wp\/v2\/product\/4884\/revisions"}],"predecessor-version":[{"id":13513,"href":"https:\/\/www.piovan.com\/pt\/wp-json\/wp\/v2\/product\/4884\/revisions\/13513"}],"wp:featuredmedia":[{"embeddable":true,"href":"https:\/\/www.piovan.com\/pt\/wp-json\/wp\/v2\/media\/13116"}],"wp:attachment":[{"href":"https:\/\/www.piovan.com\/pt\/wp-json\/wp\/v2\/media?parent=4884"}],"wp:term":[{"taxonomy":"post_tag","embeddable":true,"href":"https:\/\/www.piovan.com\/pt\/wp-json\/wp\/v2\/tags?post=4884"}],"curies":[{"name":"wp","href":"https:\/\/api.w.org\/{rel}","templated":true}]}}