{"id":4877,"date":"2021-11-09T10:57:35","date_gmt":"2021-11-09T09:57:35","guid":{"rendered":"https:\/\/www.piovan.com\/?post_type=product&#038;p=4877"},"modified":"2024-09-30T17:05:57","modified_gmt":"2024-09-30T15:05:57","slug":"g-esp","status":"publish","type":"product","link":"https:\/\/www.piovan.com\/pt\/product\/g-esp\/","title":{"rendered":"G | ESP"},"content":{"rendered":"<p>Os secadores de ar quente da S\u00e9rie G e ESN s\u00e3o usados para remover a umidade da superf\u00edcie de materiais termopl\u00e1sticos n\u00e3o higrosc\u00f3picos. Est\u00e3o adaptados para aplica\u00e7\u00f5es que requerem altas taxas de consumo de material. O aquecedor, o compressor e o painel de controle est\u00e3o fixados ao funil de secagem, formando um \u00danico conjunto.<br>\nO secador ESN \u00e9 uma unidade separada dos funis conectado  a ele por tubos flex\u00edveis isolados termicamente. O secador de ar quente e o funil s\u00e3o normalmente posicionados no piso, podendo atender uma ou mais m\u00e1quinas transformadoras. O controle da temperatura \u00e9 efetuado por um termostato eletr\u00f4nico, e um termostato de seguran\u00e7a tamb\u00e9m est\u00e1 dispon\u00edvel como opcional. \n<br><\/br>\n<strong>Solu\u00e7\u00f5es orientadas para o cliente<\/strong>\u200b:<br><\/p>\n<p class=\" translation-block\"><strong>S\u00e9rie G<\/strong><br>\nConfigura\u00e7\u00e3o flex\u00edvel<br>\n\u25cf Pode ser instalado diretamente nas m\u00e1quinas injetoras ou extrusoras, no piso ou em suporte m\u00f3vel para maior mobilidade<br>\n\u25cf Gerador de ar quente integrado ao funil<br>\n\u25cf Permite servir uma ou mais m\u00e1quinas transformadoras<br>\n\u25cf Capacidade dos funis de 10 a 3000 dm\u00b3<\/p>\n<p class=\" translation-block\"><strong>S\u00e9rie ESN<\/strong><br>\nConfigura\u00e7\u00e3o flex\u00edvel<br>\n\u25cf Os funis s\u00e3o fabricados em a\u00e7o inoxid\u00e1vel para evitar o risco de contamina\u00e7\u00e3o e corros\u00e3o<br>\n\u25cf A constru\u00e7\u00e3o do funil \u00e9 precisa (sem dispers\u00e3o t\u00e9rmica, distribui\u00e7\u00e3o homog\u00eanea da temperatura no interior do funil)<\/p>","protected":false},"featured_media":13443,"template":"","tags":[108],"acf":[],"yoast_head":"<title>G | ESP - Grupo Piovan<\/title>\n<meta name=\"robots\" content=\"index, follow, max-snippet:-1, max-image-preview:large, max-video-preview:-1\" \/>\n<link rel=\"canonical\" href=\"https:\/\/www.piovan.com\/pt\/product\/g-esp\/\" \/>\n<meta property=\"og:locale\" content=\"pt_PT\" \/>\n<meta property=\"og:type\" content=\"article\" \/>\n<meta property=\"og:title\" content=\"G | ESP - PiovanGroup\" \/>\n<meta property=\"og:description\" content=\"The drying solution for nonhygroscopic thermoplastic materials characterised by high flexibility, with hopper capacity from 10 to 3,000 litres. G series \u2022 installation on IMM or extruders for direct feeding \u2022 floor installation on trolley to feed multiple machines. ESP \u2022 configuration with separate air generator unit \u2022 for single or multiple machine feeding\" \/>\n<meta property=\"og:url\" content=\"https:\/\/www.piovan.com\/pt\/product\/g-esp\/\" \/>\n<meta property=\"og:site_name\" content=\"PiovanGroup\" \/>\n<meta property=\"article:modified_time\" content=\"2024-09-30T15:05:57+00:00\" \/>\n<meta property=\"og:image\" content=\"https:\/\/www.piovan.com\/wp-content\/uploads\/G-ESP.png\" \/>\n\t<meta property=\"og:image:width\" content=\"1200\" \/>\n\t<meta property=\"og:image:height\" content=\"1560\" \/>\n\t<meta property=\"og:image:type\" content=\"image\/png\" \/>\n<meta name=\"twitter:card\" content=\"summary_large_image\" \/>\n<script type=\"application\/ld+json\" class=\"yoast-schema-graph\">{\"@context\":\"https:\/\/schema.org\",\"@graph\":[{\"@type\":\"WebPage\",\"@id\":\"https:\/\/www.piovan.com\/product\/g-esp\/\",\"url\":\"https:\/\/www.piovan.com\/product\/g-esp\/\",\"name\":\"G | ESP - PiovanGroup\",\"isPartOf\":{\"@id\":\"https:\/\/www.piovan.com\/#website\"},\"datePublished\":\"2021-11-09T09:57:35+00:00\",\"dateModified\":\"2024-09-30T15:05:57+00:00\",\"breadcrumb\":{\"@id\":\"https:\/\/www.piovan.com\/product\/g-esp\/#breadcrumb\"},\"inLanguage\":\"pt-PT\",\"potentialAction\":[{\"@type\":\"ReadAction\",\"target\":[\"https:\/\/www.piovan.com\/product\/g-esp\/\"]}]},{\"@type\":\"BreadcrumbList\",\"@id\":\"https:\/\/www.piovan.com\/product\/g-esp\/#breadcrumb\",\"itemListElement\":[{\"@type\":\"ListItem\",\"position\":1,\"name\":\"Home\",\"item\":\"https:\/\/www.piovan.com\/\"},{\"@type\":\"ListItem\",\"position\":2,\"name\":\"Plastic\",\"item\":\"https:\/\/www.piovan.com\/pt\/products\/plasticos\/\"},{\"@type\":\"ListItem\",\"position\":3,\"name\":\"Drying &amp; Dehumidifying\",\"item\":\"https:\/\/www.piovan.com\/pt\/products\/plasticos\/secagem-desumidificacao\/\"},{\"@type\":\"ListItem\",\"position\":4,\"name\":\"G | ESP\"}]},{\"@type\":\"WebSite\",\"@id\":\"https:\/\/www.piovan.com\/#website\",\"url\":\"https:\/\/www.piovan.com\/\",\"name\":\"PiovanGroup\",\"description\":\"\",\"publisher\":{\"@id\":\"https:\/\/www.piovan.com\/#organization\"},\"potentialAction\":[{\"@type\":\"SearchAction\",\"target\":{\"@type\":\"EntryPoint\",\"urlTemplate\":\"https:\/\/www.piovan.com\/?s={search_term_string}\"},\"query-input\":\"required name=search_term_string\"}],\"inLanguage\":\"pt-PT\"},{\"@type\":\"Organization\",\"@id\":\"https:\/\/www.piovan.com\/#organization\",\"name\":\"PiovanGroup\",\"url\":\"https:\/\/www.piovan.com\/\",\"logo\":{\"@type\":\"ImageObject\",\"inLanguage\":\"pt-PT\",\"@id\":\"https:\/\/www.piovan.com\/#\/schema\/logo\/image\/\",\"url\":\"https:\/\/www.piovan.com\/wp-content\/uploads\/2021\/06\/logo@2x.png\",\"contentUrl\":\"https:\/\/www.piovan.com\/wp-content\/uploads\/2021\/06\/logo@2x.png\",\"width\":489,\"height\":78,\"caption\":\"PiovanGroup\"},\"image\":{\"@id\":\"https:\/\/www.piovan.com\/#\/schema\/logo\/image\/\"}}]}<\/script>","yoast_head_json":{"title":"G | ESP - Grupo Piovan","robots":{"index":"index","follow":"follow","max-snippet":"max-snippet:-1","max-image-preview":"max-image-preview:large","max-video-preview":"max-video-preview:-1"},"canonical":"https:\/\/www.piovan.com\/pt\/product\/g-esp\/","og_locale":"pt_PT","og_type":"article","og_title":"G | ESP - PiovanGroup","og_description":"The drying solution for nonhygroscopic thermoplastic materials characterised by high flexibility, with hopper capacity from 10 to 3,000 litres. G series \u2022 installation on IMM or extruders for direct feeding \u2022 floor installation on trolley to feed multiple machines. ESP \u2022 configuration with separate air generator unit \u2022 for single or multiple machine feeding","og_url":"https:\/\/www.piovan.com\/pt\/product\/g-esp\/","og_site_name":"PiovanGroup","article_modified_time":"2024-09-30T15:05:57+00:00","og_image":[{"width":1200,"height":1560,"url":"https:\/\/www.piovan.com\/wp-content\/uploads\/G-ESP.png","type":"image\/png"}],"twitter_card":"summary_large_image","schema":{"@context":"https:\/\/schema.org","@graph":[{"@type":"WebPage","@id":"https:\/\/www.piovan.com\/product\/g-esp\/","url":"https:\/\/www.piovan.com\/product\/g-esp\/","name":"G | ESP - PiovanGroup","isPartOf":{"@id":"https:\/\/www.piovan.com\/#website"},"datePublished":"2021-11-09T09:57:35+00:00","dateModified":"2024-09-30T15:05:57+00:00","breadcrumb":{"@id":"https:\/\/www.piovan.com\/product\/g-esp\/#breadcrumb"},"inLanguage":"pt-PT","potentialAction":[{"@type":"ReadAction","target":["https:\/\/www.piovan.com\/product\/g-esp\/"]}]},{"@type":"BreadcrumbList","@id":"https:\/\/www.piovan.com\/product\/g-esp\/#breadcrumb","itemListElement":[{"@type":"ListItem","position":1,"name":"Home","item":"https:\/\/www.piovan.com\/"},{"@type":"ListItem","position":2,"name":"Plastic","item":"https:\/\/www.piovan.com\/pt\/products\/plasticos\/"},{"@type":"ListItem","position":3,"name":"Drying &amp; Dehumidifying","item":"https:\/\/www.piovan.com\/pt\/products\/plasticos\/secagem-desumidificacao\/"},{"@type":"ListItem","position":4,"name":"G | ESP"}]},{"@type":"WebSite","@id":"https:\/\/www.piovan.com\/#website","url":"https:\/\/www.piovan.com\/","name":"PiovanGroup","description":"","publisher":{"@id":"https:\/\/www.piovan.com\/#organization"},"potentialAction":[{"@type":"SearchAction","target":{"@type":"EntryPoint","urlTemplate":"https:\/\/www.piovan.com\/?s={search_term_string}"},"query-input":"required name=search_term_string"}],"inLanguage":"pt-PT"},{"@type":"Organization","@id":"https:\/\/www.piovan.com\/#organization","name":"PiovanGroup","url":"https:\/\/www.piovan.com\/","logo":{"@type":"ImageObject","inLanguage":"pt-PT","@id":"https:\/\/www.piovan.com\/#\/schema\/logo\/image\/","url":"https:\/\/www.piovan.com\/wp-content\/uploads\/2021\/06\/logo@2x.png","contentUrl":"https:\/\/www.piovan.com\/wp-content\/uploads\/2021\/06\/logo@2x.png","width":489,"height":78,"caption":"PiovanGroup"},"image":{"@id":"https:\/\/www.piovan.com\/#\/schema\/logo\/image\/"}}]}},"_links":{"self":[{"href":"https:\/\/www.piovan.com\/pt\/wp-json\/wp\/v2\/product\/4877"}],"collection":[{"href":"https:\/\/www.piovan.com\/pt\/wp-json\/wp\/v2\/product"}],"about":[{"href":"https:\/\/www.piovan.com\/pt\/wp-json\/wp\/v2\/types\/product"}],"version-history":[{"count":3,"href":"https:\/\/www.piovan.com\/pt\/wp-json\/wp\/v2\/product\/4877\/revisions"}],"predecessor-version":[{"id":13446,"href":"https:\/\/www.piovan.com\/pt\/wp-json\/wp\/v2\/product\/4877\/revisions\/13446"}],"wp:featuredmedia":[{"embeddable":true,"href":"https:\/\/www.piovan.com\/pt\/wp-json\/wp\/v2\/media\/13443"}],"wp:attachment":[{"href":"https:\/\/www.piovan.com\/pt\/wp-json\/wp\/v2\/media?parent=4877"}],"wp:term":[{"taxonomy":"post_tag","embeddable":true,"href":"https:\/\/www.piovan.com\/pt\/wp-json\/wp\/v2\/tags?post=4877"}],"curies":[{"name":"wp","href":"https:\/\/api.w.org\/{rel}","templated":true}]}}