{"id":4860,"date":"2021-11-09T10:09:19","date_gmt":"2021-11-09T09:09:19","guid":{"rendered":"https:\/\/www.piovan.com\/?post_type=product&#038;p=4860"},"modified":"2026-02-16T15:49:25","modified_gmt":"2026-02-16T14:49:25","slug":"dpa","status":"publish","type":"product","link":"https:\/\/www.piovan.com\/pt\/product\/dpa\/","title":{"rendered":"DPA"},"content":{"rendered":"<p>A s\u00e9rie DPA utiliza o ar comprimido para a desumidifica\u00e7\u00e3o dos pol\u00edmeros higrosc\u00f3picos.<\/p>\n<p>Os par\u00e2metros em execu\u00e7\u00e3o podem ser facilmente carregados a partir do banco de dados interno.<br \/>\nOs desumidificadores da S\u00e9rie DPA podem ser equipados com o dispositivo de economia de energia Intelligent Material Drying (IMD): este assegura um gerenciamento \u00f3timo do processo de desumidifica\u00e7\u00e3o, evitando o superaquecimento do material ou a degrada\u00e7\u00e3o t\u00e9rmica. O IMD ajusta set point de acordo com o consumo de gr\u00e2nulos e reduz automaticamente a vaz\u00e3o de ar no funil de desumidifica\u00e7\u00e3o e, consequentemente, o consumo de energia necess\u00e1ria (fun\u00e7\u00e3o Plus).\n<BR><br \/>\nNos modelos com funil em vidro, o cone remov\u00edvel permite executar as atividades de limpeza de modo r\u00e1pido e f\u00e1cil.<\/p>\n<p>O dispositivo de controle gerencia o fluxo de ar em 7 intervalos e regula o funcionamento do desumidificador com base nos fluxos de produ\u00e7\u00e3o do material. Desse modo, o sistema evita o desperd\u00edcio de energia e de ar comprimido.<br \/>\nOs desumidificadores DPA podem contar com o sistema IMD (Intelligent Material Drying), que assegura uma gest\u00e3o ideal do processo de secagem, evitando o superaquecimento e a desumidifica\u00e7\u00e3o excessiva do material.<br \/>\nGra\u00e7as ao banco de dados do material, o dispositivo de controle regula automaticamente as condi\u00e7\u00f5es de trabalho, uma vez que o material foi selecionado e foi configurada a produ\u00e7\u00e3o hor\u00e1ria.<\/p>","protected":false},"featured_media":13442,"template":"","tags":[108],"acf":[],"yoast_head":"<title>DPA - Grupo Piovan<\/title>\n<meta name=\"robots\" content=\"index, follow, max-snippet:-1, max-image-preview:large, max-video-preview:-1\" \/>\n<link rel=\"canonical\" href=\"https:\/\/www.piovan.com\/pt\/product\/dpa\/\" \/>\n<meta property=\"og:locale\" content=\"pt_PT\" \/>\n<meta property=\"og:type\" content=\"article\" \/>\n<meta property=\"og:title\" content=\"DPA - PiovanGroup\" \/>\n<meta property=\"og:description\" content=\"DPA Series use compressed air for drying hygroscopic polymers. The running parameters can be easily loaded from the internal database. With the use of desiccant cartridges DPA can reach lower Dew Point values (up to \u201340\u00b0C). For the models with glass hopper, the removable cone allows easy and fast cleaning operations. The control manages the airflow in 7 increments and adjusts the dryer&#039;s functioning according to the material throughput. The system thus avoids wastage of energy and compressed air. DPA [&hellip;]\" \/>\n<meta property=\"og:url\" content=\"https:\/\/www.piovan.com\/pt\/product\/dpa\/\" \/>\n<meta property=\"og:site_name\" content=\"PiovanGroup\" \/>\n<meta property=\"article:modified_time\" content=\"2026-02-16T14:49:25+00:00\" \/>\n<meta property=\"og:image\" content=\"https:\/\/www.piovan.com\/wp-content\/uploads\/DPA-1.png\" \/>\n\t<meta property=\"og:image:width\" content=\"1200\" \/>\n\t<meta property=\"og:image:height\" content=\"1560\" \/>\n\t<meta property=\"og:image:type\" content=\"image\/png\" \/>\n<meta name=\"twitter:card\" content=\"summary_large_image\" \/>\n<script type=\"application\/ld+json\" class=\"yoast-schema-graph\">{\"@context\":\"https:\/\/schema.org\",\"@graph\":[{\"@type\":\"WebPage\",\"@id\":\"https:\/\/www.piovan.com\/product\/dpa\/\",\"url\":\"https:\/\/www.piovan.com\/product\/dpa\/\",\"name\":\"DPA - PiovanGroup\",\"isPartOf\":{\"@id\":\"https:\/\/www.piovan.com\/#website\"},\"datePublished\":\"2021-11-09T09:09:19+00:00\",\"dateModified\":\"2026-02-16T14:49:25+00:00\",\"breadcrumb\":{\"@id\":\"https:\/\/www.piovan.com\/product\/dpa\/#breadcrumb\"},\"inLanguage\":\"pt-PT\",\"potentialAction\":[{\"@type\":\"ReadAction\",\"target\":[\"https:\/\/www.piovan.com\/product\/dpa\/\"]}]},{\"@type\":\"BreadcrumbList\",\"@id\":\"https:\/\/www.piovan.com\/product\/dpa\/#breadcrumb\",\"itemListElement\":[{\"@type\":\"ListItem\",\"position\":1,\"name\":\"Home\",\"item\":\"https:\/\/www.piovan.com\/\"},{\"@type\":\"ListItem\",\"position\":2,\"name\":\"Plastic\",\"item\":\"https:\/\/www.piovan.com\/pt\/products\/plasticos\/\"},{\"@type\":\"ListItem\",\"position\":3,\"name\":\"Drying &amp; Dehumidifying\",\"item\":\"https:\/\/www.piovan.com\/pt\/products\/plasticos\/secagem-desumidificacao\/\"},{\"@type\":\"ListItem\",\"position\":4,\"name\":\"DPA\"}]},{\"@type\":\"WebSite\",\"@id\":\"https:\/\/www.piovan.com\/#website\",\"url\":\"https:\/\/www.piovan.com\/\",\"name\":\"PiovanGroup\",\"description\":\"\",\"publisher\":{\"@id\":\"https:\/\/www.piovan.com\/#organization\"},\"potentialAction\":[{\"@type\":\"SearchAction\",\"target\":{\"@type\":\"EntryPoint\",\"urlTemplate\":\"https:\/\/www.piovan.com\/?s={search_term_string}\"},\"query-input\":\"required name=search_term_string\"}],\"inLanguage\":\"pt-PT\"},{\"@type\":\"Organization\",\"@id\":\"https:\/\/www.piovan.com\/#organization\",\"name\":\"PiovanGroup\",\"url\":\"https:\/\/www.piovan.com\/\",\"logo\":{\"@type\":\"ImageObject\",\"inLanguage\":\"pt-PT\",\"@id\":\"https:\/\/www.piovan.com\/#\/schema\/logo\/image\/\",\"url\":\"https:\/\/www.piovan.com\/wp-content\/uploads\/2021\/06\/logo@2x.png\",\"contentUrl\":\"https:\/\/www.piovan.com\/wp-content\/uploads\/2021\/06\/logo@2x.png\",\"width\":489,\"height\":78,\"caption\":\"PiovanGroup\"},\"image\":{\"@id\":\"https:\/\/www.piovan.com\/#\/schema\/logo\/image\/\"}}]}<\/script>","yoast_head_json":{"title":"DPA - Grupo Piovan","robots":{"index":"index","follow":"follow","max-snippet":"max-snippet:-1","max-image-preview":"max-image-preview:large","max-video-preview":"max-video-preview:-1"},"canonical":"https:\/\/www.piovan.com\/pt\/product\/dpa\/","og_locale":"pt_PT","og_type":"article","og_title":"DPA - PiovanGroup","og_description":"DPA Series use compressed air for drying hygroscopic polymers. The running parameters can be easily loaded from the internal database. With the use of desiccant cartridges DPA can reach lower Dew Point values (up to \u201340\u00b0C). For the models with glass hopper, the removable cone allows easy and fast cleaning operations. The control manages the airflow in 7 increments and adjusts the dryer's functioning according to the material throughput. The system thus avoids wastage of energy and compressed air. DPA [&hellip;]","og_url":"https:\/\/www.piovan.com\/pt\/product\/dpa\/","og_site_name":"PiovanGroup","article_modified_time":"2026-02-16T14:49:25+00:00","og_image":[{"width":1200,"height":1560,"url":"https:\/\/www.piovan.com\/wp-content\/uploads\/DPA-1.png","type":"image\/png"}],"twitter_card":"summary_large_image","schema":{"@context":"https:\/\/schema.org","@graph":[{"@type":"WebPage","@id":"https:\/\/www.piovan.com\/product\/dpa\/","url":"https:\/\/www.piovan.com\/product\/dpa\/","name":"DPA - PiovanGroup","isPartOf":{"@id":"https:\/\/www.piovan.com\/#website"},"datePublished":"2021-11-09T09:09:19+00:00","dateModified":"2026-02-16T14:49:25+00:00","breadcrumb":{"@id":"https:\/\/www.piovan.com\/product\/dpa\/#breadcrumb"},"inLanguage":"pt-PT","potentialAction":[{"@type":"ReadAction","target":["https:\/\/www.piovan.com\/product\/dpa\/"]}]},{"@type":"BreadcrumbList","@id":"https:\/\/www.piovan.com\/product\/dpa\/#breadcrumb","itemListElement":[{"@type":"ListItem","position":1,"name":"Home","item":"https:\/\/www.piovan.com\/"},{"@type":"ListItem","position":2,"name":"Plastic","item":"https:\/\/www.piovan.com\/pt\/products\/plasticos\/"},{"@type":"ListItem","position":3,"name":"Drying &amp; Dehumidifying","item":"https:\/\/www.piovan.com\/pt\/products\/plasticos\/secagem-desumidificacao\/"},{"@type":"ListItem","position":4,"name":"DPA"}]},{"@type":"WebSite","@id":"https:\/\/www.piovan.com\/#website","url":"https:\/\/www.piovan.com\/","name":"PiovanGroup","description":"","publisher":{"@id":"https:\/\/www.piovan.com\/#organization"},"potentialAction":[{"@type":"SearchAction","target":{"@type":"EntryPoint","urlTemplate":"https:\/\/www.piovan.com\/?s={search_term_string}"},"query-input":"required name=search_term_string"}],"inLanguage":"pt-PT"},{"@type":"Organization","@id":"https:\/\/www.piovan.com\/#organization","name":"PiovanGroup","url":"https:\/\/www.piovan.com\/","logo":{"@type":"ImageObject","inLanguage":"pt-PT","@id":"https:\/\/www.piovan.com\/#\/schema\/logo\/image\/","url":"https:\/\/www.piovan.com\/wp-content\/uploads\/2021\/06\/logo@2x.png","contentUrl":"https:\/\/www.piovan.com\/wp-content\/uploads\/2021\/06\/logo@2x.png","width":489,"height":78,"caption":"PiovanGroup"},"image":{"@id":"https:\/\/www.piovan.com\/#\/schema\/logo\/image\/"}}]}},"_links":{"self":[{"href":"https:\/\/www.piovan.com\/pt\/wp-json\/wp\/v2\/product\/4860"}],"collection":[{"href":"https:\/\/www.piovan.com\/pt\/wp-json\/wp\/v2\/product"}],"about":[{"href":"https:\/\/www.piovan.com\/pt\/wp-json\/wp\/v2\/types\/product"}],"version-history":[{"count":3,"href":"https:\/\/www.piovan.com\/pt\/wp-json\/wp\/v2\/product\/4860\/revisions"}],"predecessor-version":[{"id":16229,"href":"https:\/\/www.piovan.com\/pt\/wp-json\/wp\/v2\/product\/4860\/revisions\/16229"}],"wp:featuredmedia":[{"embeddable":true,"href":"https:\/\/www.piovan.com\/pt\/wp-json\/wp\/v2\/media\/13442"}],"wp:attachment":[{"href":"https:\/\/www.piovan.com\/pt\/wp-json\/wp\/v2\/media?parent=4860"}],"wp:term":[{"taxonomy":"post_tag","embeddable":true,"href":"https:\/\/www.piovan.com\/pt\/wp-json\/wp\/v2\/tags?post=4860"}],"curies":[{"name":"wp","href":"https:\/\/api.w.org\/{rel}","templated":true}]}}