{"id":4856,"date":"2021-11-09T09:58:10","date_gmt":"2021-11-09T08:58:10","guid":{"rendered":"https:\/\/www.piovan.com\/product\/dosador-volumetrico-mdp-300-2\/"},"modified":"2022-02-24T12:56:14","modified_gmt":"2022-02-24T11:56:14","slug":"dpa-100-200-sa","status":"publish","type":"product","link":"https:\/\/www.piovan.com\/pt\/product\/dpa-100-200-sa\/","title":{"rendered":"DPA 100-200"},"content":{"rendered":"<div data-no-translation=\"\">\n<p>Os desumidificadores da s\u00e9rie DPA utilizam ar comprimido para a secagem dos pol\u00edmeros higrosc\u00f3picos.<\/p>\n<p>A gama consiste em 3 modelos, com capacidade de desumidifica\u00e7\u00e3o que varia de 5 a 40kg\/h. O valor m\u00e9dio de ponto de orvalho de -25\u00b0C (pode ser estendido at\u00e9 -40\u00b0C na configura\u00e7\u00e3o com torres dessecantes). As unidades s\u00e3o ultracompactas e podem ser instaladas diretamente sobre a m\u00e1quina transformadora. Aplica\u00e7\u00f5es em suportes externos s\u00e3o tamb\u00e9m poss\u00edveis sob consulta.<\/p>\n<\/div>","protected":false},"featured_media":5294,"template":"","tags":[108],"acf":[],"yoast_head":"<title>DPA 100-200 - PiovanGroup<\/title>\n<meta name=\"robots\" content=\"index, follow, max-snippet:-1, max-image-preview:large, max-video-preview:-1\" \/>\n<link rel=\"canonical\" href=\"https:\/\/www.piovan.com\/pt\/product\/dpa-100-200-sa\/\" \/>\n<meta property=\"og:locale\" content=\"pt_PT\" \/>\n<meta property=\"og:type\" content=\"article\" \/>\n<meta property=\"og:title\" content=\"DPA 100-200 - PiovanGroup\" \/>\n<meta property=\"og:description\" content=\"Os desumidificadores da s\u00e9rie DPA utilizam ar comprimido para a secagem dos pol\u00edmeros higrosc\u00f3picos. A gama consiste em 3 modelos, com capacidade de desumidifica\u00e7\u00e3o que varia de 5 a 40kg\/h. O valor m\u00e9dio de ponto de orvalho de -25\u00b0C (pode ser estendido at\u00e9 -40\u00b0C na configura\u00e7\u00e3o com torres dessecantes). As unidades s\u00e3o ultracompactas e podem ser instaladas diretamente sobre a m\u00e1quina transformadora. Aplica\u00e7\u00f5es em suportes externos s\u00e3o tamb\u00e9m poss\u00edveis sob consulta.\" \/>\n<meta property=\"og:url\" content=\"https:\/\/www.piovan.com\/pt\/product\/dpa-100-200-sa\/\" \/>\n<meta property=\"og:site_name\" content=\"PiovanGroup\" \/>\n<meta property=\"article:modified_time\" content=\"2022-02-24T11:56:14+00:00\" \/>\n<meta property=\"og:image\" content=\"https:\/\/www.piovan.com\/wp-content\/uploads\/Product_1200x1560px__0023_DPA-100-200.png\" \/>\n\t<meta property=\"og:image:width\" content=\"1200\" \/>\n\t<meta property=\"og:image:height\" content=\"1560\" \/>\n\t<meta property=\"og:image:type\" content=\"image\/png\" \/>\n<meta name=\"twitter:card\" content=\"summary_large_image\" \/>\n<script type=\"application\/ld+json\" class=\"yoast-schema-graph\">{\"@context\":\"https:\/\/schema.org\",\"@graph\":[{\"@type\":\"WebPage\",\"@id\":\"https:\/\/www.piovan.com\/product\/dpa-100-200-sa\/\",\"url\":\"https:\/\/www.piovan.com\/product\/dpa-100-200-sa\/\",\"name\":\"DPA 100-200 - PiovanGroup\",\"isPartOf\":{\"@id\":\"https:\/\/www.piovan.com\/#website\"},\"datePublished\":\"2021-11-09T08:58:10+00:00\",\"dateModified\":\"2022-02-24T11:56:14+00:00\",\"breadcrumb\":{\"@id\":\"https:\/\/www.piovan.com\/product\/dpa-100-200-sa\/#breadcrumb\"},\"inLanguage\":\"pt-PT\",\"potentialAction\":[{\"@type\":\"ReadAction\",\"target\":[\"https:\/\/www.piovan.com\/product\/dpa-100-200-sa\/\"]}]},{\"@type\":\"BreadcrumbList\",\"@id\":\"https:\/\/www.piovan.com\/product\/dpa-100-200-sa\/#breadcrumb\",\"itemListElement\":[{\"@type\":\"ListItem\",\"position\":1,\"name\":\"Home\",\"item\":\"https:\/\/www.piovan.com\/\"},{\"@type\":\"ListItem\",\"position\":2,\"name\":\"Plastic\",\"item\":\"https:\/\/www.piovan.com\/pt\/products\/plasticos\/\"},{\"@type\":\"ListItem\",\"position\":3,\"name\":\"Drying &amp; Dehumidifying\",\"item\":\"https:\/\/www.piovan.com\/pt\/products\/plasticos\/secagem-desumidificacao\/\"},{\"@type\":\"ListItem\",\"position\":4,\"name\":\"DPA 100-200\"}]},{\"@type\":\"WebSite\",\"@id\":\"https:\/\/www.piovan.com\/#website\",\"url\":\"https:\/\/www.piovan.com\/\",\"name\":\"PiovanGroup\",\"description\":\"\",\"publisher\":{\"@id\":\"https:\/\/www.piovan.com\/#organization\"},\"potentialAction\":[{\"@type\":\"SearchAction\",\"target\":{\"@type\":\"EntryPoint\",\"urlTemplate\":\"https:\/\/www.piovan.com\/?s={search_term_string}\"},\"query-input\":\"required name=search_term_string\"}],\"inLanguage\":\"pt-PT\"},{\"@type\":\"Organization\",\"@id\":\"https:\/\/www.piovan.com\/#organization\",\"name\":\"PiovanGroup\",\"url\":\"https:\/\/www.piovan.com\/\",\"logo\":{\"@type\":\"ImageObject\",\"inLanguage\":\"pt-PT\",\"@id\":\"https:\/\/www.piovan.com\/#\/schema\/logo\/image\/\",\"url\":\"https:\/\/www.piovan.com\/wp-content\/uploads\/2021\/06\/logo@2x.png\",\"contentUrl\":\"https:\/\/www.piovan.com\/wp-content\/uploads\/2021\/06\/logo@2x.png\",\"width\":489,\"height\":78,\"caption\":\"PiovanGroup\"},\"image\":{\"@id\":\"https:\/\/www.piovan.com\/#\/schema\/logo\/image\/\"}}]}<\/script>","yoast_head_json":{"title":"DPA 100-200 - PiovanGroup","robots":{"index":"index","follow":"follow","max-snippet":"max-snippet:-1","max-image-preview":"max-image-preview:large","max-video-preview":"max-video-preview:-1"},"canonical":"https:\/\/www.piovan.com\/pt\/product\/dpa-100-200-sa\/","og_locale":"pt_PT","og_type":"article","og_title":"DPA 100-200 - PiovanGroup","og_description":"Os desumidificadores da s\u00e9rie DPA utilizam ar comprimido para a secagem dos pol\u00edmeros higrosc\u00f3picos. A gama consiste em 3 modelos, com capacidade de desumidifica\u00e7\u00e3o que varia de 5 a 40kg\/h. O valor m\u00e9dio de ponto de orvalho de -25\u00b0C (pode ser estendido at\u00e9 -40\u00b0C na configura\u00e7\u00e3o com torres dessecantes). As unidades s\u00e3o ultracompactas e podem ser instaladas diretamente sobre a m\u00e1quina transformadora. Aplica\u00e7\u00f5es em suportes externos s\u00e3o tamb\u00e9m poss\u00edveis sob consulta.","og_url":"https:\/\/www.piovan.com\/pt\/product\/dpa-100-200-sa\/","og_site_name":"PiovanGroup","article_modified_time":"2022-02-24T11:56:14+00:00","og_image":[{"width":1200,"height":1560,"url":"https:\/\/www.piovan.com\/wp-content\/uploads\/Product_1200x1560px__0023_DPA-100-200.png","type":"image\/png"}],"twitter_card":"summary_large_image","schema":{"@context":"https:\/\/schema.org","@graph":[{"@type":"WebPage","@id":"https:\/\/www.piovan.com\/product\/dpa-100-200-sa\/","url":"https:\/\/www.piovan.com\/product\/dpa-100-200-sa\/","name":"DPA 100-200 - PiovanGroup","isPartOf":{"@id":"https:\/\/www.piovan.com\/#website"},"datePublished":"2021-11-09T08:58:10+00:00","dateModified":"2022-02-24T11:56:14+00:00","breadcrumb":{"@id":"https:\/\/www.piovan.com\/product\/dpa-100-200-sa\/#breadcrumb"},"inLanguage":"pt-PT","potentialAction":[{"@type":"ReadAction","target":["https:\/\/www.piovan.com\/product\/dpa-100-200-sa\/"]}]},{"@type":"BreadcrumbList","@id":"https:\/\/www.piovan.com\/product\/dpa-100-200-sa\/#breadcrumb","itemListElement":[{"@type":"ListItem","position":1,"name":"Home","item":"https:\/\/www.piovan.com\/"},{"@type":"ListItem","position":2,"name":"Plastic","item":"https:\/\/www.piovan.com\/pt\/products\/plasticos\/"},{"@type":"ListItem","position":3,"name":"Drying &amp; Dehumidifying","item":"https:\/\/www.piovan.com\/pt\/products\/plasticos\/secagem-desumidificacao\/"},{"@type":"ListItem","position":4,"name":"DPA 100-200"}]},{"@type":"WebSite","@id":"https:\/\/www.piovan.com\/#website","url":"https:\/\/www.piovan.com\/","name":"PiovanGroup","description":"","publisher":{"@id":"https:\/\/www.piovan.com\/#organization"},"potentialAction":[{"@type":"SearchAction","target":{"@type":"EntryPoint","urlTemplate":"https:\/\/www.piovan.com\/?s={search_term_string}"},"query-input":"required name=search_term_string"}],"inLanguage":"pt-PT"},{"@type":"Organization","@id":"https:\/\/www.piovan.com\/#organization","name":"PiovanGroup","url":"https:\/\/www.piovan.com\/","logo":{"@type":"ImageObject","inLanguage":"pt-PT","@id":"https:\/\/www.piovan.com\/#\/schema\/logo\/image\/","url":"https:\/\/www.piovan.com\/wp-content\/uploads\/2021\/06\/logo@2x.png","contentUrl":"https:\/\/www.piovan.com\/wp-content\/uploads\/2021\/06\/logo@2x.png","width":489,"height":78,"caption":"PiovanGroup"},"image":{"@id":"https:\/\/www.piovan.com\/#\/schema\/logo\/image\/"}}]}},"_links":{"self":[{"href":"https:\/\/www.piovan.com\/pt\/wp-json\/wp\/v2\/product\/4856"}],"collection":[{"href":"https:\/\/www.piovan.com\/pt\/wp-json\/wp\/v2\/product"}],"about":[{"href":"https:\/\/www.piovan.com\/pt\/wp-json\/wp\/v2\/types\/product"}],"version-history":[{"count":0,"href":"https:\/\/www.piovan.com\/pt\/wp-json\/wp\/v2\/product\/4856\/revisions"}],"wp:featuredmedia":[{"embeddable":true,"href":"https:\/\/www.piovan.com\/pt\/wp-json\/wp\/v2\/media\/5294"}],"wp:attachment":[{"href":"https:\/\/www.piovan.com\/pt\/wp-json\/wp\/v2\/media?parent=4856"}],"wp:term":[{"taxonomy":"post_tag","embeddable":true,"href":"https:\/\/www.piovan.com\/pt\/wp-json\/wp\/v2\/tags?post=4856"}],"curies":[{"name":"wp","href":"https:\/\/api.w.org\/{rel}","templated":true}]}}