{"id":4791,"date":"2021-11-09T07:43:16","date_gmt":"2021-11-09T06:43:16","guid":{"rendered":"https:\/\/www.piovan.com\/product\/mdw-gravimetric-batch-blenders-2\/"},"modified":"2024-10-04T12:44:59","modified_gmt":"2024-10-04T10:44:59","slug":"quantum-e","status":"publish","type":"product","link":"https:\/\/www.piovan.com\/pt\/product\/quantum-e\/","title":{"rendered":"Quantum E"},"content":{"rendered":"<p>Este inovador sistema de dosagem foi desenvolvido para garantir alta precis\u00e3o, versatilidade e acuracidade nos processos de extrus\u00e3o, aprimorando as vantagens tanto da tecnologia gravim\u00e9trica por batch quanto para sistemas por perda de peso.<BR>\n<BR>\nO Quantum E oferece uma versatilidade de uso, que nunca havia sido alcan\u00e7ada, gra\u00e7as as 8 esta\u00e7\u00f5es de dosagem que podem ser utilizadas simultaneamente: cada esta\u00e7\u00e3o pode ser adicionada ou substitu\u00edda por uma simples opera\u00e7\u00e3o mec\u00e2nica, sem a necessidade de manobra complexas, e em condi\u00e7\u00f5es de total seguran\u00e7a para o operador e para os equipamentos pr\u00f3ximos.<\/p>\n<p>O sistema de dosagem Quantum E foi projetado e constru\u00eddo de maneira a permitir total rastreabilidade de cada componente e repetibilidade de cada ciclo; gra\u00e7as ainda ao novo formato trapezoidal do funil, que permite uma maior precis\u00e3o de dosagem e a integra\u00e7\u00e3o de um dispositivo de descarga r\u00e1pida.<BR>\n<BR>\nO design particular do misturador esf\u00e9rico patenteado, com c\u00e9lula de carga dupla, prepara uma mistura totalmente homog\u00eanea e precisa de v\u00e1rios ingredientes.<BR>\n<BR>\nQuantum E est\u00e1 dispon\u00edvel em tr\u00eas diferentes modelos \u2013 QE200 \u2013 QE600 \u2013 QE1200 \u2013 com diferentes configura\u00e7\u00f5es iniciais para atender qualquer aplica\u00e7\u00e3o no campo da extrus\u00e3o, est\u00e1 adequado tanto para linhas de extrus\u00e3o simples como para co-extrus\u00e3o.<\/p>\n<p>Sistema de controle avan\u00e7ado<BR>\nO Quantum E utiliza um controle simples e intuitivo: o controle \u00e9 realizado atrav\u00e9s de um sistema PLC de \u00faltima gera\u00e7\u00e3o, enquanto uma nova interface HMI permite que operador visualize em tempo real o processo em andamento e todos os par\u00e2metros operacionais para controle total da extrusora.<BR>\n<BR>\nO controle est\u00e1 dispon\u00edvel em 11 idiomas, com um painel touch screen colorido de 7\u201d ou 15\u201d \u2013 e permite o gerenciamento de um sistema de 1 a 11 camadas.<\/p>\n<p>Integra\u00e7\u00e3o com o Winfactory 4.0 e TeleService<BR>\nO Quantum E est\u00e1 preparado para integra\u00e7\u00e3o completa com o Winfactory 4.0, o novo software para monitoramento dos processos produtivos desenvolvido para a Smart Factory da Ind\u00fastria 4.0.<BR>\n\nO Winfactory 4.0, trabalha com painel touch screen de 15\u201d, permite gerenciamento completo da planta e medi\u00e7\u00f5es precisas do consumo de energia e material. Outro painel touch screen colorido de 4\u201d \u00e9 incorporado \u00e0 estrutura do dosador para executar a fun\u00e7\u00e3o TeleService, o servi\u00e7o de suporte t\u00e9cnico remoto da Piovan.<\/p>","protected":false},"featured_media":13567,"template":"","tags":[108],"acf":[],"yoast_head":"<title>Quantum E - Grupo Piovan<\/title>\n<meta name=\"robots\" content=\"index, follow, max-snippet:-1, max-image-preview:large, max-video-preview:-1\" \/>\n<link rel=\"canonical\" href=\"https:\/\/www.piovan.com\/pt\/product\/quantum-e\/\" \/>\n<meta property=\"og:locale\" content=\"pt_PT\" \/>\n<meta property=\"og:type\" content=\"article\" \/>\n<meta property=\"og:title\" content=\"Quantum E - PiovanGroup\" \/>\n<meta property=\"og:description\" content=\"Quantum E is a simple and effective solution for dosing and control of the extrusion process. Its control is by means of latest-generation PLC, with colour touch screens up to 15\u201d, for total extrusion control in real-time. Quantum E is very versatile thanks to 8 dosing stations: each station is added or replaced by a simple mechanical operation without the need for complex manoeuvring and in conditions of complete safety for the operator and nearby equipment. Quantum E has been [&hellip;]\" \/>\n<meta property=\"og:url\" content=\"https:\/\/www.piovan.com\/pt\/product\/quantum-e\/\" \/>\n<meta property=\"og:site_name\" content=\"PiovanGroup\" \/>\n<meta property=\"article:modified_time\" content=\"2024-10-04T10:44:59+00:00\" \/>\n<meta property=\"og:image\" content=\"https:\/\/www.piovan.com\/wp-content\/uploads\/QuantumE.png\" \/>\n\t<meta property=\"og:image:width\" content=\"1200\" \/>\n\t<meta property=\"og:image:height\" content=\"1560\" \/>\n\t<meta property=\"og:image:type\" content=\"image\/png\" \/>\n<meta name=\"twitter:card\" content=\"summary_large_image\" \/>\n<script type=\"application\/ld+json\" class=\"yoast-schema-graph\">{\"@context\":\"https:\/\/schema.org\",\"@graph\":[{\"@type\":\"WebPage\",\"@id\":\"https:\/\/www.piovan.com\/product\/quantum-e\/\",\"url\":\"https:\/\/www.piovan.com\/product\/quantum-e\/\",\"name\":\"Quantum E - PiovanGroup\",\"isPartOf\":{\"@id\":\"https:\/\/www.piovan.com\/#website\"},\"datePublished\":\"2021-11-09T06:43:16+00:00\",\"dateModified\":\"2024-10-04T10:44:59+00:00\",\"breadcrumb\":{\"@id\":\"https:\/\/www.piovan.com\/product\/quantum-e\/#breadcrumb\"},\"inLanguage\":\"pt-PT\",\"potentialAction\":[{\"@type\":\"ReadAction\",\"target\":[\"https:\/\/www.piovan.com\/product\/quantum-e\/\"]}]},{\"@type\":\"BreadcrumbList\",\"@id\":\"https:\/\/www.piovan.com\/product\/quantum-e\/#breadcrumb\",\"itemListElement\":[{\"@type\":\"ListItem\",\"position\":1,\"name\":\"Home\",\"item\":\"https:\/\/www.piovan.com\/\"},{\"@type\":\"ListItem\",\"position\":2,\"name\":\"Plastic\",\"item\":\"https:\/\/www.piovan.com\/pt\/products\/plasticos\/\"},{\"@type\":\"ListItem\",\"position\":3,\"name\":\"Dosing &amp; Blending\",\"item\":\"https:\/\/www.piovan.com\/pt\/products\/plasticos\/dosagem-mistura\/\"},{\"@type\":\"ListItem\",\"position\":4,\"name\":\"Quantum E\"}]},{\"@type\":\"WebSite\",\"@id\":\"https:\/\/www.piovan.com\/#website\",\"url\":\"https:\/\/www.piovan.com\/\",\"name\":\"PiovanGroup\",\"description\":\"\",\"publisher\":{\"@id\":\"https:\/\/www.piovan.com\/#organization\"},\"potentialAction\":[{\"@type\":\"SearchAction\",\"target\":{\"@type\":\"EntryPoint\",\"urlTemplate\":\"https:\/\/www.piovan.com\/?s={search_term_string}\"},\"query-input\":\"required name=search_term_string\"}],\"inLanguage\":\"pt-PT\"},{\"@type\":\"Organization\",\"@id\":\"https:\/\/www.piovan.com\/#organization\",\"name\":\"PiovanGroup\",\"url\":\"https:\/\/www.piovan.com\/\",\"logo\":{\"@type\":\"ImageObject\",\"inLanguage\":\"pt-PT\",\"@id\":\"https:\/\/www.piovan.com\/#\/schema\/logo\/image\/\",\"url\":\"https:\/\/www.piovan.com\/wp-content\/uploads\/2021\/06\/logo@2x.png\",\"contentUrl\":\"https:\/\/www.piovan.com\/wp-content\/uploads\/2021\/06\/logo@2x.png\",\"width\":489,\"height\":78,\"caption\":\"PiovanGroup\"},\"image\":{\"@id\":\"https:\/\/www.piovan.com\/#\/schema\/logo\/image\/\"}}]}<\/script>","yoast_head_json":{"title":"Quantum E - Grupo Piovan","robots":{"index":"index","follow":"follow","max-snippet":"max-snippet:-1","max-image-preview":"max-image-preview:large","max-video-preview":"max-video-preview:-1"},"canonical":"https:\/\/www.piovan.com\/pt\/product\/quantum-e\/","og_locale":"pt_PT","og_type":"article","og_title":"Quantum E - PiovanGroup","og_description":"Quantum E is a simple and effective solution for dosing and control of the extrusion process. Its control is by means of latest-generation PLC, with colour touch screens up to 15\u201d, for total extrusion control in real-time. Quantum E is very versatile thanks to 8 dosing stations: each station is added or replaced by a simple mechanical operation without the need for complex manoeuvring and in conditions of complete safety for the operator and nearby equipment. Quantum E has been [&hellip;]","og_url":"https:\/\/www.piovan.com\/pt\/product\/quantum-e\/","og_site_name":"PiovanGroup","article_modified_time":"2024-10-04T10:44:59+00:00","og_image":[{"width":1200,"height":1560,"url":"https:\/\/www.piovan.com\/wp-content\/uploads\/QuantumE.png","type":"image\/png"}],"twitter_card":"summary_large_image","schema":{"@context":"https:\/\/schema.org","@graph":[{"@type":"WebPage","@id":"https:\/\/www.piovan.com\/product\/quantum-e\/","url":"https:\/\/www.piovan.com\/product\/quantum-e\/","name":"Quantum E - PiovanGroup","isPartOf":{"@id":"https:\/\/www.piovan.com\/#website"},"datePublished":"2021-11-09T06:43:16+00:00","dateModified":"2024-10-04T10:44:59+00:00","breadcrumb":{"@id":"https:\/\/www.piovan.com\/product\/quantum-e\/#breadcrumb"},"inLanguage":"pt-PT","potentialAction":[{"@type":"ReadAction","target":["https:\/\/www.piovan.com\/product\/quantum-e\/"]}]},{"@type":"BreadcrumbList","@id":"https:\/\/www.piovan.com\/product\/quantum-e\/#breadcrumb","itemListElement":[{"@type":"ListItem","position":1,"name":"Home","item":"https:\/\/www.piovan.com\/"},{"@type":"ListItem","position":2,"name":"Plastic","item":"https:\/\/www.piovan.com\/pt\/products\/plasticos\/"},{"@type":"ListItem","position":3,"name":"Dosing &amp; Blending","item":"https:\/\/www.piovan.com\/pt\/products\/plasticos\/dosagem-mistura\/"},{"@type":"ListItem","position":4,"name":"Quantum E"}]},{"@type":"WebSite","@id":"https:\/\/www.piovan.com\/#website","url":"https:\/\/www.piovan.com\/","name":"PiovanGroup","description":"","publisher":{"@id":"https:\/\/www.piovan.com\/#organization"},"potentialAction":[{"@type":"SearchAction","target":{"@type":"EntryPoint","urlTemplate":"https:\/\/www.piovan.com\/?s={search_term_string}"},"query-input":"required name=search_term_string"}],"inLanguage":"pt-PT"},{"@type":"Organization","@id":"https:\/\/www.piovan.com\/#organization","name":"PiovanGroup","url":"https:\/\/www.piovan.com\/","logo":{"@type":"ImageObject","inLanguage":"pt-PT","@id":"https:\/\/www.piovan.com\/#\/schema\/logo\/image\/","url":"https:\/\/www.piovan.com\/wp-content\/uploads\/2021\/06\/logo@2x.png","contentUrl":"https:\/\/www.piovan.com\/wp-content\/uploads\/2021\/06\/logo@2x.png","width":489,"height":78,"caption":"PiovanGroup"},"image":{"@id":"https:\/\/www.piovan.com\/#\/schema\/logo\/image\/"}}]}},"_links":{"self":[{"href":"https:\/\/www.piovan.com\/pt\/wp-json\/wp\/v2\/product\/4791"}],"collection":[{"href":"https:\/\/www.piovan.com\/pt\/wp-json\/wp\/v2\/product"}],"about":[{"href":"https:\/\/www.piovan.com\/pt\/wp-json\/wp\/v2\/types\/product"}],"version-history":[{"count":3,"href":"https:\/\/www.piovan.com\/pt\/wp-json\/wp\/v2\/product\/4791\/revisions"}],"predecessor-version":[{"id":13569,"href":"https:\/\/www.piovan.com\/pt\/wp-json\/wp\/v2\/product\/4791\/revisions\/13569"}],"wp:featuredmedia":[{"embeddable":true,"href":"https:\/\/www.piovan.com\/pt\/wp-json\/wp\/v2\/media\/13567"}],"wp:attachment":[{"href":"https:\/\/www.piovan.com\/pt\/wp-json\/wp\/v2\/media?parent=4791"}],"wp:term":[{"taxonomy":"post_tag","embeddable":true,"href":"https:\/\/www.piovan.com\/pt\/wp-json\/wp\/v2\/tags?post=4791"}],"curies":[{"name":"wp","href":"https:\/\/api.w.org\/{rel}","templated":true}]}}