{"id":4768,"date":"2021-11-08T19:30:12","date_gmt":"2021-11-08T18:30:12","guid":{"rendered":"https:\/\/www.piovan.com\/?post_type=product&#038;p=4768"},"modified":"2025-01-09T16:53:39","modified_gmt":"2025-01-09T15:53:39","slug":"lybra-lv-lvr","status":"publish","type":"product","link":"https:\/\/www.piovan.com\/pt\/product\/lybra-lv-lvr\/","title":{"rendered":"Lybra LV - LVR"},"content":{"rendered":"<p>O dosador volum\u00e9trico Lybra LV \u00e9 preciso e flex\u00edvel. Dispon\u00edvel tamb\u00e9m na vers\u00e3o resfriada a \u00e1gua, com o nome de LVR.<\/p>\n<p>O parafuso sem-fim de dosagem est\u00e1 dispon\u00edvel em tr\u00eas configura\u00e7\u00f5es (simples, dupla ou tripla) e garante altos n\u00edveis de precis\u00e3o e repetibilidade.<br \/>\nA unidade possui um sistema de controle por microprocessador com tela de toque de 7 polegadas. Uma tela \u00fanica, com interfaces gr\u00e1ficas intuitivas, permite ao operador controlar a opera\u00e7\u00e3o do sistema completo, comparar os valores predefinidos de dosagem com os valores reais, verificar os valores de produ\u00e7\u00e3o instant\u00e2nea e acessar todas as fun\u00e7\u00f5es da unidade.<\/p>\n<p>Projetadas para simplificar a troca de materiais, as esta\u00e7\u00f5es de dosagem podem ser removidas com facilidade e rapidez por um s\u00f3 operador e podem ser deslocadas de uma unidade a outra.<br \/>\nO dosador Lybra LV\/LVR pode ser facilmente integrado com os sistemas de supervis\u00e3o, em particular com o Winfactory 4.0.<\/p>\n<p>O corpo central disp\u00f5e de um misturador est\u00e1tico, gra\u00e7as ao qual os aditivos entram no centro da coluna de material virgem, assegurando uma perfeita\nmistura.<\/p>","protected":false},"featured_media":13452,"template":"","tags":[108],"acf":[],"yoast_head":"<title>Lybra LV - LVR - Grupo Piovan<\/title>\n<meta name=\"robots\" content=\"index, follow, max-snippet:-1, max-image-preview:large, max-video-preview:-1\" \/>\n<link rel=\"canonical\" href=\"https:\/\/www.piovan.com\/pt\/product\/lybra-lv-lvr\/\" \/>\n<meta property=\"og:locale\" content=\"pt_PT\" \/>\n<meta property=\"og:type\" content=\"article\" \/>\n<meta property=\"og:title\" content=\"Lybra LV - LVR - PiovanGroup\" \/>\n<meta property=\"og:description\" content=\"Lybra LV is a volumetric precise and flexible doser. It is also available in water-cooled version under the name of LVR. The dosing auger is available in 3 configurations, single, dual or triple flight screws, assures high levels of accuracy and repeatability. The intuitive graphical user interface allows the operator to control the main parameters such as actual and set values or instantaneous production and access all unit\u2019s functions. Designed to simplify the change of materials, dosing stations can be [&hellip;]\" \/>\n<meta property=\"og:url\" content=\"https:\/\/www.piovan.com\/pt\/product\/lybra-lv-lvr\/\" \/>\n<meta property=\"og:site_name\" content=\"PiovanGroup\" \/>\n<meta property=\"article:modified_time\" content=\"2025-01-09T15:53:39+00:00\" \/>\n<meta property=\"og:image\" content=\"https:\/\/www.piovan.com\/wp-content\/uploads\/Lybra-LV.png\" \/>\n\t<meta property=\"og:image:width\" content=\"1200\" \/>\n\t<meta property=\"og:image:height\" content=\"1560\" \/>\n\t<meta property=\"og:image:type\" content=\"image\/png\" \/>\n<meta name=\"twitter:card\" content=\"summary_large_image\" \/>\n<script type=\"application\/ld+json\" class=\"yoast-schema-graph\">{\"@context\":\"https:\/\/schema.org\",\"@graph\":[{\"@type\":\"WebPage\",\"@id\":\"https:\/\/www.piovan.com\/product\/lybra-lv-lvr\/\",\"url\":\"https:\/\/www.piovan.com\/product\/lybra-lv-lvr\/\",\"name\":\"Lybra LV - LVR - PiovanGroup\",\"isPartOf\":{\"@id\":\"https:\/\/www.piovan.com\/#website\"},\"datePublished\":\"2021-11-08T18:30:12+00:00\",\"dateModified\":\"2025-01-09T15:53:39+00:00\",\"breadcrumb\":{\"@id\":\"https:\/\/www.piovan.com\/product\/lybra-lv-lvr\/#breadcrumb\"},\"inLanguage\":\"pt-PT\",\"potentialAction\":[{\"@type\":\"ReadAction\",\"target\":[\"https:\/\/www.piovan.com\/product\/lybra-lv-lvr\/\"]}]},{\"@type\":\"BreadcrumbList\",\"@id\":\"https:\/\/www.piovan.com\/product\/lybra-lv-lvr\/#breadcrumb\",\"itemListElement\":[{\"@type\":\"ListItem\",\"position\":1,\"name\":\"Home\",\"item\":\"https:\/\/www.piovan.com\/\"},{\"@type\":\"ListItem\",\"position\":2,\"name\":\"Plastic\",\"item\":\"https:\/\/www.piovan.com\/pt\/products\/plasticos\/\"},{\"@type\":\"ListItem\",\"position\":3,\"name\":\"Dosing &amp; Blending\",\"item\":\"https:\/\/www.piovan.com\/pt\/products\/plasticos\/dosagem-mistura\/\"},{\"@type\":\"ListItem\",\"position\":4,\"name\":\"Lybra LV - LVR\"}]},{\"@type\":\"WebSite\",\"@id\":\"https:\/\/www.piovan.com\/#website\",\"url\":\"https:\/\/www.piovan.com\/\",\"name\":\"PiovanGroup\",\"description\":\"\",\"publisher\":{\"@id\":\"https:\/\/www.piovan.com\/#organization\"},\"potentialAction\":[{\"@type\":\"SearchAction\",\"target\":{\"@type\":\"EntryPoint\",\"urlTemplate\":\"https:\/\/www.piovan.com\/?s={search_term_string}\"},\"query-input\":\"required name=search_term_string\"}],\"inLanguage\":\"pt-PT\"},{\"@type\":\"Organization\",\"@id\":\"https:\/\/www.piovan.com\/#organization\",\"name\":\"PiovanGroup\",\"url\":\"https:\/\/www.piovan.com\/\",\"logo\":{\"@type\":\"ImageObject\",\"inLanguage\":\"pt-PT\",\"@id\":\"https:\/\/www.piovan.com\/#\/schema\/logo\/image\/\",\"url\":\"https:\/\/www.piovan.com\/wp-content\/uploads\/2021\/06\/logo@2x.png\",\"contentUrl\":\"https:\/\/www.piovan.com\/wp-content\/uploads\/2021\/06\/logo@2x.png\",\"width\":489,\"height\":78,\"caption\":\"PiovanGroup\"},\"image\":{\"@id\":\"https:\/\/www.piovan.com\/#\/schema\/logo\/image\/\"}}]}<\/script>","yoast_head_json":{"title":"Lybra LV - LVR - Grupo Piovan","robots":{"index":"index","follow":"follow","max-snippet":"max-snippet:-1","max-image-preview":"max-image-preview:large","max-video-preview":"max-video-preview:-1"},"canonical":"https:\/\/www.piovan.com\/pt\/product\/lybra-lv-lvr\/","og_locale":"pt_PT","og_type":"article","og_title":"Lybra LV - LVR - PiovanGroup","og_description":"Lybra LV is a volumetric precise and flexible doser. It is also available in water-cooled version under the name of LVR. The dosing auger is available in 3 configurations, single, dual or triple flight screws, assures high levels of accuracy and repeatability. The intuitive graphical user interface allows the operator to control the main parameters such as actual and set values or instantaneous production and access all unit\u2019s functions. Designed to simplify the change of materials, dosing stations can be [&hellip;]","og_url":"https:\/\/www.piovan.com\/pt\/product\/lybra-lv-lvr\/","og_site_name":"PiovanGroup","article_modified_time":"2025-01-09T15:53:39+00:00","og_image":[{"width":1200,"height":1560,"url":"https:\/\/www.piovan.com\/wp-content\/uploads\/Lybra-LV.png","type":"image\/png"}],"twitter_card":"summary_large_image","schema":{"@context":"https:\/\/schema.org","@graph":[{"@type":"WebPage","@id":"https:\/\/www.piovan.com\/product\/lybra-lv-lvr\/","url":"https:\/\/www.piovan.com\/product\/lybra-lv-lvr\/","name":"Lybra LV - LVR - PiovanGroup","isPartOf":{"@id":"https:\/\/www.piovan.com\/#website"},"datePublished":"2021-11-08T18:30:12+00:00","dateModified":"2025-01-09T15:53:39+00:00","breadcrumb":{"@id":"https:\/\/www.piovan.com\/product\/lybra-lv-lvr\/#breadcrumb"},"inLanguage":"pt-PT","potentialAction":[{"@type":"ReadAction","target":["https:\/\/www.piovan.com\/product\/lybra-lv-lvr\/"]}]},{"@type":"BreadcrumbList","@id":"https:\/\/www.piovan.com\/product\/lybra-lv-lvr\/#breadcrumb","itemListElement":[{"@type":"ListItem","position":1,"name":"Home","item":"https:\/\/www.piovan.com\/"},{"@type":"ListItem","position":2,"name":"Plastic","item":"https:\/\/www.piovan.com\/pt\/products\/plasticos\/"},{"@type":"ListItem","position":3,"name":"Dosing &amp; Blending","item":"https:\/\/www.piovan.com\/pt\/products\/plasticos\/dosagem-mistura\/"},{"@type":"ListItem","position":4,"name":"Lybra LV - LVR"}]},{"@type":"WebSite","@id":"https:\/\/www.piovan.com\/#website","url":"https:\/\/www.piovan.com\/","name":"PiovanGroup","description":"","publisher":{"@id":"https:\/\/www.piovan.com\/#organization"},"potentialAction":[{"@type":"SearchAction","target":{"@type":"EntryPoint","urlTemplate":"https:\/\/www.piovan.com\/?s={search_term_string}"},"query-input":"required name=search_term_string"}],"inLanguage":"pt-PT"},{"@type":"Organization","@id":"https:\/\/www.piovan.com\/#organization","name":"PiovanGroup","url":"https:\/\/www.piovan.com\/","logo":{"@type":"ImageObject","inLanguage":"pt-PT","@id":"https:\/\/www.piovan.com\/#\/schema\/logo\/image\/","url":"https:\/\/www.piovan.com\/wp-content\/uploads\/2021\/06\/logo@2x.png","contentUrl":"https:\/\/www.piovan.com\/wp-content\/uploads\/2021\/06\/logo@2x.png","width":489,"height":78,"caption":"PiovanGroup"},"image":{"@id":"https:\/\/www.piovan.com\/#\/schema\/logo\/image\/"}}]}},"_links":{"self":[{"href":"https:\/\/www.piovan.com\/pt\/wp-json\/wp\/v2\/product\/4768"}],"collection":[{"href":"https:\/\/www.piovan.com\/pt\/wp-json\/wp\/v2\/product"}],"about":[{"href":"https:\/\/www.piovan.com\/pt\/wp-json\/wp\/v2\/types\/product"}],"version-history":[{"count":4,"href":"https:\/\/www.piovan.com\/pt\/wp-json\/wp\/v2\/product\/4768\/revisions"}],"predecessor-version":[{"id":14206,"href":"https:\/\/www.piovan.com\/pt\/wp-json\/wp\/v2\/product\/4768\/revisions\/14206"}],"wp:featuredmedia":[{"embeddable":true,"href":"https:\/\/www.piovan.com\/pt\/wp-json\/wp\/v2\/media\/13452"}],"wp:attachment":[{"href":"https:\/\/www.piovan.com\/pt\/wp-json\/wp\/v2\/media?parent=4768"}],"wp:term":[{"taxonomy":"post_tag","embeddable":true,"href":"https:\/\/www.piovan.com\/pt\/wp-json\/wp\/v2\/tags?post=4768"}],"curies":[{"name":"wp","href":"https:\/\/api.w.org\/{rel}","templated":true}]}}