{"id":4761,"date":"2021-11-08T19:21:23","date_gmt":"2021-11-08T18:21:23","guid":{"rendered":"https:\/\/www.piovan.com\/?post_type=product&#038;p=4761"},"modified":"2025-01-09T17:04:50","modified_gmt":"2025-01-09T16:04:50","slug":"lybra-lg-lgr","status":"publish","type":"product","link":"https:\/\/www.piovan.com\/pt\/product\/lybra-lg-lgr\/","title":{"rendered":"Lybra LG - LGR"},"content":{"rendered":"<p>O dosador gravim\u00e9trico Lybra LG \u00e9 preciso e flex\u00edvel. Dispon\u00edvel tamb\u00e9m na vers\u00e3o resfriada, com o nome de LGR.<\/p>\n<p>O parafuso sem-fim de dosagem est\u00e1 dispon\u00edvel em tr\u00eas configura\u00e7\u00f5es (simples, dupla ou tripla) e garante um alto n\u00edvel de precis\u00e3o e repetibilidade.<br \/>\nA unidade possui um sistema de controle por microprocessador com tela de toque de 7 polegadas. Uma tela \u00fanica, com interfaces gr\u00e1ficas intuitivas, permite ao operador controlar a opera\u00e7\u00e3o do sistema completo, comparar os valores predefinidos de dosagem com os valores reais, verificar os valores de produ\u00e7\u00e3o instant\u00e2nea e acessar todas as fun\u00e7\u00f5es da unidade.<\/p>\n<p>O dosador Lybra LG\/LGR pode ser facilmente integrado com os sistemas de supervis\u00e3o, em particular com o Winfactory 4.0.<br \/>\nO corpo central disp\u00f5e de um misturador est\u00e1tico que deixa entrar os aditivos no centro da coluna de material virgem, assegurando uma perfeita\nmistura.<\/p>\n<p>O dosador Lybra disp\u00f5e de uma esta\u00e7\u00e3o de dosagem em \u00e2ngulo que controla a alimenta\u00e7\u00e3o em excesso do aditivo no fluxo de processo e um design de c\u00e9lula de carga dupla, onde apenas o funil de manuten\u00e7\u00e3o \u00e9 sustentado por c\u00e9lulas de carga. Uma bra\u00e7adeira de suporte separada isola a unidade de alimenta\u00e7\u00e3o do funil e o sistema de alimenta\u00e7\u00e3o. Este design permite obter um maior volume do material, uma maior precis\u00e3o e um menor desgaste da unidade.<\/p>","protected":false},"featured_media":13448,"template":"","tags":[108,41],"acf":[],"yoast_head":"<title>Lybra LG - LGR - Grupo Piovan<\/title>\n<meta name=\"robots\" content=\"index, follow, max-snippet:-1, max-image-preview:large, max-video-preview:-1\" \/>\n<link rel=\"canonical\" href=\"https:\/\/www.piovan.com\/pt\/product\/lybra-lg-lgr\/\" \/>\n<meta property=\"og:locale\" content=\"pt_PT\" \/>\n<meta property=\"og:type\" content=\"article\" \/>\n<meta property=\"og:title\" content=\"Lybra LG - LGR - PiovanGroup\" \/>\n<meta property=\"og:description\" content=\"Lybra LG is a gravimetric doser which is precise and flexible. It is also available in cooled version under the name of LGR. The dosing auger available in 3 configurations, single, dual or triple flight screws, assures high level of accuracy and repeatability. The intuitive graphical user interface allows the operator to control the main parameters such as actual and set values or instantaneous production and access all unit\u2019s functions. Lybra LG\/LGR can be easily integrated in supervision system and [&hellip;]\" \/>\n<meta property=\"og:url\" content=\"https:\/\/www.piovan.com\/pt\/product\/lybra-lg-lgr\/\" \/>\n<meta property=\"og:site_name\" content=\"PiovanGroup\" \/>\n<meta property=\"article:modified_time\" content=\"2025-01-09T16:04:50+00:00\" \/>\n<meta property=\"og:image\" content=\"https:\/\/www.piovan.com\/wp-content\/uploads\/Lybra-LG.png\" \/>\n\t<meta property=\"og:image:width\" content=\"1200\" \/>\n\t<meta property=\"og:image:height\" content=\"1560\" \/>\n\t<meta property=\"og:image:type\" content=\"image\/png\" \/>\n<meta name=\"twitter:card\" content=\"summary_large_image\" \/>\n<script type=\"application\/ld+json\" class=\"yoast-schema-graph\">{\"@context\":\"https:\/\/schema.org\",\"@graph\":[{\"@type\":\"WebPage\",\"@id\":\"https:\/\/www.piovan.com\/product\/lybra-lg-lgr\/\",\"url\":\"https:\/\/www.piovan.com\/product\/lybra-lg-lgr\/\",\"name\":\"Lybra LG - LGR - PiovanGroup\",\"isPartOf\":{\"@id\":\"https:\/\/www.piovan.com\/#website\"},\"datePublished\":\"2021-11-08T18:21:23+00:00\",\"dateModified\":\"2025-01-09T16:04:50+00:00\",\"breadcrumb\":{\"@id\":\"https:\/\/www.piovan.com\/product\/lybra-lg-lgr\/#breadcrumb\"},\"inLanguage\":\"pt-PT\",\"potentialAction\":[{\"@type\":\"ReadAction\",\"target\":[\"https:\/\/www.piovan.com\/product\/lybra-lg-lgr\/\"]}]},{\"@type\":\"BreadcrumbList\",\"@id\":\"https:\/\/www.piovan.com\/product\/lybra-lg-lgr\/#breadcrumb\",\"itemListElement\":[{\"@type\":\"ListItem\",\"position\":1,\"name\":\"Home\",\"item\":\"https:\/\/www.piovan.com\/\"},{\"@type\":\"ListItem\",\"position\":2,\"name\":\"Plastic\",\"item\":\"https:\/\/www.piovan.com\/pt\/products\/plasticos\/\"},{\"@type\":\"ListItem\",\"position\":3,\"name\":\"Dosing &amp; Blending\",\"item\":\"https:\/\/www.piovan.com\/pt\/products\/plasticos\/dosagem-mistura\/\"},{\"@type\":\"ListItem\",\"position\":4,\"name\":\"Lybra LG - LGR\"}]},{\"@type\":\"WebSite\",\"@id\":\"https:\/\/www.piovan.com\/#website\",\"url\":\"https:\/\/www.piovan.com\/\",\"name\":\"PiovanGroup\",\"description\":\"\",\"publisher\":{\"@id\":\"https:\/\/www.piovan.com\/#organization\"},\"potentialAction\":[{\"@type\":\"SearchAction\",\"target\":{\"@type\":\"EntryPoint\",\"urlTemplate\":\"https:\/\/www.piovan.com\/?s={search_term_string}\"},\"query-input\":\"required name=search_term_string\"}],\"inLanguage\":\"pt-PT\"},{\"@type\":\"Organization\",\"@id\":\"https:\/\/www.piovan.com\/#organization\",\"name\":\"PiovanGroup\",\"url\":\"https:\/\/www.piovan.com\/\",\"logo\":{\"@type\":\"ImageObject\",\"inLanguage\":\"pt-PT\",\"@id\":\"https:\/\/www.piovan.com\/#\/schema\/logo\/image\/\",\"url\":\"https:\/\/www.piovan.com\/wp-content\/uploads\/2021\/06\/logo@2x.png\",\"contentUrl\":\"https:\/\/www.piovan.com\/wp-content\/uploads\/2021\/06\/logo@2x.png\",\"width\":489,\"height\":78,\"caption\":\"PiovanGroup\"},\"image\":{\"@id\":\"https:\/\/www.piovan.com\/#\/schema\/logo\/image\/\"}}]}<\/script>","yoast_head_json":{"title":"Lybra LG - LGR - Grupo Piovan","robots":{"index":"index","follow":"follow","max-snippet":"max-snippet:-1","max-image-preview":"max-image-preview:large","max-video-preview":"max-video-preview:-1"},"canonical":"https:\/\/www.piovan.com\/pt\/product\/lybra-lg-lgr\/","og_locale":"pt_PT","og_type":"article","og_title":"Lybra LG - LGR - PiovanGroup","og_description":"Lybra LG is a gravimetric doser which is precise and flexible. It is also available in cooled version under the name of LGR. The dosing auger available in 3 configurations, single, dual or triple flight screws, assures high level of accuracy and repeatability. The intuitive graphical user interface allows the operator to control the main parameters such as actual and set values or instantaneous production and access all unit\u2019s functions. Lybra LG\/LGR can be easily integrated in supervision system and [&hellip;]","og_url":"https:\/\/www.piovan.com\/pt\/product\/lybra-lg-lgr\/","og_site_name":"PiovanGroup","article_modified_time":"2025-01-09T16:04:50+00:00","og_image":[{"width":1200,"height":1560,"url":"https:\/\/www.piovan.com\/wp-content\/uploads\/Lybra-LG.png","type":"image\/png"}],"twitter_card":"summary_large_image","schema":{"@context":"https:\/\/schema.org","@graph":[{"@type":"WebPage","@id":"https:\/\/www.piovan.com\/product\/lybra-lg-lgr\/","url":"https:\/\/www.piovan.com\/product\/lybra-lg-lgr\/","name":"Lybra LG - LGR - PiovanGroup","isPartOf":{"@id":"https:\/\/www.piovan.com\/#website"},"datePublished":"2021-11-08T18:21:23+00:00","dateModified":"2025-01-09T16:04:50+00:00","breadcrumb":{"@id":"https:\/\/www.piovan.com\/product\/lybra-lg-lgr\/#breadcrumb"},"inLanguage":"pt-PT","potentialAction":[{"@type":"ReadAction","target":["https:\/\/www.piovan.com\/product\/lybra-lg-lgr\/"]}]},{"@type":"BreadcrumbList","@id":"https:\/\/www.piovan.com\/product\/lybra-lg-lgr\/#breadcrumb","itemListElement":[{"@type":"ListItem","position":1,"name":"Home","item":"https:\/\/www.piovan.com\/"},{"@type":"ListItem","position":2,"name":"Plastic","item":"https:\/\/www.piovan.com\/pt\/products\/plasticos\/"},{"@type":"ListItem","position":3,"name":"Dosing &amp; Blending","item":"https:\/\/www.piovan.com\/pt\/products\/plasticos\/dosagem-mistura\/"},{"@type":"ListItem","position":4,"name":"Lybra LG - LGR"}]},{"@type":"WebSite","@id":"https:\/\/www.piovan.com\/#website","url":"https:\/\/www.piovan.com\/","name":"PiovanGroup","description":"","publisher":{"@id":"https:\/\/www.piovan.com\/#organization"},"potentialAction":[{"@type":"SearchAction","target":{"@type":"EntryPoint","urlTemplate":"https:\/\/www.piovan.com\/?s={search_term_string}"},"query-input":"required name=search_term_string"}],"inLanguage":"pt-PT"},{"@type":"Organization","@id":"https:\/\/www.piovan.com\/#organization","name":"PiovanGroup","url":"https:\/\/www.piovan.com\/","logo":{"@type":"ImageObject","inLanguage":"pt-PT","@id":"https:\/\/www.piovan.com\/#\/schema\/logo\/image\/","url":"https:\/\/www.piovan.com\/wp-content\/uploads\/2021\/06\/logo@2x.png","contentUrl":"https:\/\/www.piovan.com\/wp-content\/uploads\/2021\/06\/logo@2x.png","width":489,"height":78,"caption":"PiovanGroup"},"image":{"@id":"https:\/\/www.piovan.com\/#\/schema\/logo\/image\/"}}]}},"_links":{"self":[{"href":"https:\/\/www.piovan.com\/pt\/wp-json\/wp\/v2\/product\/4761"}],"collection":[{"href":"https:\/\/www.piovan.com\/pt\/wp-json\/wp\/v2\/product"}],"about":[{"href":"https:\/\/www.piovan.com\/pt\/wp-json\/wp\/v2\/types\/product"}],"version-history":[{"count":3,"href":"https:\/\/www.piovan.com\/pt\/wp-json\/wp\/v2\/product\/4761\/revisions"}],"predecessor-version":[{"id":14209,"href":"https:\/\/www.piovan.com\/pt\/wp-json\/wp\/v2\/product\/4761\/revisions\/14209"}],"wp:featuredmedia":[{"embeddable":true,"href":"https:\/\/www.piovan.com\/pt\/wp-json\/wp\/v2\/media\/13448"}],"wp:attachment":[{"href":"https:\/\/www.piovan.com\/pt\/wp-json\/wp\/v2\/media?parent=4761"}],"wp:term":[{"taxonomy":"post_tag","embeddable":true,"href":"https:\/\/www.piovan.com\/pt\/wp-json\/wp\/v2\/tags?post=4761"}],"curies":[{"name":"wp","href":"https:\/\/api.w.org\/{rel}","templated":true}]}}