{"id":4740,"date":"2021-11-08T15:43:49","date_gmt":"2021-11-08T14:43:49","guid":{"rendered":"https:\/\/www.piovan.com\/product\/mdw-150-2\/"},"modified":"2022-02-24T13:02:45","modified_gmt":"2022-02-24T12:02:45","slug":"mdp-300-sa","status":"publish","type":"product","link":"https:\/\/www.piovan.com\/pt\/product\/mdp-300-sa\/","title":{"rendered":"MDP 300"},"content":{"rendered":"<div data-no-translation=\"\">\n<p>A unidade de dosagem volum\u00e9trica MDP 300 dosa simultaneamente at\u00e9 4 componentes (material virgem, reciclado, aditivos e masterbatch) por meio de guilhotinas pneum\u00e1ticas, com capacidade de at\u00e9 300 kg\/h.<\/p>\n<p>O MDP 300 \u00e9 ideal para aplica\u00e7\u00e3o sobre injetoras, extrusoras e sopradoras. Pode ser instalado diretamente na m\u00e1quina transformadora, ou posicionado no piso sobre uma estrutura dedicada e equipada com v\u00e1lvula de aspira\u00e7\u00e3o. Dispon\u00edvel com duas, tr\u00eas ou quatro esta\u00e7\u00f5es de dosagem que podem ser adicionadas a qualquer momento.<\/p>\n<p><strong>Interface com operador<\/strong>:<br \/>\nO teclado de controle com uma tela de cristal l\u00edquido de 3,5 polegadas utiliza a mais avan\u00e7ada gera\u00e7\u00e3o de microprocessadores.<\/p>\n<p>O operador pode acessar as seguintes fun\u00e7\u00f5es:<\/p>\n<ul>\n<li>memoriza\u00e7\u00e3o de receitas<\/li>\n<li>sele\u00e7\u00e3o de uma entre 299 receitas que podem ser memorizadas<\/li>\n<li>sele\u00e7\u00e3o de uma entre 3 l\u00ednguas poss\u00edveis (em uma variedade de 10)<\/li>\n<li>r\u00e1pido esvaziamento das esta\u00e7\u00f5es<\/li>\n<li>monitoramento dos alarmes<\/li>\n<li>gest\u00e3o dos n\u00edveis de acesso com senhas de seguran\u00e7a<\/li>\n<\/ul>\n<\/div>","protected":false},"featured_media":4742,"template":"","tags":[108],"acf":[],"yoast_head":"<title>MDP 300 - PiovanGroup<\/title>\n<meta name=\"robots\" content=\"index, follow, max-snippet:-1, max-image-preview:large, max-video-preview:-1\" \/>\n<link rel=\"canonical\" href=\"https:\/\/www.piovan.com\/pt\/product\/mdp-300-sa\/\" \/>\n<meta property=\"og:locale\" content=\"pt_PT\" \/>\n<meta property=\"og:type\" content=\"article\" \/>\n<meta property=\"og:title\" content=\"MDP 300 - PiovanGroup\" \/>\n<meta property=\"og:description\" content=\"A unidade de dosagem volum\u00e9trica MDP 300 dosa simultaneamente at\u00e9 4 componentes (material virgem, reciclado, aditivos e masterbatch) por meio de guilhotinas pneum\u00e1ticas, com capacidade de at\u00e9 300 kg\/h. O MDP 300 \u00e9 ideal para aplica\u00e7\u00e3o sobre injetoras, extrusoras e sopradoras. Pode ser instalado diretamente na m\u00e1quina transformadora, ou posicionado no piso sobre uma estrutura dedicada e equipada com v\u00e1lvula de aspira\u00e7\u00e3o. Dispon\u00edvel com duas, tr\u00eas ou quatro esta\u00e7\u00f5es de dosagem que podem ser adicionadas a qualquer momento. Interface com [&hellip;]\" \/>\n<meta property=\"og:url\" content=\"https:\/\/www.piovan.com\/pt\/product\/mdp-300-sa\/\" \/>\n<meta property=\"og:site_name\" content=\"PiovanGroup\" \/>\n<meta property=\"article:modified_time\" content=\"2022-02-24T12:02:45+00:00\" \/>\n<meta property=\"og:image\" content=\"https:\/\/www.piovan.com\/wp-content\/uploads\/Product_1200x1200px_0009_MDP_300.png\" \/>\n\t<meta property=\"og:image:width\" content=\"1200\" \/>\n\t<meta property=\"og:image:height\" content=\"1200\" \/>\n\t<meta property=\"og:image:type\" content=\"image\/png\" \/>\n<meta name=\"twitter:card\" content=\"summary_large_image\" \/>\n<script type=\"application\/ld+json\" class=\"yoast-schema-graph\">{\"@context\":\"https:\/\/schema.org\",\"@graph\":[{\"@type\":\"WebPage\",\"@id\":\"https:\/\/www.piovan.com\/product\/mdp-300-sa\/\",\"url\":\"https:\/\/www.piovan.com\/product\/mdp-300-sa\/\",\"name\":\"MDP 300 - PiovanGroup\",\"isPartOf\":{\"@id\":\"https:\/\/www.piovan.com\/#website\"},\"datePublished\":\"2021-11-08T14:43:49+00:00\",\"dateModified\":\"2022-02-24T12:02:45+00:00\",\"breadcrumb\":{\"@id\":\"https:\/\/www.piovan.com\/product\/mdp-300-sa\/#breadcrumb\"},\"inLanguage\":\"pt-PT\",\"potentialAction\":[{\"@type\":\"ReadAction\",\"target\":[\"https:\/\/www.piovan.com\/product\/mdp-300-sa\/\"]}]},{\"@type\":\"BreadcrumbList\",\"@id\":\"https:\/\/www.piovan.com\/product\/mdp-300-sa\/#breadcrumb\",\"itemListElement\":[{\"@type\":\"ListItem\",\"position\":1,\"name\":\"Home\",\"item\":\"https:\/\/www.piovan.com\/\"},{\"@type\":\"ListItem\",\"position\":2,\"name\":\"Plastic\",\"item\":\"https:\/\/www.piovan.com\/pt\/products\/plasticos\/\"},{\"@type\":\"ListItem\",\"position\":3,\"name\":\"Dosing &amp; Blending\",\"item\":\"https:\/\/www.piovan.com\/pt\/products\/plasticos\/dosagem-mistura\/\"},{\"@type\":\"ListItem\",\"position\":4,\"name\":\"MDP 300\"}]},{\"@type\":\"WebSite\",\"@id\":\"https:\/\/www.piovan.com\/#website\",\"url\":\"https:\/\/www.piovan.com\/\",\"name\":\"PiovanGroup\",\"description\":\"\",\"publisher\":{\"@id\":\"https:\/\/www.piovan.com\/#organization\"},\"potentialAction\":[{\"@type\":\"SearchAction\",\"target\":{\"@type\":\"EntryPoint\",\"urlTemplate\":\"https:\/\/www.piovan.com\/?s={search_term_string}\"},\"query-input\":\"required name=search_term_string\"}],\"inLanguage\":\"pt-PT\"},{\"@type\":\"Organization\",\"@id\":\"https:\/\/www.piovan.com\/#organization\",\"name\":\"PiovanGroup\",\"url\":\"https:\/\/www.piovan.com\/\",\"logo\":{\"@type\":\"ImageObject\",\"inLanguage\":\"pt-PT\",\"@id\":\"https:\/\/www.piovan.com\/#\/schema\/logo\/image\/\",\"url\":\"https:\/\/www.piovan.com\/wp-content\/uploads\/2021\/06\/logo@2x.png\",\"contentUrl\":\"https:\/\/www.piovan.com\/wp-content\/uploads\/2021\/06\/logo@2x.png\",\"width\":489,\"height\":78,\"caption\":\"PiovanGroup\"},\"image\":{\"@id\":\"https:\/\/www.piovan.com\/#\/schema\/logo\/image\/\"}}]}<\/script>","yoast_head_json":{"title":"MDP 300 - PiovanGroup","robots":{"index":"index","follow":"follow","max-snippet":"max-snippet:-1","max-image-preview":"max-image-preview:large","max-video-preview":"max-video-preview:-1"},"canonical":"https:\/\/www.piovan.com\/pt\/product\/mdp-300-sa\/","og_locale":"pt_PT","og_type":"article","og_title":"MDP 300 - PiovanGroup","og_description":"A unidade de dosagem volum\u00e9trica MDP 300 dosa simultaneamente at\u00e9 4 componentes (material virgem, reciclado, aditivos e masterbatch) por meio de guilhotinas pneum\u00e1ticas, com capacidade de at\u00e9 300 kg\/h. O MDP 300 \u00e9 ideal para aplica\u00e7\u00e3o sobre injetoras, extrusoras e sopradoras. Pode ser instalado diretamente na m\u00e1quina transformadora, ou posicionado no piso sobre uma estrutura dedicada e equipada com v\u00e1lvula de aspira\u00e7\u00e3o. Dispon\u00edvel com duas, tr\u00eas ou quatro esta\u00e7\u00f5es de dosagem que podem ser adicionadas a qualquer momento. Interface com [&hellip;]","og_url":"https:\/\/www.piovan.com\/pt\/product\/mdp-300-sa\/","og_site_name":"PiovanGroup","article_modified_time":"2022-02-24T12:02:45+00:00","og_image":[{"width":1200,"height":1200,"url":"https:\/\/www.piovan.com\/wp-content\/uploads\/Product_1200x1200px_0009_MDP_300.png","type":"image\/png"}],"twitter_card":"summary_large_image","schema":{"@context":"https:\/\/schema.org","@graph":[{"@type":"WebPage","@id":"https:\/\/www.piovan.com\/product\/mdp-300-sa\/","url":"https:\/\/www.piovan.com\/product\/mdp-300-sa\/","name":"MDP 300 - PiovanGroup","isPartOf":{"@id":"https:\/\/www.piovan.com\/#website"},"datePublished":"2021-11-08T14:43:49+00:00","dateModified":"2022-02-24T12:02:45+00:00","breadcrumb":{"@id":"https:\/\/www.piovan.com\/product\/mdp-300-sa\/#breadcrumb"},"inLanguage":"pt-PT","potentialAction":[{"@type":"ReadAction","target":["https:\/\/www.piovan.com\/product\/mdp-300-sa\/"]}]},{"@type":"BreadcrumbList","@id":"https:\/\/www.piovan.com\/product\/mdp-300-sa\/#breadcrumb","itemListElement":[{"@type":"ListItem","position":1,"name":"Home","item":"https:\/\/www.piovan.com\/"},{"@type":"ListItem","position":2,"name":"Plastic","item":"https:\/\/www.piovan.com\/pt\/products\/plasticos\/"},{"@type":"ListItem","position":3,"name":"Dosing &amp; Blending","item":"https:\/\/www.piovan.com\/pt\/products\/plasticos\/dosagem-mistura\/"},{"@type":"ListItem","position":4,"name":"MDP 300"}]},{"@type":"WebSite","@id":"https:\/\/www.piovan.com\/#website","url":"https:\/\/www.piovan.com\/","name":"PiovanGroup","description":"","publisher":{"@id":"https:\/\/www.piovan.com\/#organization"},"potentialAction":[{"@type":"SearchAction","target":{"@type":"EntryPoint","urlTemplate":"https:\/\/www.piovan.com\/?s={search_term_string}"},"query-input":"required name=search_term_string"}],"inLanguage":"pt-PT"},{"@type":"Organization","@id":"https:\/\/www.piovan.com\/#organization","name":"PiovanGroup","url":"https:\/\/www.piovan.com\/","logo":{"@type":"ImageObject","inLanguage":"pt-PT","@id":"https:\/\/www.piovan.com\/#\/schema\/logo\/image\/","url":"https:\/\/www.piovan.com\/wp-content\/uploads\/2021\/06\/logo@2x.png","contentUrl":"https:\/\/www.piovan.com\/wp-content\/uploads\/2021\/06\/logo@2x.png","width":489,"height":78,"caption":"PiovanGroup"},"image":{"@id":"https:\/\/www.piovan.com\/#\/schema\/logo\/image\/"}}]}},"_links":{"self":[{"href":"https:\/\/www.piovan.com\/pt\/wp-json\/wp\/v2\/product\/4740"}],"collection":[{"href":"https:\/\/www.piovan.com\/pt\/wp-json\/wp\/v2\/product"}],"about":[{"href":"https:\/\/www.piovan.com\/pt\/wp-json\/wp\/v2\/types\/product"}],"version-history":[{"count":0,"href":"https:\/\/www.piovan.com\/pt\/wp-json\/wp\/v2\/product\/4740\/revisions"}],"wp:featuredmedia":[{"embeddable":true,"href":"https:\/\/www.piovan.com\/pt\/wp-json\/wp\/v2\/media\/4742"}],"wp:attachment":[{"href":"https:\/\/www.piovan.com\/pt\/wp-json\/wp\/v2\/media?parent=4740"}],"wp:term":[{"taxonomy":"post_tag","embeddable":true,"href":"https:\/\/www.piovan.com\/pt\/wp-json\/wp\/v2\/tags?post=4740"}],"curies":[{"name":"wp","href":"https:\/\/api.w.org\/{rel}","templated":true}]}}