{"id":4646,"date":"2021-11-06T19:58:48","date_gmt":"2021-11-06T18:58:48","guid":{"rendered":"http:\/\/188.166.2.129\/product\/xltr-series-crystallizer\/"},"modified":"2024-05-06T15:29:00","modified_gmt":"2024-05-06T13:29:00","slug":"xtlr-series-crystallizer","status":"publish","type":"product","link":"https:\/\/www.piovan.com\/pt\/product\/xtlr-series-crystallizer\/","title":{"rendered":"XTLR Series Crystallizer"},"content":{"rendered":"<p>O funil cristalizador da Serie XTLR oferece uma cristaliza\u00e7\u00e3o superior de muitas resinas amorfas. As caracter\u00edsticas padr\u00e3o do design, aprimoram o desempenho ao longo do processo para aumentar o rendimento na zona cr\u00edtica de transi\u00e7\u00e3o v\u00edtrea. Possui tamb\u00e9m um sistema de separa\u00e7\u00e3o de pellets para fluxo uniforme e desobstru\u00eddo at\u00e9 a \u00e1rea de remo\u00e7\u00e3o.<\/p>\n<p>Efici\u00eancia energ\u00e9tica e limpeza f\u00e1cil, projeto em circuito fechado recupera o ar de exaust\u00e3o do cristalizador e rompe ponte remov\u00edveis simplificam a limpeza, evitando que o material gire com o agitador. Aquecedores de processo dispon\u00edveis a g\u00e1s ou el\u00e9tricos.<\/p>\n<p>F\u00e1cil de limpar - cone inferior remov\u00edvel<br \/>\nPorta de limpeza superdimensionada<br \/>\nRompe pontes externo remov\u00edvel<\/p>","protected":false},"featured_media":5383,"template":"","tags":[41],"acf":[],"yoast_head":"<title>XTLR Series Crystallizer - PiovanGroup<\/title>\n<meta name=\"robots\" content=\"index, follow, max-snippet:-1, max-image-preview:large, max-video-preview:-1\" \/>\n<link rel=\"canonical\" href=\"https:\/\/www.piovan.com\/pt\/product\/xtlr-series-crystallizer\/\" \/>\n<meta property=\"og:locale\" content=\"pt_PT\" \/>\n<meta property=\"og:type\" content=\"article\" \/>\n<meta property=\"og:title\" content=\"XTLR Series Crystallizer - PiovanGroup\" \/>\n<meta property=\"og:description\" content=\"The XTLR Series Crystallizer hopper dryer offers superior crystallization of many amorphous resins. Standard design features enhance performance throughout the process to increase performance in the critical glass transition zone and a pellet separation system for even, unobstructed flow to the take away area. Energy efficient and easy to clean, a closed loop design recovers exhausted air from the crystallizer and a removable breaker bars simplify cleaning while preventing material from rotating with the agitator. Process heaters available as gas [&hellip;]\" \/>\n<meta property=\"og:url\" content=\"https:\/\/www.piovan.com\/pt\/product\/xtlr-series-crystallizer\/\" \/>\n<meta property=\"og:site_name\" content=\"PiovanGroup\" \/>\n<meta property=\"article:modified_time\" content=\"2024-05-06T13:29:00+00:00\" \/>\n<meta property=\"og:image\" content=\"https:\/\/www.piovan.com\/wp-content\/uploads\/Product_1200x1560px_0005_XTLR.png\" \/>\n\t<meta property=\"og:image:width\" content=\"1200\" \/>\n\t<meta property=\"og:image:height\" content=\"1560\" \/>\n\t<meta property=\"og:image:type\" content=\"image\/png\" \/>\n<meta name=\"twitter:card\" content=\"summary_large_image\" \/>\n<script type=\"application\/ld+json\" class=\"yoast-schema-graph\">{\"@context\":\"https:\/\/schema.org\",\"@graph\":[{\"@type\":\"WebPage\",\"@id\":\"https:\/\/www.piovan.com\/product\/xtlr-series-crystallizer\/\",\"url\":\"https:\/\/www.piovan.com\/product\/xtlr-series-crystallizer\/\",\"name\":\"XTLR Series Crystallizer - PiovanGroup\",\"isPartOf\":{\"@id\":\"https:\/\/www.piovan.com\/#website\"},\"datePublished\":\"2021-11-06T18:58:48+00:00\",\"dateModified\":\"2024-05-06T13:29:00+00:00\",\"breadcrumb\":{\"@id\":\"https:\/\/www.piovan.com\/product\/xtlr-series-crystallizer\/#breadcrumb\"},\"inLanguage\":\"pt-PT\",\"potentialAction\":[{\"@type\":\"ReadAction\",\"target\":[\"https:\/\/www.piovan.com\/product\/xtlr-series-crystallizer\/\"]}]},{\"@type\":\"BreadcrumbList\",\"@id\":\"https:\/\/www.piovan.com\/product\/xtlr-series-crystallizer\/#breadcrumb\",\"itemListElement\":[{\"@type\":\"ListItem\",\"position\":1,\"name\":\"Home\",\"item\":\"https:\/\/www.piovan.com\/\"},{\"@type\":\"ListItem\",\"position\":2,\"name\":\"Plastic\",\"item\":\"https:\/\/www.piovan.com\/pt\/products\/plasticos\/\"},{\"@type\":\"ListItem\",\"position\":3,\"name\":\"Drying &amp; Dehumidifying\",\"item\":\"https:\/\/www.piovan.com\/pt\/products\/plasticos\/secagem-desumidificacao\/\"},{\"@type\":\"ListItem\",\"position\":4,\"name\":\"XTLR Series Crystallizer\"}]},{\"@type\":\"WebSite\",\"@id\":\"https:\/\/www.piovan.com\/#website\",\"url\":\"https:\/\/www.piovan.com\/\",\"name\":\"PiovanGroup\",\"description\":\"\",\"publisher\":{\"@id\":\"https:\/\/www.piovan.com\/#organization\"},\"potentialAction\":[{\"@type\":\"SearchAction\",\"target\":{\"@type\":\"EntryPoint\",\"urlTemplate\":\"https:\/\/www.piovan.com\/?s={search_term_string}\"},\"query-input\":\"required name=search_term_string\"}],\"inLanguage\":\"pt-PT\"},{\"@type\":\"Organization\",\"@id\":\"https:\/\/www.piovan.com\/#organization\",\"name\":\"PiovanGroup\",\"url\":\"https:\/\/www.piovan.com\/\",\"logo\":{\"@type\":\"ImageObject\",\"inLanguage\":\"pt-PT\",\"@id\":\"https:\/\/www.piovan.com\/#\/schema\/logo\/image\/\",\"url\":\"https:\/\/www.piovan.com\/wp-content\/uploads\/2021\/06\/logo@2x.png\",\"contentUrl\":\"https:\/\/www.piovan.com\/wp-content\/uploads\/2021\/06\/logo@2x.png\",\"width\":489,\"height\":78,\"caption\":\"PiovanGroup\"},\"image\":{\"@id\":\"https:\/\/www.piovan.com\/#\/schema\/logo\/image\/\"}}]}<\/script>","yoast_head_json":{"title":"XTLR Series Crystallizer - PiovanGroup","robots":{"index":"index","follow":"follow","max-snippet":"max-snippet:-1","max-image-preview":"max-image-preview:large","max-video-preview":"max-video-preview:-1"},"canonical":"https:\/\/www.piovan.com\/pt\/product\/xtlr-series-crystallizer\/","og_locale":"pt_PT","og_type":"article","og_title":"XTLR Series Crystallizer - PiovanGroup","og_description":"The XTLR Series Crystallizer hopper dryer offers superior crystallization of many amorphous resins. Standard design features enhance performance throughout the process to increase performance in the critical glass transition zone and a pellet separation system for even, unobstructed flow to the take away area. Energy efficient and easy to clean, a closed loop design recovers exhausted air from the crystallizer and a removable breaker bars simplify cleaning while preventing material from rotating with the agitator. Process heaters available as gas [&hellip;]","og_url":"https:\/\/www.piovan.com\/pt\/product\/xtlr-series-crystallizer\/","og_site_name":"PiovanGroup","article_modified_time":"2024-05-06T13:29:00+00:00","og_image":[{"width":1200,"height":1560,"url":"https:\/\/www.piovan.com\/wp-content\/uploads\/Product_1200x1560px_0005_XTLR.png","type":"image\/png"}],"twitter_card":"summary_large_image","schema":{"@context":"https:\/\/schema.org","@graph":[{"@type":"WebPage","@id":"https:\/\/www.piovan.com\/product\/xtlr-series-crystallizer\/","url":"https:\/\/www.piovan.com\/product\/xtlr-series-crystallizer\/","name":"XTLR Series Crystallizer - PiovanGroup","isPartOf":{"@id":"https:\/\/www.piovan.com\/#website"},"datePublished":"2021-11-06T18:58:48+00:00","dateModified":"2024-05-06T13:29:00+00:00","breadcrumb":{"@id":"https:\/\/www.piovan.com\/product\/xtlr-series-crystallizer\/#breadcrumb"},"inLanguage":"pt-PT","potentialAction":[{"@type":"ReadAction","target":["https:\/\/www.piovan.com\/product\/xtlr-series-crystallizer\/"]}]},{"@type":"BreadcrumbList","@id":"https:\/\/www.piovan.com\/product\/xtlr-series-crystallizer\/#breadcrumb","itemListElement":[{"@type":"ListItem","position":1,"name":"Home","item":"https:\/\/www.piovan.com\/"},{"@type":"ListItem","position":2,"name":"Plastic","item":"https:\/\/www.piovan.com\/pt\/products\/plasticos\/"},{"@type":"ListItem","position":3,"name":"Drying &amp; Dehumidifying","item":"https:\/\/www.piovan.com\/pt\/products\/plasticos\/secagem-desumidificacao\/"},{"@type":"ListItem","position":4,"name":"XTLR Series Crystallizer"}]},{"@type":"WebSite","@id":"https:\/\/www.piovan.com\/#website","url":"https:\/\/www.piovan.com\/","name":"PiovanGroup","description":"","publisher":{"@id":"https:\/\/www.piovan.com\/#organization"},"potentialAction":[{"@type":"SearchAction","target":{"@type":"EntryPoint","urlTemplate":"https:\/\/www.piovan.com\/?s={search_term_string}"},"query-input":"required name=search_term_string"}],"inLanguage":"pt-PT"},{"@type":"Organization","@id":"https:\/\/www.piovan.com\/#organization","name":"PiovanGroup","url":"https:\/\/www.piovan.com\/","logo":{"@type":"ImageObject","inLanguage":"pt-PT","@id":"https:\/\/www.piovan.com\/#\/schema\/logo\/image\/","url":"https:\/\/www.piovan.com\/wp-content\/uploads\/2021\/06\/logo@2x.png","contentUrl":"https:\/\/www.piovan.com\/wp-content\/uploads\/2021\/06\/logo@2x.png","width":489,"height":78,"caption":"PiovanGroup"},"image":{"@id":"https:\/\/www.piovan.com\/#\/schema\/logo\/image\/"}}]}},"_links":{"self":[{"href":"https:\/\/www.piovan.com\/pt\/wp-json\/wp\/v2\/product\/4646"}],"collection":[{"href":"https:\/\/www.piovan.com\/pt\/wp-json\/wp\/v2\/product"}],"about":[{"href":"https:\/\/www.piovan.com\/pt\/wp-json\/wp\/v2\/types\/product"}],"version-history":[{"count":4,"href":"https:\/\/www.piovan.com\/pt\/wp-json\/wp\/v2\/product\/4646\/revisions"}],"predecessor-version":[{"id":12266,"href":"https:\/\/www.piovan.com\/pt\/wp-json\/wp\/v2\/product\/4646\/revisions\/12266"}],"wp:featuredmedia":[{"embeddable":true,"href":"https:\/\/www.piovan.com\/pt\/wp-json\/wp\/v2\/media\/5383"}],"wp:attachment":[{"href":"https:\/\/www.piovan.com\/pt\/wp-json\/wp\/v2\/media?parent=4646"}],"wp:term":[{"taxonomy":"post_tag","embeddable":true,"href":"https:\/\/www.piovan.com\/pt\/wp-json\/wp\/v2\/tags?post=4646"}],"curies":[{"name":"wp","href":"https:\/\/api.w.org\/{rel}","templated":true}]}}