{"id":1711,"date":"2021-11-02T10:00:05","date_gmt":"2021-11-02T09:00:05","guid":{"rendered":"https:\/\/www.piovan.com\/?post_type=product&#038;p=1711"},"modified":"2024-09-18T08:55:49","modified_gmt":"2024-09-18T06:55:49","slug":"pureflo","status":"publish","type":"product","link":"https:\/\/www.piovan.com\/pt\/product\/pureflo\/","title":{"rendered":"Pureflo"},"content":{"rendered":"<p>PureFlo elimina a necessidade da manuten\u00e7\u00e3o padr\u00e3o do funil alimentador (limpeza do filtro) e melhora a capacidade de transporte de todo o sistema. <BR>\nOs gr\u00e2nulos pl\u00e1sticos s\u00e3o transportados atrav\u00e9s de tubula\u00e7\u00f5es por um fluxo de ar gerado a uma press\u00e3o negativa por uma bomba de v\u00e1cuo.<BR>\nA velocidade atingida pelo granulado de pl\u00e1stico durante o transporte varia de 15 metros\/segundo no ponto de pick-up e  25 metros\/segundo no final da linha. <BR>\nEm uma solu\u00e7\u00e3o convencional, o granulo entra no funil a uma velocidade igual a velocidade do final da linha, ou seja  25 metros\/segundo, e em seguida para, devido ao impacto contra as paredes interiores do corpo do funil.<\/p>\n<p class=\" translation-block\">Est\u00e1 dispon\u00edvel nas vers\u00f5es de 5 a 75 litros e \u00e9 particularmente apropriado para locais de instala\u00e7\u00e3o com acessibilidade limitada, como, por exemplo, salas limpas ou posi\u00e7\u00f5es elevadas.\nEste design espec\u00edfico previne os efeitos do desgaste devido ao atrito do material.<\/p>","protected":false},"featured_media":13051,"template":"","tags":[108],"acf":[],"yoast_head":"<title>Pureflo - Grupo Piovan<\/title>\n<meta name=\"robots\" content=\"index, follow, max-snippet:-1, max-image-preview:large, max-video-preview:-1\" \/>\n<link rel=\"canonical\" href=\"https:\/\/www.piovan.com\/pt\/product\/pureflo\/\" \/>\n<meta property=\"og:locale\" content=\"pt_PT\" \/>\n<meta property=\"og:type\" content=\"article\" \/>\n<meta property=\"og:title\" content=\"Pureflo - PiovanGroup\" \/>\n<meta property=\"og:description\" content=\"Pureflo is the filter-less receiver that eliminates the need for ordinary maintenance for cleaning. Available from 5 to 75 litres size, it is particularly indicated for installation site with limited accessibility such as clean room or elevated locations. The specific design prevents any wear effect due to material friction.\" \/>\n<meta property=\"og:url\" content=\"https:\/\/www.piovan.com\/pt\/product\/pureflo\/\" \/>\n<meta property=\"og:site_name\" content=\"PiovanGroup\" \/>\n<meta property=\"article:modified_time\" content=\"2024-09-18T06:55:49+00:00\" \/>\n<meta property=\"og:image\" content=\"https:\/\/www.piovan.com\/wp-content\/uploads\/Pureflo_1200x1560px-copia.png\" \/>\n\t<meta property=\"og:image:width\" content=\"1200\" \/>\n\t<meta property=\"og:image:height\" content=\"1560\" \/>\n\t<meta property=\"og:image:type\" content=\"image\/png\" \/>\n<meta name=\"twitter:card\" content=\"summary_large_image\" \/>\n<script type=\"application\/ld+json\" class=\"yoast-schema-graph\">{\"@context\":\"https:\/\/schema.org\",\"@graph\":[{\"@type\":\"WebPage\",\"@id\":\"https:\/\/www.piovan.com\/product\/pureflo\/\",\"url\":\"https:\/\/www.piovan.com\/product\/pureflo\/\",\"name\":\"Pureflo - PiovanGroup\",\"isPartOf\":{\"@id\":\"https:\/\/www.piovan.com\/#website\"},\"datePublished\":\"2021-11-02T09:00:05+00:00\",\"dateModified\":\"2024-09-18T06:55:49+00:00\",\"breadcrumb\":{\"@id\":\"https:\/\/www.piovan.com\/product\/pureflo\/#breadcrumb\"},\"inLanguage\":\"pt-PT\",\"potentialAction\":[{\"@type\":\"ReadAction\",\"target\":[\"https:\/\/www.piovan.com\/product\/pureflo\/\"]}]},{\"@type\":\"BreadcrumbList\",\"@id\":\"https:\/\/www.piovan.com\/product\/pureflo\/#breadcrumb\",\"itemListElement\":[{\"@type\":\"ListItem\",\"position\":1,\"name\":\"Home\",\"item\":\"https:\/\/www.piovan.com\/\"},{\"@type\":\"ListItem\",\"position\":2,\"name\":\"Plastic\",\"item\":\"https:\/\/www.piovan.com\/pt\/products\/plasticos\/\"},{\"@type\":\"ListItem\",\"position\":3,\"name\":\"Feeding &amp; Conveying\",\"item\":\"https:\/\/www.piovan.com\/pt\/products\/plasticos\/alimentacao-transporte\/\"},{\"@type\":\"ListItem\",\"position\":4,\"name\":\"Pureflo\"}]},{\"@type\":\"WebSite\",\"@id\":\"https:\/\/www.piovan.com\/#website\",\"url\":\"https:\/\/www.piovan.com\/\",\"name\":\"PiovanGroup\",\"description\":\"\",\"publisher\":{\"@id\":\"https:\/\/www.piovan.com\/#organization\"},\"potentialAction\":[{\"@type\":\"SearchAction\",\"target\":{\"@type\":\"EntryPoint\",\"urlTemplate\":\"https:\/\/www.piovan.com\/?s={search_term_string}\"},\"query-input\":\"required name=search_term_string\"}],\"inLanguage\":\"pt-PT\"},{\"@type\":\"Organization\",\"@id\":\"https:\/\/www.piovan.com\/#organization\",\"name\":\"PiovanGroup\",\"url\":\"https:\/\/www.piovan.com\/\",\"logo\":{\"@type\":\"ImageObject\",\"inLanguage\":\"pt-PT\",\"@id\":\"https:\/\/www.piovan.com\/#\/schema\/logo\/image\/\",\"url\":\"https:\/\/www.piovan.com\/wp-content\/uploads\/2021\/06\/logo@2x.png\",\"contentUrl\":\"https:\/\/www.piovan.com\/wp-content\/uploads\/2021\/06\/logo@2x.png\",\"width\":489,\"height\":78,\"caption\":\"PiovanGroup\"},\"image\":{\"@id\":\"https:\/\/www.piovan.com\/#\/schema\/logo\/image\/\"}}]}<\/script>","yoast_head_json":{"title":"Pureflo - Grupo Piovan","robots":{"index":"index","follow":"follow","max-snippet":"max-snippet:-1","max-image-preview":"max-image-preview:large","max-video-preview":"max-video-preview:-1"},"canonical":"https:\/\/www.piovan.com\/pt\/product\/pureflo\/","og_locale":"pt_PT","og_type":"article","og_title":"Pureflo - PiovanGroup","og_description":"Pureflo is the filter-less receiver that eliminates the need for ordinary maintenance for cleaning. Available from 5 to 75 litres size, it is particularly indicated for installation site with limited accessibility such as clean room or elevated locations. The specific design prevents any wear effect due to material friction.","og_url":"https:\/\/www.piovan.com\/pt\/product\/pureflo\/","og_site_name":"PiovanGroup","article_modified_time":"2024-09-18T06:55:49+00:00","og_image":[{"width":1200,"height":1560,"url":"https:\/\/www.piovan.com\/wp-content\/uploads\/Pureflo_1200x1560px-copia.png","type":"image\/png"}],"twitter_card":"summary_large_image","schema":{"@context":"https:\/\/schema.org","@graph":[{"@type":"WebPage","@id":"https:\/\/www.piovan.com\/product\/pureflo\/","url":"https:\/\/www.piovan.com\/product\/pureflo\/","name":"Pureflo - PiovanGroup","isPartOf":{"@id":"https:\/\/www.piovan.com\/#website"},"datePublished":"2021-11-02T09:00:05+00:00","dateModified":"2024-09-18T06:55:49+00:00","breadcrumb":{"@id":"https:\/\/www.piovan.com\/product\/pureflo\/#breadcrumb"},"inLanguage":"pt-PT","potentialAction":[{"@type":"ReadAction","target":["https:\/\/www.piovan.com\/product\/pureflo\/"]}]},{"@type":"BreadcrumbList","@id":"https:\/\/www.piovan.com\/product\/pureflo\/#breadcrumb","itemListElement":[{"@type":"ListItem","position":1,"name":"Home","item":"https:\/\/www.piovan.com\/"},{"@type":"ListItem","position":2,"name":"Plastic","item":"https:\/\/www.piovan.com\/pt\/products\/plasticos\/"},{"@type":"ListItem","position":3,"name":"Feeding &amp; Conveying","item":"https:\/\/www.piovan.com\/pt\/products\/plasticos\/alimentacao-transporte\/"},{"@type":"ListItem","position":4,"name":"Pureflo"}]},{"@type":"WebSite","@id":"https:\/\/www.piovan.com\/#website","url":"https:\/\/www.piovan.com\/","name":"PiovanGroup","description":"","publisher":{"@id":"https:\/\/www.piovan.com\/#organization"},"potentialAction":[{"@type":"SearchAction","target":{"@type":"EntryPoint","urlTemplate":"https:\/\/www.piovan.com\/?s={search_term_string}"},"query-input":"required name=search_term_string"}],"inLanguage":"pt-PT"},{"@type":"Organization","@id":"https:\/\/www.piovan.com\/#organization","name":"PiovanGroup","url":"https:\/\/www.piovan.com\/","logo":{"@type":"ImageObject","inLanguage":"pt-PT","@id":"https:\/\/www.piovan.com\/#\/schema\/logo\/image\/","url":"https:\/\/www.piovan.com\/wp-content\/uploads\/2021\/06\/logo@2x.png","contentUrl":"https:\/\/www.piovan.com\/wp-content\/uploads\/2021\/06\/logo@2x.png","width":489,"height":78,"caption":"PiovanGroup"},"image":{"@id":"https:\/\/www.piovan.com\/#\/schema\/logo\/image\/"}}]}},"_links":{"self":[{"href":"https:\/\/www.piovan.com\/pt\/wp-json\/wp\/v2\/product\/1711"}],"collection":[{"href":"https:\/\/www.piovan.com\/pt\/wp-json\/wp\/v2\/product"}],"about":[{"href":"https:\/\/www.piovan.com\/pt\/wp-json\/wp\/v2\/types\/product"}],"version-history":[{"count":3,"href":"https:\/\/www.piovan.com\/pt\/wp-json\/wp\/v2\/product\/1711\/revisions"}],"predecessor-version":[{"id":13054,"href":"https:\/\/www.piovan.com\/pt\/wp-json\/wp\/v2\/product\/1711\/revisions\/13054"}],"wp:featuredmedia":[{"embeddable":true,"href":"https:\/\/www.piovan.com\/pt\/wp-json\/wp\/v2\/media\/13051"}],"wp:attachment":[{"href":"https:\/\/www.piovan.com\/pt\/wp-json\/wp\/v2\/media?parent=1711"}],"wp:term":[{"taxonomy":"post_tag","embeddable":true,"href":"https:\/\/www.piovan.com\/pt\/wp-json\/wp\/v2\/tags?post=1711"}],"curies":[{"name":"wp","href":"https:\/\/api.w.org\/{rel}","templated":true}]}}