{"id":13392,"date":"2024-10-01T16:53:57","date_gmt":"2024-10-01T14:53:57","guid":{"rendered":"https:\/\/www.piovan.com\/?post_type=product&#038;p=13392"},"modified":"2025-02-26T11:54:21","modified_gmt":"2025-02-26T10:54:21","slug":"handlinkevo","status":"publish","type":"product","link":"https:\/\/www.piovan.com\/pt\/product\/handlinkevo\/","title":{"rendered":"HandlinkEVO"},"content":{"rendered":"<p>Handlink \u00e9 a Unidade de acoplamento manual sem veda\u00e7\u00f5es que evita a contamina\u00e7\u00e3o, garantindo o v\u00e1cuo.<\/p>\n<p>Com as novas juntas de conex\u00e3o Handlink, o a\u00e7o inox \u00e9 o \u00fanico material que entra em contato com os\ngr\u00e2nulos pl\u00e1sticos.<\/p>\n<p>O modelo HandlinkEVO disp\u00f5e de um sistema de controle RFID com um LED local para o estado de conex\u00e3o em tempo real.<\/p>\n<p>Em combina\u00e7\u00e3o com Easy3+, o sistema de alimenta\u00e7\u00e3o verifica se o fechamento ou a combina\u00e7\u00e3o entre a fonte e o destino ocorrem corretamente, inibindo os ciclos de alimenta\u00e7\u00e3o em caso de circuito aberto ou de combina\u00e7\u00e3o incorreta do material, avisando o operador.<\/p>\n<p>A vers\u00e3o HandlinkEVO permite que o operador acople fontes de material e alimentadores sem erros. Um sistema de LEDs coloridos intermitentes auxilia o operador durante a configura\u00e7\u00e3o. Sob encomenda, HandlinkEVO tamb\u00e9m pode ser integrada aos sistemas de alimenta\u00e7\u00e3o do usu\u00e1rio.<\/p>\n<p>Sob encomenda, tamb\u00e9m est\u00e1 dispon\u00edvel um modelo com conex\u00e3o rosqueada em lat\u00e3o e sem sistema de etiquetagem.<\/p>","protected":false},"featured_media":13486,"template":"","tags":[108],"acf":[],"yoast_head":"<title>HandlinkEVO - PiovanGroup<\/title>\n<meta name=\"robots\" content=\"index, follow, max-snippet:-1, max-image-preview:large, max-video-preview:-1\" \/>\n<link rel=\"canonical\" href=\"https:\/\/www.piovan.com\/pt\/product\/handlinkevo\/\" \/>\n<meta property=\"og:locale\" content=\"pt_PT\" \/>\n<meta property=\"og:type\" content=\"article\" \/>\n<meta property=\"og:title\" content=\"HandlinkEVO - PiovanGroup\" \/>\n<meta property=\"og:description\" content=\"Handlink is the gasket-less manual coupling station that avoids contamination while assuring vacuum. With the new couplings of Handlink, stainless steel is the only material that is in contact with the plastic granules. The Handlink EVO version is equipped with an RFID tagging system with a local LED for real-time status of the connection. In conjunction with Easy3+, the feeding system controls the proper closing or match between source and destination inhibiting the feeding cycles in case of open circuit [&hellip;]\" \/>\n<meta property=\"og:url\" content=\"https:\/\/www.piovan.com\/pt\/product\/handlinkevo\/\" \/>\n<meta property=\"og:site_name\" content=\"PiovanGroup\" \/>\n<meta property=\"article:modified_time\" content=\"2025-02-26T10:54:21+00:00\" \/>\n<meta property=\"og:image\" content=\"https:\/\/www.piovan.com\/wp-content\/uploads\/Handlink-Evo.png\" \/>\n\t<meta property=\"og:image:width\" content=\"1200\" \/>\n\t<meta property=\"og:image:height\" content=\"1560\" \/>\n\t<meta property=\"og:image:type\" content=\"image\/png\" \/>\n<meta name=\"twitter:card\" content=\"summary_large_image\" \/>\n<script type=\"application\/ld+json\" class=\"yoast-schema-graph\">{\"@context\":\"https:\/\/schema.org\",\"@graph\":[{\"@type\":\"WebPage\",\"@id\":\"https:\/\/www.piovan.com\/product\/handlinkevo\/\",\"url\":\"https:\/\/www.piovan.com\/product\/handlinkevo\/\",\"name\":\"HandlinkEVO - PiovanGroup\",\"isPartOf\":{\"@id\":\"https:\/\/www.piovan.com\/#website\"},\"datePublished\":\"2024-10-01T14:53:57+00:00\",\"dateModified\":\"2025-02-26T10:54:21+00:00\",\"breadcrumb\":{\"@id\":\"https:\/\/www.piovan.com\/product\/handlinkevo\/#breadcrumb\"},\"inLanguage\":\"pt-PT\",\"potentialAction\":[{\"@type\":\"ReadAction\",\"target\":[\"https:\/\/www.piovan.com\/product\/handlinkevo\/\"]}]},{\"@type\":\"BreadcrumbList\",\"@id\":\"https:\/\/www.piovan.com\/product\/handlinkevo\/#breadcrumb\",\"itemListElement\":[{\"@type\":\"ListItem\",\"position\":1,\"name\":\"Home\",\"item\":\"https:\/\/www.piovan.com\/\"},{\"@type\":\"ListItem\",\"position\":2,\"name\":\"Plastic\",\"item\":\"https:\/\/www.piovan.com\/pt\/products\/plasticos\/\"},{\"@type\":\"ListItem\",\"position\":3,\"name\":\"Feeding &amp; Conveying\",\"item\":\"https:\/\/www.piovan.com\/pt\/products\/plasticos\/alimentacao-transporte\/\"},{\"@type\":\"ListItem\",\"position\":4,\"name\":\"HandlinkEVO\"}]},{\"@type\":\"WebSite\",\"@id\":\"https:\/\/www.piovan.com\/#website\",\"url\":\"https:\/\/www.piovan.com\/\",\"name\":\"PiovanGroup\",\"description\":\"\",\"publisher\":{\"@id\":\"https:\/\/www.piovan.com\/#organization\"},\"potentialAction\":[{\"@type\":\"SearchAction\",\"target\":{\"@type\":\"EntryPoint\",\"urlTemplate\":\"https:\/\/www.piovan.com\/?s={search_term_string}\"},\"query-input\":\"required name=search_term_string\"}],\"inLanguage\":\"pt-PT\"},{\"@type\":\"Organization\",\"@id\":\"https:\/\/www.piovan.com\/#organization\",\"name\":\"PiovanGroup\",\"url\":\"https:\/\/www.piovan.com\/\",\"logo\":{\"@type\":\"ImageObject\",\"inLanguage\":\"pt-PT\",\"@id\":\"https:\/\/www.piovan.com\/#\/schema\/logo\/image\/\",\"url\":\"https:\/\/www.piovan.com\/wp-content\/uploads\/2021\/06\/logo@2x.png\",\"contentUrl\":\"https:\/\/www.piovan.com\/wp-content\/uploads\/2021\/06\/logo@2x.png\",\"width\":489,\"height\":78,\"caption\":\"PiovanGroup\"},\"image\":{\"@id\":\"https:\/\/www.piovan.com\/#\/schema\/logo\/image\/\"}}]}<\/script>","yoast_head_json":{"title":"HandlinkEVO - PiovanGroup","robots":{"index":"index","follow":"follow","max-snippet":"max-snippet:-1","max-image-preview":"max-image-preview:large","max-video-preview":"max-video-preview:-1"},"canonical":"https:\/\/www.piovan.com\/pt\/product\/handlinkevo\/","og_locale":"pt_PT","og_type":"article","og_title":"HandlinkEVO - PiovanGroup","og_description":"Handlink is the gasket-less manual coupling station that avoids contamination while assuring vacuum. With the new couplings of Handlink, stainless steel is the only material that is in contact with the plastic granules. The Handlink EVO version is equipped with an RFID tagging system with a local LED for real-time status of the connection. In conjunction with Easy3+, the feeding system controls the proper closing or match between source and destination inhibiting the feeding cycles in case of open circuit [&hellip;]","og_url":"https:\/\/www.piovan.com\/pt\/product\/handlinkevo\/","og_site_name":"PiovanGroup","article_modified_time":"2025-02-26T10:54:21+00:00","og_image":[{"width":1200,"height":1560,"url":"https:\/\/www.piovan.com\/wp-content\/uploads\/Handlink-Evo.png","type":"image\/png"}],"twitter_card":"summary_large_image","schema":{"@context":"https:\/\/schema.org","@graph":[{"@type":"WebPage","@id":"https:\/\/www.piovan.com\/product\/handlinkevo\/","url":"https:\/\/www.piovan.com\/product\/handlinkevo\/","name":"HandlinkEVO - PiovanGroup","isPartOf":{"@id":"https:\/\/www.piovan.com\/#website"},"datePublished":"2024-10-01T14:53:57+00:00","dateModified":"2025-02-26T10:54:21+00:00","breadcrumb":{"@id":"https:\/\/www.piovan.com\/product\/handlinkevo\/#breadcrumb"},"inLanguage":"pt-PT","potentialAction":[{"@type":"ReadAction","target":["https:\/\/www.piovan.com\/product\/handlinkevo\/"]}]},{"@type":"BreadcrumbList","@id":"https:\/\/www.piovan.com\/product\/handlinkevo\/#breadcrumb","itemListElement":[{"@type":"ListItem","position":1,"name":"Home","item":"https:\/\/www.piovan.com\/"},{"@type":"ListItem","position":2,"name":"Plastic","item":"https:\/\/www.piovan.com\/pt\/products\/plasticos\/"},{"@type":"ListItem","position":3,"name":"Feeding &amp; Conveying","item":"https:\/\/www.piovan.com\/pt\/products\/plasticos\/alimentacao-transporte\/"},{"@type":"ListItem","position":4,"name":"HandlinkEVO"}]},{"@type":"WebSite","@id":"https:\/\/www.piovan.com\/#website","url":"https:\/\/www.piovan.com\/","name":"PiovanGroup","description":"","publisher":{"@id":"https:\/\/www.piovan.com\/#organization"},"potentialAction":[{"@type":"SearchAction","target":{"@type":"EntryPoint","urlTemplate":"https:\/\/www.piovan.com\/?s={search_term_string}"},"query-input":"required name=search_term_string"}],"inLanguage":"pt-PT"},{"@type":"Organization","@id":"https:\/\/www.piovan.com\/#organization","name":"PiovanGroup","url":"https:\/\/www.piovan.com\/","logo":{"@type":"ImageObject","inLanguage":"pt-PT","@id":"https:\/\/www.piovan.com\/#\/schema\/logo\/image\/","url":"https:\/\/www.piovan.com\/wp-content\/uploads\/2021\/06\/logo@2x.png","contentUrl":"https:\/\/www.piovan.com\/wp-content\/uploads\/2021\/06\/logo@2x.png","width":489,"height":78,"caption":"PiovanGroup"},"image":{"@id":"https:\/\/www.piovan.com\/#\/schema\/logo\/image\/"}}]}},"_links":{"self":[{"href":"https:\/\/www.piovan.com\/pt\/wp-json\/wp\/v2\/product\/13392"}],"collection":[{"href":"https:\/\/www.piovan.com\/pt\/wp-json\/wp\/v2\/product"}],"about":[{"href":"https:\/\/www.piovan.com\/pt\/wp-json\/wp\/v2\/types\/product"}],"version-history":[{"count":4,"href":"https:\/\/www.piovan.com\/pt\/wp-json\/wp\/v2\/product\/13392\/revisions"}],"predecessor-version":[{"id":14534,"href":"https:\/\/www.piovan.com\/pt\/wp-json\/wp\/v2\/product\/13392\/revisions\/14534"}],"wp:featuredmedia":[{"embeddable":true,"href":"https:\/\/www.piovan.com\/pt\/wp-json\/wp\/v2\/media\/13486"}],"wp:attachment":[{"href":"https:\/\/www.piovan.com\/pt\/wp-json\/wp\/v2\/media?parent=13392"}],"wp:term":[{"taxonomy":"post_tag","embeddable":true,"href":"https:\/\/www.piovan.com\/pt\/wp-json\/wp\/v2\/tags?post=13392"}],"curies":[{"name":"wp","href":"https:\/\/api.w.org\/{rel}","templated":true}]}}