{"id":11833,"date":"2024-03-25T11:56:57","date_gmt":"2024-03-25T10:56:57","guid":{"rendered":"https:\/\/www.piovan.com\/product\/mdw-2\/"},"modified":"2025-01-10T09:42:39","modified_gmt":"2025-01-10T08:42:39","slug":"mdw","status":"publish","type":"product","link":"https:\/\/www.piovan.com\/pt\/product\/mdw\/","title":{"rendered":"MDW"},"content":{"rendered":"<p>Os misturadores MDW s\u00e3o capazes de dosar e pesar at\u00e9 8 materiais.<\/p>\n<p>O controle por microprocessador assegura uma alta velocidade de execu\u00e7\u00e3o, precis\u00e3o e configura\u00e7\u00e3o simples da unidade.<\/p>\n<p>A configura\u00e7\u00e3o padr\u00e3o inclui a porta Ethernet e a interface USB para permitir o download e a consulta dos dados de funcionamento em modo offline para um processamento pr\u00e1tico, e a comunica\u00e7\u00e3o com outros sistemas, como o software de supervis\u00e3o Winfactory 4.0 da Piovan. \u00c9 uma plataforma padr\u00e3o que permite gerenciar todos os auxiliares a partir de esta\u00e7\u00f5es remotas. Com o m\u00f3dulo Dosing, o Winfactory 4.0 oferece a fun\u00e7\u00e3o de c\u00e1lculo dos consumos de mat\u00e9rias-primas para otimizar o gerenciamento dos estoques e a possibilidade de gerenciar trabalhos de produ\u00e7\u00e3o com certifica\u00e7\u00e3o da qualidade.<\/p>","protected":false},"featured_media":13560,"template":"","tags":[108,41],"acf":[],"yoast_head":"<title>MDW - Grupo Piovan<\/title>\n<meta name=\"robots\" content=\"index, follow, max-snippet:-1, max-image-preview:large, max-video-preview:-1\" \/>\n<link rel=\"canonical\" href=\"https:\/\/www.piovan.com\/pt\/product\/mdw\/\" \/>\n<meta property=\"og:locale\" content=\"pt_PT\" \/>\n<meta property=\"og:type\" content=\"article\" \/>\n<meta property=\"og:title\" content=\"MDW - PiovanGroup\" \/>\n<meta property=\"og:description\" content=\"MDW blenders can dose and weigh up to 8 materials. The microprocessor control assures high execution speed, precision and simple setting of the unit. MDW blenders are available with Premium Evo, 10\u201d touch screen with all the main information on the blender and easy access to settings and event\/alarm. Ethernet port and the USB interface allow the downloading of log file and integration with supervision systems, such as Piovan Winfactory 4.0. This allows consumption recording to optimize stock or production [&hellip;]\" \/>\n<meta property=\"og:url\" content=\"https:\/\/www.piovan.com\/pt\/product\/mdw\/\" \/>\n<meta property=\"og:site_name\" content=\"PiovanGroup\" \/>\n<meta property=\"article:modified_time\" content=\"2025-01-10T08:42:39+00:00\" \/>\n<meta property=\"og:image\" content=\"https:\/\/www.piovan.com\/wp-content\/uploads\/MDW-1.png\" \/>\n\t<meta property=\"og:image:width\" content=\"1200\" \/>\n\t<meta property=\"og:image:height\" content=\"1560\" \/>\n\t<meta property=\"og:image:type\" content=\"image\/png\" \/>\n<meta name=\"twitter:card\" content=\"summary_large_image\" \/>\n<script type=\"application\/ld+json\" class=\"yoast-schema-graph\">{\"@context\":\"https:\/\/schema.org\",\"@graph\":[{\"@type\":\"WebPage\",\"@id\":\"https:\/\/www.piovan.com\/product\/mdw\/\",\"url\":\"https:\/\/www.piovan.com\/product\/mdw\/\",\"name\":\"MDW - PiovanGroup\",\"isPartOf\":{\"@id\":\"https:\/\/www.piovan.com\/#website\"},\"datePublished\":\"2024-03-25T10:56:57+00:00\",\"dateModified\":\"2025-01-10T08:42:39+00:00\",\"breadcrumb\":{\"@id\":\"https:\/\/www.piovan.com\/product\/mdw\/#breadcrumb\"},\"inLanguage\":\"pt-PT\",\"potentialAction\":[{\"@type\":\"ReadAction\",\"target\":[\"https:\/\/www.piovan.com\/product\/mdw\/\"]}]},{\"@type\":\"BreadcrumbList\",\"@id\":\"https:\/\/www.piovan.com\/product\/mdw\/#breadcrumb\",\"itemListElement\":[{\"@type\":\"ListItem\",\"position\":1,\"name\":\"Home\",\"item\":\"https:\/\/www.piovan.com\/\"},{\"@type\":\"ListItem\",\"position\":2,\"name\":\"Plastic\",\"item\":\"https:\/\/www.piovan.com\/pt\/products\/plasticos\/\"},{\"@type\":\"ListItem\",\"position\":3,\"name\":\"Dosing &amp; Blending\",\"item\":\"https:\/\/www.piovan.com\/pt\/products\/plasticos\/dosagem-mistura\/\"},{\"@type\":\"ListItem\",\"position\":4,\"name\":\"MDW\"}]},{\"@type\":\"WebSite\",\"@id\":\"https:\/\/www.piovan.com\/#website\",\"url\":\"https:\/\/www.piovan.com\/\",\"name\":\"PiovanGroup\",\"description\":\"\",\"publisher\":{\"@id\":\"https:\/\/www.piovan.com\/#organization\"},\"potentialAction\":[{\"@type\":\"SearchAction\",\"target\":{\"@type\":\"EntryPoint\",\"urlTemplate\":\"https:\/\/www.piovan.com\/?s={search_term_string}\"},\"query-input\":\"required name=search_term_string\"}],\"inLanguage\":\"pt-PT\"},{\"@type\":\"Organization\",\"@id\":\"https:\/\/www.piovan.com\/#organization\",\"name\":\"PiovanGroup\",\"url\":\"https:\/\/www.piovan.com\/\",\"logo\":{\"@type\":\"ImageObject\",\"inLanguage\":\"pt-PT\",\"@id\":\"https:\/\/www.piovan.com\/#\/schema\/logo\/image\/\",\"url\":\"https:\/\/www.piovan.com\/wp-content\/uploads\/2021\/06\/logo@2x.png\",\"contentUrl\":\"https:\/\/www.piovan.com\/wp-content\/uploads\/2021\/06\/logo@2x.png\",\"width\":489,\"height\":78,\"caption\":\"PiovanGroup\"},\"image\":{\"@id\":\"https:\/\/www.piovan.com\/#\/schema\/logo\/image\/\"}}]}<\/script>","yoast_head_json":{"title":"MDW - Grupo Piovan","robots":{"index":"index","follow":"follow","max-snippet":"max-snippet:-1","max-image-preview":"max-image-preview:large","max-video-preview":"max-video-preview:-1"},"canonical":"https:\/\/www.piovan.com\/pt\/product\/mdw\/","og_locale":"pt_PT","og_type":"article","og_title":"MDW - PiovanGroup","og_description":"MDW blenders can dose and weigh up to 8 materials. The microprocessor control assures high execution speed, precision and simple setting of the unit. MDW blenders are available with Premium Evo, 10\u201d touch screen with all the main information on the blender and easy access to settings and event\/alarm. Ethernet port and the USB interface allow the downloading of log file and integration with supervision systems, such as Piovan Winfactory 4.0. This allows consumption recording to optimize stock or production [&hellip;]","og_url":"https:\/\/www.piovan.com\/pt\/product\/mdw\/","og_site_name":"PiovanGroup","article_modified_time":"2025-01-10T08:42:39+00:00","og_image":[{"width":1200,"height":1560,"url":"https:\/\/www.piovan.com\/wp-content\/uploads\/MDW-1.png","type":"image\/png"}],"twitter_card":"summary_large_image","schema":{"@context":"https:\/\/schema.org","@graph":[{"@type":"WebPage","@id":"https:\/\/www.piovan.com\/product\/mdw\/","url":"https:\/\/www.piovan.com\/product\/mdw\/","name":"MDW - PiovanGroup","isPartOf":{"@id":"https:\/\/www.piovan.com\/#website"},"datePublished":"2024-03-25T10:56:57+00:00","dateModified":"2025-01-10T08:42:39+00:00","breadcrumb":{"@id":"https:\/\/www.piovan.com\/product\/mdw\/#breadcrumb"},"inLanguage":"pt-PT","potentialAction":[{"@type":"ReadAction","target":["https:\/\/www.piovan.com\/product\/mdw\/"]}]},{"@type":"BreadcrumbList","@id":"https:\/\/www.piovan.com\/product\/mdw\/#breadcrumb","itemListElement":[{"@type":"ListItem","position":1,"name":"Home","item":"https:\/\/www.piovan.com\/"},{"@type":"ListItem","position":2,"name":"Plastic","item":"https:\/\/www.piovan.com\/pt\/products\/plasticos\/"},{"@type":"ListItem","position":3,"name":"Dosing &amp; Blending","item":"https:\/\/www.piovan.com\/pt\/products\/plasticos\/dosagem-mistura\/"},{"@type":"ListItem","position":4,"name":"MDW"}]},{"@type":"WebSite","@id":"https:\/\/www.piovan.com\/#website","url":"https:\/\/www.piovan.com\/","name":"PiovanGroup","description":"","publisher":{"@id":"https:\/\/www.piovan.com\/#organization"},"potentialAction":[{"@type":"SearchAction","target":{"@type":"EntryPoint","urlTemplate":"https:\/\/www.piovan.com\/?s={search_term_string}"},"query-input":"required name=search_term_string"}],"inLanguage":"pt-PT"},{"@type":"Organization","@id":"https:\/\/www.piovan.com\/#organization","name":"PiovanGroup","url":"https:\/\/www.piovan.com\/","logo":{"@type":"ImageObject","inLanguage":"pt-PT","@id":"https:\/\/www.piovan.com\/#\/schema\/logo\/image\/","url":"https:\/\/www.piovan.com\/wp-content\/uploads\/2021\/06\/logo@2x.png","contentUrl":"https:\/\/www.piovan.com\/wp-content\/uploads\/2021\/06\/logo@2x.png","width":489,"height":78,"caption":"PiovanGroup"},"image":{"@id":"https:\/\/www.piovan.com\/#\/schema\/logo\/image\/"}}]}},"_links":{"self":[{"href":"https:\/\/www.piovan.com\/pt\/wp-json\/wp\/v2\/product\/11833"}],"collection":[{"href":"https:\/\/www.piovan.com\/pt\/wp-json\/wp\/v2\/product"}],"about":[{"href":"https:\/\/www.piovan.com\/pt\/wp-json\/wp\/v2\/types\/product"}],"version-history":[{"count":4,"href":"https:\/\/www.piovan.com\/pt\/wp-json\/wp\/v2\/product\/11833\/revisions"}],"predecessor-version":[{"id":14216,"href":"https:\/\/www.piovan.com\/pt\/wp-json\/wp\/v2\/product\/11833\/revisions\/14216"}],"wp:featuredmedia":[{"embeddable":true,"href":"https:\/\/www.piovan.com\/pt\/wp-json\/wp\/v2\/media\/13560"}],"wp:attachment":[{"href":"https:\/\/www.piovan.com\/pt\/wp-json\/wp\/v2\/media?parent=11833"}],"wp:term":[{"taxonomy":"post_tag","embeddable":true,"href":"https:\/\/www.piovan.com\/pt\/wp-json\/wp\/v2\/tags?post=11833"}],"curies":[{"name":"wp","href":"https:\/\/api.w.org\/{rel}","templated":true}]}}