{"id":11255,"date":"2023-12-14T15:12:58","date_gmt":"2023-12-14T14:12:58","guid":{"rendered":"https:\/\/www.piovan.com\/product\/cw-0621-1921\/"},"modified":"2025-10-23T15:13:01","modified_gmt":"2025-10-23T13:13:01","slug":"cw-0621-1921","status":"publish","type":"product","link":"https:\/\/www.piovan.com\/pt\/product\/cw-0621-1921\/","title":{"rendered":"CW 0621-1921"},"content":{"rendered":"<p><strong>2 ou 3 compressores tipo scroll, 1 circuito de refrigera\u00e7\u00e3o<\/strong><\/p>\n<p>Os refrigeradores da s\u00e9rie CW produzem \u00e1gua refrigerada a uma temperatura constante independentemente das condi\u00e7\u00f5es atmosf\u00e9ricas. Esta gama foi especificamente projetada para emprego em todas as aplica\u00e7\u00f5es da ind\u00fastria de transforma\u00e7\u00e3o das mat\u00e9rias pl\u00e1sticas, garantindo uma elevad\u00edssima efici\u00eancia energ\u00e9tica e total flexibilidade de uso.<\/p>\n<p><strong>Benef\u00edcios<\/strong><br \/>\n\u2022 Desenvolvido para operar no interior, com temperaturas da \u00e1gua de condensa\u00e7\u00e3o entre 17\u00b0C e +40\u00b0C<br \/>\n\u2022 G\u00e1s refrigerante ecol\u00f3gico R407C<br \/>\n\u2022 Compressores Scroll: redu\u00e7\u00e3o significativa do consumo energ\u00e9tico e do ru\u00eddo<br \/>\n\u2022 Evaporador\/condensador de placas de a\u00e7o inoxid\u00e1vel: troca t\u00e9rmica mais eficiente, longa dura\u00e7\u00e3o, aus\u00eancia de contamina\u00e7\u00e3o<br \/>\n\u2022 Bomba interna para caudais de \u00e1gua \u00f3timos (op\u00e7\u00e3o)<br \/>\n\u2022 V\u00e1rios dispositivos de seguran\u00e7a protegem a unidade e garantem um funcionamento \u00f3timo (pressostatos de alta e baixa press\u00e3o, man\u00f4metro de alta e baixa press\u00e3o)<br \/>\n\u2022 Controle por microprocessador confi\u00e1vel e evolu\u00eddo, com exibi\u00e7\u00e3o das temperaturas de refer\u00eancia e reais da \u00e1gua e exibi\u00e7\u00e3o dos alarmes<\/p>\n<p><strong>Op\u00e7\u00f5es<\/strong><br \/>\n\u2022 V\u00e1lvula de controle da condensa\u00e7\u00e3o<br \/>\n\u2022 Conex\u00f5es do evaporador de tipo flangeado ou de soldar<br \/>\n\u2022 Interface s\u00e9rie para conex\u00e3o ao software de supervis\u00e3o Aquatech<\/p>","protected":false},"featured_media":11256,"template":"","tags":[168],"acf":[],"yoast_head":"<title>CW 0621-1921 - Grupo Piovan<\/title>\n<meta name=\"robots\" content=\"index, follow, max-snippet:-1, max-image-preview:large, max-video-preview:-1\" \/>\n<link rel=\"canonical\" href=\"https:\/\/www.piovan.com\/pt\/product\/cw-0621-1921\/\" \/>\n<meta property=\"og:locale\" content=\"pt_PT\" \/>\n<meta property=\"og:type\" content=\"article\" \/>\n<meta property=\"og:title\" content=\"CW 0621-1921 - PiovanGroup\" \/>\n<meta property=\"og:description\" content=\"2 or 3 X SCROLL compressor, 1 X refrigerant circuit The CW Series chillers provide low temperature water independent from any ambient condition. The range, designed for application in all the industrial sectors, assures maximum flexibility and energy efficient functioning. Features \u2022 Water condensing temperature from 17\u00b0C up to 40\u00b0C \u2022 Green refrigerant R407C \u2022 Reduced energy absorption and lower noise levels \u2022 High efficient heat exchange: stainless steel brazed plate evaporator \u2022 Optimal flow: internal water circulation pump (optional) [&hellip;]\" \/>\n<meta property=\"og:url\" content=\"https:\/\/www.piovan.com\/pt\/product\/cw-0621-1921\/\" \/>\n<meta property=\"og:site_name\" content=\"PiovanGroup\" \/>\n<meta property=\"article:modified_time\" content=\"2025-10-23T13:13:01+00:00\" \/>\n<meta property=\"og:image\" content=\"https:\/\/www.piovan.com\/wp-content\/uploads\/0016_Ecosmart-CW-0621-1921-1.png\" \/>\n\t<meta property=\"og:image:width\" content=\"1200\" \/>\n\t<meta property=\"og:image:height\" content=\"1560\" \/>\n\t<meta property=\"og:image:type\" content=\"image\/png\" \/>\n<meta name=\"twitter:card\" content=\"summary_large_image\" \/>\n<script type=\"application\/ld+json\" class=\"yoast-schema-graph\">{\"@context\":\"https:\/\/schema.org\",\"@graph\":[{\"@type\":\"WebPage\",\"@id\":\"https:\/\/www.piovan.com\/product\/cw-0621-1921\/\",\"url\":\"https:\/\/www.piovan.com\/product\/cw-0621-1921\/\",\"name\":\"CW 0621-1921 - PiovanGroup\",\"isPartOf\":{\"@id\":\"https:\/\/www.piovan.com\/#website\"},\"datePublished\":\"2023-12-14T14:12:58+00:00\",\"dateModified\":\"2025-10-23T13:13:01+00:00\",\"breadcrumb\":{\"@id\":\"https:\/\/www.piovan.com\/product\/cw-0621-1921\/#breadcrumb\"},\"inLanguage\":\"pt-PT\",\"potentialAction\":[{\"@type\":\"ReadAction\",\"target\":[\"https:\/\/www.piovan.com\/product\/cw-0621-1921\/\"]}]},{\"@type\":\"BreadcrumbList\",\"@id\":\"https:\/\/www.piovan.com\/product\/cw-0621-1921\/#breadcrumb\",\"itemListElement\":[{\"@type\":\"ListItem\",\"position\":1,\"name\":\"Home\",\"item\":\"https:\/\/www.piovan.com\/\"},{\"@type\":\"ListItem\",\"position\":2,\"name\":\"Industrial cooling\",\"item\":\"https:\/\/www.piovan.com\/pt\/products\/resfriamento-industrial\/\"},{\"@type\":\"ListItem\",\"position\":3,\"name\":\"Water-Cooled Chillers\",\"item\":\"https:\/\/www.piovan.com\/pt\/products\/resfriamento-industrial\/water-cooled-chillers\/\"},{\"@type\":\"ListItem\",\"position\":4,\"name\":\"CW 0621-1921\"}]},{\"@type\":\"WebSite\",\"@id\":\"https:\/\/www.piovan.com\/#website\",\"url\":\"https:\/\/www.piovan.com\/\",\"name\":\"PiovanGroup\",\"description\":\"\",\"publisher\":{\"@id\":\"https:\/\/www.piovan.com\/#organization\"},\"potentialAction\":[{\"@type\":\"SearchAction\",\"target\":{\"@type\":\"EntryPoint\",\"urlTemplate\":\"https:\/\/www.piovan.com\/?s={search_term_string}\"},\"query-input\":\"required name=search_term_string\"}],\"inLanguage\":\"pt-PT\"},{\"@type\":\"Organization\",\"@id\":\"https:\/\/www.piovan.com\/#organization\",\"name\":\"PiovanGroup\",\"url\":\"https:\/\/www.piovan.com\/\",\"logo\":{\"@type\":\"ImageObject\",\"inLanguage\":\"pt-PT\",\"@id\":\"https:\/\/www.piovan.com\/#\/schema\/logo\/image\/\",\"url\":\"https:\/\/www.piovan.com\/wp-content\/uploads\/2021\/06\/logo@2x.png\",\"contentUrl\":\"https:\/\/www.piovan.com\/wp-content\/uploads\/2021\/06\/logo@2x.png\",\"width\":489,\"height\":78,\"caption\":\"PiovanGroup\"},\"image\":{\"@id\":\"https:\/\/www.piovan.com\/#\/schema\/logo\/image\/\"}}]}<\/script>","yoast_head_json":{"title":"CW 0621-1921 - Grupo Piovan","robots":{"index":"index","follow":"follow","max-snippet":"max-snippet:-1","max-image-preview":"max-image-preview:large","max-video-preview":"max-video-preview:-1"},"canonical":"https:\/\/www.piovan.com\/pt\/product\/cw-0621-1921\/","og_locale":"pt_PT","og_type":"article","og_title":"CW 0621-1921 - PiovanGroup","og_description":"2 or 3 X SCROLL compressor, 1 X refrigerant circuit The CW Series chillers provide low temperature water independent from any ambient condition. The range, designed for application in all the industrial sectors, assures maximum flexibility and energy efficient functioning. Features \u2022 Water condensing temperature from 17\u00b0C up to 40\u00b0C \u2022 Green refrigerant R407C \u2022 Reduced energy absorption and lower noise levels \u2022 High efficient heat exchange: stainless steel brazed plate evaporator \u2022 Optimal flow: internal water circulation pump (optional) [&hellip;]","og_url":"https:\/\/www.piovan.com\/pt\/product\/cw-0621-1921\/","og_site_name":"PiovanGroup","article_modified_time":"2025-10-23T13:13:01+00:00","og_image":[{"width":1200,"height":1560,"url":"https:\/\/www.piovan.com\/wp-content\/uploads\/0016_Ecosmart-CW-0621-1921-1.png","type":"image\/png"}],"twitter_card":"summary_large_image","schema":{"@context":"https:\/\/schema.org","@graph":[{"@type":"WebPage","@id":"https:\/\/www.piovan.com\/product\/cw-0621-1921\/","url":"https:\/\/www.piovan.com\/product\/cw-0621-1921\/","name":"CW 0621-1921 - PiovanGroup","isPartOf":{"@id":"https:\/\/www.piovan.com\/#website"},"datePublished":"2023-12-14T14:12:58+00:00","dateModified":"2025-10-23T13:13:01+00:00","breadcrumb":{"@id":"https:\/\/www.piovan.com\/product\/cw-0621-1921\/#breadcrumb"},"inLanguage":"pt-PT","potentialAction":[{"@type":"ReadAction","target":["https:\/\/www.piovan.com\/product\/cw-0621-1921\/"]}]},{"@type":"BreadcrumbList","@id":"https:\/\/www.piovan.com\/product\/cw-0621-1921\/#breadcrumb","itemListElement":[{"@type":"ListItem","position":1,"name":"Home","item":"https:\/\/www.piovan.com\/"},{"@type":"ListItem","position":2,"name":"Industrial cooling","item":"https:\/\/www.piovan.com\/pt\/products\/resfriamento-industrial\/"},{"@type":"ListItem","position":3,"name":"Water-Cooled Chillers","item":"https:\/\/www.piovan.com\/pt\/products\/resfriamento-industrial\/water-cooled-chillers\/"},{"@type":"ListItem","position":4,"name":"CW 0621-1921"}]},{"@type":"WebSite","@id":"https:\/\/www.piovan.com\/#website","url":"https:\/\/www.piovan.com\/","name":"PiovanGroup","description":"","publisher":{"@id":"https:\/\/www.piovan.com\/#organization"},"potentialAction":[{"@type":"SearchAction","target":{"@type":"EntryPoint","urlTemplate":"https:\/\/www.piovan.com\/?s={search_term_string}"},"query-input":"required name=search_term_string"}],"inLanguage":"pt-PT"},{"@type":"Organization","@id":"https:\/\/www.piovan.com\/#organization","name":"PiovanGroup","url":"https:\/\/www.piovan.com\/","logo":{"@type":"ImageObject","inLanguage":"pt-PT","@id":"https:\/\/www.piovan.com\/#\/schema\/logo\/image\/","url":"https:\/\/www.piovan.com\/wp-content\/uploads\/2021\/06\/logo@2x.png","contentUrl":"https:\/\/www.piovan.com\/wp-content\/uploads\/2021\/06\/logo@2x.png","width":489,"height":78,"caption":"PiovanGroup"},"image":{"@id":"https:\/\/www.piovan.com\/#\/schema\/logo\/image\/"}}]}},"_links":{"self":[{"href":"https:\/\/www.piovan.com\/pt\/wp-json\/wp\/v2\/product\/11255"}],"collection":[{"href":"https:\/\/www.piovan.com\/pt\/wp-json\/wp\/v2\/product"}],"about":[{"href":"https:\/\/www.piovan.com\/pt\/wp-json\/wp\/v2\/types\/product"}],"version-history":[{"count":2,"href":"https:\/\/www.piovan.com\/pt\/wp-json\/wp\/v2\/product\/11255\/revisions"}],"predecessor-version":[{"id":15820,"href":"https:\/\/www.piovan.com\/pt\/wp-json\/wp\/v2\/product\/11255\/revisions\/15820"}],"wp:featuredmedia":[{"embeddable":true,"href":"https:\/\/www.piovan.com\/pt\/wp-json\/wp\/v2\/media\/11256"}],"wp:attachment":[{"href":"https:\/\/www.piovan.com\/pt\/wp-json\/wp\/v2\/media?parent=11255"}],"wp:term":[{"taxonomy":"post_tag","embeddable":true,"href":"https:\/\/www.piovan.com\/pt\/wp-json\/wp\/v2\/tags?post=11255"}],"curies":[{"name":"wp","href":"https:\/\/api.w.org\/{rel}","templated":true}]}}