{"id":11182,"date":"2023-12-14T08:30:44","date_gmt":"2023-12-14T07:30:44","guid":{"rendered":"https:\/\/www.piovan.com\/product\/easycool\/"},"modified":"2025-10-23T15:30:02","modified_gmt":"2025-10-23T13:30:02","slug":"easycool","status":"publish","type":"product","link":"https:\/\/www.piovan.com\/pt\/product\/easycool\/","title":{"rendered":"Easycool+"},"content":{"rendered":"<p>Com o objetivo de assegurar a efic\u00e1cia do processo, na maioria dos casos, os chillers industriais tradicionais consomem uma grande quantidade de energia com consequentes aumentos nos custos de produ\u00e7\u00e3o. O Easycool+ da Thermal Care supera este problema porque \u00e9 um chiller concebido, projetado e constru\u00eddo para o resfriamento dos processos industriais de pl\u00e1sticos.<\/p>\n<p class=\" translation-block\">Flexibilidade, efici\u00eancia energ\u00e9tica, redu\u00e7\u00e3o do espa\u00e7o utilizado e baixo impacto ambiental: Easycool+ agrega valor e reduz os custos relacionados com o investimento.<\/p>\n<p class=\" translation-block\"><strong>A temperatura ideal garante a melhor qualidade do produto.<\/strong><br>\nDurante o processamento do pl\u00e1stico, as temperaturas que devem ser mantidas para os diferentes processos podem variar significativamente, exigindo que o chiller forne\u00e7a diferentes condi\u00e7\u00f5es de press\u00f5es e vaz\u00f5es: a flexibilidade do Easycool+ garante que as melhores condi\u00e7\u00f5es operacionais sejam mantidas o tempo todo.<\/p>\n<p>Especificamente desenvolvido para o processo de transforma\u00e7\u00e3o de pl\u00e1sticos, o Easycool+ da Thermal Care oferece um grande n\u00famero de benef\u00edcios para uma extensa gama de setores.<\/p>","protected":false},"featured_media":11183,"template":"","tags":[168],"acf":[],"yoast_head":"<title>Easycool+ - Grupo Piovan<\/title>\n<meta name=\"robots\" content=\"index, follow, max-snippet:-1, max-image-preview:large, max-video-preview:-1\" \/>\n<link rel=\"canonical\" href=\"https:\/\/www.piovan.com\/pt\/product\/easycool\/\" \/>\n<meta property=\"og:locale\" content=\"pt_PT\" \/>\n<meta property=\"og:type\" content=\"article\" \/>\n<meta property=\"og:title\" content=\"Easycool+ - PiovanGroup\" \/>\n<meta property=\"og:description\" content=\"In order to ensure the effectiveness of the process, in most cases traditional industrial chillers consume a great deal of energy with consequential increases in production costs. Easycool+ by Thermal Care overcomes this problem, because it is a chiller conceived, designed and built for cooling in specific industrial processes for plastics. Flexibility, energy efficiency, reduced footprint and low environmental impact: Easycool+ adds value and reduces the costs associated with the investment. Easycool+ is characterised by robustness, quality\u00a0components\u00a0and comprehensive configuration. A [&hellip;]\" \/>\n<meta property=\"og:url\" content=\"https:\/\/www.piovan.com\/pt\/product\/easycool\/\" \/>\n<meta property=\"og:site_name\" content=\"PiovanGroup\" \/>\n<meta property=\"article:modified_time\" content=\"2025-10-23T13:30:02+00:00\" \/>\n<meta property=\"og:image\" content=\"https:\/\/www.piovan.com\/wp-content\/uploads\/0028_Easycool_left.png\" \/>\n\t<meta property=\"og:image:width\" content=\"1200\" \/>\n\t<meta property=\"og:image:height\" content=\"1560\" \/>\n\t<meta property=\"og:image:type\" content=\"image\/png\" \/>\n<meta name=\"twitter:card\" content=\"summary_large_image\" \/>\n<script type=\"application\/ld+json\" class=\"yoast-schema-graph\">{\"@context\":\"https:\/\/schema.org\",\"@graph\":[{\"@type\":\"WebPage\",\"@id\":\"https:\/\/www.piovan.com\/product\/easycool\/\",\"url\":\"https:\/\/www.piovan.com\/product\/easycool\/\",\"name\":\"Easycool+ - PiovanGroup\",\"isPartOf\":{\"@id\":\"https:\/\/www.piovan.com\/#website\"},\"datePublished\":\"2023-12-14T07:30:44+00:00\",\"dateModified\":\"2025-10-23T13:30:02+00:00\",\"breadcrumb\":{\"@id\":\"https:\/\/www.piovan.com\/product\/easycool\/#breadcrumb\"},\"inLanguage\":\"pt-PT\",\"potentialAction\":[{\"@type\":\"ReadAction\",\"target\":[\"https:\/\/www.piovan.com\/product\/easycool\/\"]}]},{\"@type\":\"BreadcrumbList\",\"@id\":\"https:\/\/www.piovan.com\/product\/easycool\/#breadcrumb\",\"itemListElement\":[{\"@type\":\"ListItem\",\"position\":1,\"name\":\"Home\",\"item\":\"https:\/\/www.piovan.com\/\"},{\"@type\":\"ListItem\",\"position\":2,\"name\":\"Industrial cooling\",\"item\":\"https:\/\/www.piovan.com\/pt\/products\/resfriamento-industrial\/\"},{\"@type\":\"ListItem\",\"position\":3,\"name\":\"Air-Cooled Chillers\",\"item\":\"https:\/\/www.piovan.com\/pt\/products\/resfriamento-industrial\/air-cooled-chillers\/\"},{\"@type\":\"ListItem\",\"position\":4,\"name\":\"Easycool+\"}]},{\"@type\":\"WebSite\",\"@id\":\"https:\/\/www.piovan.com\/#website\",\"url\":\"https:\/\/www.piovan.com\/\",\"name\":\"PiovanGroup\",\"description\":\"\",\"publisher\":{\"@id\":\"https:\/\/www.piovan.com\/#organization\"},\"potentialAction\":[{\"@type\":\"SearchAction\",\"target\":{\"@type\":\"EntryPoint\",\"urlTemplate\":\"https:\/\/www.piovan.com\/?s={search_term_string}\"},\"query-input\":\"required name=search_term_string\"}],\"inLanguage\":\"pt-PT\"},{\"@type\":\"Organization\",\"@id\":\"https:\/\/www.piovan.com\/#organization\",\"name\":\"PiovanGroup\",\"url\":\"https:\/\/www.piovan.com\/\",\"logo\":{\"@type\":\"ImageObject\",\"inLanguage\":\"pt-PT\",\"@id\":\"https:\/\/www.piovan.com\/#\/schema\/logo\/image\/\",\"url\":\"https:\/\/www.piovan.com\/wp-content\/uploads\/2021\/06\/logo@2x.png\",\"contentUrl\":\"https:\/\/www.piovan.com\/wp-content\/uploads\/2021\/06\/logo@2x.png\",\"width\":489,\"height\":78,\"caption\":\"PiovanGroup\"},\"image\":{\"@id\":\"https:\/\/www.piovan.com\/#\/schema\/logo\/image\/\"}}]}<\/script>","yoast_head_json":{"title":"Easycool+ - Grupo Piovan","robots":{"index":"index","follow":"follow","max-snippet":"max-snippet:-1","max-image-preview":"max-image-preview:large","max-video-preview":"max-video-preview:-1"},"canonical":"https:\/\/www.piovan.com\/pt\/product\/easycool\/","og_locale":"pt_PT","og_type":"article","og_title":"Easycool+ - PiovanGroup","og_description":"In order to ensure the effectiveness of the process, in most cases traditional industrial chillers consume a great deal of energy with consequential increases in production costs. Easycool+ by Thermal Care overcomes this problem, because it is a chiller conceived, designed and built for cooling in specific industrial processes for plastics. Flexibility, energy efficiency, reduced footprint and low environmental impact: Easycool+ adds value and reduces the costs associated with the investment. Easycool+ is characterised by robustness, quality\u00a0components\u00a0and comprehensive configuration. A [&hellip;]","og_url":"https:\/\/www.piovan.com\/pt\/product\/easycool\/","og_site_name":"PiovanGroup","article_modified_time":"2025-10-23T13:30:02+00:00","og_image":[{"width":1200,"height":1560,"url":"https:\/\/www.piovan.com\/wp-content\/uploads\/0028_Easycool_left.png","type":"image\/png"}],"twitter_card":"summary_large_image","schema":{"@context":"https:\/\/schema.org","@graph":[{"@type":"WebPage","@id":"https:\/\/www.piovan.com\/product\/easycool\/","url":"https:\/\/www.piovan.com\/product\/easycool\/","name":"Easycool+ - PiovanGroup","isPartOf":{"@id":"https:\/\/www.piovan.com\/#website"},"datePublished":"2023-12-14T07:30:44+00:00","dateModified":"2025-10-23T13:30:02+00:00","breadcrumb":{"@id":"https:\/\/www.piovan.com\/product\/easycool\/#breadcrumb"},"inLanguage":"pt-PT","potentialAction":[{"@type":"ReadAction","target":["https:\/\/www.piovan.com\/product\/easycool\/"]}]},{"@type":"BreadcrumbList","@id":"https:\/\/www.piovan.com\/product\/easycool\/#breadcrumb","itemListElement":[{"@type":"ListItem","position":1,"name":"Home","item":"https:\/\/www.piovan.com\/"},{"@type":"ListItem","position":2,"name":"Industrial cooling","item":"https:\/\/www.piovan.com\/pt\/products\/resfriamento-industrial\/"},{"@type":"ListItem","position":3,"name":"Air-Cooled Chillers","item":"https:\/\/www.piovan.com\/pt\/products\/resfriamento-industrial\/air-cooled-chillers\/"},{"@type":"ListItem","position":4,"name":"Easycool+"}]},{"@type":"WebSite","@id":"https:\/\/www.piovan.com\/#website","url":"https:\/\/www.piovan.com\/","name":"PiovanGroup","description":"","publisher":{"@id":"https:\/\/www.piovan.com\/#organization"},"potentialAction":[{"@type":"SearchAction","target":{"@type":"EntryPoint","urlTemplate":"https:\/\/www.piovan.com\/?s={search_term_string}"},"query-input":"required name=search_term_string"}],"inLanguage":"pt-PT"},{"@type":"Organization","@id":"https:\/\/www.piovan.com\/#organization","name":"PiovanGroup","url":"https:\/\/www.piovan.com\/","logo":{"@type":"ImageObject","inLanguage":"pt-PT","@id":"https:\/\/www.piovan.com\/#\/schema\/logo\/image\/","url":"https:\/\/www.piovan.com\/wp-content\/uploads\/2021\/06\/logo@2x.png","contentUrl":"https:\/\/www.piovan.com\/wp-content\/uploads\/2021\/06\/logo@2x.png","width":489,"height":78,"caption":"PiovanGroup"},"image":{"@id":"https:\/\/www.piovan.com\/#\/schema\/logo\/image\/"}}]}},"_links":{"self":[{"href":"https:\/\/www.piovan.com\/pt\/wp-json\/wp\/v2\/product\/11182"}],"collection":[{"href":"https:\/\/www.piovan.com\/pt\/wp-json\/wp\/v2\/product"}],"about":[{"href":"https:\/\/www.piovan.com\/pt\/wp-json\/wp\/v2\/types\/product"}],"version-history":[{"count":3,"href":"https:\/\/www.piovan.com\/pt\/wp-json\/wp\/v2\/product\/11182\/revisions"}],"predecessor-version":[{"id":15823,"href":"https:\/\/www.piovan.com\/pt\/wp-json\/wp\/v2\/product\/11182\/revisions\/15823"}],"wp:featuredmedia":[{"embeddable":true,"href":"https:\/\/www.piovan.com\/pt\/wp-json\/wp\/v2\/media\/11183"}],"wp:attachment":[{"href":"https:\/\/www.piovan.com\/pt\/wp-json\/wp\/v2\/media?parent=11182"}],"wp:term":[{"taxonomy":"post_tag","embeddable":true,"href":"https:\/\/www.piovan.com\/pt\/wp-json\/wp\/v2\/tags?post=11182"}],"curies":[{"name":"wp","href":"https:\/\/api.w.org\/{rel}","templated":true}]}}