{"id":6046,"date":"2021-12-05T15:18:35","date_gmt":"2021-12-05T14:18:35","guid":{"rendered":"http:\/\/188.166.2.129\/product\/winflo\/"},"modified":"2023-12-15T09:37:40","modified_gmt":"2023-12-15T08:37:40","slug":"winflo_piovan-china","status":"publish","type":"product","link":"https:\/\/www.piovan.com\/it\/product\/winflo_piovan-china\/","title":{"rendered":"Winflo"},"content":{"rendered":"<p>Un software flessibile per il monitoraggio e il controllo delle soluzioni di raffreddamento industriale progettato da Aquatech per trasformare i dati in informazioni rilevanti per il business e ottimizzare il funzionamento e la gestione delle risorse da remoto.<\/p>\n<p class=\" translation-block\">Winflo \u00e8 lo strumento adatto a Cooling Engineer e Operation, Facility e Quality Manager in grado di liberarli da attivit\u00e0 che devono essere svolte di frequente, riducendo cos\u00ec il rischio di errori umani, ottimizzando le tempistiche ed evitando complessi controlli delle unit\u00e0 installate sui tetti. Winflo, infatti,<br>\n\u25cf fornisce una <strong>visione globale dei refrigeratori e sistemi di raffreddamento<\/strong> presenti nell'impianto, permettendo di estrarre facilmente i <strong>dettagli relativi alle singole macchine<\/strong><br>\n\u25cf ha un'<strong>interfaccia facile da usare<\/strong> compatibile con un normale PC o con uno <strong>schermo da 43\"<\/strong>, disponibile su richiesta, per un'alta visibilit\u00e0 nell'impianto o per il Visual Management<br>\n\u25cf fornisce <strong>valori EER e COP<\/strong> con la possibilit\u00e0 di impostare <strong>soglie per l'attivazione di allarmi<\/strong><br>\n\u25cf analizza i dati e riduce gli sprechi grazie all\u2019impiego del <strong>grafico di Pareto<\/strong><br>\n\u25cf <strong>scadenza la necessit\u00e0 di manutenzione periodica<\/strong> per massimizzare il funzionamento dell'impianto<br>\n\u25cf informa via email i Facility Manager e i tecnici Aquatech sugli allarmi critici per un intervento tempestivo<br>\n\u25cf consente di effettuare operazioni di <strong>assistenza da remoto<\/strong> grazie alla connessione VPN tra il centro di assistenza Aquatech e l'impianto<br>\n\u25cf <strong>monitora i consumi energetici e idrici <\/strong>per rilevare tempestivamente le anomalie o semplicemente tracciare i costi.<\/p>\n<p>Winflo monitora, inoltre, lo stato, gli allarmi generici e i parametri analogici di processo pi\u00f9 rilevanti delle unit\u00e0 di terze parti utilizzando una scheda di acquisizione disponibile su richiesta.<\/p>\n<p>Winflo si integra facilmente con Winfactory 4.0 e Winenergy al fine di fornire una visione globale dell'automazione della linea di produzione e del consumo energetico. I tre software sono strumenti efficaci per l'automazione e il monitoraggio delle procedure di qualit\u00e0.<\/p>","protected":false},"featured_media":6084,"template":"","tags":[],"acf":[],"yoast_head":"<title>Winflo - PiovanGroup<\/title>\n<meta name=\"robots\" content=\"index, follow, max-snippet:-1, max-image-preview:large, max-video-preview:-1\" \/>\n<link rel=\"canonical\" href=\"https:\/\/www.piovan.com\/it\/product\/winflo_piovan-china\/\" \/>\n<meta property=\"og:locale\" content=\"it_IT\" \/>\n<meta property=\"og:type\" content=\"article\" \/>\n<meta property=\"og:title\" content=\"Winflo - PiovanGroup\" \/>\n<meta property=\"og:description\" content=\"A flexible software system for monitoring and controlling industrial cooling equipment by Aquatech, for transforming field data into business-relevant information and optimize the operation and management of remote assets. Winflo is the right tool for Cooling Engineers, Operators, Facilities and Quality managers, since it releases them from performing unnecessary remote checks, reducing the risk of human errors, maximizing uptime and avoiding the need for complex monitoring equipment to be installed in inaccessible areas. Winflo, in fact \u2022 gives a\u00a0global overview [&hellip;]\" \/>\n<meta property=\"og:url\" content=\"https:\/\/www.piovan.com\/it\/product\/winflo_piovan-china\/\" \/>\n<meta property=\"og:site_name\" content=\"PiovanGroup\" \/>\n<meta property=\"article:modified_time\" content=\"2023-12-15T08:37:40+00:00\" \/>\n<meta property=\"og:image\" content=\"https:\/\/www.piovan.com\/wp-content\/uploads\/1200x1560_Winflo.png\" \/>\n\t<meta property=\"og:image:width\" content=\"1200\" \/>\n\t<meta property=\"og:image:height\" content=\"1560\" \/>\n\t<meta property=\"og:image:type\" content=\"image\/png\" \/>\n<meta name=\"twitter:card\" content=\"summary_large_image\" \/>\n<script type=\"application\/ld+json\" class=\"yoast-schema-graph\">{\"@context\":\"https:\/\/schema.org\",\"@graph\":[{\"@type\":\"WebPage\",\"@id\":\"https:\/\/www.piovan.com\/product\/winflo_piovan-china\/\",\"url\":\"https:\/\/www.piovan.com\/product\/winflo_piovan-china\/\",\"name\":\"Winflo - PiovanGroup\",\"isPartOf\":{\"@id\":\"https:\/\/www.piovan.com\/#website\"},\"datePublished\":\"2021-12-05T14:18:35+00:00\",\"dateModified\":\"2023-12-15T08:37:40+00:00\",\"breadcrumb\":{\"@id\":\"https:\/\/www.piovan.com\/product\/winflo_piovan-china\/#breadcrumb\"},\"inLanguage\":\"it-IT\",\"potentialAction\":[{\"@type\":\"ReadAction\",\"target\":[\"https:\/\/www.piovan.com\/product\/winflo_piovan-china\/\"]}]},{\"@type\":\"BreadcrumbList\",\"@id\":\"https:\/\/www.piovan.com\/product\/winflo_piovan-china\/#breadcrumb\",\"itemListElement\":[{\"@type\":\"ListItem\",\"position\":1,\"name\":\"Home\",\"item\":\"https:\/\/www.piovan.com\/\"},{\"@type\":\"ListItem\",\"position\":2,\"name\":\"Industrial cooling\",\"item\":\"https:\/\/www.piovan.com\/it\/products\/refrigerazione\/\"},{\"@type\":\"ListItem\",\"position\":3,\"name\":\"Software\",\"item\":\"https:\/\/www.piovan.com\/it\/products\/refrigerazione\/software-industrial-cooling\/\"},{\"@type\":\"ListItem\",\"position\":4,\"name\":\"Winflo\"}]},{\"@type\":\"WebSite\",\"@id\":\"https:\/\/www.piovan.com\/#website\",\"url\":\"https:\/\/www.piovan.com\/\",\"name\":\"PiovanGroup\",\"description\":\"\",\"publisher\":{\"@id\":\"https:\/\/www.piovan.com\/#organization\"},\"potentialAction\":[{\"@type\":\"SearchAction\",\"target\":{\"@type\":\"EntryPoint\",\"urlTemplate\":\"https:\/\/www.piovan.com\/?s={search_term_string}\"},\"query-input\":\"required name=search_term_string\"}],\"inLanguage\":\"it-IT\"},{\"@type\":\"Organization\",\"@id\":\"https:\/\/www.piovan.com\/#organization\",\"name\":\"PiovanGroup\",\"url\":\"https:\/\/www.piovan.com\/\",\"logo\":{\"@type\":\"ImageObject\",\"inLanguage\":\"it-IT\",\"@id\":\"https:\/\/www.piovan.com\/#\/schema\/logo\/image\/\",\"url\":\"https:\/\/www.piovan.com\/wp-content\/uploads\/2021\/06\/logo@2x.png\",\"contentUrl\":\"https:\/\/www.piovan.com\/wp-content\/uploads\/2021\/06\/logo@2x.png\",\"width\":489,\"height\":78,\"caption\":\"PiovanGroup\"},\"image\":{\"@id\":\"https:\/\/www.piovan.com\/#\/schema\/logo\/image\/\"}}]}<\/script>","yoast_head_json":{"title":"Winflo - PiovanGroup","robots":{"index":"index","follow":"follow","max-snippet":"max-snippet:-1","max-image-preview":"max-image-preview:large","max-video-preview":"max-video-preview:-1"},"canonical":"https:\/\/www.piovan.com\/it\/product\/winflo_piovan-china\/","og_locale":"it_IT","og_type":"article","og_title":"Winflo - PiovanGroup","og_description":"A flexible software system for monitoring and controlling industrial cooling equipment by Aquatech, for transforming field data into business-relevant information and optimize the operation and management of remote assets. Winflo is the right tool for Cooling Engineers, Operators, Facilities and Quality managers, since it releases them from performing unnecessary remote checks, reducing the risk of human errors, maximizing uptime and avoiding the need for complex monitoring equipment to be installed in inaccessible areas. Winflo, in fact \u2022 gives a\u00a0global overview [&hellip;]","og_url":"https:\/\/www.piovan.com\/it\/product\/winflo_piovan-china\/","og_site_name":"PiovanGroup","article_modified_time":"2023-12-15T08:37:40+00:00","og_image":[{"width":1200,"height":1560,"url":"https:\/\/www.piovan.com\/wp-content\/uploads\/1200x1560_Winflo.png","type":"image\/png"}],"twitter_card":"summary_large_image","schema":{"@context":"https:\/\/schema.org","@graph":[{"@type":"WebPage","@id":"https:\/\/www.piovan.com\/product\/winflo_piovan-china\/","url":"https:\/\/www.piovan.com\/product\/winflo_piovan-china\/","name":"Winflo - PiovanGroup","isPartOf":{"@id":"https:\/\/www.piovan.com\/#website"},"datePublished":"2021-12-05T14:18:35+00:00","dateModified":"2023-12-15T08:37:40+00:00","breadcrumb":{"@id":"https:\/\/www.piovan.com\/product\/winflo_piovan-china\/#breadcrumb"},"inLanguage":"it-IT","potentialAction":[{"@type":"ReadAction","target":["https:\/\/www.piovan.com\/product\/winflo_piovan-china\/"]}]},{"@type":"BreadcrumbList","@id":"https:\/\/www.piovan.com\/product\/winflo_piovan-china\/#breadcrumb","itemListElement":[{"@type":"ListItem","position":1,"name":"Home","item":"https:\/\/www.piovan.com\/"},{"@type":"ListItem","position":2,"name":"Industrial cooling","item":"https:\/\/www.piovan.com\/it\/products\/refrigerazione\/"},{"@type":"ListItem","position":3,"name":"Software","item":"https:\/\/www.piovan.com\/it\/products\/refrigerazione\/software-industrial-cooling\/"},{"@type":"ListItem","position":4,"name":"Winflo"}]},{"@type":"WebSite","@id":"https:\/\/www.piovan.com\/#website","url":"https:\/\/www.piovan.com\/","name":"PiovanGroup","description":"","publisher":{"@id":"https:\/\/www.piovan.com\/#organization"},"potentialAction":[{"@type":"SearchAction","target":{"@type":"EntryPoint","urlTemplate":"https:\/\/www.piovan.com\/?s={search_term_string}"},"query-input":"required name=search_term_string"}],"inLanguage":"it-IT"},{"@type":"Organization","@id":"https:\/\/www.piovan.com\/#organization","name":"PiovanGroup","url":"https:\/\/www.piovan.com\/","logo":{"@type":"ImageObject","inLanguage":"it-IT","@id":"https:\/\/www.piovan.com\/#\/schema\/logo\/image\/","url":"https:\/\/www.piovan.com\/wp-content\/uploads\/2021\/06\/logo@2x.png","contentUrl":"https:\/\/www.piovan.com\/wp-content\/uploads\/2021\/06\/logo@2x.png","width":489,"height":78,"caption":"PiovanGroup"},"image":{"@id":"https:\/\/www.piovan.com\/#\/schema\/logo\/image\/"}}]}},"_links":{"self":[{"href":"https:\/\/www.piovan.com\/it\/wp-json\/wp\/v2\/product\/6046"}],"collection":[{"href":"https:\/\/www.piovan.com\/it\/wp-json\/wp\/v2\/product"}],"about":[{"href":"https:\/\/www.piovan.com\/it\/wp-json\/wp\/v2\/types\/product"}],"version-history":[{"count":1,"href":"https:\/\/www.piovan.com\/it\/wp-json\/wp\/v2\/product\/6046\/revisions"}],"predecessor-version":[{"id":11279,"href":"https:\/\/www.piovan.com\/it\/wp-json\/wp\/v2\/product\/6046\/revisions\/11279"}],"wp:featuredmedia":[{"embeddable":true,"href":"https:\/\/www.piovan.com\/it\/wp-json\/wp\/v2\/media\/6084"}],"wp:attachment":[{"href":"https:\/\/www.piovan.com\/it\/wp-json\/wp\/v2\/media?parent=6046"}],"wp:term":[{"taxonomy":"post_tag","embeddable":true,"href":"https:\/\/www.piovan.com\/it\/wp-json\/wp\/v2\/tags?post=6046"}],"curies":[{"name":"wp","href":"https:\/\/api.w.org\/{rel}","templated":true}]}}