{"id":6042,"date":"2021-12-05T15:18:23","date_gmt":"2021-12-05T14:18:23","guid":{"rendered":"http:\/\/188.166.2.129\/product\/easytherm-eo\/"},"modified":"2025-02-26T16:23:38","modified_gmt":"2025-02-26T15:23:38","slug":"easytherm-emo-eto","status":"publish","type":"product","link":"https:\/\/www.piovan.com\/it\/product\/easytherm-emo-eto\/","title":{"rendered":"Easytherm EO"},"content":{"rendered":"<p>La serie EO di unit\u00e0 di termoregolazione di stampaggio utilizza olio diatermico per raggiungere temperature fino a 250\u00b0C.\nQuesta serie \u00e8 prodotta utilizzando componenti con il pi\u00f9 alto livello di qualit\u00e0 e affidabilit\u00e0.<\/p>\n<p>La macchina pu\u00f2 essere configurata con una diversa potenza di riscaldamento e raffreddamento e con pompa di processo in grado di fornire la giusta combinazione di portata e pressione.<\/p>\n<p>Le informazioni pi\u00f9 importanti sono immediatamente disponibili grazie al display a colori ad alto contrasto; il Led integrato nel volantino centrale cambia colore per visualizzare chiaramente lo stato della macchina. Il nuovo sistema di controllo include anche una vasta gamma di interfacce di comunicazione, tra cui OPC-UA.<\/p>","protected":false},"featured_media":11143,"template":"","tags":[168],"acf":[],"yoast_head":"<title>Easytherm EO - PiovanGroup<\/title>\n<meta name=\"robots\" content=\"index, follow, max-snippet:-1, max-image-preview:large, max-video-preview:-1\" \/>\n<link rel=\"canonical\" href=\"https:\/\/www.piovan.com\/it\/product\/easytherm-emo-eto\/\" \/>\n<meta property=\"og:locale\" content=\"it_IT\" \/>\n<meta property=\"og:type\" content=\"article\" \/>\n<meta property=\"og:title\" content=\"Easytherm EO - PiovanGroup\" \/>\n<meta property=\"og:description\" content=\"The EO mould temperature series uses diathermic oil to reach temperatures up to 250\u00b0C. These series are manufactured using components with the highest level of quality and reliability. The machine can be configured with different heating and cooling power and with the process pump that provides the right combination of flow rate and pressure. The most important informations are immediately available thanks to the high contrast coloured display; the led integrated in the central knob changes its colour to clearly [&hellip;]\" \/>\n<meta property=\"og:url\" content=\"https:\/\/www.piovan.com\/it\/product\/easytherm-emo-eto\/\" \/>\n<meta property=\"og:site_name\" content=\"PiovanGroup\" \/>\n<meta property=\"article:modified_time\" content=\"2025-02-26T15:23:38+00:00\" \/>\n<meta property=\"og:image\" content=\"https:\/\/www.piovan.com\/wp-content\/uploads\/0026_Easytherm-EMO.png\" \/>\n\t<meta property=\"og:image:width\" content=\"1200\" \/>\n\t<meta property=\"og:image:height\" content=\"1560\" \/>\n\t<meta property=\"og:image:type\" content=\"image\/png\" \/>\n<meta name=\"twitter:card\" content=\"summary_large_image\" \/>\n<script type=\"application\/ld+json\" class=\"yoast-schema-graph\">{\"@context\":\"https:\/\/schema.org\",\"@graph\":[{\"@type\":\"WebPage\",\"@id\":\"https:\/\/www.piovan.com\/product\/easytherm-emo-eto\/\",\"url\":\"https:\/\/www.piovan.com\/product\/easytherm-emo-eto\/\",\"name\":\"Easytherm EO - PiovanGroup\",\"isPartOf\":{\"@id\":\"https:\/\/www.piovan.com\/#website\"},\"datePublished\":\"2021-12-05T14:18:23+00:00\",\"dateModified\":\"2025-02-26T15:23:38+00:00\",\"breadcrumb\":{\"@id\":\"https:\/\/www.piovan.com\/product\/easytherm-emo-eto\/#breadcrumb\"},\"inLanguage\":\"it-IT\",\"potentialAction\":[{\"@type\":\"ReadAction\",\"target\":[\"https:\/\/www.piovan.com\/product\/easytherm-emo-eto\/\"]}]},{\"@type\":\"BreadcrumbList\",\"@id\":\"https:\/\/www.piovan.com\/product\/easytherm-emo-eto\/#breadcrumb\",\"itemListElement\":[{\"@type\":\"ListItem\",\"position\":1,\"name\":\"Home\",\"item\":\"https:\/\/www.piovan.com\/\"},{\"@type\":\"ListItem\",\"position\":2,\"name\":\"Plastic\",\"item\":\"https:\/\/www.piovan.com\/it\/products\/plastica\/\"},{\"@type\":\"ListItem\",\"position\":3,\"name\":\"Temperature Controllers\",\"item\":\"https:\/\/www.piovan.com\/it\/products\/plastica\/termoregolatori\/\"},{\"@type\":\"ListItem\",\"position\":4,\"name\":\"Easytherm EO\"}]},{\"@type\":\"WebSite\",\"@id\":\"https:\/\/www.piovan.com\/#website\",\"url\":\"https:\/\/www.piovan.com\/\",\"name\":\"PiovanGroup\",\"description\":\"\",\"publisher\":{\"@id\":\"https:\/\/www.piovan.com\/#organization\"},\"potentialAction\":[{\"@type\":\"SearchAction\",\"target\":{\"@type\":\"EntryPoint\",\"urlTemplate\":\"https:\/\/www.piovan.com\/?s={search_term_string}\"},\"query-input\":\"required name=search_term_string\"}],\"inLanguage\":\"it-IT\"},{\"@type\":\"Organization\",\"@id\":\"https:\/\/www.piovan.com\/#organization\",\"name\":\"PiovanGroup\",\"url\":\"https:\/\/www.piovan.com\/\",\"logo\":{\"@type\":\"ImageObject\",\"inLanguage\":\"it-IT\",\"@id\":\"https:\/\/www.piovan.com\/#\/schema\/logo\/image\/\",\"url\":\"https:\/\/www.piovan.com\/wp-content\/uploads\/2021\/06\/logo@2x.png\",\"contentUrl\":\"https:\/\/www.piovan.com\/wp-content\/uploads\/2021\/06\/logo@2x.png\",\"width\":489,\"height\":78,\"caption\":\"PiovanGroup\"},\"image\":{\"@id\":\"https:\/\/www.piovan.com\/#\/schema\/logo\/image\/\"}}]}<\/script>","yoast_head_json":{"title":"Easytherm EO - PiovanGroup","robots":{"index":"index","follow":"follow","max-snippet":"max-snippet:-1","max-image-preview":"max-image-preview:large","max-video-preview":"max-video-preview:-1"},"canonical":"https:\/\/www.piovan.com\/it\/product\/easytherm-emo-eto\/","og_locale":"it_IT","og_type":"article","og_title":"Easytherm EO - PiovanGroup","og_description":"The EO mould temperature series uses diathermic oil to reach temperatures up to 250\u00b0C. These series are manufactured using components with the highest level of quality and reliability. The machine can be configured with different heating and cooling power and with the process pump that provides the right combination of flow rate and pressure. The most important informations are immediately available thanks to the high contrast coloured display; the led integrated in the central knob changes its colour to clearly [&hellip;]","og_url":"https:\/\/www.piovan.com\/it\/product\/easytherm-emo-eto\/","og_site_name":"PiovanGroup","article_modified_time":"2025-02-26T15:23:38+00:00","og_image":[{"width":1200,"height":1560,"url":"https:\/\/www.piovan.com\/wp-content\/uploads\/0026_Easytherm-EMO.png","type":"image\/png"}],"twitter_card":"summary_large_image","schema":{"@context":"https:\/\/schema.org","@graph":[{"@type":"WebPage","@id":"https:\/\/www.piovan.com\/product\/easytherm-emo-eto\/","url":"https:\/\/www.piovan.com\/product\/easytherm-emo-eto\/","name":"Easytherm EO - PiovanGroup","isPartOf":{"@id":"https:\/\/www.piovan.com\/#website"},"datePublished":"2021-12-05T14:18:23+00:00","dateModified":"2025-02-26T15:23:38+00:00","breadcrumb":{"@id":"https:\/\/www.piovan.com\/product\/easytherm-emo-eto\/#breadcrumb"},"inLanguage":"it-IT","potentialAction":[{"@type":"ReadAction","target":["https:\/\/www.piovan.com\/product\/easytherm-emo-eto\/"]}]},{"@type":"BreadcrumbList","@id":"https:\/\/www.piovan.com\/product\/easytherm-emo-eto\/#breadcrumb","itemListElement":[{"@type":"ListItem","position":1,"name":"Home","item":"https:\/\/www.piovan.com\/"},{"@type":"ListItem","position":2,"name":"Plastic","item":"https:\/\/www.piovan.com\/it\/products\/plastica\/"},{"@type":"ListItem","position":3,"name":"Temperature Controllers","item":"https:\/\/www.piovan.com\/it\/products\/plastica\/termoregolatori\/"},{"@type":"ListItem","position":4,"name":"Easytherm EO"}]},{"@type":"WebSite","@id":"https:\/\/www.piovan.com\/#website","url":"https:\/\/www.piovan.com\/","name":"PiovanGroup","description":"","publisher":{"@id":"https:\/\/www.piovan.com\/#organization"},"potentialAction":[{"@type":"SearchAction","target":{"@type":"EntryPoint","urlTemplate":"https:\/\/www.piovan.com\/?s={search_term_string}"},"query-input":"required name=search_term_string"}],"inLanguage":"it-IT"},{"@type":"Organization","@id":"https:\/\/www.piovan.com\/#organization","name":"PiovanGroup","url":"https:\/\/www.piovan.com\/","logo":{"@type":"ImageObject","inLanguage":"it-IT","@id":"https:\/\/www.piovan.com\/#\/schema\/logo\/image\/","url":"https:\/\/www.piovan.com\/wp-content\/uploads\/2021\/06\/logo@2x.png","contentUrl":"https:\/\/www.piovan.com\/wp-content\/uploads\/2021\/06\/logo@2x.png","width":489,"height":78,"caption":"PiovanGroup"},"image":{"@id":"https:\/\/www.piovan.com\/#\/schema\/logo\/image\/"}}]}},"_links":{"self":[{"href":"https:\/\/www.piovan.com\/it\/wp-json\/wp\/v2\/product\/6042"}],"collection":[{"href":"https:\/\/www.piovan.com\/it\/wp-json\/wp\/v2\/product"}],"about":[{"href":"https:\/\/www.piovan.com\/it\/wp-json\/wp\/v2\/types\/product"}],"version-history":[{"count":3,"href":"https:\/\/www.piovan.com\/it\/wp-json\/wp\/v2\/product\/6042\/revisions"}],"predecessor-version":[{"id":14563,"href":"https:\/\/www.piovan.com\/it\/wp-json\/wp\/v2\/product\/6042\/revisions\/14563"}],"wp:featuredmedia":[{"embeddable":true,"href":"https:\/\/www.piovan.com\/it\/wp-json\/wp\/v2\/media\/11143"}],"wp:attachment":[{"href":"https:\/\/www.piovan.com\/it\/wp-json\/wp\/v2\/media?parent=6042"}],"wp:term":[{"taxonomy":"post_tag","embeddable":true,"href":"https:\/\/www.piovan.com\/it\/wp-json\/wp\/v2\/tags?post=6042"}],"curies":[{"name":"wp","href":"https:\/\/api.w.org\/{rel}","templated":true}]}}