{"id":6037,"date":"2021-12-05T15:18:23","date_gmt":"2021-12-05T14:18:23","guid":{"rendered":"http:\/\/188.166.2.129\/product\/aryacool\/"},"modified":"2023-12-13T15:45:37","modified_gmt":"2023-12-13T14:45:37","slug":"aryacool_piovan-china","status":"publish","type":"product","link":"https:\/\/www.piovan.com\/it\/product\/aryacool_piovan-china\/","title":{"rendered":"Aryacool+"},"content":{"rendered":"<p>Il drycooler adiabatico di Aquatech rappresenta la risposta alle esigenze di tutti quei clienti che ricercano la sostenibilit\u00e0 nei processi.<\/p>\n<p class=\" translation-block\">Gli elementi che contraddistinguono Aryacool+ sono:<br>\n\u25cf&nbsp;<strong>Controllo DuoCool<\/strong>: due temperature di processo indipendenti<br>\n\u25cf <strong>Soluzione autodrenante<\/strong> che non richiede la funzione antifreeze nelle zone fredde<br>\n\u25cf <strong>Adiabatic Booster Spray<\/strong> per i paesi con pi\u00f9 elevato livello di umidit\u00e0<br>\n\u25cf <strong>Versione a Secco<\/strong>: senza PAD e consumo energetico ottimizzato<br>\n\u25cf <strong>WRS Water Recovery System<\/strong> per ridurre ulteriormente il consumo d\u2019acqua<\/p>\n<p>La logistica \u00e8 ottimizzata in quanto l'unit\u00e0 pu\u00f2 essere movimentata tramite carrello elevatore o gru. Tutte le versioni disponibili possono essere spedite attraverso container da 20 o 40 metri.<\/p>\n<p>L\u2019HMI (Human-Machine Interface) \u00e8 intuitiva e pu\u00f2 essere gestita anche da remoto, tramite LAN e, o, connessione Internet.<\/p>\n<p class=\" translation-block\"><p><strong>Caratteristiche principali<\/strong><\/p>\n\u25cf <strong>Flessibilit\u00e0 di applicazione<\/strong>: Aryacool+ \u00e8 l\u2019unit\u00e0 centrale della soluzione flexcool, che fornisce chiller condensati ad acqua e scambiatori di calore idraulico IMM<br>\n\u25cf <strong>Applicazioni in impianti industriali<\/strong>: Aryacool+ \u00e8 stato utilizzato in modo intensivo nella produzione di energia, nel settore chimico, farmaceutico e cosmetico.<br>\n\u25cf Display touch: interfaccia intuitiva<br>\n\u25cf Supporti regolabili<br>\n\u25cf Drenaggio dell\u2019acqua: tutti i residui d\u2019acqua non completamente evaporati scolano nelle tubazioni, evitando la stagnazione sul pavimento sotto l\u2019unit\u00e0<\/p>\n<p class=\" translation-block\"><strong>Benefici<\/strong><p>\u25cf <strong>Pulizia dell\u2019acqua di processo<\/strong>: prevenzione dei rischi di ossidazione, alghe e batteri, grazie al sistema a circuito chiuso<br>\n\u25cf <strong>Risparmio dei costi di gestione<\/strong>: previene la formazione di incrostazioni nelle tubazioni e grazie agli scambiatori di calore, gli stampi riducono fortemente i costi energetici e di manutenzione<br>\n\u25cf <strong>Maggiore risparmio idrico<\/strong>: grazie alla nuova tecnologia Aquatech, Aryacool+ utilizza il 30% di acqua in meno rispetto agli standard presenti nel mercato<br>\n\u25cf <strong>Massima efficienza<\/strong>: grazie a ventilatori elettronici (EC) dotati di regolatore di velocit\u00e0 integrato e speciali ventole ad alta efficienza (900mm)<br>\n\u25cf <strong>Ciclo automatico anti-pollini<\/strong>. In presenza di pollini e fogliame \u00e8 possibile impostare dei cicli automatici che invertono il senso di rotazione delle ventole, spingendo all\u2019esterno tutti i materiali superflui<br>\n\u25cf <strong>Manutenzione semplificata dei ventilatori<\/strong> EC, degli evaporatori PAD e dei dispositivi alimentati ad acqua. Il sistema \u00e8 in grado di riconoscere autonomamente quando \u00e8 necessario procedere con la manutenzione<br>\n\u25cf <strong>Elevata efficienza degli scambiatori di calore a basso impatto ambientale<\/strong>: l\u2019intera gamma \u00e8 stata progettata per ottimizzare il rapporto capacit\u00e0 di raffreddamento\/superficie<\/p><\/p>\n<p>&nbsp;<\/p>","protected":false},"featured_media":7603,"template":"","tags":[],"acf":[],"yoast_head":"<title>Aryacool+ - Gruppo Piovan<\/title>\n<meta name=\"robots\" content=\"index, follow, max-snippet:-1, max-image-preview:large, max-video-preview:-1\" \/>\n<link rel=\"canonical\" href=\"https:\/\/www.piovan.com\/it\/product\/aryacool_piovan-china\/\" \/>\n<meta property=\"og:locale\" content=\"it_IT\" \/>\n<meta property=\"og:type\" content=\"article\" \/>\n<meta property=\"og:title\" content=\"Aryacool+ - PiovanGroup\" \/>\n<meta property=\"og:description\" content=\"Aryacool+ adiabatic liquid cooler is the synthesis of a decennial global experience and encompasses answers to all those industrial customers who are looking for process sustainability. Among the key features to highlight: \u2022 DuoCool control: two independent process temperature \u2022 Self-drain solution: no antifreeze needed in cold area \u2022 Adiabatic booster spray: extra spray for high humidity countries \u2022 Dry version: no PAD and optimized energy consumption \u2022 WRS Water Recovery System: to further reduce water consumption The logistics are [&hellip;]\" \/>\n<meta property=\"og:url\" content=\"https:\/\/www.piovan.com\/it\/product\/aryacool_piovan-china\/\" \/>\n<meta property=\"og:site_name\" content=\"PiovanGroup\" \/>\n<meta property=\"article:modified_time\" content=\"2023-12-13T14:45:37+00:00\" \/>\n<meta property=\"og:image\" content=\"https:\/\/www.piovan.com\/wp-content\/uploads\/Aryacool_product_1200x1560-1.png\" \/>\n\t<meta property=\"og:image:width\" content=\"1200\" \/>\n\t<meta property=\"og:image:height\" content=\"1560\" \/>\n\t<meta property=\"og:image:type\" content=\"image\/png\" \/>\n<meta name=\"twitter:card\" content=\"summary_large_image\" \/>\n<script type=\"application\/ld+json\" class=\"yoast-schema-graph\">{\"@context\":\"https:\/\/schema.org\",\"@graph\":[{\"@type\":\"WebPage\",\"@id\":\"https:\/\/www.piovan.com\/product\/aryacool_piovan-china\/\",\"url\":\"https:\/\/www.piovan.com\/product\/aryacool_piovan-china\/\",\"name\":\"Aryacool+ - PiovanGroup\",\"isPartOf\":{\"@id\":\"https:\/\/www.piovan.com\/#website\"},\"datePublished\":\"2021-12-05T14:18:23+00:00\",\"dateModified\":\"2023-12-13T14:45:37+00:00\",\"breadcrumb\":{\"@id\":\"https:\/\/www.piovan.com\/product\/aryacool_piovan-china\/#breadcrumb\"},\"inLanguage\":\"it-IT\",\"potentialAction\":[{\"@type\":\"ReadAction\",\"target\":[\"https:\/\/www.piovan.com\/product\/aryacool_piovan-china\/\"]}]},{\"@type\":\"BreadcrumbList\",\"@id\":\"https:\/\/www.piovan.com\/product\/aryacool_piovan-china\/#breadcrumb\",\"itemListElement\":[{\"@type\":\"ListItem\",\"position\":1,\"name\":\"Home\",\"item\":\"https:\/\/www.piovan.com\/\"},{\"@type\":\"ListItem\",\"position\":2,\"name\":\"Industrial cooling\",\"item\":\"https:\/\/www.piovan.com\/it\/products\/refrigerazione\/\"},{\"@type\":\"ListItem\",\"position\":3,\"name\":\"Dry Coolers\",\"item\":\"https:\/\/www.piovan.com\/it\/products\/refrigerazione\/dry-coolers\/\"},{\"@type\":\"ListItem\",\"position\":4,\"name\":\"Aryacool+\"}]},{\"@type\":\"WebSite\",\"@id\":\"https:\/\/www.piovan.com\/#website\",\"url\":\"https:\/\/www.piovan.com\/\",\"name\":\"PiovanGroup\",\"description\":\"\",\"publisher\":{\"@id\":\"https:\/\/www.piovan.com\/#organization\"},\"potentialAction\":[{\"@type\":\"SearchAction\",\"target\":{\"@type\":\"EntryPoint\",\"urlTemplate\":\"https:\/\/www.piovan.com\/?s={search_term_string}\"},\"query-input\":\"required name=search_term_string\"}],\"inLanguage\":\"it-IT\"},{\"@type\":\"Organization\",\"@id\":\"https:\/\/www.piovan.com\/#organization\",\"name\":\"PiovanGroup\",\"url\":\"https:\/\/www.piovan.com\/\",\"logo\":{\"@type\":\"ImageObject\",\"inLanguage\":\"it-IT\",\"@id\":\"https:\/\/www.piovan.com\/#\/schema\/logo\/image\/\",\"url\":\"https:\/\/www.piovan.com\/wp-content\/uploads\/2021\/06\/logo@2x.png\",\"contentUrl\":\"https:\/\/www.piovan.com\/wp-content\/uploads\/2021\/06\/logo@2x.png\",\"width\":489,\"height\":78,\"caption\":\"PiovanGroup\"},\"image\":{\"@id\":\"https:\/\/www.piovan.com\/#\/schema\/logo\/image\/\"}}]}<\/script>","yoast_head_json":{"title":"Aryacool+ - Gruppo Piovan","robots":{"index":"index","follow":"follow","max-snippet":"max-snippet:-1","max-image-preview":"max-image-preview:large","max-video-preview":"max-video-preview:-1"},"canonical":"https:\/\/www.piovan.com\/it\/product\/aryacool_piovan-china\/","og_locale":"it_IT","og_type":"article","og_title":"Aryacool+ - PiovanGroup","og_description":"Aryacool+ adiabatic liquid cooler is the synthesis of a decennial global experience and encompasses answers to all those industrial customers who are looking for process sustainability. Among the key features to highlight: \u2022 DuoCool control: two independent process temperature \u2022 Self-drain solution: no antifreeze needed in cold area \u2022 Adiabatic booster spray: extra spray for high humidity countries \u2022 Dry version: no PAD and optimized energy consumption \u2022 WRS Water Recovery System: to further reduce water consumption The logistics are [&hellip;]","og_url":"https:\/\/www.piovan.com\/it\/product\/aryacool_piovan-china\/","og_site_name":"PiovanGroup","article_modified_time":"2023-12-13T14:45:37+00:00","og_image":[{"width":1200,"height":1560,"url":"https:\/\/www.piovan.com\/wp-content\/uploads\/Aryacool_product_1200x1560-1.png","type":"image\/png"}],"twitter_card":"summary_large_image","schema":{"@context":"https:\/\/schema.org","@graph":[{"@type":"WebPage","@id":"https:\/\/www.piovan.com\/product\/aryacool_piovan-china\/","url":"https:\/\/www.piovan.com\/product\/aryacool_piovan-china\/","name":"Aryacool+ - PiovanGroup","isPartOf":{"@id":"https:\/\/www.piovan.com\/#website"},"datePublished":"2021-12-05T14:18:23+00:00","dateModified":"2023-12-13T14:45:37+00:00","breadcrumb":{"@id":"https:\/\/www.piovan.com\/product\/aryacool_piovan-china\/#breadcrumb"},"inLanguage":"it-IT","potentialAction":[{"@type":"ReadAction","target":["https:\/\/www.piovan.com\/product\/aryacool_piovan-china\/"]}]},{"@type":"BreadcrumbList","@id":"https:\/\/www.piovan.com\/product\/aryacool_piovan-china\/#breadcrumb","itemListElement":[{"@type":"ListItem","position":1,"name":"Home","item":"https:\/\/www.piovan.com\/"},{"@type":"ListItem","position":2,"name":"Industrial cooling","item":"https:\/\/www.piovan.com\/it\/products\/refrigerazione\/"},{"@type":"ListItem","position":3,"name":"Dry Coolers","item":"https:\/\/www.piovan.com\/it\/products\/refrigerazione\/dry-coolers\/"},{"@type":"ListItem","position":4,"name":"Aryacool+"}]},{"@type":"WebSite","@id":"https:\/\/www.piovan.com\/#website","url":"https:\/\/www.piovan.com\/","name":"PiovanGroup","description":"","publisher":{"@id":"https:\/\/www.piovan.com\/#organization"},"potentialAction":[{"@type":"SearchAction","target":{"@type":"EntryPoint","urlTemplate":"https:\/\/www.piovan.com\/?s={search_term_string}"},"query-input":"required name=search_term_string"}],"inLanguage":"it-IT"},{"@type":"Organization","@id":"https:\/\/www.piovan.com\/#organization","name":"PiovanGroup","url":"https:\/\/www.piovan.com\/","logo":{"@type":"ImageObject","inLanguage":"it-IT","@id":"https:\/\/www.piovan.com\/#\/schema\/logo\/image\/","url":"https:\/\/www.piovan.com\/wp-content\/uploads\/2021\/06\/logo@2x.png","contentUrl":"https:\/\/www.piovan.com\/wp-content\/uploads\/2021\/06\/logo@2x.png","width":489,"height":78,"caption":"PiovanGroup"},"image":{"@id":"https:\/\/www.piovan.com\/#\/schema\/logo\/image\/"}}]}},"_links":{"self":[{"href":"https:\/\/www.piovan.com\/it\/wp-json\/wp\/v2\/product\/6037"}],"collection":[{"href":"https:\/\/www.piovan.com\/it\/wp-json\/wp\/v2\/product"}],"about":[{"href":"https:\/\/www.piovan.com\/it\/wp-json\/wp\/v2\/types\/product"}],"version-history":[{"count":1,"href":"https:\/\/www.piovan.com\/it\/wp-json\/wp\/v2\/product\/6037\/revisions"}],"predecessor-version":[{"id":11145,"href":"https:\/\/www.piovan.com\/it\/wp-json\/wp\/v2\/product\/6037\/revisions\/11145"}],"wp:featuredmedia":[{"embeddable":true,"href":"https:\/\/www.piovan.com\/it\/wp-json\/wp\/v2\/media\/7603"}],"wp:attachment":[{"href":"https:\/\/www.piovan.com\/it\/wp-json\/wp\/v2\/media?parent=6037"}],"wp:term":[{"taxonomy":"post_tag","embeddable":true,"href":"https:\/\/www.piovan.com\/it\/wp-json\/wp\/v2\/tags?post=6037"}],"curies":[{"name":"wp","href":"https:\/\/api.w.org\/{rel}","templated":true}]}}