{"id":6010,"date":"2021-12-05T15:18:07","date_gmt":"2021-12-05T14:18:07","guid":{"rendered":"http:\/\/188.166.2.129\/product\/easycool-2\/"},"modified":"2023-12-14T08:29:28","modified_gmt":"2023-12-14T07:29:28","slug":"easycool-sa","status":"publish","type":"product","link":"https:\/\/www.piovan.com\/it\/product\/easycool-sa\/","title":{"rendered":"Easycool"},"content":{"rendered":"<div data-no-dynamic-translation=\"\">\n<p>Los Chillers de la serie Easycool con condensaci\u00f3n por aire proporcionan baja temperatura del agua independientemente de las condiciones ambientales. La gama fue proyectada para atender cualquier requisito de aplicaci\u00f3n industrial, que necesite de enfriamiento preciso, desde pe-que\u00f1as hasta grandes capacidades de producci\u00f3n. Caracterizadas por la elevada flexibilidad de las capacidades de refrigeraci\u00f3n desde 138.000 a 450.000 kCal\/h, un proyecto simple, s\u00f3lido y extremadamente fiable.<\/p>\n<p>\u2022 Utiliza compresores scroll con evaporadores de placa y v\u00e1lvula de expansi\u00f3n electr\u00f3nica, generando una econom\u00eda de energ\u00eda de hasta 20% comparada con los sistemas tradicionales<br \/>\n\u2022 Funcionamiento silencioso con ventiladores eficientes con baj\u00edsimo nivel de ruido<br \/>\n\u2022 Control exacto de la temperatura de proceso con el uso de control electr\u00f3nico por micro-procesador<br \/>\n\u2022 Funcionamiento optimizado de los compreso-res scroll bajo parcializaci\u00f3n autom\u00e1tica<br \/>\n\u2022 Utiliza gas refrigerante R407C\u00a0o R410A<\/p>\n<\/div>","protected":false},"featured_media":11177,"template":"","tags":[168],"acf":[],"yoast_head":"<title>Easycool - PiovanGroup<\/title>\n<meta name=\"robots\" content=\"index, follow, max-snippet:-1, max-image-preview:large, max-video-preview:-1\" \/>\n<link rel=\"canonical\" href=\"https:\/\/www.piovan.com\/it\/product\/easycool-sa\/\" \/>\n<meta property=\"og:locale\" content=\"it_IT\" \/>\n<meta property=\"og:type\" content=\"article\" \/>\n<meta property=\"og:title\" content=\"Easycool - PiovanGroup\" \/>\n<meta property=\"og:description\" content=\"Los Chillers de la serie Easycool con condensaci\u00f3n por aire proporcionan baja temperatura del agua independientemente de las condiciones ambientales. La gama fue proyectada para atender cualquier requisito de aplicaci\u00f3n industrial, que necesite de enfriamiento preciso, desde pe-que\u00f1as hasta grandes capacidades de producci\u00f3n. Caracterizadas por la elevada flexibilidad de las capacidades de refrigeraci\u00f3n desde 138.000 a 450.000 kCal\/h, un proyecto simple, s\u00f3lido y extremadamente fiable. \u2022 Utiliza compresores scroll con evaporadores de placa y v\u00e1lvula de expansi\u00f3n electr\u00f3nica, generando una [&hellip;]\" \/>\n<meta property=\"og:url\" content=\"https:\/\/www.piovan.com\/it\/product\/easycool-sa\/\" \/>\n<meta property=\"og:site_name\" content=\"PiovanGroup\" \/>\n<meta property=\"article:modified_time\" content=\"2023-12-14T07:29:28+00:00\" \/>\n<meta property=\"og:image\" content=\"https:\/\/www.piovan.com\/wp-content\/uploads\/0032_Easycool.png\" \/>\n\t<meta property=\"og:image:width\" content=\"1200\" \/>\n\t<meta property=\"og:image:height\" content=\"1560\" \/>\n\t<meta property=\"og:image:type\" content=\"image\/png\" \/>\n<meta name=\"twitter:card\" content=\"summary_large_image\" \/>\n<script type=\"application\/ld+json\" class=\"yoast-schema-graph\">{\"@context\":\"https:\/\/schema.org\",\"@graph\":[{\"@type\":\"WebPage\",\"@id\":\"https:\/\/www.piovan.com\/product\/easycool-sa\/\",\"url\":\"https:\/\/www.piovan.com\/product\/easycool-sa\/\",\"name\":\"Easycool - PiovanGroup\",\"isPartOf\":{\"@id\":\"https:\/\/www.piovan.com\/#website\"},\"datePublished\":\"2021-12-05T14:18:07+00:00\",\"dateModified\":\"2023-12-14T07:29:28+00:00\",\"breadcrumb\":{\"@id\":\"https:\/\/www.piovan.com\/product\/easycool-sa\/#breadcrumb\"},\"inLanguage\":\"it-IT\",\"potentialAction\":[{\"@type\":\"ReadAction\",\"target\":[\"https:\/\/www.piovan.com\/product\/easycool-sa\/\"]}]},{\"@type\":\"BreadcrumbList\",\"@id\":\"https:\/\/www.piovan.com\/product\/easycool-sa\/#breadcrumb\",\"itemListElement\":[{\"@type\":\"ListItem\",\"position\":1,\"name\":\"Home\",\"item\":\"https:\/\/www.piovan.com\/\"},{\"@type\":\"ListItem\",\"position\":2,\"name\":\"Industrial cooling\",\"item\":\"https:\/\/www.piovan.com\/it\/products\/refrigerazione\/\"},{\"@type\":\"ListItem\",\"position\":3,\"name\":\"Air-Cooled Chillers\",\"item\":\"https:\/\/www.piovan.com\/it\/products\/refrigerazione\/air-cooled-chillers\/\"},{\"@type\":\"ListItem\",\"position\":4,\"name\":\"Easycool\"}]},{\"@type\":\"WebSite\",\"@id\":\"https:\/\/www.piovan.com\/#website\",\"url\":\"https:\/\/www.piovan.com\/\",\"name\":\"PiovanGroup\",\"description\":\"\",\"publisher\":{\"@id\":\"https:\/\/www.piovan.com\/#organization\"},\"potentialAction\":[{\"@type\":\"SearchAction\",\"target\":{\"@type\":\"EntryPoint\",\"urlTemplate\":\"https:\/\/www.piovan.com\/?s={search_term_string}\"},\"query-input\":\"required name=search_term_string\"}],\"inLanguage\":\"it-IT\"},{\"@type\":\"Organization\",\"@id\":\"https:\/\/www.piovan.com\/#organization\",\"name\":\"PiovanGroup\",\"url\":\"https:\/\/www.piovan.com\/\",\"logo\":{\"@type\":\"ImageObject\",\"inLanguage\":\"it-IT\",\"@id\":\"https:\/\/www.piovan.com\/#\/schema\/logo\/image\/\",\"url\":\"https:\/\/www.piovan.com\/wp-content\/uploads\/2021\/06\/logo@2x.png\",\"contentUrl\":\"https:\/\/www.piovan.com\/wp-content\/uploads\/2021\/06\/logo@2x.png\",\"width\":489,\"height\":78,\"caption\":\"PiovanGroup\"},\"image\":{\"@id\":\"https:\/\/www.piovan.com\/#\/schema\/logo\/image\/\"}}]}<\/script>","yoast_head_json":{"title":"Easycool - PiovanGroup","robots":{"index":"index","follow":"follow","max-snippet":"max-snippet:-1","max-image-preview":"max-image-preview:large","max-video-preview":"max-video-preview:-1"},"canonical":"https:\/\/www.piovan.com\/it\/product\/easycool-sa\/","og_locale":"it_IT","og_type":"article","og_title":"Easycool - PiovanGroup","og_description":"Los Chillers de la serie Easycool con condensaci\u00f3n por aire proporcionan baja temperatura del agua independientemente de las condiciones ambientales. La gama fue proyectada para atender cualquier requisito de aplicaci\u00f3n industrial, que necesite de enfriamiento preciso, desde pe-que\u00f1as hasta grandes capacidades de producci\u00f3n. Caracterizadas por la elevada flexibilidad de las capacidades de refrigeraci\u00f3n desde 138.000 a 450.000 kCal\/h, un proyecto simple, s\u00f3lido y extremadamente fiable. \u2022 Utiliza compresores scroll con evaporadores de placa y v\u00e1lvula de expansi\u00f3n electr\u00f3nica, generando una [&hellip;]","og_url":"https:\/\/www.piovan.com\/it\/product\/easycool-sa\/","og_site_name":"PiovanGroup","article_modified_time":"2023-12-14T07:29:28+00:00","og_image":[{"width":1200,"height":1560,"url":"https:\/\/www.piovan.com\/wp-content\/uploads\/0032_Easycool.png","type":"image\/png"}],"twitter_card":"summary_large_image","schema":{"@context":"https:\/\/schema.org","@graph":[{"@type":"WebPage","@id":"https:\/\/www.piovan.com\/product\/easycool-sa\/","url":"https:\/\/www.piovan.com\/product\/easycool-sa\/","name":"Easycool - PiovanGroup","isPartOf":{"@id":"https:\/\/www.piovan.com\/#website"},"datePublished":"2021-12-05T14:18:07+00:00","dateModified":"2023-12-14T07:29:28+00:00","breadcrumb":{"@id":"https:\/\/www.piovan.com\/product\/easycool-sa\/#breadcrumb"},"inLanguage":"it-IT","potentialAction":[{"@type":"ReadAction","target":["https:\/\/www.piovan.com\/product\/easycool-sa\/"]}]},{"@type":"BreadcrumbList","@id":"https:\/\/www.piovan.com\/product\/easycool-sa\/#breadcrumb","itemListElement":[{"@type":"ListItem","position":1,"name":"Home","item":"https:\/\/www.piovan.com\/"},{"@type":"ListItem","position":2,"name":"Industrial cooling","item":"https:\/\/www.piovan.com\/it\/products\/refrigerazione\/"},{"@type":"ListItem","position":3,"name":"Air-Cooled Chillers","item":"https:\/\/www.piovan.com\/it\/products\/refrigerazione\/air-cooled-chillers\/"},{"@type":"ListItem","position":4,"name":"Easycool"}]},{"@type":"WebSite","@id":"https:\/\/www.piovan.com\/#website","url":"https:\/\/www.piovan.com\/","name":"PiovanGroup","description":"","publisher":{"@id":"https:\/\/www.piovan.com\/#organization"},"potentialAction":[{"@type":"SearchAction","target":{"@type":"EntryPoint","urlTemplate":"https:\/\/www.piovan.com\/?s={search_term_string}"},"query-input":"required name=search_term_string"}],"inLanguage":"it-IT"},{"@type":"Organization","@id":"https:\/\/www.piovan.com\/#organization","name":"PiovanGroup","url":"https:\/\/www.piovan.com\/","logo":{"@type":"ImageObject","inLanguage":"it-IT","@id":"https:\/\/www.piovan.com\/#\/schema\/logo\/image\/","url":"https:\/\/www.piovan.com\/wp-content\/uploads\/2021\/06\/logo@2x.png","contentUrl":"https:\/\/www.piovan.com\/wp-content\/uploads\/2021\/06\/logo@2x.png","width":489,"height":78,"caption":"PiovanGroup"},"image":{"@id":"https:\/\/www.piovan.com\/#\/schema\/logo\/image\/"}}]}},"_links":{"self":[{"href":"https:\/\/www.piovan.com\/it\/wp-json\/wp\/v2\/product\/6010"}],"collection":[{"href":"https:\/\/www.piovan.com\/it\/wp-json\/wp\/v2\/product"}],"about":[{"href":"https:\/\/www.piovan.com\/it\/wp-json\/wp\/v2\/types\/product"}],"version-history":[{"count":1,"href":"https:\/\/www.piovan.com\/it\/wp-json\/wp\/v2\/product\/6010\/revisions"}],"predecessor-version":[{"id":11180,"href":"https:\/\/www.piovan.com\/it\/wp-json\/wp\/v2\/product\/6010\/revisions\/11180"}],"wp:featuredmedia":[{"embeddable":true,"href":"https:\/\/www.piovan.com\/it\/wp-json\/wp\/v2\/media\/11177"}],"wp:attachment":[{"href":"https:\/\/www.piovan.com\/it\/wp-json\/wp\/v2\/media?parent=6010"}],"wp:term":[{"taxonomy":"post_tag","embeddable":true,"href":"https:\/\/www.piovan.com\/it\/wp-json\/wp\/v2\/tags?post=6010"}],"curies":[{"name":"wp","href":"https:\/\/api.w.org\/{rel}","templated":true}]}}