{"id":6007,"date":"2021-12-05T15:18:07","date_gmt":"2021-12-05T14:18:07","guid":{"rendered":"http:\/\/188.166.2.129\/product\/flexcool\/"},"modified":"2023-12-13T17:01:07","modified_gmt":"2023-12-13T16:01:07","slug":"flexcool_piovan-china","status":"publish","type":"product","link":"https:\/\/www.piovan.com\/it\/product\/flexcool_piovan-china\/","title":{"rendered":"Flexcool"},"content":{"rendered":"<div>\n<p>Le tecnologie per la refrigerazione industriale evolvono a ritmo serrato, per tenere il passo con la necessit\u00e0 di asservire processi specifici e capaci di adattarsi automaticamente alle sempre pi\u00f9 variabili condizioni di produzione. La soluzione Flexcool \u00e8 stata sviluppata per far fronte a tali condizioni di esercizio e per ottenere il pi\u00f9 alto livello di controllo, di flessibilit\u00e0 operativa e di efficienza energetica. Il DigitempEvo, la nuova linea di termorefrigeratori di Aquatech, in combinazione con Aryacool, la nuova serie di dry coolers, sono i componenti principali della soluzione Flexcool e rappresentano lo stato dell\u2019arte nella progettazione di apparecchiature di refrigerazione moderne con controllo di ultima generazione.<\/p>\n<h3><strong>Soluzione Flexcool<\/strong><\/h3>\n<p><strong>Tubazioni \u2013 sistema di distribuzione dell'acqua semplificato<\/strong><br \/>\nSolo una linea di tubazioni a temperatura ambiente, invece del complesso sistema di tubazioni isolato richiesto dall\u2019impianto centralizzato di raffreddamento.<\/p>\n<\/div>","protected":false},"featured_media":6139,"template":"","tags":[],"acf":[],"yoast_head":"<title>Flexcool - PiovanGroup<\/title>\n<meta name=\"robots\" content=\"index, follow, max-snippet:-1, max-image-preview:large, max-video-preview:-1\" \/>\n<link rel=\"canonical\" href=\"https:\/\/www.piovan.com\/it\/product\/flexcool_piovan-china\/\" \/>\n<meta property=\"og:locale\" content=\"it_IT\" \/>\n<meta property=\"og:type\" content=\"article\" \/>\n<meta property=\"og:title\" content=\"Flexcool - PiovanGroup\" \/>\n<meta property=\"og:description\" content=\"Industrial cooling technologies evolve at a high pace, so to keep up with the demand of being more and more process centred and adaptive to increasingly variable production conditions. Flexcool was developed to cope with those stringent conditions of operation and to deliver the highest accuracy of control, flexibility of duty and efficiency of energy utilization. Aquatech\u2019s newly introduced range of thermochiller of the DigitempEvo series, along with the new line of Aryacool dry cooler units, are the main elements [&hellip;]\" \/>\n<meta property=\"og:url\" content=\"https:\/\/www.piovan.com\/it\/product\/flexcool_piovan-china\/\" \/>\n<meta property=\"og:site_name\" content=\"PiovanGroup\" \/>\n<meta property=\"article:modified_time\" content=\"2023-12-13T16:01:07+00:00\" \/>\n<meta property=\"og:image\" content=\"https:\/\/www.piovan.com\/wp-content\/uploads\/Flexcool-system_product_1200x1560-788x1024.png\" \/>\n\t<meta property=\"og:image:width\" content=\"788\" \/>\n\t<meta property=\"og:image:height\" content=\"1024\" \/>\n\t<meta property=\"og:image:type\" content=\"image\/png\" \/>\n<meta name=\"twitter:card\" content=\"summary_large_image\" \/>\n<script type=\"application\/ld+json\" class=\"yoast-schema-graph\">{\"@context\":\"https:\/\/schema.org\",\"@graph\":[{\"@type\":\"WebPage\",\"@id\":\"https:\/\/www.piovan.com\/product\/flexcool_piovan-china\/\",\"url\":\"https:\/\/www.piovan.com\/product\/flexcool_piovan-china\/\",\"name\":\"Flexcool - PiovanGroup\",\"isPartOf\":{\"@id\":\"https:\/\/www.piovan.com\/#website\"},\"datePublished\":\"2021-12-05T14:18:07+00:00\",\"dateModified\":\"2023-12-13T16:01:07+00:00\",\"breadcrumb\":{\"@id\":\"https:\/\/www.piovan.com\/product\/flexcool_piovan-china\/#breadcrumb\"},\"inLanguage\":\"it-IT\",\"potentialAction\":[{\"@type\":\"ReadAction\",\"target\":[\"https:\/\/www.piovan.com\/product\/flexcool_piovan-china\/\"]}]},{\"@type\":\"BreadcrumbList\",\"@id\":\"https:\/\/www.piovan.com\/product\/flexcool_piovan-china\/#breadcrumb\",\"itemListElement\":[{\"@type\":\"ListItem\",\"position\":1,\"name\":\"Home\",\"item\":\"https:\/\/www.piovan.com\/\"},{\"@type\":\"ListItem\",\"position\":2,\"name\":\"Industrial cooling\",\"item\":\"https:\/\/www.piovan.com\/it\/products\/refrigerazione\/\"},{\"@type\":\"ListItem\",\"position\":3,\"name\":\"Integrated Solutions\",\"item\":\"https:\/\/www.piovan.com\/it\/products\/refrigerazione\/integrated-solutions\/\"},{\"@type\":\"ListItem\",\"position\":4,\"name\":\"Flexcool\"}]},{\"@type\":\"WebSite\",\"@id\":\"https:\/\/www.piovan.com\/#website\",\"url\":\"https:\/\/www.piovan.com\/\",\"name\":\"PiovanGroup\",\"description\":\"\",\"publisher\":{\"@id\":\"https:\/\/www.piovan.com\/#organization\"},\"potentialAction\":[{\"@type\":\"SearchAction\",\"target\":{\"@type\":\"EntryPoint\",\"urlTemplate\":\"https:\/\/www.piovan.com\/?s={search_term_string}\"},\"query-input\":\"required name=search_term_string\"}],\"inLanguage\":\"it-IT\"},{\"@type\":\"Organization\",\"@id\":\"https:\/\/www.piovan.com\/#organization\",\"name\":\"PiovanGroup\",\"url\":\"https:\/\/www.piovan.com\/\",\"logo\":{\"@type\":\"ImageObject\",\"inLanguage\":\"it-IT\",\"@id\":\"https:\/\/www.piovan.com\/#\/schema\/logo\/image\/\",\"url\":\"https:\/\/www.piovan.com\/wp-content\/uploads\/2021\/06\/logo@2x.png\",\"contentUrl\":\"https:\/\/www.piovan.com\/wp-content\/uploads\/2021\/06\/logo@2x.png\",\"width\":489,\"height\":78,\"caption\":\"PiovanGroup\"},\"image\":{\"@id\":\"https:\/\/www.piovan.com\/#\/schema\/logo\/image\/\"}}]}<\/script>","yoast_head_json":{"title":"Flexcool - PiovanGroup","robots":{"index":"index","follow":"follow","max-snippet":"max-snippet:-1","max-image-preview":"max-image-preview:large","max-video-preview":"max-video-preview:-1"},"canonical":"https:\/\/www.piovan.com\/it\/product\/flexcool_piovan-china\/","og_locale":"it_IT","og_type":"article","og_title":"Flexcool - PiovanGroup","og_description":"Industrial cooling technologies evolve at a high pace, so to keep up with the demand of being more and more process centred and adaptive to increasingly variable production conditions. Flexcool was developed to cope with those stringent conditions of operation and to deliver the highest accuracy of control, flexibility of duty and efficiency of energy utilization. Aquatech\u2019s newly introduced range of thermochiller of the DigitempEvo series, along with the new line of Aryacool dry cooler units, are the main elements [&hellip;]","og_url":"https:\/\/www.piovan.com\/it\/product\/flexcool_piovan-china\/","og_site_name":"PiovanGroup","article_modified_time":"2023-12-13T16:01:07+00:00","og_image":[{"width":788,"height":1024,"url":"https:\/\/www.piovan.com\/wp-content\/uploads\/Flexcool-system_product_1200x1560-788x1024.png","type":"image\/png"}],"twitter_card":"summary_large_image","schema":{"@context":"https:\/\/schema.org","@graph":[{"@type":"WebPage","@id":"https:\/\/www.piovan.com\/product\/flexcool_piovan-china\/","url":"https:\/\/www.piovan.com\/product\/flexcool_piovan-china\/","name":"Flexcool - PiovanGroup","isPartOf":{"@id":"https:\/\/www.piovan.com\/#website"},"datePublished":"2021-12-05T14:18:07+00:00","dateModified":"2023-12-13T16:01:07+00:00","breadcrumb":{"@id":"https:\/\/www.piovan.com\/product\/flexcool_piovan-china\/#breadcrumb"},"inLanguage":"it-IT","potentialAction":[{"@type":"ReadAction","target":["https:\/\/www.piovan.com\/product\/flexcool_piovan-china\/"]}]},{"@type":"BreadcrumbList","@id":"https:\/\/www.piovan.com\/product\/flexcool_piovan-china\/#breadcrumb","itemListElement":[{"@type":"ListItem","position":1,"name":"Home","item":"https:\/\/www.piovan.com\/"},{"@type":"ListItem","position":2,"name":"Industrial cooling","item":"https:\/\/www.piovan.com\/it\/products\/refrigerazione\/"},{"@type":"ListItem","position":3,"name":"Integrated Solutions","item":"https:\/\/www.piovan.com\/it\/products\/refrigerazione\/integrated-solutions\/"},{"@type":"ListItem","position":4,"name":"Flexcool"}]},{"@type":"WebSite","@id":"https:\/\/www.piovan.com\/#website","url":"https:\/\/www.piovan.com\/","name":"PiovanGroup","description":"","publisher":{"@id":"https:\/\/www.piovan.com\/#organization"},"potentialAction":[{"@type":"SearchAction","target":{"@type":"EntryPoint","urlTemplate":"https:\/\/www.piovan.com\/?s={search_term_string}"},"query-input":"required name=search_term_string"}],"inLanguage":"it-IT"},{"@type":"Organization","@id":"https:\/\/www.piovan.com\/#organization","name":"PiovanGroup","url":"https:\/\/www.piovan.com\/","logo":{"@type":"ImageObject","inLanguage":"it-IT","@id":"https:\/\/www.piovan.com\/#\/schema\/logo\/image\/","url":"https:\/\/www.piovan.com\/wp-content\/uploads\/2021\/06\/logo@2x.png","contentUrl":"https:\/\/www.piovan.com\/wp-content\/uploads\/2021\/06\/logo@2x.png","width":489,"height":78,"caption":"PiovanGroup"},"image":{"@id":"https:\/\/www.piovan.com\/#\/schema\/logo\/image\/"}}]}},"_links":{"self":[{"href":"https:\/\/www.piovan.com\/it\/wp-json\/wp\/v2\/product\/6007"}],"collection":[{"href":"https:\/\/www.piovan.com\/it\/wp-json\/wp\/v2\/product"}],"about":[{"href":"https:\/\/www.piovan.com\/it\/wp-json\/wp\/v2\/types\/product"}],"version-history":[{"count":1,"href":"https:\/\/www.piovan.com\/it\/wp-json\/wp\/v2\/product\/6007\/revisions"}],"predecessor-version":[{"id":11167,"href":"https:\/\/www.piovan.com\/it\/wp-json\/wp\/v2\/product\/6007\/revisions\/11167"}],"wp:featuredmedia":[{"embeddable":true,"href":"https:\/\/www.piovan.com\/it\/wp-json\/wp\/v2\/media\/6139"}],"wp:attachment":[{"href":"https:\/\/www.piovan.com\/it\/wp-json\/wp\/v2\/media?parent=6007"}],"wp:term":[{"taxonomy":"post_tag","embeddable":true,"href":"https:\/\/www.piovan.com\/it\/wp-json\/wp\/v2\/tags?post=6007"}],"curies":[{"name":"wp","href":"https:\/\/api.w.org\/{rel}","templated":true}]}}