{"id":5983,"date":"2021-12-05T00:14:51","date_gmt":"2021-12-04T23:14:51","guid":{"rendered":"https:\/\/www.piovan.com\/?post_type=product&#038;p=5983"},"modified":"2025-05-05T10:33:02","modified_gmt":"2025-05-05T08:33:02","slug":"mixing","status":"publish","type":"product","link":"https:\/\/www.piovan.com\/it\/product\/mixing\/","title":{"rendered":"Miscelazione"},"content":{"rendered":"<p><span data-contrast=\"none\">Nell\u2019industria alimentare, il processo di miscelazione e preparazione di prodotti quali creme e caramello richiede macchinari progettati con cura ed esperienza.\u00a0<\/span><span data-ccp-props=\"{&quot;201341983&quot;:0,&quot;335559740&quot;:259}\">\u00a0<\/span><\/p>\n<p class=\" translation-block\"><p class=\"p1\">Il Gruppo Piovan progetta e realizza <b>preparatori<\/b> specifici per la <b>produzione di prodotti quali creme e caramello<\/b>, adatti per polveri, liquidi e grassi.<\/p><\/p>\n<p class=\" translation-block\">Pi\u00f9 nel dettaglio, PiovanGroup offre la possibilit\u00e0 di avere un <strong>preparatore altamente personalizzato<\/strong> e disegnato in base alle specifiche necessit\u00e0 del cliente e al prodotto da realizzare. Tutta la gamma di preparatori \u00e8 progettata per garantire ripetibilit\u00e0 e consistenza al prodotto ed <strong>operazioni di pulizia efficaci e rapide<\/strong>, eseguibili anche da operatori di linea.<\/p>\n<p class=\" translation-block\"><p class=\"p1\">I preparatori Piovan possono, inoltre, essere alimentati con una <b>premiscela di polveri<\/b> gi\u00e0 pronta per essere utilizzata nella ricetta.<\/p><\/p>","protected":false},"featured_media":5984,"template":"","tags":[47,189,44],"acf":[],"yoast_head":"<title>Miscelazione - Gruppo Piovan<\/title>\n<meta name=\"robots\" content=\"index, follow, max-snippet:-1, max-image-preview:large, max-video-preview:-1\" \/>\n<link rel=\"canonical\" href=\"https:\/\/www.piovan.com\/it\/product\/mixing\/\" \/>\n<meta property=\"og:locale\" content=\"it_IT\" \/>\n<meta property=\"og:type\" content=\"article\" \/>\n<meta property=\"og:title\" content=\"Mixing - PiovanGroup\" \/>\n<meta property=\"og:description\" content=\"In the food industry, the process of mixing and preparing products such as creams and caramel requires machinery designed with care and experience.\u00a0\u00a0 The PiovanGroup designs and manufactures specific preparers for the production of products such as creams and caramel, suitable for powders, liquids and fats.\u00a0\u00a0\" \/>\n<meta property=\"og:url\" content=\"https:\/\/www.piovan.com\/it\/product\/mixing\/\" \/>\n<meta property=\"og:site_name\" content=\"PiovanGroup\" \/>\n<meta property=\"article:modified_time\" content=\"2025-05-05T08:33:02+00:00\" \/>\n<meta property=\"og:image\" content=\"https:\/\/www.piovan.com\/wp-content\/uploads\/Process_1200x1560_Continuous-mixing.png\" \/>\n\t<meta property=\"og:image:width\" content=\"1200\" \/>\n\t<meta property=\"og:image:height\" content=\"1560\" \/>\n\t<meta property=\"og:image:type\" content=\"image\/png\" \/>\n<meta name=\"twitter:card\" content=\"summary_large_image\" \/>\n<script type=\"application\/ld+json\" class=\"yoast-schema-graph\">{\"@context\":\"https:\/\/schema.org\",\"@graph\":[{\"@type\":\"WebPage\",\"@id\":\"https:\/\/www.piovan.com\/product\/mixing\/\",\"url\":\"https:\/\/www.piovan.com\/product\/mixing\/\",\"name\":\"Mixing - PiovanGroup\",\"isPartOf\":{\"@id\":\"https:\/\/www.piovan.com\/#website\"},\"datePublished\":\"2021-12-04T23:14:51+00:00\",\"dateModified\":\"2025-05-05T08:33:02+00:00\",\"breadcrumb\":{\"@id\":\"https:\/\/www.piovan.com\/product\/mixing\/#breadcrumb\"},\"inLanguage\":\"it-IT\",\"potentialAction\":[{\"@type\":\"ReadAction\",\"target\":[\"https:\/\/www.piovan.com\/product\/mixing\/\"]}]},{\"@type\":\"BreadcrumbList\",\"@id\":\"https:\/\/www.piovan.com\/product\/mixing\/#breadcrumb\",\"itemListElement\":[{\"@type\":\"ListItem\",\"position\":1,\"name\":\"Home\",\"item\":\"https:\/\/www.piovan.com\/\"},{\"@type\":\"ListItem\",\"position\":2,\"name\":\"Food\",\"item\":\"https:\/\/www.piovan.com\/it\/products\/food\/\"},{\"@type\":\"ListItem\",\"position\":3,\"name\":\"Mixing\",\"item\":\"https:\/\/www.piovan.com\/it\/products\/food\/mixing\/\"},{\"@type\":\"ListItem\",\"position\":4,\"name\":\"Mixing\"}]},{\"@type\":\"WebSite\",\"@id\":\"https:\/\/www.piovan.com\/#website\",\"url\":\"https:\/\/www.piovan.com\/\",\"name\":\"PiovanGroup\",\"description\":\"\",\"publisher\":{\"@id\":\"https:\/\/www.piovan.com\/#organization\"},\"potentialAction\":[{\"@type\":\"SearchAction\",\"target\":{\"@type\":\"EntryPoint\",\"urlTemplate\":\"https:\/\/www.piovan.com\/?s={search_term_string}\"},\"query-input\":\"required name=search_term_string\"}],\"inLanguage\":\"it-IT\"},{\"@type\":\"Organization\",\"@id\":\"https:\/\/www.piovan.com\/#organization\",\"name\":\"PiovanGroup\",\"url\":\"https:\/\/www.piovan.com\/\",\"logo\":{\"@type\":\"ImageObject\",\"inLanguage\":\"it-IT\",\"@id\":\"https:\/\/www.piovan.com\/#\/schema\/logo\/image\/\",\"url\":\"https:\/\/www.piovan.com\/wp-content\/uploads\/2021\/06\/logo@2x.png\",\"contentUrl\":\"https:\/\/www.piovan.com\/wp-content\/uploads\/2021\/06\/logo@2x.png\",\"width\":489,\"height\":78,\"caption\":\"PiovanGroup\"},\"image\":{\"@id\":\"https:\/\/www.piovan.com\/#\/schema\/logo\/image\/\"}}]}<\/script>","yoast_head_json":{"title":"Miscelazione - Gruppo Piovan","robots":{"index":"index","follow":"follow","max-snippet":"max-snippet:-1","max-image-preview":"max-image-preview:large","max-video-preview":"max-video-preview:-1"},"canonical":"https:\/\/www.piovan.com\/it\/product\/mixing\/","og_locale":"it_IT","og_type":"article","og_title":"Mixing - PiovanGroup","og_description":"In the food industry, the process of mixing and preparing products such as creams and caramel requires machinery designed with care and experience.\u00a0\u00a0 The PiovanGroup designs and manufactures specific preparers for the production of products such as creams and caramel, suitable for powders, liquids and fats.\u00a0\u00a0","og_url":"https:\/\/www.piovan.com\/it\/product\/mixing\/","og_site_name":"PiovanGroup","article_modified_time":"2025-05-05T08:33:02+00:00","og_image":[{"width":1200,"height":1560,"url":"https:\/\/www.piovan.com\/wp-content\/uploads\/Process_1200x1560_Continuous-mixing.png","type":"image\/png"}],"twitter_card":"summary_large_image","schema":{"@context":"https:\/\/schema.org","@graph":[{"@type":"WebPage","@id":"https:\/\/www.piovan.com\/product\/mixing\/","url":"https:\/\/www.piovan.com\/product\/mixing\/","name":"Mixing - PiovanGroup","isPartOf":{"@id":"https:\/\/www.piovan.com\/#website"},"datePublished":"2021-12-04T23:14:51+00:00","dateModified":"2025-05-05T08:33:02+00:00","breadcrumb":{"@id":"https:\/\/www.piovan.com\/product\/mixing\/#breadcrumb"},"inLanguage":"it-IT","potentialAction":[{"@type":"ReadAction","target":["https:\/\/www.piovan.com\/product\/mixing\/"]}]},{"@type":"BreadcrumbList","@id":"https:\/\/www.piovan.com\/product\/mixing\/#breadcrumb","itemListElement":[{"@type":"ListItem","position":1,"name":"Home","item":"https:\/\/www.piovan.com\/"},{"@type":"ListItem","position":2,"name":"Food","item":"https:\/\/www.piovan.com\/it\/products\/food\/"},{"@type":"ListItem","position":3,"name":"Mixing","item":"https:\/\/www.piovan.com\/it\/products\/food\/mixing\/"},{"@type":"ListItem","position":4,"name":"Mixing"}]},{"@type":"WebSite","@id":"https:\/\/www.piovan.com\/#website","url":"https:\/\/www.piovan.com\/","name":"PiovanGroup","description":"","publisher":{"@id":"https:\/\/www.piovan.com\/#organization"},"potentialAction":[{"@type":"SearchAction","target":{"@type":"EntryPoint","urlTemplate":"https:\/\/www.piovan.com\/?s={search_term_string}"},"query-input":"required name=search_term_string"}],"inLanguage":"it-IT"},{"@type":"Organization","@id":"https:\/\/www.piovan.com\/#organization","name":"PiovanGroup","url":"https:\/\/www.piovan.com\/","logo":{"@type":"ImageObject","inLanguage":"it-IT","@id":"https:\/\/www.piovan.com\/#\/schema\/logo\/image\/","url":"https:\/\/www.piovan.com\/wp-content\/uploads\/2021\/06\/logo@2x.png","contentUrl":"https:\/\/www.piovan.com\/wp-content\/uploads\/2021\/06\/logo@2x.png","width":489,"height":78,"caption":"PiovanGroup"},"image":{"@id":"https:\/\/www.piovan.com\/#\/schema\/logo\/image\/"}}]}},"_links":{"self":[{"href":"https:\/\/www.piovan.com\/it\/wp-json\/wp\/v2\/product\/5983"}],"collection":[{"href":"https:\/\/www.piovan.com\/it\/wp-json\/wp\/v2\/product"}],"about":[{"href":"https:\/\/www.piovan.com\/it\/wp-json\/wp\/v2\/types\/product"}],"version-history":[{"count":1,"href":"https:\/\/www.piovan.com\/it\/wp-json\/wp\/v2\/product\/5983\/revisions"}],"predecessor-version":[{"id":14928,"href":"https:\/\/www.piovan.com\/it\/wp-json\/wp\/v2\/product\/5983\/revisions\/14928"}],"wp:featuredmedia":[{"embeddable":true,"href":"https:\/\/www.piovan.com\/it\/wp-json\/wp\/v2\/media\/5984"}],"wp:attachment":[{"href":"https:\/\/www.piovan.com\/it\/wp-json\/wp\/v2\/media?parent=5983"}],"wp:term":[{"taxonomy":"post_tag","embeddable":true,"href":"https:\/\/www.piovan.com\/it\/wp-json\/wp\/v2\/tags?post=5983"}],"curies":[{"name":"wp","href":"https:\/\/api.w.org\/{rel}","templated":true}]}}