{"id":5949,"date":"2021-12-04T21:19:29","date_gmt":"2021-12-04T20:19:29","guid":{"rendered":"https:\/\/www.piovan.com\/?post_type=product&#038;p=5949"},"modified":"2026-01-27T13:19:50","modified_gmt":"2026-01-27T12:19:50","slug":"spheriko","status":"publish","type":"product","link":"https:\/\/www.piovan.com\/it\/product\/spheriko\/","title":{"rendered":"Spheriko"},"content":{"rendered":"<p>Spheriko \u00e8 un\u2019unit\u00e0 di pesatura e dosaggio prodotto che racchiude precisione e affidabilit\u00e0, unite alla semplicit\u00e0 di manutenzione.<\/p>\n<p>Ergonomicit\u00e0 e design superclean lo\nrendono perfetto per il mondo food\nma applicabile senza problemi a qualsiasi contesto.<\/p>\n<p>Il controllo continuo del dosaggio avviene per mezzo di una o pi\u00f9 celle di\npesatura; la precisione \u00e8 garantita dalla\nvariazione dei giri motore che nell\u2019applicazione con motore brushless o\nmagneti permanenti pu\u00f2 raggiungere\nlivelli davvero elevati. Il rompiponte\nsferico integrato garantisce il corretto\napprovvigionamento di prodotto alla\nspira dosante.\nVasta gamma di portate gestibili (5-\n6.000 kg\/h).<\/p>","protected":false},"featured_media":15063,"template":"","tags":[189,44],"acf":[],"yoast_head":"<title>Spheriko - PiovanGroup<\/title>\n<meta name=\"robots\" content=\"index, follow, max-snippet:-1, max-image-preview:large, max-video-preview:-1\" \/>\n<link rel=\"canonical\" href=\"https:\/\/www.piovan.com\/it\/product\/spheriko\/\" \/>\n<meta property=\"og:locale\" content=\"it_IT\" \/>\n<meta property=\"og:type\" content=\"article\" \/>\n<meta property=\"og:title\" content=\"Spheriko - PiovanGroup\" \/>\n<meta property=\"og:description\" content=\"Spheriko is a unit for the weighing and dosing of products, characterised by precision and reliability combined with ease of maintenance. An ergonomic and superclean design make it perfect for the food world, but also easy to apply to any context. Dosing is continuously controlled by means of one or more weighing cells; precision is guaranteed by the motor speed variation, which in the application with brushless motor or permanent magnets, reaches truly high levels. The spherical bridge breaker guarantees [&hellip;]\" \/>\n<meta property=\"og:url\" content=\"https:\/\/www.piovan.com\/it\/product\/spheriko\/\" \/>\n<meta property=\"og:site_name\" content=\"PiovanGroup\" \/>\n<meta property=\"article:modified_time\" content=\"2026-01-27T12:19:50+00:00\" \/>\n<meta property=\"og:image\" content=\"https:\/\/www.piovan.com\/wp-content\/uploads\/0005_Spheriko.png\" \/>\n\t<meta property=\"og:image:width\" content=\"1200\" \/>\n\t<meta property=\"og:image:height\" content=\"1560\" \/>\n\t<meta property=\"og:image:type\" content=\"image\/png\" \/>\n<meta name=\"twitter:card\" content=\"summary_large_image\" \/>\n<script type=\"application\/ld+json\" class=\"yoast-schema-graph\">{\"@context\":\"https:\/\/schema.org\",\"@graph\":[{\"@type\":\"WebPage\",\"@id\":\"https:\/\/www.piovan.com\/product\/spheriko\/\",\"url\":\"https:\/\/www.piovan.com\/product\/spheriko\/\",\"name\":\"Spheriko - PiovanGroup\",\"isPartOf\":{\"@id\":\"https:\/\/www.piovan.com\/#website\"},\"datePublished\":\"2021-12-04T20:19:29+00:00\",\"dateModified\":\"2026-01-27T12:19:50+00:00\",\"breadcrumb\":{\"@id\":\"https:\/\/www.piovan.com\/product\/spheriko\/#breadcrumb\"},\"inLanguage\":\"it-IT\",\"potentialAction\":[{\"@type\":\"ReadAction\",\"target\":[\"https:\/\/www.piovan.com\/product\/spheriko\/\"]}]},{\"@type\":\"BreadcrumbList\",\"@id\":\"https:\/\/www.piovan.com\/product\/spheriko\/#breadcrumb\",\"itemListElement\":[{\"@type\":\"ListItem\",\"position\":1,\"name\":\"Home\",\"item\":\"https:\/\/www.piovan.com\/\"},{\"@type\":\"ListItem\",\"position\":2,\"name\":\"Food\",\"item\":\"https:\/\/www.piovan.com\/it\/products\/food\/\"},{\"@type\":\"ListItem\",\"position\":3,\"name\":\"Dosing\",\"item\":\"https:\/\/www.piovan.com\/it\/products\/food\/dosing\/\"},{\"@type\":\"ListItem\",\"position\":4,\"name\":\"Spheriko\"}]},{\"@type\":\"WebSite\",\"@id\":\"https:\/\/www.piovan.com\/#website\",\"url\":\"https:\/\/www.piovan.com\/\",\"name\":\"PiovanGroup\",\"description\":\"\",\"publisher\":{\"@id\":\"https:\/\/www.piovan.com\/#organization\"},\"potentialAction\":[{\"@type\":\"SearchAction\",\"target\":{\"@type\":\"EntryPoint\",\"urlTemplate\":\"https:\/\/www.piovan.com\/?s={search_term_string}\"},\"query-input\":\"required name=search_term_string\"}],\"inLanguage\":\"it-IT\"},{\"@type\":\"Organization\",\"@id\":\"https:\/\/www.piovan.com\/#organization\",\"name\":\"PiovanGroup\",\"url\":\"https:\/\/www.piovan.com\/\",\"logo\":{\"@type\":\"ImageObject\",\"inLanguage\":\"it-IT\",\"@id\":\"https:\/\/www.piovan.com\/#\/schema\/logo\/image\/\",\"url\":\"https:\/\/www.piovan.com\/wp-content\/uploads\/2021\/06\/logo@2x.png\",\"contentUrl\":\"https:\/\/www.piovan.com\/wp-content\/uploads\/2021\/06\/logo@2x.png\",\"width\":489,\"height\":78,\"caption\":\"PiovanGroup\"},\"image\":{\"@id\":\"https:\/\/www.piovan.com\/#\/schema\/logo\/image\/\"}}]}<\/script>","yoast_head_json":{"title":"Spheriko - PiovanGroup","robots":{"index":"index","follow":"follow","max-snippet":"max-snippet:-1","max-image-preview":"max-image-preview:large","max-video-preview":"max-video-preview:-1"},"canonical":"https:\/\/www.piovan.com\/it\/product\/spheriko\/","og_locale":"it_IT","og_type":"article","og_title":"Spheriko - PiovanGroup","og_description":"Spheriko is a unit for the weighing and dosing of products, characterised by precision and reliability combined with ease of maintenance. An ergonomic and superclean design make it perfect for the food world, but also easy to apply to any context. Dosing is continuously controlled by means of one or more weighing cells; precision is guaranteed by the motor speed variation, which in the application with brushless motor or permanent magnets, reaches truly high levels. The spherical bridge breaker guarantees [&hellip;]","og_url":"https:\/\/www.piovan.com\/it\/product\/spheriko\/","og_site_name":"PiovanGroup","article_modified_time":"2026-01-27T12:19:50+00:00","og_image":[{"width":1200,"height":1560,"url":"https:\/\/www.piovan.com\/wp-content\/uploads\/0005_Spheriko.png","type":"image\/png"}],"twitter_card":"summary_large_image","schema":{"@context":"https:\/\/schema.org","@graph":[{"@type":"WebPage","@id":"https:\/\/www.piovan.com\/product\/spheriko\/","url":"https:\/\/www.piovan.com\/product\/spheriko\/","name":"Spheriko - PiovanGroup","isPartOf":{"@id":"https:\/\/www.piovan.com\/#website"},"datePublished":"2021-12-04T20:19:29+00:00","dateModified":"2026-01-27T12:19:50+00:00","breadcrumb":{"@id":"https:\/\/www.piovan.com\/product\/spheriko\/#breadcrumb"},"inLanguage":"it-IT","potentialAction":[{"@type":"ReadAction","target":["https:\/\/www.piovan.com\/product\/spheriko\/"]}]},{"@type":"BreadcrumbList","@id":"https:\/\/www.piovan.com\/product\/spheriko\/#breadcrumb","itemListElement":[{"@type":"ListItem","position":1,"name":"Home","item":"https:\/\/www.piovan.com\/"},{"@type":"ListItem","position":2,"name":"Food","item":"https:\/\/www.piovan.com\/it\/products\/food\/"},{"@type":"ListItem","position":3,"name":"Dosing","item":"https:\/\/www.piovan.com\/it\/products\/food\/dosing\/"},{"@type":"ListItem","position":4,"name":"Spheriko"}]},{"@type":"WebSite","@id":"https:\/\/www.piovan.com\/#website","url":"https:\/\/www.piovan.com\/","name":"PiovanGroup","description":"","publisher":{"@id":"https:\/\/www.piovan.com\/#organization"},"potentialAction":[{"@type":"SearchAction","target":{"@type":"EntryPoint","urlTemplate":"https:\/\/www.piovan.com\/?s={search_term_string}"},"query-input":"required name=search_term_string"}],"inLanguage":"it-IT"},{"@type":"Organization","@id":"https:\/\/www.piovan.com\/#organization","name":"PiovanGroup","url":"https:\/\/www.piovan.com\/","logo":{"@type":"ImageObject","inLanguage":"it-IT","@id":"https:\/\/www.piovan.com\/#\/schema\/logo\/image\/","url":"https:\/\/www.piovan.com\/wp-content\/uploads\/2021\/06\/logo@2x.png","contentUrl":"https:\/\/www.piovan.com\/wp-content\/uploads\/2021\/06\/logo@2x.png","width":489,"height":78,"caption":"PiovanGroup"},"image":{"@id":"https:\/\/www.piovan.com\/#\/schema\/logo\/image\/"}}]}},"_links":{"self":[{"href":"https:\/\/www.piovan.com\/it\/wp-json\/wp\/v2\/product\/5949"}],"collection":[{"href":"https:\/\/www.piovan.com\/it\/wp-json\/wp\/v2\/product"}],"about":[{"href":"https:\/\/www.piovan.com\/it\/wp-json\/wp\/v2\/types\/product"}],"version-history":[{"count":3,"href":"https:\/\/www.piovan.com\/it\/wp-json\/wp\/v2\/product\/5949\/revisions"}],"predecessor-version":[{"id":16159,"href":"https:\/\/www.piovan.com\/it\/wp-json\/wp\/v2\/product\/5949\/revisions\/16159"}],"wp:featuredmedia":[{"embeddable":true,"href":"https:\/\/www.piovan.com\/it\/wp-json\/wp\/v2\/media\/15063"}],"wp:attachment":[{"href":"https:\/\/www.piovan.com\/it\/wp-json\/wp\/v2\/media?parent=5949"}],"wp:term":[{"taxonomy":"post_tag","embeddable":true,"href":"https:\/\/www.piovan.com\/it\/wp-json\/wp\/v2\/tags?post=5949"}],"curies":[{"name":"wp","href":"https:\/\/api.w.org\/{rel}","templated":true}]}}