{"id":5161,"date":"2021-11-12T17:36:45","date_gmt":"2021-11-12T16:36:45","guid":{"rendered":"https:\/\/www.piovan.com\/?post_type=product&#038;p=5161"},"modified":"2024-10-30T11:41:11","modified_gmt":"2024-10-30T10:41:11","slug":"bt-series","status":"publish","type":"product","link":"https:\/\/www.piovan.com\/it\/product\/bt-series\/","title":{"rendered":"Serie BT"},"content":{"rendered":"<p>Soluzione che ottimizza gli spazi per lo\nstoccaggio di granuli fino a 3.400 l, con\npossibilit\u00e0 di espansioni successive grazie alla sua pratica scalabilit\u00e0.<\/p>\n<p>La tramoggia pu\u00f2 essere riempita manualmente nelle unit\u00e0 di piccola capacit\u00e0 grazie alla griglia per lo scarico del\nsacco o tramite un ricevitore installato\nsul coperchio.<\/p>","protected":false},"featured_media":13724,"template":"","tags":[108],"acf":[],"yoast_head":"<title>Serie BT - Gruppo Piovan<\/title>\n<meta name=\"robots\" content=\"index, follow, max-snippet:-1, max-image-preview:large, max-video-preview:-1\" \/>\n<link rel=\"canonical\" href=\"https:\/\/www.piovan.com\/it\/product\/bt-series\/\" \/>\n<meta property=\"og:locale\" content=\"it_IT\" \/>\n<meta property=\"og:type\" content=\"article\" \/>\n<meta property=\"og:title\" content=\"BT Series - PiovanGroup\" \/>\n<meta property=\"og:description\" content=\"Space effective solution for storing granules up to 3,400 l, open to future expansions thanks to its practical scalability. The filling of the hopper can be done manually for small capacity units thanks to the grid for the bag unloading or with vacuum receiver installed on the lid.\" \/>\n<meta property=\"og:url\" content=\"https:\/\/www.piovan.com\/it\/product\/bt-series\/\" \/>\n<meta property=\"og:site_name\" content=\"PiovanGroup\" \/>\n<meta property=\"article:modified_time\" content=\"2024-10-30T10:41:11+00:00\" \/>\n<meta property=\"og:image\" content=\"https:\/\/www.piovan.com\/wp-content\/uploads\/BT-Series.png\" \/>\n\t<meta property=\"og:image:width\" content=\"1200\" \/>\n\t<meta property=\"og:image:height\" content=\"1560\" \/>\n\t<meta property=\"og:image:type\" content=\"image\/png\" \/>\n<meta name=\"twitter:card\" content=\"summary_large_image\" \/>\n<script type=\"application\/ld+json\" class=\"yoast-schema-graph\">{\"@context\":\"https:\/\/schema.org\",\"@graph\":[{\"@type\":\"WebPage\",\"@id\":\"https:\/\/www.piovan.com\/product\/bt-series\/\",\"url\":\"https:\/\/www.piovan.com\/product\/bt-series\/\",\"name\":\"BT Series - PiovanGroup\",\"isPartOf\":{\"@id\":\"https:\/\/www.piovan.com\/#website\"},\"datePublished\":\"2021-11-12T16:36:45+00:00\",\"dateModified\":\"2024-10-30T10:41:11+00:00\",\"breadcrumb\":{\"@id\":\"https:\/\/www.piovan.com\/product\/bt-series\/#breadcrumb\"},\"inLanguage\":\"it-IT\",\"potentialAction\":[{\"@type\":\"ReadAction\",\"target\":[\"https:\/\/www.piovan.com\/product\/bt-series\/\"]}]},{\"@type\":\"BreadcrumbList\",\"@id\":\"https:\/\/www.piovan.com\/product\/bt-series\/#breadcrumb\",\"itemListElement\":[{\"@type\":\"ListItem\",\"position\":1,\"name\":\"Home\",\"item\":\"https:\/\/www.piovan.com\/\"},{\"@type\":\"ListItem\",\"position\":2,\"name\":\"Plastic\",\"item\":\"https:\/\/www.piovan.com\/it\/products\/plastica\/\"},{\"@type\":\"ListItem\",\"position\":3,\"name\":\"Storage\",\"item\":\"https:\/\/www.piovan.com\/it\/products\/plastica\/stoccaggio\/\"},{\"@type\":\"ListItem\",\"position\":4,\"name\":\"BT Series\"}]},{\"@type\":\"WebSite\",\"@id\":\"https:\/\/www.piovan.com\/#website\",\"url\":\"https:\/\/www.piovan.com\/\",\"name\":\"PiovanGroup\",\"description\":\"\",\"publisher\":{\"@id\":\"https:\/\/www.piovan.com\/#organization\"},\"potentialAction\":[{\"@type\":\"SearchAction\",\"target\":{\"@type\":\"EntryPoint\",\"urlTemplate\":\"https:\/\/www.piovan.com\/?s={search_term_string}\"},\"query-input\":\"required name=search_term_string\"}],\"inLanguage\":\"it-IT\"},{\"@type\":\"Organization\",\"@id\":\"https:\/\/www.piovan.com\/#organization\",\"name\":\"PiovanGroup\",\"url\":\"https:\/\/www.piovan.com\/\",\"logo\":{\"@type\":\"ImageObject\",\"inLanguage\":\"it-IT\",\"@id\":\"https:\/\/www.piovan.com\/#\/schema\/logo\/image\/\",\"url\":\"https:\/\/www.piovan.com\/wp-content\/uploads\/2021\/06\/logo@2x.png\",\"contentUrl\":\"https:\/\/www.piovan.com\/wp-content\/uploads\/2021\/06\/logo@2x.png\",\"width\":489,\"height\":78,\"caption\":\"PiovanGroup\"},\"image\":{\"@id\":\"https:\/\/www.piovan.com\/#\/schema\/logo\/image\/\"}}]}<\/script>","yoast_head_json":{"title":"Serie BT - Gruppo Piovan","robots":{"index":"index","follow":"follow","max-snippet":"max-snippet:-1","max-image-preview":"max-image-preview:large","max-video-preview":"max-video-preview:-1"},"canonical":"https:\/\/www.piovan.com\/it\/product\/bt-series\/","og_locale":"it_IT","og_type":"article","og_title":"BT Series - PiovanGroup","og_description":"Space effective solution for storing granules up to 3,400 l, open to future expansions thanks to its practical scalability. The filling of the hopper can be done manually for small capacity units thanks to the grid for the bag unloading or with vacuum receiver installed on the lid.","og_url":"https:\/\/www.piovan.com\/it\/product\/bt-series\/","og_site_name":"PiovanGroup","article_modified_time":"2024-10-30T10:41:11+00:00","og_image":[{"width":1200,"height":1560,"url":"https:\/\/www.piovan.com\/wp-content\/uploads\/BT-Series.png","type":"image\/png"}],"twitter_card":"summary_large_image","schema":{"@context":"https:\/\/schema.org","@graph":[{"@type":"WebPage","@id":"https:\/\/www.piovan.com\/product\/bt-series\/","url":"https:\/\/www.piovan.com\/product\/bt-series\/","name":"BT Series - PiovanGroup","isPartOf":{"@id":"https:\/\/www.piovan.com\/#website"},"datePublished":"2021-11-12T16:36:45+00:00","dateModified":"2024-10-30T10:41:11+00:00","breadcrumb":{"@id":"https:\/\/www.piovan.com\/product\/bt-series\/#breadcrumb"},"inLanguage":"it-IT","potentialAction":[{"@type":"ReadAction","target":["https:\/\/www.piovan.com\/product\/bt-series\/"]}]},{"@type":"BreadcrumbList","@id":"https:\/\/www.piovan.com\/product\/bt-series\/#breadcrumb","itemListElement":[{"@type":"ListItem","position":1,"name":"Home","item":"https:\/\/www.piovan.com\/"},{"@type":"ListItem","position":2,"name":"Plastic","item":"https:\/\/www.piovan.com\/it\/products\/plastica\/"},{"@type":"ListItem","position":3,"name":"Storage","item":"https:\/\/www.piovan.com\/it\/products\/plastica\/stoccaggio\/"},{"@type":"ListItem","position":4,"name":"BT Series"}]},{"@type":"WebSite","@id":"https:\/\/www.piovan.com\/#website","url":"https:\/\/www.piovan.com\/","name":"PiovanGroup","description":"","publisher":{"@id":"https:\/\/www.piovan.com\/#organization"},"potentialAction":[{"@type":"SearchAction","target":{"@type":"EntryPoint","urlTemplate":"https:\/\/www.piovan.com\/?s={search_term_string}"},"query-input":"required name=search_term_string"}],"inLanguage":"it-IT"},{"@type":"Organization","@id":"https:\/\/www.piovan.com\/#organization","name":"PiovanGroup","url":"https:\/\/www.piovan.com\/","logo":{"@type":"ImageObject","inLanguage":"it-IT","@id":"https:\/\/www.piovan.com\/#\/schema\/logo\/image\/","url":"https:\/\/www.piovan.com\/wp-content\/uploads\/2021\/06\/logo@2x.png","contentUrl":"https:\/\/www.piovan.com\/wp-content\/uploads\/2021\/06\/logo@2x.png","width":489,"height":78,"caption":"PiovanGroup"},"image":{"@id":"https:\/\/www.piovan.com\/#\/schema\/logo\/image\/"}}]}},"_links":{"self":[{"href":"https:\/\/www.piovan.com\/it\/wp-json\/wp\/v2\/product\/5161"}],"collection":[{"href":"https:\/\/www.piovan.com\/it\/wp-json\/wp\/v2\/product"}],"about":[{"href":"https:\/\/www.piovan.com\/it\/wp-json\/wp\/v2\/types\/product"}],"version-history":[{"count":3,"href":"https:\/\/www.piovan.com\/it\/wp-json\/wp\/v2\/product\/5161\/revisions"}],"predecessor-version":[{"id":13727,"href":"https:\/\/www.piovan.com\/it\/wp-json\/wp\/v2\/product\/5161\/revisions\/13727"}],"wp:featuredmedia":[{"embeddable":true,"href":"https:\/\/www.piovan.com\/it\/wp-json\/wp\/v2\/media\/13724"}],"wp:attachment":[{"href":"https:\/\/www.piovan.com\/it\/wp-json\/wp\/v2\/media?parent=5161"}],"wp:term":[{"taxonomy":"post_tag","embeddable":true,"href":"https:\/\/www.piovan.com\/it\/wp-json\/wp\/v2\/tags?post=5161"}],"curies":[{"name":"wp","href":"https:\/\/api.w.org\/{rel}","templated":true}]}}