{"id":5126,"date":"2021-11-12T16:43:20","date_gmt":"2021-11-12T15:43:20","guid":{"rendered":"https:\/\/www.piovan.com\/?post_type=product&#038;p=5126"},"modified":"2025-08-28T16:25:22","modified_gmt":"2025-08-28T14:25:22","slug":"inspecta","status":"publish","type":"product","link":"https:\/\/www.piovan.com\/it\/product\/inspecta\/","title":{"rendered":"Inspecta"},"content":{"rendered":"<p>Inspecta rileva la presenza di acetaldeide (versione Ac), benzene (versione Be) o Limonene (versione Lm) nei prodotti finiti o semilavorati in PET. Il primo pu\u00f2 essere presente in ogni prodotto finale perch\u00e9 \u00e8 generato dal processo di produzione del PET, il secondo e il terzo come conseguenza dell'uso del PET post-consumo.<\/p>\n<p>Inspecta \u00e8 estremamente facile da usare e la procedura di misurazione automatica \u00e8 semplice e intuitiva e richiede meno di 60 minuti, senza la necessit\u00e0 di conoscenze specifiche.<\/p>\n<p>L'aumento della frequenza di campionamento e i risultati rapidi permettono un controllo reale del processo.<\/p>\n<p>La tecnologia tradizionale del gascromatografo richiede una preparazione del campione che rende difficile il confronto tra laboratori. La tecnologia\nInspecta permette di ottenere risultati comparabili in tutto il mondo, grazie alla procedura estremamente semplice ed efficace.<\/p>","protected":false},"featured_media":13748,"template":"","tags":[108,41],"acf":[],"yoast_head":"<title>Inspecta - PiovanGroup<\/title>\n<meta name=\"robots\" content=\"index, follow, max-snippet:-1, max-image-preview:large, max-video-preview:-1\" \/>\n<link rel=\"canonical\" href=\"https:\/\/www.piovan.com\/it\/product\/inspecta\/\" \/>\n<meta property=\"og:locale\" content=\"it_IT\" \/>\n<meta property=\"og:type\" content=\"article\" \/>\n<meta property=\"og:title\" content=\"Inspecta - PiovanGroup\" \/>\n<meta property=\"og:description\" content=\"Inspecta detects the presence of acetaldehyde (Ac version), benzene (Be version) or Limonene (Lm version) in PET finished or semi-finished products. The former may be present in every final product because it is generated by the PET production process,the latter two as consequence of use of post consumer PET. Inspecta is extremely ease to use and the measuring procedure is fully automatic and it takes less than 60 minutes, without requiring special skills. The increase of sampling frequency and rapid [&hellip;]\" \/>\n<meta property=\"og:url\" content=\"https:\/\/www.piovan.com\/it\/product\/inspecta\/\" \/>\n<meta property=\"og:site_name\" content=\"PiovanGroup\" \/>\n<meta property=\"article:modified_time\" content=\"2025-08-28T14:25:22+00:00\" \/>\n<meta property=\"og:image\" content=\"https:\/\/www.piovan.com\/wp-content\/uploads\/Inspecta.png\" \/>\n\t<meta property=\"og:image:width\" content=\"1200\" \/>\n\t<meta property=\"og:image:height\" content=\"1560\" \/>\n\t<meta property=\"og:image:type\" content=\"image\/png\" \/>\n<meta name=\"twitter:card\" content=\"summary_large_image\" \/>\n<script type=\"application\/ld+json\" class=\"yoast-schema-graph\">{\"@context\":\"https:\/\/schema.org\",\"@graph\":[{\"@type\":\"WebPage\",\"@id\":\"https:\/\/www.piovan.com\/product\/inspecta\/\",\"url\":\"https:\/\/www.piovan.com\/product\/inspecta\/\",\"name\":\"Inspecta - PiovanGroup\",\"isPartOf\":{\"@id\":\"https:\/\/www.piovan.com\/#website\"},\"datePublished\":\"2021-11-12T15:43:20+00:00\",\"dateModified\":\"2025-08-28T14:25:22+00:00\",\"breadcrumb\":{\"@id\":\"https:\/\/www.piovan.com\/product\/inspecta\/#breadcrumb\"},\"inLanguage\":\"it-IT\",\"potentialAction\":[{\"@type\":\"ReadAction\",\"target\":[\"https:\/\/www.piovan.com\/product\/inspecta\/\"]}]},{\"@type\":\"BreadcrumbList\",\"@id\":\"https:\/\/www.piovan.com\/product\/inspecta\/#breadcrumb\",\"itemListElement\":[{\"@type\":\"ListItem\",\"position\":1,\"name\":\"Home\",\"item\":\"https:\/\/www.piovan.com\/\"},{\"@type\":\"ListItem\",\"position\":2,\"name\":\"Plastic\",\"item\":\"https:\/\/www.piovan.com\/it\/products\/plastica\/\"},{\"@type\":\"ListItem\",\"position\":3,\"name\":\"Lab-tech\",\"item\":\"https:\/\/www.piovan.com\/it\/products\/plastica\/lab-tech\/\"},{\"@type\":\"ListItem\",\"position\":4,\"name\":\"Inspecta\"}]},{\"@type\":\"WebSite\",\"@id\":\"https:\/\/www.piovan.com\/#website\",\"url\":\"https:\/\/www.piovan.com\/\",\"name\":\"PiovanGroup\",\"description\":\"\",\"publisher\":{\"@id\":\"https:\/\/www.piovan.com\/#organization\"},\"potentialAction\":[{\"@type\":\"SearchAction\",\"target\":{\"@type\":\"EntryPoint\",\"urlTemplate\":\"https:\/\/www.piovan.com\/?s={search_term_string}\"},\"query-input\":\"required name=search_term_string\"}],\"inLanguage\":\"it-IT\"},{\"@type\":\"Organization\",\"@id\":\"https:\/\/www.piovan.com\/#organization\",\"name\":\"PiovanGroup\",\"url\":\"https:\/\/www.piovan.com\/\",\"logo\":{\"@type\":\"ImageObject\",\"inLanguage\":\"it-IT\",\"@id\":\"https:\/\/www.piovan.com\/#\/schema\/logo\/image\/\",\"url\":\"https:\/\/www.piovan.com\/wp-content\/uploads\/2021\/06\/logo@2x.png\",\"contentUrl\":\"https:\/\/www.piovan.com\/wp-content\/uploads\/2021\/06\/logo@2x.png\",\"width\":489,\"height\":78,\"caption\":\"PiovanGroup\"},\"image\":{\"@id\":\"https:\/\/www.piovan.com\/#\/schema\/logo\/image\/\"}}]}<\/script>","yoast_head_json":{"title":"Inspecta - PiovanGroup","robots":{"index":"index","follow":"follow","max-snippet":"max-snippet:-1","max-image-preview":"max-image-preview:large","max-video-preview":"max-video-preview:-1"},"canonical":"https:\/\/www.piovan.com\/it\/product\/inspecta\/","og_locale":"it_IT","og_type":"article","og_title":"Inspecta - PiovanGroup","og_description":"Inspecta detects the presence of acetaldehyde (Ac version), benzene (Be version) or Limonene (Lm version) in PET finished or semi-finished products. The former may be present in every final product because it is generated by the PET production process,the latter two as consequence of use of post consumer PET. Inspecta is extremely ease to use and the measuring procedure is fully automatic and it takes less than 60 minutes, without requiring special skills. The increase of sampling frequency and rapid [&hellip;]","og_url":"https:\/\/www.piovan.com\/it\/product\/inspecta\/","og_site_name":"PiovanGroup","article_modified_time":"2025-08-28T14:25:22+00:00","og_image":[{"width":1200,"height":1560,"url":"https:\/\/www.piovan.com\/wp-content\/uploads\/Inspecta.png","type":"image\/png"}],"twitter_card":"summary_large_image","schema":{"@context":"https:\/\/schema.org","@graph":[{"@type":"WebPage","@id":"https:\/\/www.piovan.com\/product\/inspecta\/","url":"https:\/\/www.piovan.com\/product\/inspecta\/","name":"Inspecta - PiovanGroup","isPartOf":{"@id":"https:\/\/www.piovan.com\/#website"},"datePublished":"2021-11-12T15:43:20+00:00","dateModified":"2025-08-28T14:25:22+00:00","breadcrumb":{"@id":"https:\/\/www.piovan.com\/product\/inspecta\/#breadcrumb"},"inLanguage":"it-IT","potentialAction":[{"@type":"ReadAction","target":["https:\/\/www.piovan.com\/product\/inspecta\/"]}]},{"@type":"BreadcrumbList","@id":"https:\/\/www.piovan.com\/product\/inspecta\/#breadcrumb","itemListElement":[{"@type":"ListItem","position":1,"name":"Home","item":"https:\/\/www.piovan.com\/"},{"@type":"ListItem","position":2,"name":"Plastic","item":"https:\/\/www.piovan.com\/it\/products\/plastica\/"},{"@type":"ListItem","position":3,"name":"Lab-tech","item":"https:\/\/www.piovan.com\/it\/products\/plastica\/lab-tech\/"},{"@type":"ListItem","position":4,"name":"Inspecta"}]},{"@type":"WebSite","@id":"https:\/\/www.piovan.com\/#website","url":"https:\/\/www.piovan.com\/","name":"PiovanGroup","description":"","publisher":{"@id":"https:\/\/www.piovan.com\/#organization"},"potentialAction":[{"@type":"SearchAction","target":{"@type":"EntryPoint","urlTemplate":"https:\/\/www.piovan.com\/?s={search_term_string}"},"query-input":"required name=search_term_string"}],"inLanguage":"it-IT"},{"@type":"Organization","@id":"https:\/\/www.piovan.com\/#organization","name":"PiovanGroup","url":"https:\/\/www.piovan.com\/","logo":{"@type":"ImageObject","inLanguage":"it-IT","@id":"https:\/\/www.piovan.com\/#\/schema\/logo\/image\/","url":"https:\/\/www.piovan.com\/wp-content\/uploads\/2021\/06\/logo@2x.png","contentUrl":"https:\/\/www.piovan.com\/wp-content\/uploads\/2021\/06\/logo@2x.png","width":489,"height":78,"caption":"PiovanGroup"},"image":{"@id":"https:\/\/www.piovan.com\/#\/schema\/logo\/image\/"}}]}},"_links":{"self":[{"href":"https:\/\/www.piovan.com\/it\/wp-json\/wp\/v2\/product\/5126"}],"collection":[{"href":"https:\/\/www.piovan.com\/it\/wp-json\/wp\/v2\/product"}],"about":[{"href":"https:\/\/www.piovan.com\/it\/wp-json\/wp\/v2\/types\/product"}],"version-history":[{"count":3,"href":"https:\/\/www.piovan.com\/it\/wp-json\/wp\/v2\/product\/5126\/revisions"}],"predecessor-version":[{"id":15536,"href":"https:\/\/www.piovan.com\/it\/wp-json\/wp\/v2\/product\/5126\/revisions\/15536"}],"wp:featuredmedia":[{"embeddable":true,"href":"https:\/\/www.piovan.com\/it\/wp-json\/wp\/v2\/media\/13748"}],"wp:attachment":[{"href":"https:\/\/www.piovan.com\/it\/wp-json\/wp\/v2\/media?parent=5126"}],"wp:term":[{"taxonomy":"post_tag","embeddable":true,"href":"https:\/\/www.piovan.com\/it\/wp-json\/wp\/v2\/tags?post=5126"}],"curies":[{"name":"wp","href":"https:\/\/api.w.org\/{rel}","templated":true}]}}