{"id":4914,"date":"2021-11-09T14:19:29","date_gmt":"2021-11-09T13:19:29","guid":{"rendered":"https:\/\/www.piovan.com\/?post_type=product&#038;p=4914"},"modified":"2024-09-30T11:40:36","modified_gmt":"2024-09-30T09:40:36","slug":"ptu-ptun","status":"publish","type":"product","link":"https:\/\/www.piovan.com\/it\/product\/ptu-ptun\/","title":{"rendered":"PTU | PTUN"},"content":{"rendered":"<p>Le tramogge PTU e PTUN possono essere inserite in un sistema di deumidificazione a tramoggia multipla per garantire la massima flessibilit\u00e0.<\/p>\n<p>Ciascuna tramoggia \u00e8 dotata di una\nresistenza di riscaldamento elettrica\na bordo e il dispositivo di controllo\nconsente di impostare una temperatura diversa per ogni tramoggia; in tal\nmodo si possono essiccare materiali diversi contemporaneamente, utilizzando i parametri corretti per ciascuno di\nessi. Il flusso dell'aria di processo che\npassa attraverso la tramoggia pu\u00f2 essere regolato dall\u2019operatore oppure in\nmodalit\u00e0 completamente automatica\nin base alla produzione effettiva con\nModula.<\/p>\n<p>Un sistema di deumidificazione a tramoggia multipla permette di dedicare una tramoggia di essiccazione a ciascun materiale, cos\u00ec il cambio di materiale \u00e8 pi\u00f9 veloce e facile e non \u00e8 necessario eseguire pulizia o svuotamento. La presenza di un solo deumidificatore principale rende questa soluzione efficiente ed economica.<\/p>\n<p>Le tramogge di deumidificazione sono realizzate nel rispetto dei massimi standard di qualit\u00e0 con uno strato isolante completo, superfici lisce in acciaio inox a contatto con i granuli plastici e un ampio sportello per la manutenzione e la pulizia.<\/p>","protected":false},"featured_media":13426,"template":"","tags":[108],"acf":[],"yoast_head":"<title>PTU | PTUN - PiovanGroup<\/title>\n<meta name=\"robots\" content=\"index, follow, max-snippet:-1, max-image-preview:large, max-video-preview:-1\" \/>\n<link rel=\"canonical\" href=\"https:\/\/www.piovan.com\/it\/product\/ptu-ptun\/\" \/>\n<meta property=\"og:locale\" content=\"it_IT\" \/>\n<meta property=\"og:type\" content=\"article\" \/>\n<meta property=\"og:title\" content=\"PTU | PTUN - PiovanGroup\" \/>\n<meta property=\"og:description\" content=\"PTU and PTUN can be combined in a multi-hopper drying system in order to guarantee maximum flexibility. Each hopper is equipped with an electrical heater on board and the control allows the setting of a different temperature for each hopper; in this way different materials can be dried at the same time, using the right process parameters for each of them. The process air flow passing through the hopper can be adjusted by the operator or in a fully automatic [&hellip;]\" \/>\n<meta property=\"og:url\" content=\"https:\/\/www.piovan.com\/it\/product\/ptu-ptun\/\" \/>\n<meta property=\"og:site_name\" content=\"PiovanGroup\" \/>\n<meta property=\"article:modified_time\" content=\"2024-09-30T09:40:36+00:00\" \/>\n<meta property=\"og:image\" content=\"https:\/\/www.piovan.com\/wp-content\/uploads\/PTU-PTUN-1.png\" \/>\n\t<meta property=\"og:image:width\" content=\"1200\" \/>\n\t<meta property=\"og:image:height\" content=\"1560\" \/>\n\t<meta property=\"og:image:type\" content=\"image\/png\" \/>\n<meta name=\"twitter:card\" content=\"summary_large_image\" \/>\n<script type=\"application\/ld+json\" class=\"yoast-schema-graph\">{\"@context\":\"https:\/\/schema.org\",\"@graph\":[{\"@type\":\"WebPage\",\"@id\":\"https:\/\/www.piovan.com\/product\/ptu-ptun\/\",\"url\":\"https:\/\/www.piovan.com\/product\/ptu-ptun\/\",\"name\":\"PTU | PTUN - PiovanGroup\",\"isPartOf\":{\"@id\":\"https:\/\/www.piovan.com\/#website\"},\"datePublished\":\"2021-11-09T13:19:29+00:00\",\"dateModified\":\"2024-09-30T09:40:36+00:00\",\"breadcrumb\":{\"@id\":\"https:\/\/www.piovan.com\/product\/ptu-ptun\/#breadcrumb\"},\"inLanguage\":\"it-IT\",\"potentialAction\":[{\"@type\":\"ReadAction\",\"target\":[\"https:\/\/www.piovan.com\/product\/ptu-ptun\/\"]}]},{\"@type\":\"BreadcrumbList\",\"@id\":\"https:\/\/www.piovan.com\/product\/ptu-ptun\/#breadcrumb\",\"itemListElement\":[{\"@type\":\"ListItem\",\"position\":1,\"name\":\"Home\",\"item\":\"https:\/\/www.piovan.com\/\"},{\"@type\":\"ListItem\",\"position\":2,\"name\":\"Plastic\",\"item\":\"https:\/\/www.piovan.com\/it\/products\/plastica\/\"},{\"@type\":\"ListItem\",\"position\":3,\"name\":\"Drying &amp; Dehumidifying\",\"item\":\"https:\/\/www.piovan.com\/it\/products\/plastica\/essicazione-e-deumidificazione\/\"},{\"@type\":\"ListItem\",\"position\":4,\"name\":\"PTU | PTUN\"}]},{\"@type\":\"WebSite\",\"@id\":\"https:\/\/www.piovan.com\/#website\",\"url\":\"https:\/\/www.piovan.com\/\",\"name\":\"PiovanGroup\",\"description\":\"\",\"publisher\":{\"@id\":\"https:\/\/www.piovan.com\/#organization\"},\"potentialAction\":[{\"@type\":\"SearchAction\",\"target\":{\"@type\":\"EntryPoint\",\"urlTemplate\":\"https:\/\/www.piovan.com\/?s={search_term_string}\"},\"query-input\":\"required name=search_term_string\"}],\"inLanguage\":\"it-IT\"},{\"@type\":\"Organization\",\"@id\":\"https:\/\/www.piovan.com\/#organization\",\"name\":\"PiovanGroup\",\"url\":\"https:\/\/www.piovan.com\/\",\"logo\":{\"@type\":\"ImageObject\",\"inLanguage\":\"it-IT\",\"@id\":\"https:\/\/www.piovan.com\/#\/schema\/logo\/image\/\",\"url\":\"https:\/\/www.piovan.com\/wp-content\/uploads\/2021\/06\/logo@2x.png\",\"contentUrl\":\"https:\/\/www.piovan.com\/wp-content\/uploads\/2021\/06\/logo@2x.png\",\"width\":489,\"height\":78,\"caption\":\"PiovanGroup\"},\"image\":{\"@id\":\"https:\/\/www.piovan.com\/#\/schema\/logo\/image\/\"}}]}<\/script>","yoast_head_json":{"title":"PTU | PTUN - PiovanGroup","robots":{"index":"index","follow":"follow","max-snippet":"max-snippet:-1","max-image-preview":"max-image-preview:large","max-video-preview":"max-video-preview:-1"},"canonical":"https:\/\/www.piovan.com\/it\/product\/ptu-ptun\/","og_locale":"it_IT","og_type":"article","og_title":"PTU | PTUN - PiovanGroup","og_description":"PTU and PTUN can be combined in a multi-hopper drying system in order to guarantee maximum flexibility. Each hopper is equipped with an electrical heater on board and the control allows the setting of a different temperature for each hopper; in this way different materials can be dried at the same time, using the right process parameters for each of them. The process air flow passing through the hopper can be adjusted by the operator or in a fully automatic [&hellip;]","og_url":"https:\/\/www.piovan.com\/it\/product\/ptu-ptun\/","og_site_name":"PiovanGroup","article_modified_time":"2024-09-30T09:40:36+00:00","og_image":[{"width":1200,"height":1560,"url":"https:\/\/www.piovan.com\/wp-content\/uploads\/PTU-PTUN-1.png","type":"image\/png"}],"twitter_card":"summary_large_image","schema":{"@context":"https:\/\/schema.org","@graph":[{"@type":"WebPage","@id":"https:\/\/www.piovan.com\/product\/ptu-ptun\/","url":"https:\/\/www.piovan.com\/product\/ptu-ptun\/","name":"PTU | PTUN - PiovanGroup","isPartOf":{"@id":"https:\/\/www.piovan.com\/#website"},"datePublished":"2021-11-09T13:19:29+00:00","dateModified":"2024-09-30T09:40:36+00:00","breadcrumb":{"@id":"https:\/\/www.piovan.com\/product\/ptu-ptun\/#breadcrumb"},"inLanguage":"it-IT","potentialAction":[{"@type":"ReadAction","target":["https:\/\/www.piovan.com\/product\/ptu-ptun\/"]}]},{"@type":"BreadcrumbList","@id":"https:\/\/www.piovan.com\/product\/ptu-ptun\/#breadcrumb","itemListElement":[{"@type":"ListItem","position":1,"name":"Home","item":"https:\/\/www.piovan.com\/"},{"@type":"ListItem","position":2,"name":"Plastic","item":"https:\/\/www.piovan.com\/it\/products\/plastica\/"},{"@type":"ListItem","position":3,"name":"Drying &amp; Dehumidifying","item":"https:\/\/www.piovan.com\/it\/products\/plastica\/essicazione-e-deumidificazione\/"},{"@type":"ListItem","position":4,"name":"PTU | PTUN"}]},{"@type":"WebSite","@id":"https:\/\/www.piovan.com\/#website","url":"https:\/\/www.piovan.com\/","name":"PiovanGroup","description":"","publisher":{"@id":"https:\/\/www.piovan.com\/#organization"},"potentialAction":[{"@type":"SearchAction","target":{"@type":"EntryPoint","urlTemplate":"https:\/\/www.piovan.com\/?s={search_term_string}"},"query-input":"required name=search_term_string"}],"inLanguage":"it-IT"},{"@type":"Organization","@id":"https:\/\/www.piovan.com\/#organization","name":"PiovanGroup","url":"https:\/\/www.piovan.com\/","logo":{"@type":"ImageObject","inLanguage":"it-IT","@id":"https:\/\/www.piovan.com\/#\/schema\/logo\/image\/","url":"https:\/\/www.piovan.com\/wp-content\/uploads\/2021\/06\/logo@2x.png","contentUrl":"https:\/\/www.piovan.com\/wp-content\/uploads\/2021\/06\/logo@2x.png","width":489,"height":78,"caption":"PiovanGroup"},"image":{"@id":"https:\/\/www.piovan.com\/#\/schema\/logo\/image\/"}}]}},"_links":{"self":[{"href":"https:\/\/www.piovan.com\/it\/wp-json\/wp\/v2\/product\/4914"}],"collection":[{"href":"https:\/\/www.piovan.com\/it\/wp-json\/wp\/v2\/product"}],"about":[{"href":"https:\/\/www.piovan.com\/it\/wp-json\/wp\/v2\/types\/product"}],"version-history":[{"count":3,"href":"https:\/\/www.piovan.com\/it\/wp-json\/wp\/v2\/product\/4914\/revisions"}],"predecessor-version":[{"id":13423,"href":"https:\/\/www.piovan.com\/it\/wp-json\/wp\/v2\/product\/4914\/revisions\/13423"}],"wp:featuredmedia":[{"embeddable":true,"href":"https:\/\/www.piovan.com\/it\/wp-json\/wp\/v2\/media\/13426"}],"wp:attachment":[{"href":"https:\/\/www.piovan.com\/it\/wp-json\/wp\/v2\/media?parent=4914"}],"wp:term":[{"taxonomy":"post_tag","embeddable":true,"href":"https:\/\/www.piovan.com\/it\/wp-json\/wp\/v2\/tags?post=4914"}],"curies":[{"name":"wp","href":"https:\/\/api.w.org\/{rel}","templated":true}]}}