{"id":15650,"date":"2025-09-24T16:51:36","date_gmt":"2025-09-24T14:51:36","guid":{"rendered":"https:\/\/www.piovan.com\/?post_type=product&#038;p=15650"},"modified":"2025-12-04T12:57:53","modified_gmt":"2025-12-04T11:57:53","slug":"multilink","status":"publish","type":"product","link":"https:\/\/www.piovan.com\/it\/product\/multilink\/","title":{"rendered":"Multilink"},"content":{"rendered":"<p>Multilink \u00e8 la nuova centralina Piovan progettata per l\u2019accoppiamento automatico di sistemi di trasporto basati su vuoto centralizzato.<\/p>\n<p>I sistemi di vuoto centralizzato sono composti da una o pi\u00f9 unit\u00e0 aspiranti che lavorano in parallelo che funzionano a seconda delle reali necessit\u00e0 della produzione. Alcuni vantaggi che si possono ottenere sono: elevata efficienza, minor numero di unit\u00e0 aspiranti e filtri rispetto ai sistemi convenzionali e riduzione dei costi di manutenzione.<\/p>\n<p>L\u2019integrazione nativa con Winfactory 4.0 assicura tracciabilit\u00e0 completa dei lotti e l\u2019impostazione automatica dei parametri di trasporto e pulizia.<\/p>\n<p>Il sistema ha un'architettura che elimina il rischio di contaminazione tra le sorgenti di materiale, in quanto la movimentazione avviene esclusivamente durante le fasi di cambio materiale nella destinazione. Multilink \u00e8 stata progettata con una geometria compatibile con sistemi di ispezione tubazioni (Pipeline Inspection Gauge - PIG), consentendo pulizia periodica ad alta efficienza.<br \/>\nwith a layout compatible with Pipeline Inspection Gauge (PIG) systems, allowing for efficient periodic pipeline cleaning.<\/p>\n<p>La centralina Multilink pu\u00f2 esser associata sia a un impianto Easy3 sia a un impianto PLC.<\/p>\n<p>Con impronta a terra compatta e sviluppo verticale, Multilink massimizza lo spazio produttivo e si installa a pavimento o su soppalco. Il design modulare permette di aggiungere agevolmente uscite anche successivamente alla prima installazione.<\/p>","protected":false},"featured_media":15991,"template":"","tags":[194,108],"acf":[],"yoast_head":"<title>Multilink - PiovanGroup<\/title>\n<meta name=\"description\" content=\"Multilink is the new control unit by Piovan designed for the automatic coupling of conveying systems based on centralised vacuum technology.\" \/>\n<meta name=\"robots\" content=\"index, follow, max-snippet:-1, max-image-preview:large, max-video-preview:-1\" \/>\n<link rel=\"canonical\" href=\"https:\/\/www.piovan.com\/it\/product\/multilink\/\" \/>\n<meta property=\"og:locale\" content=\"it_IT\" \/>\n<meta property=\"og:type\" content=\"article\" \/>\n<meta property=\"og:title\" content=\"Multilink - PiovanGroup\" \/>\n<meta property=\"og:description\" content=\"Multilink is the new control unit by Piovan designed for the automatic coupling of conveying systems based on centralised vacuum technology.\" \/>\n<meta property=\"og:url\" content=\"https:\/\/www.piovan.com\/it\/product\/multilink\/\" \/>\n<meta property=\"og:site_name\" content=\"PiovanGroup\" \/>\n<meta property=\"article:modified_time\" content=\"2025-12-04T11:57:53+00:00\" \/>\n<meta property=\"og:image\" content=\"https:\/\/www.piovan.com\/wp-content\/uploads\/Multilink_1200x1560px_V2.png\" \/>\n\t<meta property=\"og:image:width\" content=\"1200\" \/>\n\t<meta property=\"og:image:height\" content=\"1560\" \/>\n\t<meta property=\"og:image:type\" content=\"image\/png\" \/>\n<meta name=\"twitter:card\" content=\"summary_large_image\" \/>\n<script type=\"application\/ld+json\" class=\"yoast-schema-graph\">{\"@context\":\"https:\/\/schema.org\",\"@graph\":[{\"@type\":\"WebPage\",\"@id\":\"https:\/\/www.piovan.com\/product\/multilink\/\",\"url\":\"https:\/\/www.piovan.com\/product\/multilink\/\",\"name\":\"Multilink - PiovanGroup\",\"isPartOf\":{\"@id\":\"https:\/\/www.piovan.com\/#website\"},\"datePublished\":\"2025-09-24T14:51:36+00:00\",\"dateModified\":\"2025-12-04T11:57:53+00:00\",\"description\":\"Multilink is the new control unit by Piovan designed for the automatic coupling of conveying systems based on centralised vacuum technology.\",\"breadcrumb\":{\"@id\":\"https:\/\/www.piovan.com\/product\/multilink\/#breadcrumb\"},\"inLanguage\":\"it-IT\",\"potentialAction\":[{\"@type\":\"ReadAction\",\"target\":[\"https:\/\/www.piovan.com\/product\/multilink\/\"]}]},{\"@type\":\"BreadcrumbList\",\"@id\":\"https:\/\/www.piovan.com\/product\/multilink\/#breadcrumb\",\"itemListElement\":[{\"@type\":\"ListItem\",\"position\":1,\"name\":\"Home\",\"item\":\"https:\/\/www.piovan.com\/\"},{\"@type\":\"ListItem\",\"position\":2,\"name\":\"Plastic\",\"item\":\"https:\/\/www.piovan.com\/it\/products\/plastica\/\"},{\"@type\":\"ListItem\",\"position\":3,\"name\":\"Feeding &amp; Conveying\",\"item\":\"https:\/\/www.piovan.com\/it\/products\/plastica\/alimentazione-e-trasporto\/\"},{\"@type\":\"ListItem\",\"position\":4,\"name\":\"Multilink\"}]},{\"@type\":\"WebSite\",\"@id\":\"https:\/\/www.piovan.com\/#website\",\"url\":\"https:\/\/www.piovan.com\/\",\"name\":\"PiovanGroup\",\"description\":\"\",\"publisher\":{\"@id\":\"https:\/\/www.piovan.com\/#organization\"},\"potentialAction\":[{\"@type\":\"SearchAction\",\"target\":{\"@type\":\"EntryPoint\",\"urlTemplate\":\"https:\/\/www.piovan.com\/?s={search_term_string}\"},\"query-input\":\"required name=search_term_string\"}],\"inLanguage\":\"it-IT\"},{\"@type\":\"Organization\",\"@id\":\"https:\/\/www.piovan.com\/#organization\",\"name\":\"PiovanGroup\",\"url\":\"https:\/\/www.piovan.com\/\",\"logo\":{\"@type\":\"ImageObject\",\"inLanguage\":\"it-IT\",\"@id\":\"https:\/\/www.piovan.com\/#\/schema\/logo\/image\/\",\"url\":\"https:\/\/www.piovan.com\/wp-content\/uploads\/2021\/06\/logo@2x.png\",\"contentUrl\":\"https:\/\/www.piovan.com\/wp-content\/uploads\/2021\/06\/logo@2x.png\",\"width\":489,\"height\":78,\"caption\":\"PiovanGroup\"},\"image\":{\"@id\":\"https:\/\/www.piovan.com\/#\/schema\/logo\/image\/\"}}]}<\/script>","yoast_head_json":{"title":"Multilink - PiovanGroup","description":"Multilink is the new control unit by Piovan designed for the automatic coupling of conveying systems based on centralised vacuum technology.","robots":{"index":"index","follow":"follow","max-snippet":"max-snippet:-1","max-image-preview":"max-image-preview:large","max-video-preview":"max-video-preview:-1"},"canonical":"https:\/\/www.piovan.com\/it\/product\/multilink\/","og_locale":"it_IT","og_type":"article","og_title":"Multilink - PiovanGroup","og_description":"Multilink is the new control unit by Piovan designed for the automatic coupling of conveying systems based on centralised vacuum technology.","og_url":"https:\/\/www.piovan.com\/it\/product\/multilink\/","og_site_name":"PiovanGroup","article_modified_time":"2025-12-04T11:57:53+00:00","og_image":[{"width":1200,"height":1560,"url":"https:\/\/www.piovan.com\/wp-content\/uploads\/Multilink_1200x1560px_V2.png","type":"image\/png"}],"twitter_card":"summary_large_image","schema":{"@context":"https:\/\/schema.org","@graph":[{"@type":"WebPage","@id":"https:\/\/www.piovan.com\/product\/multilink\/","url":"https:\/\/www.piovan.com\/product\/multilink\/","name":"Multilink - PiovanGroup","isPartOf":{"@id":"https:\/\/www.piovan.com\/#website"},"datePublished":"2025-09-24T14:51:36+00:00","dateModified":"2025-12-04T11:57:53+00:00","description":"Multilink is the new control unit by Piovan designed for the automatic coupling of conveying systems based on centralised vacuum technology.","breadcrumb":{"@id":"https:\/\/www.piovan.com\/product\/multilink\/#breadcrumb"},"inLanguage":"it-IT","potentialAction":[{"@type":"ReadAction","target":["https:\/\/www.piovan.com\/product\/multilink\/"]}]},{"@type":"BreadcrumbList","@id":"https:\/\/www.piovan.com\/product\/multilink\/#breadcrumb","itemListElement":[{"@type":"ListItem","position":1,"name":"Home","item":"https:\/\/www.piovan.com\/"},{"@type":"ListItem","position":2,"name":"Plastic","item":"https:\/\/www.piovan.com\/it\/products\/plastica\/"},{"@type":"ListItem","position":3,"name":"Feeding &amp; Conveying","item":"https:\/\/www.piovan.com\/it\/products\/plastica\/alimentazione-e-trasporto\/"},{"@type":"ListItem","position":4,"name":"Multilink"}]},{"@type":"WebSite","@id":"https:\/\/www.piovan.com\/#website","url":"https:\/\/www.piovan.com\/","name":"PiovanGroup","description":"","publisher":{"@id":"https:\/\/www.piovan.com\/#organization"},"potentialAction":[{"@type":"SearchAction","target":{"@type":"EntryPoint","urlTemplate":"https:\/\/www.piovan.com\/?s={search_term_string}"},"query-input":"required name=search_term_string"}],"inLanguage":"it-IT"},{"@type":"Organization","@id":"https:\/\/www.piovan.com\/#organization","name":"PiovanGroup","url":"https:\/\/www.piovan.com\/","logo":{"@type":"ImageObject","inLanguage":"it-IT","@id":"https:\/\/www.piovan.com\/#\/schema\/logo\/image\/","url":"https:\/\/www.piovan.com\/wp-content\/uploads\/2021\/06\/logo@2x.png","contentUrl":"https:\/\/www.piovan.com\/wp-content\/uploads\/2021\/06\/logo@2x.png","width":489,"height":78,"caption":"PiovanGroup"},"image":{"@id":"https:\/\/www.piovan.com\/#\/schema\/logo\/image\/"}}]}},"_links":{"self":[{"href":"https:\/\/www.piovan.com\/it\/wp-json\/wp\/v2\/product\/15650"}],"collection":[{"href":"https:\/\/www.piovan.com\/it\/wp-json\/wp\/v2\/product"}],"about":[{"href":"https:\/\/www.piovan.com\/it\/wp-json\/wp\/v2\/types\/product"}],"version-history":[{"count":4,"href":"https:\/\/www.piovan.com\/it\/wp-json\/wp\/v2\/product\/15650\/revisions"}],"predecessor-version":[{"id":15793,"href":"https:\/\/www.piovan.com\/it\/wp-json\/wp\/v2\/product\/15650\/revisions\/15793"}],"wp:featuredmedia":[{"embeddable":true,"href":"https:\/\/www.piovan.com\/it\/wp-json\/wp\/v2\/media\/15991"}],"wp:attachment":[{"href":"https:\/\/www.piovan.com\/it\/wp-json\/wp\/v2\/media?parent=15650"}],"wp:term":[{"taxonomy":"post_tag","embeddable":true,"href":"https:\/\/www.piovan.com\/it\/wp-json\/wp\/v2\/tags?post=15650"}],"curies":[{"name":"wp","href":"https:\/\/api.w.org\/{rel}","templated":true}]}}