{"id":15505,"date":"2025-08-19T09:04:27","date_gmt":"2025-08-19T07:04:27","guid":{"rendered":"https:\/\/www.piovan.com\/?post_type=product&#038;p=15505"},"modified":"2025-09-30T17:56:16","modified_gmt":"2025-09-30T15:56:16","slug":"petchiller-plus","status":"publish","type":"product","link":"https:\/\/www.piovan.com\/it\/product\/petchiller-plus\/","title":{"rendered":"PETChiller+"},"content":{"rendered":"<p>PETChiller \u00e8 un\u2019unit\u00e0 di raffreddamento dello stampo ad alte prestazioni, progettata specificamente per l\u2019industria del packaging e la produzione di preforme PET. Questo sistema all-in-one con design compatto integra compressori scroll con tecnologia modulante, garantendo un controllo preciso della temperatura dell\u2019acqua di processo per una qualit\u00e0 superiore delle preforme.<\/p>\n<p>Basato su una solida eredit\u00e0 di successo dal 2006, con oltre 140 unit\u00e0 installate globalmente, il PETChiller rappresenta una soluzione affidabile e collaudata per ottimizzare la produzione. Progettato e realizzato per gestire valori elevati di portata d\u2019acqua tipici dell\u2019applicazione, si adatta perfettamente al ciclo di stampaggio per massimizzare l\u2019efficienza, riducendo i tempi di ciclo fino al 30% e aumentando direttamente la produttivit\u00e0.<\/p>\n<p>L\u2019impiego di pompe e compressori con tecnologia inverter ottimizza il consumo energetico e le prestazioni di raffreddamento, contribuendo significativamente alla riduzione dei costi operativi. Il sistema mantiene pressione e flusso d\u2019acqua\ncostanti, assicurando un raffreddamento uniforme su tutte le cavit\u00e0 dello stampo.<\/p>\n<p>La compatibilit\u00e0 con il software Winflo per Industry 4.0 consente il monitoraggio remoto e controllo avanzato, migliorando ulteriormente il processo. Progettato con particolare attenzione alla sostenibilit\u00e0, il PETChiller \u00e8 compatibile con refrigeranti ecologici e pu\u00f2 essere equipaggiato con un kit di freecooling esterno per minimizzare\nl\u2019impatto ambientale e massimizzare il risparmio energetico.<\/p>","protected":false},"featured_media":15507,"template":"","tags":[194,168],"acf":[],"yoast_head":"<title>PETChiller+ - PiovanGroup<\/title>\n<meta name=\"robots\" content=\"index, follow, max-snippet:-1, max-image-preview:large, max-video-preview:-1\" \/>\n<link rel=\"canonical\" href=\"https:\/\/www.piovan.com\/it\/product\/petchiller-plus\/\" \/>\n<meta property=\"og:locale\" content=\"it_IT\" \/>\n<meta property=\"og:type\" content=\"article\" \/>\n<meta property=\"og:title\" content=\"PETChiller+ - PiovanGroup\" \/>\n<meta property=\"og:description\" content=\"PETChiller is a high-performance mould cooling unit, specifically designed for the packaging industry and the production of PET preforms. This all-in-one system, featuring a compact design, integrates scroll \u00a0compressors with modulating technology, ensuring precise control of the process water temperature for superior preform quality. Based on a solid, successful track record since 2006, with over 140 units installed worldwide, PETChiller is a reliable and proven solution for optimising production. Designed and built to handle high water flow rates typical of [&hellip;]\" \/>\n<meta property=\"og:url\" content=\"https:\/\/www.piovan.com\/it\/product\/petchiller-plus\/\" \/>\n<meta property=\"og:site_name\" content=\"PiovanGroup\" \/>\n<meta property=\"article:modified_time\" content=\"2025-09-30T15:56:16+00:00\" \/>\n<meta property=\"og:image\" content=\"https:\/\/www.piovan.com\/wp-content\/uploads\/Product_1200x1560-px_006_PETChiller.png\" \/>\n\t<meta property=\"og:image:width\" content=\"1200\" \/>\n\t<meta property=\"og:image:height\" content=\"1560\" \/>\n\t<meta property=\"og:image:type\" content=\"image\/png\" \/>\n<meta name=\"twitter:card\" content=\"summary_large_image\" \/>\n<script type=\"application\/ld+json\" class=\"yoast-schema-graph\">{\"@context\":\"https:\/\/schema.org\",\"@graph\":[{\"@type\":\"WebPage\",\"@id\":\"https:\/\/www.piovan.com\/product\/petchiller-plus\/\",\"url\":\"https:\/\/www.piovan.com\/product\/petchiller-plus\/\",\"name\":\"PETChiller+ - PiovanGroup\",\"isPartOf\":{\"@id\":\"https:\/\/www.piovan.com\/#website\"},\"datePublished\":\"2025-08-19T07:04:27+00:00\",\"dateModified\":\"2025-09-30T15:56:16+00:00\",\"breadcrumb\":{\"@id\":\"https:\/\/www.piovan.com\/product\/petchiller-plus\/#breadcrumb\"},\"inLanguage\":\"it-IT\",\"potentialAction\":[{\"@type\":\"ReadAction\",\"target\":[\"https:\/\/www.piovan.com\/product\/petchiller-plus\/\"]}]},{\"@type\":\"BreadcrumbList\",\"@id\":\"https:\/\/www.piovan.com\/product\/petchiller-plus\/#breadcrumb\",\"itemListElement\":[{\"@type\":\"ListItem\",\"position\":1,\"name\":\"Home\",\"item\":\"https:\/\/www.piovan.com\/\"},{\"@type\":\"ListItem\",\"position\":2,\"name\":\"Industrial cooling\",\"item\":\"https:\/\/www.piovan.com\/it\/products\/refrigerazione\/\"},{\"@type\":\"ListItem\",\"position\":3,\"name\":\"Pet-Cooling Solutions\",\"item\":\"https:\/\/www.piovan.com\/it\/products\/refrigerazione\/pet-cooling-solutions\/\"},{\"@type\":\"ListItem\",\"position\":4,\"name\":\"PETChiller+\"}]},{\"@type\":\"WebSite\",\"@id\":\"https:\/\/www.piovan.com\/#website\",\"url\":\"https:\/\/www.piovan.com\/\",\"name\":\"PiovanGroup\",\"description\":\"\",\"publisher\":{\"@id\":\"https:\/\/www.piovan.com\/#organization\"},\"potentialAction\":[{\"@type\":\"SearchAction\",\"target\":{\"@type\":\"EntryPoint\",\"urlTemplate\":\"https:\/\/www.piovan.com\/?s={search_term_string}\"},\"query-input\":\"required name=search_term_string\"}],\"inLanguage\":\"it-IT\"},{\"@type\":\"Organization\",\"@id\":\"https:\/\/www.piovan.com\/#organization\",\"name\":\"PiovanGroup\",\"url\":\"https:\/\/www.piovan.com\/\",\"logo\":{\"@type\":\"ImageObject\",\"inLanguage\":\"it-IT\",\"@id\":\"https:\/\/www.piovan.com\/#\/schema\/logo\/image\/\",\"url\":\"https:\/\/www.piovan.com\/wp-content\/uploads\/2021\/06\/logo@2x.png\",\"contentUrl\":\"https:\/\/www.piovan.com\/wp-content\/uploads\/2021\/06\/logo@2x.png\",\"width\":489,\"height\":78,\"caption\":\"PiovanGroup\"},\"image\":{\"@id\":\"https:\/\/www.piovan.com\/#\/schema\/logo\/image\/\"}}]}<\/script>","yoast_head_json":{"title":"PETChiller+ - PiovanGroup","robots":{"index":"index","follow":"follow","max-snippet":"max-snippet:-1","max-image-preview":"max-image-preview:large","max-video-preview":"max-video-preview:-1"},"canonical":"https:\/\/www.piovan.com\/it\/product\/petchiller-plus\/","og_locale":"it_IT","og_type":"article","og_title":"PETChiller+ - PiovanGroup","og_description":"PETChiller is a high-performance mould cooling unit, specifically designed for the packaging industry and the production of PET preforms. This all-in-one system, featuring a compact design, integrates scroll \u00a0compressors with modulating technology, ensuring precise control of the process water temperature for superior preform quality. Based on a solid, successful track record since 2006, with over 140 units installed worldwide, PETChiller is a reliable and proven solution for optimising production. Designed and built to handle high water flow rates typical of [&hellip;]","og_url":"https:\/\/www.piovan.com\/it\/product\/petchiller-plus\/","og_site_name":"PiovanGroup","article_modified_time":"2025-09-30T15:56:16+00:00","og_image":[{"width":1200,"height":1560,"url":"https:\/\/www.piovan.com\/wp-content\/uploads\/Product_1200x1560-px_006_PETChiller.png","type":"image\/png"}],"twitter_card":"summary_large_image","schema":{"@context":"https:\/\/schema.org","@graph":[{"@type":"WebPage","@id":"https:\/\/www.piovan.com\/product\/petchiller-plus\/","url":"https:\/\/www.piovan.com\/product\/petchiller-plus\/","name":"PETChiller+ - PiovanGroup","isPartOf":{"@id":"https:\/\/www.piovan.com\/#website"},"datePublished":"2025-08-19T07:04:27+00:00","dateModified":"2025-09-30T15:56:16+00:00","breadcrumb":{"@id":"https:\/\/www.piovan.com\/product\/petchiller-plus\/#breadcrumb"},"inLanguage":"it-IT","potentialAction":[{"@type":"ReadAction","target":["https:\/\/www.piovan.com\/product\/petchiller-plus\/"]}]},{"@type":"BreadcrumbList","@id":"https:\/\/www.piovan.com\/product\/petchiller-plus\/#breadcrumb","itemListElement":[{"@type":"ListItem","position":1,"name":"Home","item":"https:\/\/www.piovan.com\/"},{"@type":"ListItem","position":2,"name":"Industrial cooling","item":"https:\/\/www.piovan.com\/it\/products\/refrigerazione\/"},{"@type":"ListItem","position":3,"name":"Pet-Cooling Solutions","item":"https:\/\/www.piovan.com\/it\/products\/refrigerazione\/pet-cooling-solutions\/"},{"@type":"ListItem","position":4,"name":"PETChiller+"}]},{"@type":"WebSite","@id":"https:\/\/www.piovan.com\/#website","url":"https:\/\/www.piovan.com\/","name":"PiovanGroup","description":"","publisher":{"@id":"https:\/\/www.piovan.com\/#organization"},"potentialAction":[{"@type":"SearchAction","target":{"@type":"EntryPoint","urlTemplate":"https:\/\/www.piovan.com\/?s={search_term_string}"},"query-input":"required name=search_term_string"}],"inLanguage":"it-IT"},{"@type":"Organization","@id":"https:\/\/www.piovan.com\/#organization","name":"PiovanGroup","url":"https:\/\/www.piovan.com\/","logo":{"@type":"ImageObject","inLanguage":"it-IT","@id":"https:\/\/www.piovan.com\/#\/schema\/logo\/image\/","url":"https:\/\/www.piovan.com\/wp-content\/uploads\/2021\/06\/logo@2x.png","contentUrl":"https:\/\/www.piovan.com\/wp-content\/uploads\/2021\/06\/logo@2x.png","width":489,"height":78,"caption":"PiovanGroup"},"image":{"@id":"https:\/\/www.piovan.com\/#\/schema\/logo\/image\/"}}]}},"_links":{"self":[{"href":"https:\/\/www.piovan.com\/it\/wp-json\/wp\/v2\/product\/15505"}],"collection":[{"href":"https:\/\/www.piovan.com\/it\/wp-json\/wp\/v2\/product"}],"about":[{"href":"https:\/\/www.piovan.com\/it\/wp-json\/wp\/v2\/types\/product"}],"version-history":[{"count":3,"href":"https:\/\/www.piovan.com\/it\/wp-json\/wp\/v2\/product\/15505\/revisions"}],"predecessor-version":[{"id":15572,"href":"https:\/\/www.piovan.com\/it\/wp-json\/wp\/v2\/product\/15505\/revisions\/15572"}],"wp:featuredmedia":[{"embeddable":true,"href":"https:\/\/www.piovan.com\/it\/wp-json\/wp\/v2\/media\/15507"}],"wp:attachment":[{"href":"https:\/\/www.piovan.com\/it\/wp-json\/wp\/v2\/media?parent=15505"}],"wp:term":[{"taxonomy":"post_tag","embeddable":true,"href":"https:\/\/www.piovan.com\/it\/wp-json\/wp\/v2\/tags?post=15505"}],"curies":[{"name":"wp","href":"https:\/\/api.w.org\/{rel}","templated":true}]}}